{"id":16083,"date":"2018-10-29T16:12:37","date_gmt":"2018-10-29T15:12:37","guid":{"rendered":"https:\/\/fonsvinum.com\/?post_type=product&#038;p=16083"},"modified":"2020-02-07T09:35:36","modified_gmt":"2020-02-07T08:35:36","slug":"barolo-bartolo-mascarello-2014","status":"publish","type":"product","link":"https:\/\/fonsvinum.com\/de\/produkt\/barolo-bartolo-mascarello-2014\/","title":{"rendered":"Barolo Bartolo Mascarello 2014"},"content":{"rendered":"<h1>Barolo DOCG Bartolo\u00a0Mascarello 2014<\/h1>\n<p>Die Trauben f\u00fcr den Barolo stammen aus den Einzellagen Cannubi, Rocche Annunziata, Ru\u00e9 und San Lorenzo und werden naturnah angebaut. Der Ausbau erfolgt traditionell in gro\u00dfen gebrauchten Holzf\u00e4ssern. Da die produzierte Menge des Weinguts \u00e4usserst gering ist, d\u00fcrfen wir uns sehr gl\u00fccklich sch\u00e4tzen, dass wir einige Flaschen dieser Kostbarkeit ergattern konnten!<\/p>\n<p>&nbsp;<\/p>\n<p>&nbsp;<\/p>\n","protected":false},"excerpt":{"rendered":"<p>Barolo DOCG Bartolo\u00a0Mascarello 2014 Die Trauben f\u00fcr den Barolo stammen aus den Einzellagen Cannubi, Rocche Annunziata, Ru\u00e9 und San Lorenzo und werden naturnah angebaut. Der Ausbau erfolgt traditionell in gro\u00dfen gebrauchten Holzf\u00e4ssern. Da die produzierte Menge des Weinguts \u00e4usserst gering ist, d\u00fcrfen wir uns sehr gl\u00fccklich sch\u00e4tzen, dass wir einige Flaschen dieser Kostbarkeit ergattern konnten! [&hellip;]<\/p>\n","protected":false},"featured_media":7065,"comment_status":"open","ping_status":"closed","template":"","meta":{"_acf_changed":false,"_monsterinsights_skip_tracking":false,"_monsterinsights_sitenote_active":false,"_monsterinsights_sitenote_note":"","_monsterinsights_sitenote_category":0},"product_brand":[],"product_cat":[1824],"product_tag":[1733,1751,15903],"class_list":{"0":"post-16083","1":"product","2":"type-product","3":"status-publish","4":"has-post-thumbnail","6":"product_cat-barolo-de","7":"product_tag-aussergewoehnliche-weine-de","8":"product_tag-aussergewoehnliche-weine-aus-italien-de","9":"product_tag-barolo-de","10":"pa_appellation-barolo-docg-de","11":"pa_formato-0-75-l-flasche-de","12":"pa_producer-bartolo-mascarello-de-2","13":"pa_region-piemont-de","14":"pa_vine-nebbiolo-de","15":"pa_vintage-2014-de","17":"first","18":"instock","19":"taxable","20":"shipping-taxable","21":"purchasable","22":"product-type-simple"},"bundled_by":[],"bundle_stock_status":"instock","bundle_stock_quantity":3,"bundle_virtual":false,"bundle_layout":"","bundle_add_to_cart_form_location":"","bundle_editable_in_cart":false,"bundle_sold_individually_context":"","bundle_item_grouping":"","bundle_min_size":"","bundle_max_size":"","bundle_price":[],"bundled_items":[],"bundle_sell_ids":[],"yoast_head":"<!-- This site is optimized with the Yoast SEO plugin v27.3 - https:\/\/yoast.com\/product\/yoast-seo-wordpress\/ -->\n<title>Barolo DOCG Bartolo\u00a0Mascarello 2014 I on line Fons Vinum<\/title>\n<meta name=\"description\" content=\"Barolo DOCG Bartolo\u00a0Mascarello 2014 Die Trauben f\u00fcr den Barolo stammen aus den Einzellagen Cannubi, Rocche Annunziata, Ru\u00e9 und San Lorenzo und werden naturnah angebaut\" \/>\n<meta name=\"robots\" content=\"index, follow, max-snippet:-1, max-image-preview:large, max-video-preview:-1\" \/>\n<link rel=\"canonical\" href=\"https:\/\/fonsvinum.com\/de\/produkt\/barolo-bartolo-mascarello-2014\/\" \/>\n<meta property=\"og:locale\" content=\"de_DE\" \/>\n<meta property=\"og:type\" content=\"article\" \/>\n<meta property=\"og:title\" content=\"Barolo DOCG Bartolo\u00a0Mascarello 2014 I on line Fons Vinum\" \/>\n<meta property=\"og:description\" content=\"Barolo DOCG Bartolo\u00a0Mascarello 2014 Die Trauben f\u00fcr den Barolo stammen aus den Einzellagen Cannubi, Rocche Annunziata, Ru\u00e9 und San Lorenzo und werden naturnah angebaut\" \/>\n<meta property=\"og:url\" content=\"https:\/\/fonsvinum.com\/de\/produkt\/barolo-bartolo-mascarello-2014\/\" \/>\n<meta property=\"og:site_name\" content=\"Fons Vinum\" \/>\n<meta property=\"article:modified_time\" content=\"2020-02-07T08:35:36+00:00\" \/>\n<meta property=\"og:image\" content=\"https:\/\/fonsvinum.com\/files\/2016\/01\/barolo-bartolo-mascarello.png\" \/>\n\t<meta property=\"og:image:width\" content=\"200\" \/>\n\t<meta property=\"og:image:height\" content=\"600\" \/>\n\t<meta property=\"og:image:type\" content=\"image\/png\" \/>\n<script type=\"application\/ld+json\" class=\"yoast-schema-graph\">{\"@context\":\"https:\\\/\\\/schema.org\",\"@graph\":[{\"@type\":\"WebPage\",\"@id\":\"https:\\\/\\\/fonsvinum.com\\\/de\\\/produkt\\\/barolo-bartolo-mascarello-2014\\\/\",\"url\":\"https:\\\/\\\/fonsvinum.com\\\/de\\\/produkt\\\/barolo-bartolo-mascarello-2014\\\/\",\"name\":\"Barolo DOCG Bartolo\u00a0Mascarello 2014 I on line Fons Vinum\",\"isPartOf\":{\"@id\":\"https:\\\/\\\/fonsvinum.com\\\/en\\\/#website\"},\"primaryImageOfPage\":{\"@id\":\"https:\\\/\\\/fonsvinum.com\\\/de\\\/produkt\\\/barolo-bartolo-mascarello-2014\\\/#primaryimage\"},\"image\":{\"@id\":\"https:\\\/\\\/fonsvinum.com\\\/de\\\/produkt\\\/barolo-bartolo-mascarello-2014\\\/#primaryimage\"},\"thumbnailUrl\":\"https:\\\/\\\/fonsvinum.com\\\/files\\\/2016\\\/01\\\/barolo-bartolo-mascarello.png\",\"datePublished\":\"2018-10-29T15:12:37+00:00\",\"dateModified\":\"2020-02-07T08:35:36+00:00\",\"description\":\"Barolo DOCG Bartolo\u00a0Mascarello 2014 Die Trauben f\u00fcr den Barolo stammen aus den Einzellagen Cannubi, Rocche Annunziata, Ru\u00e9 und San Lorenzo und werden naturnah angebaut\",\"breadcrumb\":{\"@id\":\"https:\\\/\\\/fonsvinum.com\\\/de\\\/produkt\\\/barolo-bartolo-mascarello-2014\\\/#breadcrumb\"},\"inLanguage\":\"de\",\"potentialAction\":[{\"@type\":\"ReadAction\",\"target\":[\"https:\\\/\\\/fonsvinum.com\\\/de\\\/produkt\\\/barolo-bartolo-mascarello-2014\\\/\"]}]},{\"@type\":\"ImageObject\",\"inLanguage\":\"de\",\"@id\":\"https:\\\/\\\/fonsvinum.com\\\/de\\\/produkt\\\/barolo-bartolo-mascarello-2014\\\/#primaryimage\",\"url\":\"https:\\\/\\\/fonsvinum.com\\\/files\\\/2016\\\/01\\\/barolo-bartolo-mascarello.png\",\"contentUrl\":\"https:\\\/\\\/fonsvinum.com\\\/files\\\/2016\\\/01\\\/barolo-bartolo-mascarello.png\",\"width\":200,\"height\":600},{\"@type\":\"BreadcrumbList\",\"@id\":\"https:\\\/\\\/fonsvinum.com\\\/de\\\/produkt\\\/barolo-bartolo-mascarello-2014\\\/#breadcrumb\",\"itemListElement\":[{\"@type\":\"ListItem\",\"position\":1,\"name\":\"Startseite\",\"item\":\"https:\\\/\\\/fonsvinum.com\\\/de\\\/\"},{\"@type\":\"ListItem\",\"position\":2,\"name\":\"Shop\",\"item\":\"https:\\\/\\\/fonsvinum.com\\\/de\\\/shop\\\/\"},{\"@type\":\"ListItem\",\"position\":3,\"name\":\"Barolo Bartolo Mascarello 2014\"}]},{\"@type\":\"WebSite\",\"@id\":\"https:\\\/\\\/fonsvinum.com\\\/en\\\/#website\",\"url\":\"https:\\\/\\\/fonsvinum.com\\\/en\\\/\",\"name\":\"Fons Vinum\",\"description\":\"Vendita Vino Online\",\"publisher\":{\"@id\":\"https:\\\/\\\/fonsvinum.com\\\/en\\\/#organization\"},\"potentialAction\":[{\"@type\":\"SearchAction\",\"target\":{\"@type\":\"EntryPoint\",\"urlTemplate\":\"https:\\\/\\\/fonsvinum.com\\\/en\\\/?s={search_term_string}\"},\"query-input\":{\"@type\":\"PropertyValueSpecification\",\"valueRequired\":true,\"valueName\":\"search_term_string\"}}],\"inLanguage\":\"de\"},{\"@type\":\"Organization\",\"@id\":\"https:\\\/\\\/fonsvinum.com\\\/en\\\/#organization\",\"name\":\"Fons Vinum\",\"url\":\"https:\\\/\\\/fonsvinum.com\\\/en\\\/\",\"logo\":{\"@type\":\"ImageObject\",\"inLanguage\":\"de\",\"@id\":\"https:\\\/\\\/fonsvinum.com\\\/en\\\/#\\\/schema\\\/logo\\\/image\\\/\",\"url\":\"\",\"contentUrl\":\"\",\"caption\":\"Fons Vinum\"},\"image\":{\"@id\":\"https:\\\/\\\/fonsvinum.com\\\/en\\\/#\\\/schema\\\/logo\\\/image\\\/\"}}]}<\/script>\n<!-- \/ Yoast SEO plugin. -->","yoast_head_json":{"title":"Barolo DOCG Bartolo\u00a0Mascarello 2014 I on line Fons Vinum","description":"Barolo DOCG Bartolo\u00a0Mascarello 2014 Die Trauben f\u00fcr den Barolo stammen aus den Einzellagen Cannubi, Rocche Annunziata, Ru\u00e9 und San Lorenzo und werden naturnah angebaut","robots":{"index":"index","follow":"follow","max-snippet":"max-snippet:-1","max-image-preview":"max-image-preview:large","max-video-preview":"max-video-preview:-1"},"canonical":"https:\/\/fonsvinum.com\/de\/produkt\/barolo-bartolo-mascarello-2014\/","og_locale":"de_DE","og_type":"article","og_title":"Barolo DOCG Bartolo\u00a0Mascarello 2014 I on line Fons Vinum","og_description":"Barolo DOCG Bartolo\u00a0Mascarello 2014 Die Trauben f\u00fcr den Barolo stammen aus den Einzellagen Cannubi, Rocche Annunziata, Ru\u00e9 und San Lorenzo und werden naturnah angebaut","og_url":"https:\/\/fonsvinum.com\/de\/produkt\/barolo-bartolo-mascarello-2014\/","og_site_name":"Fons Vinum","article_modified_time":"2020-02-07T08:35:36+00:00","og_image":[{"width":200,"height":600,"url":"https:\/\/fonsvinum.com\/files\/2016\/01\/barolo-bartolo-mascarello.png","type":"image\/png"}],"schema":{"@context":"https:\/\/schema.org","@graph":[{"@type":"WebPage","@id":"https:\/\/fonsvinum.com\/de\/produkt\/barolo-bartolo-mascarello-2014\/","url":"https:\/\/fonsvinum.com\/de\/produkt\/barolo-bartolo-mascarello-2014\/","name":"Barolo DOCG Bartolo\u00a0Mascarello 2014 I on line Fons Vinum","isPartOf":{"@id":"https:\/\/fonsvinum.com\/en\/#website"},"primaryImageOfPage":{"@id":"https:\/\/fonsvinum.com\/de\/produkt\/barolo-bartolo-mascarello-2014\/#primaryimage"},"image":{"@id":"https:\/\/fonsvinum.com\/de\/produkt\/barolo-bartolo-mascarello-2014\/#primaryimage"},"thumbnailUrl":"https:\/\/fonsvinum.com\/files\/2016\/01\/barolo-bartolo-mascarello.png","datePublished":"2018-10-29T15:12:37+00:00","dateModified":"2020-02-07T08:35:36+00:00","description":"Barolo DOCG Bartolo\u00a0Mascarello 2014 Die Trauben f\u00fcr den Barolo stammen aus den Einzellagen Cannubi, Rocche Annunziata, Ru\u00e9 und San Lorenzo und werden naturnah angebaut","breadcrumb":{"@id":"https:\/\/fonsvinum.com\/de\/produkt\/barolo-bartolo-mascarello-2014\/#breadcrumb"},"inLanguage":"de","potentialAction":[{"@type":"ReadAction","target":["https:\/\/fonsvinum.com\/de\/produkt\/barolo-bartolo-mascarello-2014\/"]}]},{"@type":"ImageObject","inLanguage":"de","@id":"https:\/\/fonsvinum.com\/de\/produkt\/barolo-bartolo-mascarello-2014\/#primaryimage","url":"https:\/\/fonsvinum.com\/files\/2016\/01\/barolo-bartolo-mascarello.png","contentUrl":"https:\/\/fonsvinum.com\/files\/2016\/01\/barolo-bartolo-mascarello.png","width":200,"height":600},{"@type":"BreadcrumbList","@id":"https:\/\/fonsvinum.com\/de\/produkt\/barolo-bartolo-mascarello-2014\/#breadcrumb","itemListElement":[{"@type":"ListItem","position":1,"name":"Startseite","item":"https:\/\/fonsvinum.com\/de\/"},{"@type":"ListItem","position":2,"name":"Shop","item":"https:\/\/fonsvinum.com\/de\/shop\/"},{"@type":"ListItem","position":3,"name":"Barolo Bartolo Mascarello 2014"}]},{"@type":"WebSite","@id":"https:\/\/fonsvinum.com\/en\/#website","url":"https:\/\/fonsvinum.com\/en\/","name":"Fons Vinum","description":"Vendita Vino Online","publisher":{"@id":"https:\/\/fonsvinum.com\/en\/#organization"},"potentialAction":[{"@type":"SearchAction","target":{"@type":"EntryPoint","urlTemplate":"https:\/\/fonsvinum.com\/en\/?s={search_term_string}"},"query-input":{"@type":"PropertyValueSpecification","valueRequired":true,"valueName":"search_term_string"}}],"inLanguage":"de"},{"@type":"Organization","@id":"https:\/\/fonsvinum.com\/en\/#organization","name":"Fons Vinum","url":"https:\/\/fonsvinum.com\/en\/","logo":{"@type":"ImageObject","inLanguage":"de","@id":"https:\/\/fonsvinum.com\/en\/#\/schema\/logo\/image\/","url":"","contentUrl":"","caption":"Fons Vinum"},"image":{"@id":"https:\/\/fonsvinum.com\/en\/#\/schema\/logo\/image\/"}}]}},"acf":[],"_links":{"self":[{"href":"https:\/\/fonsvinum.com\/de\/wp-json\/wp\/v2\/product\/16083","targetHints":{"allow":["GET"]}}],"collection":[{"href":"https:\/\/fonsvinum.com\/de\/wp-json\/wp\/v2\/product"}],"about":[{"href":"https:\/\/fonsvinum.com\/de\/wp-json\/wp\/v2\/types\/product"}],"replies":[{"embeddable":true,"href":"https:\/\/fonsvinum.com\/de\/wp-json\/wp\/v2\/comments?post=16083"}],"wp:featuredmedia":[{"embeddable":true,"href":"https:\/\/fonsvinum.com\/de\/wp-json\/wp\/v2\/media\/7065"}],"wp:attachment":[{"href":"https:\/\/fonsvinum.com\/de\/wp-json\/wp\/v2\/media?parent=16083"}],"wp:term":[{"taxonomy":"product_brand","embeddable":true,"href":"https:\/\/fonsvinum.com\/de\/wp-json\/wp\/v2\/product_brand?post=16083"},{"taxonomy":"product_cat","embeddable":true,"href":"https:\/\/fonsvinum.com\/de\/wp-json\/wp\/v2\/product_cat?post=16083"},{"taxonomy":"product_tag","embeddable":true,"href":"https:\/\/fonsvinum.com\/de\/wp-json\/wp\/v2\/product_tag?post=16083"}],"curies":[{"name":"wp","href":"https:\/\/api.w.org\/{rel}","templated":true}]}}