{"id":16069,"date":"2018-10-25T09:36:14","date_gmt":"2018-10-25T07:36:14","guid":{"rendered":"https:\/\/fonsvinum.com\/?post_type=product&#038;p=16069"},"modified":"2019-12-10T15:04:53","modified_gmt":"2019-12-10T14:04:53","slug":"brunello-di-montalcino-madonna-delle-grazie-il-marroneto-2013","status":"publish","type":"product","link":"https:\/\/fonsvinum.com\/de\/produkt\/brunello-di-montalcino-madonna-delle-grazie-il-marroneto-2013\/","title":{"rendered":"Brunello di Montalcino Madonna delle Grazie Il Marroneto 2013"},"content":{"rendered":"<h1>Brunello di Montalcino Madonna delle Grazie Il Marroneto 2013<\/h1>\n<p>Il Marroneto ist ein Kleinbetrieb wie er im Buche steht. Die Familie Mori bewirtschaftet gerade mal 6 Hektar, die aber in einer sehr guten Zone. Die Br\u00fcder Andrea und Alessandro leiten die Produktion, lediglich im Keller hilft ab und zu \u00d6nologe Paolo Vagaggini.<\/p>\n<p>Die gesamte Jahresproduktion \u00fcberschreitet kaum mehr als 25000 Flaschen, von denen jede f\u00fcr sich ein kleiner Schatz ist.<\/p>\n<p>Die Leidenschaft zur Brunello Traube des heutigen Weingutinhabers Alessandro Mori verdankt der Brunello di Montalcino Il Marroneto Selezione Madonna delle Grazie seine au\u00dfergew\u00f6hnlich hohe Qualit\u00e4t. Der Jahrgang 2013 ist wieder einmal ein besonders gelungener Jahrgang und stellt diesen Brunello mit den besten Weinen der Welt in die erste Reihe. Der Il Marroneto Brunello Selezione Madonna Delle Grazie pr\u00e4sentiert sich mit einer Nase\u00a0nach Zwetschgen und Himbeeren, untermalt von feinen blumigen Noten. Im Geschmack dicht mit einer Komplexit\u00e4t der ganz gro\u00dfen Weine. \u00dcppig, fruchtig, kr\u00e4ftige Tannine mit einem enormem Entwicklungspotential. Der\u00a0Il Marroneto Brunello Selezione Madonna Delle Grazie wurde mindestens 24 Monate in neuen F\u00e4ssern aus franz\u00f6sischer Alliereiche gelagert bevor er abgef\u00fcllt und zum Verkauf freigegeben wurde. Gro\u00dfes Brunello-Kino aus einer kleinen aber sehr feinen Weinschmiede!<\/p>\n<p>95\/100 Wine Enthusiast<\/p>\n<p>&nbsp;<\/p>\n","protected":false},"excerpt":{"rendered":"<p>Brunello di Montalcino Madonna delle Grazie Il Marroneto 2013 Il Marroneto ist ein Kleinbetrieb wie er im Buche steht. Die Familie Mori bewirtschaftet gerade mal 6 Hektar, die aber in einer sehr guten Zone. Die Br\u00fcder Andrea und Alessandro leiten die Produktion, lediglich im Keller hilft ab und zu \u00d6nologe Paolo Vagaggini. Die gesamte Jahresproduktion [&hellip;]<\/p>\n","protected":false},"featured_media":4458,"comment_status":"open","ping_status":"closed","template":"","meta":{"_acf_changed":false,"_monsterinsights_skip_tracking":false,"_monsterinsights_sitenote_active":false,"_monsterinsights_sitenote_note":"","_monsterinsights_sitenote_category":0},"product_brand":[],"product_cat":[1772],"product_tag":[1733],"class_list":{"0":"post-16069","1":"product","2":"type-product","3":"status-publish","4":"has-post-thumbnail","6":"product_cat-sangiovese-de","7":"product_tag-aussergewoehnliche-weine-de","8":"pa_appellation-brunello-di-montalcino-docg-de","9":"pa_formato-0-75-l-flasche-de","10":"pa_producer-il-marroneto-de","11":"pa_region-toskana-de","12":"pa_vine-sangiovese-brunello-100-de","13":"pa_vintage-2013-de","15":"first","16":"instock","17":"taxable","18":"shipping-taxable","19":"purchasable","20":"product-type-simple"},"bundled_by":[],"bundle_stock_status":"instock","bundle_stock_quantity":1,"bundle_virtual":false,"bundle_layout":"","bundle_add_to_cart_form_location":"","bundle_editable_in_cart":false,"bundle_sold_individually_context":"","bundle_item_grouping":"","bundle_min_size":"","bundle_max_size":"","bundle_price":[],"bundled_items":[],"bundle_sell_ids":[],"yoast_head":"<!-- This site is optimized with the Yoast SEO plugin v27.3 - https:\/\/yoast.com\/product\/yoast-seo-wordpress\/ -->\n<title>Brunello di Montalcino Madonna delle Grazie Il Marroneto 2013<\/title>\n<meta name=\"description\" content=\"Brunello di Montalcino Madonna delle Grazie Il Marroneto 2013. Die gesamte Jahresproduktion \u00fcberschreitet kaum mehr als 25000 Flaschen.\" \/>\n<meta name=\"robots\" content=\"index, follow, max-snippet:-1, max-image-preview:large, max-video-preview:-1\" \/>\n<link rel=\"canonical\" href=\"https:\/\/fonsvinum.com\/de\/produkt\/brunello-di-montalcino-madonna-delle-grazie-il-marroneto-2013\/\" \/>\n<meta property=\"og:locale\" content=\"de_DE\" \/>\n<meta property=\"og:type\" content=\"article\" \/>\n<meta property=\"og:title\" content=\"Brunello di Montalcino Madonna delle Grazie Il Marroneto 2013\" \/>\n<meta property=\"og:description\" content=\"Brunello di Montalcino Madonna delle Grazie Il Marroneto 2013. Die gesamte Jahresproduktion \u00fcberschreitet kaum mehr als 25000 Flaschen.\" \/>\n<meta property=\"og:url\" content=\"https:\/\/fonsvinum.com\/de\/produkt\/brunello-di-montalcino-madonna-delle-grazie-il-marroneto-2013\/\" \/>\n<meta property=\"og:site_name\" content=\"Fons Vinum\" \/>\n<meta property=\"article:modified_time\" content=\"2019-12-10T14:04:53+00:00\" \/>\n<meta property=\"og:image\" content=\"https:\/\/fonsvinum.com\/files\/2015\/08\/brunello-di-montalcino-il-Marroneto-Madonna-delle-Grazie.png\" \/>\n\t<meta property=\"og:image:width\" content=\"200\" \/>\n\t<meta property=\"og:image:height\" content=\"600\" \/>\n\t<meta property=\"og:image:type\" content=\"image\/png\" \/>\n<meta name=\"twitter:label1\" content=\"Gesch\u00e4tzte Lesezeit\" \/>\n\t<meta name=\"twitter:data1\" content=\"1\u00a0Minute\" \/>\n<script type=\"application\/ld+json\" class=\"yoast-schema-graph\">{\"@context\":\"https:\\\/\\\/schema.org\",\"@graph\":[{\"@type\":\"WebPage\",\"@id\":\"https:\\\/\\\/fonsvinum.com\\\/de\\\/produkt\\\/brunello-di-montalcino-madonna-delle-grazie-il-marroneto-2013\\\/\",\"url\":\"https:\\\/\\\/fonsvinum.com\\\/de\\\/produkt\\\/brunello-di-montalcino-madonna-delle-grazie-il-marroneto-2013\\\/\",\"name\":\"Brunello di Montalcino Madonna delle Grazie Il Marroneto 2013\",\"isPartOf\":{\"@id\":\"https:\\\/\\\/fonsvinum.com\\\/en\\\/#website\"},\"primaryImageOfPage\":{\"@id\":\"https:\\\/\\\/fonsvinum.com\\\/de\\\/produkt\\\/brunello-di-montalcino-madonna-delle-grazie-il-marroneto-2013\\\/#primaryimage\"},\"image\":{\"@id\":\"https:\\\/\\\/fonsvinum.com\\\/de\\\/produkt\\\/brunello-di-montalcino-madonna-delle-grazie-il-marroneto-2013\\\/#primaryimage\"},\"thumbnailUrl\":\"https:\\\/\\\/fonsvinum.com\\\/files\\\/2015\\\/08\\\/brunello-di-montalcino-il-Marroneto-Madonna-delle-Grazie.png\",\"datePublished\":\"2018-10-25T07:36:14+00:00\",\"dateModified\":\"2019-12-10T14:04:53+00:00\",\"description\":\"Brunello di Montalcino Madonna delle Grazie Il Marroneto 2013. Die gesamte Jahresproduktion \u00fcberschreitet kaum mehr als 25000 Flaschen.\",\"breadcrumb\":{\"@id\":\"https:\\\/\\\/fonsvinum.com\\\/de\\\/produkt\\\/brunello-di-montalcino-madonna-delle-grazie-il-marroneto-2013\\\/#breadcrumb\"},\"inLanguage\":\"de\",\"potentialAction\":[{\"@type\":\"ReadAction\",\"target\":[\"https:\\\/\\\/fonsvinum.com\\\/de\\\/produkt\\\/brunello-di-montalcino-madonna-delle-grazie-il-marroneto-2013\\\/\"]}]},{\"@type\":\"ImageObject\",\"inLanguage\":\"de\",\"@id\":\"https:\\\/\\\/fonsvinum.com\\\/de\\\/produkt\\\/brunello-di-montalcino-madonna-delle-grazie-il-marroneto-2013\\\/#primaryimage\",\"url\":\"https:\\\/\\\/fonsvinum.com\\\/files\\\/2015\\\/08\\\/brunello-di-montalcino-il-Marroneto-Madonna-delle-Grazie.png\",\"contentUrl\":\"https:\\\/\\\/fonsvinum.com\\\/files\\\/2015\\\/08\\\/brunello-di-montalcino-il-Marroneto-Madonna-delle-Grazie.png\",\"width\":200,\"height\":600},{\"@type\":\"BreadcrumbList\",\"@id\":\"https:\\\/\\\/fonsvinum.com\\\/de\\\/produkt\\\/brunello-di-montalcino-madonna-delle-grazie-il-marroneto-2013\\\/#breadcrumb\",\"itemListElement\":[{\"@type\":\"ListItem\",\"position\":1,\"name\":\"Startseite\",\"item\":\"https:\\\/\\\/fonsvinum.com\\\/de\\\/\"},{\"@type\":\"ListItem\",\"position\":2,\"name\":\"Shop\",\"item\":\"https:\\\/\\\/fonsvinum.com\\\/de\\\/shop\\\/\"},{\"@type\":\"ListItem\",\"position\":3,\"name\":\"Brunello di Montalcino Madonna delle Grazie Il Marroneto 2013\"}]},{\"@type\":\"WebSite\",\"@id\":\"https:\\\/\\\/fonsvinum.com\\\/en\\\/#website\",\"url\":\"https:\\\/\\\/fonsvinum.com\\\/en\\\/\",\"name\":\"Fons Vinum\",\"description\":\"Vendita Vino Online\",\"publisher\":{\"@id\":\"https:\\\/\\\/fonsvinum.com\\\/en\\\/#organization\"},\"potentialAction\":[{\"@type\":\"SearchAction\",\"target\":{\"@type\":\"EntryPoint\",\"urlTemplate\":\"https:\\\/\\\/fonsvinum.com\\\/en\\\/?s={search_term_string}\"},\"query-input\":{\"@type\":\"PropertyValueSpecification\",\"valueRequired\":true,\"valueName\":\"search_term_string\"}}],\"inLanguage\":\"de\"},{\"@type\":\"Organization\",\"@id\":\"https:\\\/\\\/fonsvinum.com\\\/en\\\/#organization\",\"name\":\"Fons Vinum\",\"url\":\"https:\\\/\\\/fonsvinum.com\\\/en\\\/\",\"logo\":{\"@type\":\"ImageObject\",\"inLanguage\":\"de\",\"@id\":\"https:\\\/\\\/fonsvinum.com\\\/en\\\/#\\\/schema\\\/logo\\\/image\\\/\",\"url\":\"\",\"contentUrl\":\"\",\"caption\":\"Fons Vinum\"},\"image\":{\"@id\":\"https:\\\/\\\/fonsvinum.com\\\/en\\\/#\\\/schema\\\/logo\\\/image\\\/\"}}]}<\/script>\n<!-- \/ Yoast SEO plugin. -->","yoast_head_json":{"title":"Brunello di Montalcino Madonna delle Grazie Il Marroneto 2013","description":"Brunello di Montalcino Madonna delle Grazie Il Marroneto 2013. Die gesamte Jahresproduktion \u00fcberschreitet kaum mehr als 25000 Flaschen.","robots":{"index":"index","follow":"follow","max-snippet":"max-snippet:-1","max-image-preview":"max-image-preview:large","max-video-preview":"max-video-preview:-1"},"canonical":"https:\/\/fonsvinum.com\/de\/produkt\/brunello-di-montalcino-madonna-delle-grazie-il-marroneto-2013\/","og_locale":"de_DE","og_type":"article","og_title":"Brunello di Montalcino Madonna delle Grazie Il Marroneto 2013","og_description":"Brunello di Montalcino Madonna delle Grazie Il Marroneto 2013. Die gesamte Jahresproduktion \u00fcberschreitet kaum mehr als 25000 Flaschen.","og_url":"https:\/\/fonsvinum.com\/de\/produkt\/brunello-di-montalcino-madonna-delle-grazie-il-marroneto-2013\/","og_site_name":"Fons Vinum","article_modified_time":"2019-12-10T14:04:53+00:00","og_image":[{"width":200,"height":600,"url":"https:\/\/fonsvinum.com\/files\/2015\/08\/brunello-di-montalcino-il-Marroneto-Madonna-delle-Grazie.png","type":"image\/png"}],"twitter_misc":{"Gesch\u00e4tzte Lesezeit":"1\u00a0Minute"},"schema":{"@context":"https:\/\/schema.org","@graph":[{"@type":"WebPage","@id":"https:\/\/fonsvinum.com\/de\/produkt\/brunello-di-montalcino-madonna-delle-grazie-il-marroneto-2013\/","url":"https:\/\/fonsvinum.com\/de\/produkt\/brunello-di-montalcino-madonna-delle-grazie-il-marroneto-2013\/","name":"Brunello di Montalcino Madonna delle Grazie Il Marroneto 2013","isPartOf":{"@id":"https:\/\/fonsvinum.com\/en\/#website"},"primaryImageOfPage":{"@id":"https:\/\/fonsvinum.com\/de\/produkt\/brunello-di-montalcino-madonna-delle-grazie-il-marroneto-2013\/#primaryimage"},"image":{"@id":"https:\/\/fonsvinum.com\/de\/produkt\/brunello-di-montalcino-madonna-delle-grazie-il-marroneto-2013\/#primaryimage"},"thumbnailUrl":"https:\/\/fonsvinum.com\/files\/2015\/08\/brunello-di-montalcino-il-Marroneto-Madonna-delle-Grazie.png","datePublished":"2018-10-25T07:36:14+00:00","dateModified":"2019-12-10T14:04:53+00:00","description":"Brunello di Montalcino Madonna delle Grazie Il Marroneto 2013. Die gesamte Jahresproduktion \u00fcberschreitet kaum mehr als 25000 Flaschen.","breadcrumb":{"@id":"https:\/\/fonsvinum.com\/de\/produkt\/brunello-di-montalcino-madonna-delle-grazie-il-marroneto-2013\/#breadcrumb"},"inLanguage":"de","potentialAction":[{"@type":"ReadAction","target":["https:\/\/fonsvinum.com\/de\/produkt\/brunello-di-montalcino-madonna-delle-grazie-il-marroneto-2013\/"]}]},{"@type":"ImageObject","inLanguage":"de","@id":"https:\/\/fonsvinum.com\/de\/produkt\/brunello-di-montalcino-madonna-delle-grazie-il-marroneto-2013\/#primaryimage","url":"https:\/\/fonsvinum.com\/files\/2015\/08\/brunello-di-montalcino-il-Marroneto-Madonna-delle-Grazie.png","contentUrl":"https:\/\/fonsvinum.com\/files\/2015\/08\/brunello-di-montalcino-il-Marroneto-Madonna-delle-Grazie.png","width":200,"height":600},{"@type":"BreadcrumbList","@id":"https:\/\/fonsvinum.com\/de\/produkt\/brunello-di-montalcino-madonna-delle-grazie-il-marroneto-2013\/#breadcrumb","itemListElement":[{"@type":"ListItem","position":1,"name":"Startseite","item":"https:\/\/fonsvinum.com\/de\/"},{"@type":"ListItem","position":2,"name":"Shop","item":"https:\/\/fonsvinum.com\/de\/shop\/"},{"@type":"ListItem","position":3,"name":"Brunello di Montalcino Madonna delle Grazie Il Marroneto 2013"}]},{"@type":"WebSite","@id":"https:\/\/fonsvinum.com\/en\/#website","url":"https:\/\/fonsvinum.com\/en\/","name":"Fons Vinum","description":"Vendita Vino Online","publisher":{"@id":"https:\/\/fonsvinum.com\/en\/#organization"},"potentialAction":[{"@type":"SearchAction","target":{"@type":"EntryPoint","urlTemplate":"https:\/\/fonsvinum.com\/en\/?s={search_term_string}"},"query-input":{"@type":"PropertyValueSpecification","valueRequired":true,"valueName":"search_term_string"}}],"inLanguage":"de"},{"@type":"Organization","@id":"https:\/\/fonsvinum.com\/en\/#organization","name":"Fons Vinum","url":"https:\/\/fonsvinum.com\/en\/","logo":{"@type":"ImageObject","inLanguage":"de","@id":"https:\/\/fonsvinum.com\/en\/#\/schema\/logo\/image\/","url":"","contentUrl":"","caption":"Fons Vinum"},"image":{"@id":"https:\/\/fonsvinum.com\/en\/#\/schema\/logo\/image\/"}}]}},"acf":[],"_links":{"self":[{"href":"https:\/\/fonsvinum.com\/de\/wp-json\/wp\/v2\/product\/16069","targetHints":{"allow":["GET"]}}],"collection":[{"href":"https:\/\/fonsvinum.com\/de\/wp-json\/wp\/v2\/product"}],"about":[{"href":"https:\/\/fonsvinum.com\/de\/wp-json\/wp\/v2\/types\/product"}],"replies":[{"embeddable":true,"href":"https:\/\/fonsvinum.com\/de\/wp-json\/wp\/v2\/comments?post=16069"}],"wp:featuredmedia":[{"embeddable":true,"href":"https:\/\/fonsvinum.com\/de\/wp-json\/wp\/v2\/media\/4458"}],"wp:attachment":[{"href":"https:\/\/fonsvinum.com\/de\/wp-json\/wp\/v2\/media?parent=16069"}],"wp:term":[{"taxonomy":"product_brand","embeddable":true,"href":"https:\/\/fonsvinum.com\/de\/wp-json\/wp\/v2\/product_brand?post=16069"},{"taxonomy":"product_cat","embeddable":true,"href":"https:\/\/fonsvinum.com\/de\/wp-json\/wp\/v2\/product_cat?post=16069"},{"taxonomy":"product_tag","embeddable":true,"href":"https:\/\/fonsvinum.com\/de\/wp-json\/wp\/v2\/product_tag?post=16069"}],"curies":[{"name":"wp","href":"https:\/\/api.w.org\/{rel}","templated":true}]}}