{"id":15883,"date":"2018-09-25T11:38:38","date_gmt":"2018-09-25T09:38:38","guid":{"rendered":"https:\/\/fonsvinum.com\/?post_type=product&#038;p=15883"},"modified":"2019-11-05T14:43:05","modified_gmt":"2019-11-05T13:43:05","slug":"alteni-di-brassica-gaja-sauvignon-2016","status":"publish","type":"product","link":"https:\/\/fonsvinum.com\/de\/produkt\/alteni-di-brassica-gaja-sauvignon-2016\/","title":{"rendered":"Alteni di Brassica GAJA Sauvignon 2016"},"content":{"rendered":"<p>Alteni di Brassica GAJA Sauvignon 2016<\/p>\n<p>Der Name kommt von alteni, kleinen Steinmauern die einst die G\u00e4rten der Gegend sch\u00fctzten, und brassica, der kleinen, gelben Blume, die im Fr\u00fchling in den Weing\u00e4rten w\u00e4chst.<\/p>\n<p>Elegante Nase mit aromatischen Noten im Einklang mit der feinen Frucht; ausgewogener K\u00f6rper mit dichter Struktur, gest\u00fctzt von einer perfekt integrierten S\u00e4ure.<\/p>\n<p>Ein verfeinerter Sauvignon Blanc-Stil mit sehr gutem Reifepotential von mindestens 12-20 Jahren.<\/p>\n","protected":false},"excerpt":{"rendered":"<p>Alteni di Brassica GAJA Sauvignon 2016 Der Name kommt von alteni, kleinen Steinmauern die einst die G\u00e4rten der Gegend sch\u00fctzten, und brassica, der kleinen, gelben Blume, die im Fr\u00fchling in den Weing\u00e4rten w\u00e4chst. Elegante Nase mit aromatischen Noten im Einklang mit der feinen Frucht; ausgewogener K\u00f6rper mit dichter Struktur, gest\u00fctzt von einer perfekt integrierten S\u00e4ure. [&hellip;]<\/p>\n","protected":false},"featured_media":6110,"comment_status":"open","ping_status":"closed","template":"","meta":{"_acf_changed":false,"_monsterinsights_skip_tracking":false,"_monsterinsights_sitenote_active":false,"_monsterinsights_sitenote_note":"","_monsterinsights_sitenote_category":0},"product_brand":[],"product_cat":[2314],"product_tag":[],"class_list":{"0":"post-15883","1":"product","2":"type-product","3":"status-publish","4":"has-post-thumbnail","6":"product_cat-sauvignon-de","7":"pa_appellation-langhe-doc-de","8":"pa_formato-0-75-l-flasche-de","9":"pa_producer-gaja-de","10":"pa_region-piemont-de","11":"pa_vine-100-sauvignon-de","12":"pa_vintage-2016-de","14":"first","15":"instock","16":"taxable","17":"shipping-taxable","18":"purchasable","19":"product-type-simple"},"bundled_by":[],"bundle_stock_status":"instock","bundle_stock_quantity":6,"bundle_virtual":false,"bundle_layout":"","bundle_add_to_cart_form_location":"","bundle_editable_in_cart":false,"bundle_sold_individually_context":"","bundle_item_grouping":"","bundle_min_size":"","bundle_max_size":"","bundle_price":[],"bundled_items":[],"bundle_sell_ids":[],"yoast_head":"<!-- This site is optimized with the Yoast SEO plugin v27.3 - https:\/\/yoast.com\/product\/yoast-seo-wordpress\/ -->\n<title>Kaufen Sie Alteni di Brassica GAJA Sauvignon 2016<\/title>\n<meta name=\"description\" content=\"Alteni di Brassica GAJA Sauvignon 2016 Ein verfeinerter Sauvignon Blanc-Stil mit sehr gutem Reifepotential Shop from Fons Vinum\" \/>\n<meta name=\"robots\" content=\"index, follow, max-snippet:-1, max-image-preview:large, max-video-preview:-1\" \/>\n<link rel=\"canonical\" href=\"https:\/\/fonsvinum.com\/de\/produkt\/alteni-di-brassica-gaja-sauvignon-2016\/\" \/>\n<meta property=\"og:locale\" content=\"de_DE\" \/>\n<meta property=\"og:type\" content=\"article\" \/>\n<meta property=\"og:title\" content=\"Kaufen Sie Alteni di Brassica GAJA Sauvignon 2016\" \/>\n<meta property=\"og:description\" content=\"Alteni di Brassica GAJA Sauvignon 2016 Ein verfeinerter Sauvignon Blanc-Stil mit sehr gutem Reifepotential Shop from Fons Vinum\" \/>\n<meta property=\"og:url\" content=\"https:\/\/fonsvinum.com\/de\/produkt\/alteni-di-brassica-gaja-sauvignon-2016\/\" \/>\n<meta property=\"og:site_name\" content=\"Fons Vinum\" \/>\n<meta property=\"article:modified_time\" content=\"2019-11-05T13:43:05+00:00\" \/>\n<meta property=\"og:image\" content=\"https:\/\/fonsvinum.com\/files\/2013\/04\/gaja-alteni-di-brassica-sauvignon.png\" \/>\n\t<meta property=\"og:image:width\" content=\"254\" \/>\n\t<meta property=\"og:image:height\" content=\"800\" \/>\n\t<meta property=\"og:image:type\" content=\"image\/png\" \/>\n<script type=\"application\/ld+json\" class=\"yoast-schema-graph\">{\"@context\":\"https:\\\/\\\/schema.org\",\"@graph\":[{\"@type\":\"WebPage\",\"@id\":\"https:\\\/\\\/fonsvinum.com\\\/de\\\/produkt\\\/alteni-di-brassica-gaja-sauvignon-2016\\\/\",\"url\":\"https:\\\/\\\/fonsvinum.com\\\/de\\\/produkt\\\/alteni-di-brassica-gaja-sauvignon-2016\\\/\",\"name\":\"Kaufen Sie Alteni di Brassica GAJA Sauvignon 2016\",\"isPartOf\":{\"@id\":\"https:\\\/\\\/fonsvinum.com\\\/en\\\/#website\"},\"primaryImageOfPage\":{\"@id\":\"https:\\\/\\\/fonsvinum.com\\\/de\\\/produkt\\\/alteni-di-brassica-gaja-sauvignon-2016\\\/#primaryimage\"},\"image\":{\"@id\":\"https:\\\/\\\/fonsvinum.com\\\/de\\\/produkt\\\/alteni-di-brassica-gaja-sauvignon-2016\\\/#primaryimage\"},\"thumbnailUrl\":\"https:\\\/\\\/fonsvinum.com\\\/files\\\/2013\\\/04\\\/gaja-alteni-di-brassica-sauvignon.png\",\"datePublished\":\"2018-09-25T09:38:38+00:00\",\"dateModified\":\"2019-11-05T13:43:05+00:00\",\"description\":\"Alteni di Brassica GAJA Sauvignon 2016 Ein verfeinerter Sauvignon Blanc-Stil mit sehr gutem Reifepotential Shop from Fons Vinum\",\"breadcrumb\":{\"@id\":\"https:\\\/\\\/fonsvinum.com\\\/de\\\/produkt\\\/alteni-di-brassica-gaja-sauvignon-2016\\\/#breadcrumb\"},\"inLanguage\":\"de\",\"potentialAction\":[{\"@type\":\"ReadAction\",\"target\":[\"https:\\\/\\\/fonsvinum.com\\\/de\\\/produkt\\\/alteni-di-brassica-gaja-sauvignon-2016\\\/\"]}]},{\"@type\":\"ImageObject\",\"inLanguage\":\"de\",\"@id\":\"https:\\\/\\\/fonsvinum.com\\\/de\\\/produkt\\\/alteni-di-brassica-gaja-sauvignon-2016\\\/#primaryimage\",\"url\":\"https:\\\/\\\/fonsvinum.com\\\/files\\\/2013\\\/04\\\/gaja-alteni-di-brassica-sauvignon.png\",\"contentUrl\":\"https:\\\/\\\/fonsvinum.com\\\/files\\\/2013\\\/04\\\/gaja-alteni-di-brassica-sauvignon.png\",\"width\":254,\"height\":800},{\"@type\":\"BreadcrumbList\",\"@id\":\"https:\\\/\\\/fonsvinum.com\\\/de\\\/produkt\\\/alteni-di-brassica-gaja-sauvignon-2016\\\/#breadcrumb\",\"itemListElement\":[{\"@type\":\"ListItem\",\"position\":1,\"name\":\"Startseite\",\"item\":\"https:\\\/\\\/fonsvinum.com\\\/de\\\/\"},{\"@type\":\"ListItem\",\"position\":2,\"name\":\"Shop\",\"item\":\"https:\\\/\\\/fonsvinum.com\\\/de\\\/shop\\\/\"},{\"@type\":\"ListItem\",\"position\":3,\"name\":\"Alteni di Brassica GAJA Sauvignon 2016\"}]},{\"@type\":\"WebSite\",\"@id\":\"https:\\\/\\\/fonsvinum.com\\\/en\\\/#website\",\"url\":\"https:\\\/\\\/fonsvinum.com\\\/en\\\/\",\"name\":\"Fons Vinum\",\"description\":\"Vendita Vino Online\",\"publisher\":{\"@id\":\"https:\\\/\\\/fonsvinum.com\\\/en\\\/#organization\"},\"potentialAction\":[{\"@type\":\"SearchAction\",\"target\":{\"@type\":\"EntryPoint\",\"urlTemplate\":\"https:\\\/\\\/fonsvinum.com\\\/en\\\/?s={search_term_string}\"},\"query-input\":{\"@type\":\"PropertyValueSpecification\",\"valueRequired\":true,\"valueName\":\"search_term_string\"}}],\"inLanguage\":\"de\"},{\"@type\":\"Organization\",\"@id\":\"https:\\\/\\\/fonsvinum.com\\\/en\\\/#organization\",\"name\":\"Fons Vinum\",\"url\":\"https:\\\/\\\/fonsvinum.com\\\/en\\\/\",\"logo\":{\"@type\":\"ImageObject\",\"inLanguage\":\"de\",\"@id\":\"https:\\\/\\\/fonsvinum.com\\\/en\\\/#\\\/schema\\\/logo\\\/image\\\/\",\"url\":\"\",\"contentUrl\":\"\",\"caption\":\"Fons Vinum\"},\"image\":{\"@id\":\"https:\\\/\\\/fonsvinum.com\\\/en\\\/#\\\/schema\\\/logo\\\/image\\\/\"}}]}<\/script>\n<!-- \/ Yoast SEO plugin. -->","yoast_head_json":{"title":"Kaufen Sie Alteni di Brassica GAJA Sauvignon 2016","description":"Alteni di Brassica GAJA Sauvignon 2016 Ein verfeinerter Sauvignon Blanc-Stil mit sehr gutem Reifepotential Shop from Fons Vinum","robots":{"index":"index","follow":"follow","max-snippet":"max-snippet:-1","max-image-preview":"max-image-preview:large","max-video-preview":"max-video-preview:-1"},"canonical":"https:\/\/fonsvinum.com\/de\/produkt\/alteni-di-brassica-gaja-sauvignon-2016\/","og_locale":"de_DE","og_type":"article","og_title":"Kaufen Sie Alteni di Brassica GAJA Sauvignon 2016","og_description":"Alteni di Brassica GAJA Sauvignon 2016 Ein verfeinerter Sauvignon Blanc-Stil mit sehr gutem Reifepotential Shop from Fons Vinum","og_url":"https:\/\/fonsvinum.com\/de\/produkt\/alteni-di-brassica-gaja-sauvignon-2016\/","og_site_name":"Fons Vinum","article_modified_time":"2019-11-05T13:43:05+00:00","og_image":[{"width":254,"height":800,"url":"https:\/\/fonsvinum.com\/files\/2013\/04\/gaja-alteni-di-brassica-sauvignon.png","type":"image\/png"}],"schema":{"@context":"https:\/\/schema.org","@graph":[{"@type":"WebPage","@id":"https:\/\/fonsvinum.com\/de\/produkt\/alteni-di-brassica-gaja-sauvignon-2016\/","url":"https:\/\/fonsvinum.com\/de\/produkt\/alteni-di-brassica-gaja-sauvignon-2016\/","name":"Kaufen Sie Alteni di Brassica GAJA Sauvignon 2016","isPartOf":{"@id":"https:\/\/fonsvinum.com\/en\/#website"},"primaryImageOfPage":{"@id":"https:\/\/fonsvinum.com\/de\/produkt\/alteni-di-brassica-gaja-sauvignon-2016\/#primaryimage"},"image":{"@id":"https:\/\/fonsvinum.com\/de\/produkt\/alteni-di-brassica-gaja-sauvignon-2016\/#primaryimage"},"thumbnailUrl":"https:\/\/fonsvinum.com\/files\/2013\/04\/gaja-alteni-di-brassica-sauvignon.png","datePublished":"2018-09-25T09:38:38+00:00","dateModified":"2019-11-05T13:43:05+00:00","description":"Alteni di Brassica GAJA Sauvignon 2016 Ein verfeinerter Sauvignon Blanc-Stil mit sehr gutem Reifepotential Shop from Fons Vinum","breadcrumb":{"@id":"https:\/\/fonsvinum.com\/de\/produkt\/alteni-di-brassica-gaja-sauvignon-2016\/#breadcrumb"},"inLanguage":"de","potentialAction":[{"@type":"ReadAction","target":["https:\/\/fonsvinum.com\/de\/produkt\/alteni-di-brassica-gaja-sauvignon-2016\/"]}]},{"@type":"ImageObject","inLanguage":"de","@id":"https:\/\/fonsvinum.com\/de\/produkt\/alteni-di-brassica-gaja-sauvignon-2016\/#primaryimage","url":"https:\/\/fonsvinum.com\/files\/2013\/04\/gaja-alteni-di-brassica-sauvignon.png","contentUrl":"https:\/\/fonsvinum.com\/files\/2013\/04\/gaja-alteni-di-brassica-sauvignon.png","width":254,"height":800},{"@type":"BreadcrumbList","@id":"https:\/\/fonsvinum.com\/de\/produkt\/alteni-di-brassica-gaja-sauvignon-2016\/#breadcrumb","itemListElement":[{"@type":"ListItem","position":1,"name":"Startseite","item":"https:\/\/fonsvinum.com\/de\/"},{"@type":"ListItem","position":2,"name":"Shop","item":"https:\/\/fonsvinum.com\/de\/shop\/"},{"@type":"ListItem","position":3,"name":"Alteni di Brassica GAJA Sauvignon 2016"}]},{"@type":"WebSite","@id":"https:\/\/fonsvinum.com\/en\/#website","url":"https:\/\/fonsvinum.com\/en\/","name":"Fons Vinum","description":"Vendita Vino Online","publisher":{"@id":"https:\/\/fonsvinum.com\/en\/#organization"},"potentialAction":[{"@type":"SearchAction","target":{"@type":"EntryPoint","urlTemplate":"https:\/\/fonsvinum.com\/en\/?s={search_term_string}"},"query-input":{"@type":"PropertyValueSpecification","valueRequired":true,"valueName":"search_term_string"}}],"inLanguage":"de"},{"@type":"Organization","@id":"https:\/\/fonsvinum.com\/en\/#organization","name":"Fons Vinum","url":"https:\/\/fonsvinum.com\/en\/","logo":{"@type":"ImageObject","inLanguage":"de","@id":"https:\/\/fonsvinum.com\/en\/#\/schema\/logo\/image\/","url":"","contentUrl":"","caption":"Fons Vinum"},"image":{"@id":"https:\/\/fonsvinum.com\/en\/#\/schema\/logo\/image\/"}}]}},"acf":[],"_links":{"self":[{"href":"https:\/\/fonsvinum.com\/de\/wp-json\/wp\/v2\/product\/15883","targetHints":{"allow":["GET"]}}],"collection":[{"href":"https:\/\/fonsvinum.com\/de\/wp-json\/wp\/v2\/product"}],"about":[{"href":"https:\/\/fonsvinum.com\/de\/wp-json\/wp\/v2\/types\/product"}],"replies":[{"embeddable":true,"href":"https:\/\/fonsvinum.com\/de\/wp-json\/wp\/v2\/comments?post=15883"}],"wp:featuredmedia":[{"embeddable":true,"href":"https:\/\/fonsvinum.com\/de\/wp-json\/wp\/v2\/media\/6110"}],"wp:attachment":[{"href":"https:\/\/fonsvinum.com\/de\/wp-json\/wp\/v2\/media?parent=15883"}],"wp:term":[{"taxonomy":"product_brand","embeddable":true,"href":"https:\/\/fonsvinum.com\/de\/wp-json\/wp\/v2\/product_brand?post=15883"},{"taxonomy":"product_cat","embeddable":true,"href":"https:\/\/fonsvinum.com\/de\/wp-json\/wp\/v2\/product_cat?post=15883"},{"taxonomy":"product_tag","embeddable":true,"href":"https:\/\/fonsvinum.com\/de\/wp-json\/wp\/v2\/product_tag?post=15883"}],"curies":[{"name":"wp","href":"https:\/\/api.w.org\/{rel}","templated":true}]}}