{"id":15851,"date":"2018-09-24T14:59:53","date_gmt":"2018-09-24T12:59:53","guid":{"rendered":"https:\/\/fonsvinum.com\/?post_type=product&#038;p=15851"},"modified":"2019-10-23T14:54:35","modified_gmt":"2019-10-23T12:54:35","slug":"champagne-r-d-extra-brut-bollinger-jahrgang-2004","status":"publish","type":"product","link":"https:\/\/fonsvinum.com\/de\/produkt\/champagne-r-d-extra-brut-bollinger-jahrgang-2004\/","title":{"rendered":"Champagne R.D. Extra Brut BOLLINGER  Jahrgang 2004"},"content":{"rendered":"<h1>Champagne R.D. Extra Brut <a title=\"bollinger\" href=\"https:\/\/fonsvinum.com\/produttore\/bollinger\/\" target=\"_blank\" rel=\"noopener\">BOLLINGER<\/a>\u00a0 Jahrgang 2004<\/h1>\n<p>Sie wird nur in besonderen Jahren produziert. Denn in diesem Champagner findet sich nicht nur der einzigartige Charakter des Jahrgangs wieder, aus dem er hervorgegangen ist, sondern er ist auch Ergebnis des &#8222;Stil Bollinger&#8220;, seines au\u00dfergew\u00f6hnlichen Terroirs und seiner traditionellen Ausbaumethoden.<\/p>\n<p>Hier dr\u00fcckt sich das Wissen und die Vollkommenheit von Champagne Bollinger aus. La Grande Ann\u00e9e entwickelt eine erhabene Weinigkeit, intensive, reiche und vielf\u00e4ltige Aromen, deren Vielfalt je nach Charakter des Jahrgangs variiert.<\/p>\n<p>Eine exklusive Assemblage von Traubengut aus Grand- und Premier Cru-Lagen Das Traubengut stammt ausschlie\u00dflich von Grand- und Premier Cru-Lagen aus der Champagne. 17 Crus werden f\u00fcr die Komposition des La Grande Ann\u00e9e 2004 verwendet, wovon 82% Grand- und 18% Premier Cru-Lagen sind.<\/p>\n<p>Die Millesime konnen nur in sehr guten Jahrg\u00e4ngen produziert werden. Diese Jahre sind selten, ja sogar au\u00dfergew\u00f6hnlich. Tritt dieser Fall ein, stellt Bollinger einen Jahrgangswein her. Meist sind es nicht mehr als drei Jahrg\u00e4nge in einem Jahrzehnt, die diese hohe G\u00fcte erreichen.<\/p>\n<p>Ma\u00dfgebend f\u00fcr solche Jahre ist der Reifegrad der Trauben, der so perfekt ist, dass man mit der Ernte eines einzigen Jahres eine Assemblage (die Grundweinzusammenstellung f\u00fcr einen Champagner) zaubern kann.<\/p>\n<p>Wir empfehlen den Genuss dieses gro\u00dfen Champagners bei etwa 10\u00b0C, damit seine komplexe Aromatik vollst\u00e4ndig zum Ausdruck kommen kann.<\/p>\n","protected":false},"excerpt":{"rendered":"<p>Champagne R.D. Extra Brut BOLLINGER\u00a0 Jahrgang 2004 Sie wird nur in besonderen Jahren produziert. Denn in diesem Champagner findet sich nicht nur der einzigartige Charakter des Jahrgangs wieder, aus dem er hervorgegangen ist, sondern er ist auch Ergebnis des &#8222;Stil Bollinger&#8220;, seines au\u00dfergew\u00f6hnlichen Terroirs und seiner traditionellen Ausbaumethoden. Hier dr\u00fcckt sich das Wissen und die [&hellip;]<\/p>\n","protected":false},"featured_media":34910,"comment_status":"open","ping_status":"closed","template":"","meta":{"_acf_changed":false,"_monsterinsights_skip_tracking":false,"_monsterinsights_sitenote_active":false,"_monsterinsights_sitenote_note":"","_monsterinsights_sitenote_category":0},"product_brand":[],"product_cat":[1482],"product_tag":[1733,1802],"class_list":{"0":"post-15851","1":"product","2":"type-product","3":"status-publish","4":"has-post-thumbnail","6":"product_cat-extra-brut-de","7":"product_tag-aussergewoehnliche-weine-de","8":"product_tag-champagne-de","9":"pa_appellation-champagne-aoc-de","10":"pa_formato-0-75-l-flasche-de","11":"pa_producer-bollinger-de","12":"pa_region-champagne-de","13":"pa_vine-pinot-nero-63-chardonnay-37-de","14":"pa_vintage-2004-de","16":"first","17":"instock","18":"taxable","19":"shipping-taxable","20":"purchasable","21":"product-type-simple"},"bundled_by":[],"bundle_stock_status":"instock","bundle_stock_quantity":2,"bundle_virtual":false,"bundle_layout":"","bundle_add_to_cart_form_location":"","bundle_editable_in_cart":false,"bundle_sold_individually_context":"","bundle_item_grouping":"","bundle_min_size":"","bundle_max_size":"","bundle_price":[],"bundled_items":[],"bundle_sell_ids":[],"yoast_head":"<!-- This site is optimized with the Yoast SEO plugin v27.3 - https:\/\/yoast.com\/product\/yoast-seo-wordpress\/ -->\n<title>Champagne R.D. Extra Brut Maison BOLLINGER Jahrgang 2004<\/title>\n<meta name=\"description\" content=\"Champagne R.D. Extra Brut BOLLINGER Jahrgang 2004 I Fonsvinum rare Weine online Wir empfehlen den Genuss dieses gro\u00dfen Champagners\" \/>\n<meta name=\"robots\" content=\"index, follow, max-snippet:-1, max-image-preview:large, max-video-preview:-1\" \/>\n<link rel=\"canonical\" href=\"https:\/\/fonsvinum.com\/de\/produkt\/champagne-r-d-extra-brut-bollinger-jahrgang-2004\/\" \/>\n<meta property=\"og:locale\" content=\"de_DE\" \/>\n<meta property=\"og:type\" content=\"article\" \/>\n<meta property=\"og:title\" content=\"Champagne R.D. Extra Brut Maison BOLLINGER Jahrgang 2004\" \/>\n<meta property=\"og:description\" content=\"Champagne R.D. Extra Brut BOLLINGER Jahrgang 2004 I Fonsvinum rare Weine online Wir empfehlen den Genuss dieses gro\u00dfen Champagners\" \/>\n<meta property=\"og:url\" content=\"https:\/\/fonsvinum.com\/de\/produkt\/champagne-r-d-extra-brut-bollinger-jahrgang-2004\/\" \/>\n<meta property=\"og:site_name\" content=\"Fons Vinum\" \/>\n<meta property=\"article:modified_time\" content=\"2019-10-23T12:54:35+00:00\" \/>\n<meta property=\"og:image\" content=\"https:\/\/fonsvinum.com\/files\/2018\/09\/champagne-bollinger-rd-2004.jpg\" \/>\n\t<meta property=\"og:image:width\" content=\"200\" \/>\n\t<meta property=\"og:image:height\" content=\"600\" \/>\n\t<meta property=\"og:image:type\" content=\"image\/jpeg\" \/>\n<meta name=\"twitter:label1\" content=\"Gesch\u00e4tzte Lesezeit\" \/>\n\t<meta name=\"twitter:data1\" content=\"1\u00a0Minute\" \/>\n<script type=\"application\/ld+json\" class=\"yoast-schema-graph\">{\"@context\":\"https:\\\/\\\/schema.org\",\"@graph\":[{\"@type\":\"WebPage\",\"@id\":\"https:\\\/\\\/fonsvinum.com\\\/de\\\/produkt\\\/champagne-r-d-extra-brut-bollinger-jahrgang-2004\\\/\",\"url\":\"https:\\\/\\\/fonsvinum.com\\\/de\\\/produkt\\\/champagne-r-d-extra-brut-bollinger-jahrgang-2004\\\/\",\"name\":\"Champagne R.D. Extra Brut Maison BOLLINGER Jahrgang 2004\",\"isPartOf\":{\"@id\":\"https:\\\/\\\/fonsvinum.com\\\/en\\\/#website\"},\"primaryImageOfPage\":{\"@id\":\"https:\\\/\\\/fonsvinum.com\\\/de\\\/produkt\\\/champagne-r-d-extra-brut-bollinger-jahrgang-2004\\\/#primaryimage\"},\"image\":{\"@id\":\"https:\\\/\\\/fonsvinum.com\\\/de\\\/produkt\\\/champagne-r-d-extra-brut-bollinger-jahrgang-2004\\\/#primaryimage\"},\"thumbnailUrl\":\"https:\\\/\\\/fonsvinum.com\\\/files\\\/2018\\\/09\\\/champagne-bollinger-rd-2004.jpg\",\"datePublished\":\"2018-09-24T12:59:53+00:00\",\"dateModified\":\"2019-10-23T12:54:35+00:00\",\"description\":\"Champagne R.D. Extra Brut BOLLINGER Jahrgang 2004 I Fonsvinum rare Weine online Wir empfehlen den Genuss dieses gro\u00dfen Champagners\",\"breadcrumb\":{\"@id\":\"https:\\\/\\\/fonsvinum.com\\\/de\\\/produkt\\\/champagne-r-d-extra-brut-bollinger-jahrgang-2004\\\/#breadcrumb\"},\"inLanguage\":\"de\",\"potentialAction\":[{\"@type\":\"ReadAction\",\"target\":[\"https:\\\/\\\/fonsvinum.com\\\/de\\\/produkt\\\/champagne-r-d-extra-brut-bollinger-jahrgang-2004\\\/\"]}]},{\"@type\":\"ImageObject\",\"inLanguage\":\"de\",\"@id\":\"https:\\\/\\\/fonsvinum.com\\\/de\\\/produkt\\\/champagne-r-d-extra-brut-bollinger-jahrgang-2004\\\/#primaryimage\",\"url\":\"https:\\\/\\\/fonsvinum.com\\\/files\\\/2018\\\/09\\\/champagne-bollinger-rd-2004.jpg\",\"contentUrl\":\"https:\\\/\\\/fonsvinum.com\\\/files\\\/2018\\\/09\\\/champagne-bollinger-rd-2004.jpg\",\"width\":200,\"height\":600},{\"@type\":\"BreadcrumbList\",\"@id\":\"https:\\\/\\\/fonsvinum.com\\\/de\\\/produkt\\\/champagne-r-d-extra-brut-bollinger-jahrgang-2004\\\/#breadcrumb\",\"itemListElement\":[{\"@type\":\"ListItem\",\"position\":1,\"name\":\"Startseite\",\"item\":\"https:\\\/\\\/fonsvinum.com\\\/de\\\/\"},{\"@type\":\"ListItem\",\"position\":2,\"name\":\"Shop\",\"item\":\"https:\\\/\\\/fonsvinum.com\\\/de\\\/shop\\\/\"},{\"@type\":\"ListItem\",\"position\":3,\"name\":\"Champagne R.D. Extra Brut BOLLINGER Jahrgang 2004\"}]},{\"@type\":\"WebSite\",\"@id\":\"https:\\\/\\\/fonsvinum.com\\\/en\\\/#website\",\"url\":\"https:\\\/\\\/fonsvinum.com\\\/en\\\/\",\"name\":\"Fons Vinum\",\"description\":\"Vendita Vino Online\",\"publisher\":{\"@id\":\"https:\\\/\\\/fonsvinum.com\\\/en\\\/#organization\"},\"potentialAction\":[{\"@type\":\"SearchAction\",\"target\":{\"@type\":\"EntryPoint\",\"urlTemplate\":\"https:\\\/\\\/fonsvinum.com\\\/en\\\/?s={search_term_string}\"},\"query-input\":{\"@type\":\"PropertyValueSpecification\",\"valueRequired\":true,\"valueName\":\"search_term_string\"}}],\"inLanguage\":\"de\"},{\"@type\":\"Organization\",\"@id\":\"https:\\\/\\\/fonsvinum.com\\\/en\\\/#organization\",\"name\":\"Fons Vinum\",\"url\":\"https:\\\/\\\/fonsvinum.com\\\/en\\\/\",\"logo\":{\"@type\":\"ImageObject\",\"inLanguage\":\"de\",\"@id\":\"https:\\\/\\\/fonsvinum.com\\\/en\\\/#\\\/schema\\\/logo\\\/image\\\/\",\"url\":\"\",\"contentUrl\":\"\",\"caption\":\"Fons Vinum\"},\"image\":{\"@id\":\"https:\\\/\\\/fonsvinum.com\\\/en\\\/#\\\/schema\\\/logo\\\/image\\\/\"}}]}<\/script>\n<!-- \/ Yoast SEO plugin. -->","yoast_head_json":{"title":"Champagne R.D. Extra Brut Maison BOLLINGER Jahrgang 2004","description":"Champagne R.D. Extra Brut BOLLINGER Jahrgang 2004 I Fonsvinum rare Weine online Wir empfehlen den Genuss dieses gro\u00dfen Champagners","robots":{"index":"index","follow":"follow","max-snippet":"max-snippet:-1","max-image-preview":"max-image-preview:large","max-video-preview":"max-video-preview:-1"},"canonical":"https:\/\/fonsvinum.com\/de\/produkt\/champagne-r-d-extra-brut-bollinger-jahrgang-2004\/","og_locale":"de_DE","og_type":"article","og_title":"Champagne R.D. Extra Brut Maison BOLLINGER Jahrgang 2004","og_description":"Champagne R.D. Extra Brut BOLLINGER Jahrgang 2004 I Fonsvinum rare Weine online Wir empfehlen den Genuss dieses gro\u00dfen Champagners","og_url":"https:\/\/fonsvinum.com\/de\/produkt\/champagne-r-d-extra-brut-bollinger-jahrgang-2004\/","og_site_name":"Fons Vinum","article_modified_time":"2019-10-23T12:54:35+00:00","og_image":[{"width":200,"height":600,"url":"https:\/\/fonsvinum.com\/files\/2018\/09\/champagne-bollinger-rd-2004.jpg","type":"image\/jpeg"}],"twitter_misc":{"Gesch\u00e4tzte Lesezeit":"1\u00a0Minute"},"schema":{"@context":"https:\/\/schema.org","@graph":[{"@type":"WebPage","@id":"https:\/\/fonsvinum.com\/de\/produkt\/champagne-r-d-extra-brut-bollinger-jahrgang-2004\/","url":"https:\/\/fonsvinum.com\/de\/produkt\/champagne-r-d-extra-brut-bollinger-jahrgang-2004\/","name":"Champagne R.D. Extra Brut Maison BOLLINGER Jahrgang 2004","isPartOf":{"@id":"https:\/\/fonsvinum.com\/en\/#website"},"primaryImageOfPage":{"@id":"https:\/\/fonsvinum.com\/de\/produkt\/champagne-r-d-extra-brut-bollinger-jahrgang-2004\/#primaryimage"},"image":{"@id":"https:\/\/fonsvinum.com\/de\/produkt\/champagne-r-d-extra-brut-bollinger-jahrgang-2004\/#primaryimage"},"thumbnailUrl":"https:\/\/fonsvinum.com\/files\/2018\/09\/champagne-bollinger-rd-2004.jpg","datePublished":"2018-09-24T12:59:53+00:00","dateModified":"2019-10-23T12:54:35+00:00","description":"Champagne R.D. Extra Brut BOLLINGER Jahrgang 2004 I Fonsvinum rare Weine online Wir empfehlen den Genuss dieses gro\u00dfen Champagners","breadcrumb":{"@id":"https:\/\/fonsvinum.com\/de\/produkt\/champagne-r-d-extra-brut-bollinger-jahrgang-2004\/#breadcrumb"},"inLanguage":"de","potentialAction":[{"@type":"ReadAction","target":["https:\/\/fonsvinum.com\/de\/produkt\/champagne-r-d-extra-brut-bollinger-jahrgang-2004\/"]}]},{"@type":"ImageObject","inLanguage":"de","@id":"https:\/\/fonsvinum.com\/de\/produkt\/champagne-r-d-extra-brut-bollinger-jahrgang-2004\/#primaryimage","url":"https:\/\/fonsvinum.com\/files\/2018\/09\/champagne-bollinger-rd-2004.jpg","contentUrl":"https:\/\/fonsvinum.com\/files\/2018\/09\/champagne-bollinger-rd-2004.jpg","width":200,"height":600},{"@type":"BreadcrumbList","@id":"https:\/\/fonsvinum.com\/de\/produkt\/champagne-r-d-extra-brut-bollinger-jahrgang-2004\/#breadcrumb","itemListElement":[{"@type":"ListItem","position":1,"name":"Startseite","item":"https:\/\/fonsvinum.com\/de\/"},{"@type":"ListItem","position":2,"name":"Shop","item":"https:\/\/fonsvinum.com\/de\/shop\/"},{"@type":"ListItem","position":3,"name":"Champagne R.D. Extra Brut BOLLINGER Jahrgang 2004"}]},{"@type":"WebSite","@id":"https:\/\/fonsvinum.com\/en\/#website","url":"https:\/\/fonsvinum.com\/en\/","name":"Fons Vinum","description":"Vendita Vino Online","publisher":{"@id":"https:\/\/fonsvinum.com\/en\/#organization"},"potentialAction":[{"@type":"SearchAction","target":{"@type":"EntryPoint","urlTemplate":"https:\/\/fonsvinum.com\/en\/?s={search_term_string}"},"query-input":{"@type":"PropertyValueSpecification","valueRequired":true,"valueName":"search_term_string"}}],"inLanguage":"de"},{"@type":"Organization","@id":"https:\/\/fonsvinum.com\/en\/#organization","name":"Fons Vinum","url":"https:\/\/fonsvinum.com\/en\/","logo":{"@type":"ImageObject","inLanguage":"de","@id":"https:\/\/fonsvinum.com\/en\/#\/schema\/logo\/image\/","url":"","contentUrl":"","caption":"Fons Vinum"},"image":{"@id":"https:\/\/fonsvinum.com\/en\/#\/schema\/logo\/image\/"}}]}},"acf":[],"_links":{"self":[{"href":"https:\/\/fonsvinum.com\/de\/wp-json\/wp\/v2\/product\/15851","targetHints":{"allow":["GET"]}}],"collection":[{"href":"https:\/\/fonsvinum.com\/de\/wp-json\/wp\/v2\/product"}],"about":[{"href":"https:\/\/fonsvinum.com\/de\/wp-json\/wp\/v2\/types\/product"}],"replies":[{"embeddable":true,"href":"https:\/\/fonsvinum.com\/de\/wp-json\/wp\/v2\/comments?post=15851"}],"wp:featuredmedia":[{"embeddable":true,"href":"https:\/\/fonsvinum.com\/de\/wp-json\/wp\/v2\/media\/34910"}],"wp:attachment":[{"href":"https:\/\/fonsvinum.com\/de\/wp-json\/wp\/v2\/media?parent=15851"}],"wp:term":[{"taxonomy":"product_brand","embeddable":true,"href":"https:\/\/fonsvinum.com\/de\/wp-json\/wp\/v2\/product_brand?post=15851"},{"taxonomy":"product_cat","embeddable":true,"href":"https:\/\/fonsvinum.com\/de\/wp-json\/wp\/v2\/product_cat?post=15851"},{"taxonomy":"product_tag","embeddable":true,"href":"https:\/\/fonsvinum.com\/de\/wp-json\/wp\/v2\/product_tag?post=15851"}],"curies":[{"name":"wp","href":"https:\/\/api.w.org\/{rel}","templated":true}]}}