{"id":15397,"date":"2018-07-11T11:25:28","date_gmt":"2018-07-11T09:25:28","guid":{"rendered":"https:\/\/fonsvinum.com\/?post_type=product&#038;p=15397"},"modified":"2020-01-27T17:48:03","modified_gmt":"2020-01-27T16:48:03","slug":"ornellaia-2014-lesseza","status":"publish","type":"product","link":"https:\/\/fonsvinum.com\/de\/produkt\/ornellaia-2014-lesseza\/","title":{"rendered":"ORNELLAIA 2014 L&#8217;Essenza"},"content":{"rendered":"<p>ORNELLAIA 2014 L&#8217;Essenza<\/p>\n<p>52% Cabernet Sauvignon, 22% Merlot, 21% Cabernet Franc, 5% Petit Verdot, im Barrique ausgebaut. Excellente Cuv\u00e9e mit der feinen W\u00fcrze vollreifer Fr\u00fcchte, in Verbindung mit Akzenten aromatischer Kr\u00e4uter oder Schokolade; mit einem zarten und seidigen Tannin.<\/p>\n<p>95\/100<\/p>\n","protected":false},"excerpt":{"rendered":"<p>ORNELLAIA 2014 L&#8217;Essenza 52% Cabernet Sauvignon, 22% Merlot, 21% Cabernet Franc, 5% Petit Verdot, im Barrique ausgebaut. Excellente Cuv\u00e9e mit der feinen W\u00fcrze vollreifer Fr\u00fcchte, in Verbindung mit Akzenten aromatischer Kr\u00e4uter oder Schokolade; mit einem zarten und seidigen Tannin. 95\/100<\/p>\n","protected":false},"featured_media":15411,"comment_status":"open","ping_status":"closed","template":"","meta":{"_acf_changed":false,"_monsterinsights_skip_tracking":false,"_monsterinsights_sitenote_active":false,"_monsterinsights_sitenote_note":"","_monsterinsights_sitenote_category":0},"product_brand":[],"product_cat":[2162],"product_tag":[1733,1751],"class_list":{"0":"post-15397","1":"product","2":"type-product","3":"status-publish","4":"has-post-thumbnail","6":"product_cat-blend","7":"product_tag-aussergewoehnliche-weine-de","8":"product_tag-aussergewoehnliche-weine-aus-italien-de","9":"pa_appellation-bolgheri-superiore-doc-de","10":"pa_formato-0-75-l-flasche-de","11":"pa_producer-tenuta-dellornellaia-de","12":"pa_region-toskana-de","13":"pa_vine-34-cabernet-sauvignon-32-merlot-14-cabernet-franc-20-petit-verdot-de","14":"pa_vintage-2014-de","16":"first","17":"instock","18":"taxable","19":"shipping-taxable","20":"purchasable","21":"product-type-simple"},"bundled_by":[],"bundle_stock_status":"instock","bundle_stock_quantity":1,"bundle_virtual":false,"bundle_layout":"","bundle_add_to_cart_form_location":"","bundle_editable_in_cart":false,"bundle_sold_individually_context":"","bundle_item_grouping":"","bundle_min_size":"","bundle_max_size":"","bundle_price":[],"bundled_items":[],"bundle_sell_ids":[],"yoast_head":"<!-- This site is optimized with the Yoast SEO plugin v27.3 - https:\/\/yoast.com\/product\/yoast-seo-wordpress\/ -->\n<title>Buy on Line ORNELLAIA 2014 L&#039;Essenza<\/title>\n<meta name=\"description\" content=\"ORNELLAIA 2014 L&#039;Essenza\" \/>\n<meta name=\"robots\" content=\"index, follow, max-snippet:-1, max-image-preview:large, max-video-preview:-1\" \/>\n<link rel=\"canonical\" href=\"https:\/\/fonsvinum.com\/de\/produkt\/ornellaia-2014-lesseza\/\" \/>\n<meta property=\"og:locale\" content=\"de_DE\" \/>\n<meta property=\"og:type\" content=\"article\" \/>\n<meta property=\"og:title\" content=\"Buy on Line ORNELLAIA 2014 L&#039;Essenza\" \/>\n<meta property=\"og:description\" content=\"ORNELLAIA 2014 L&#039;Essenza\" \/>\n<meta property=\"og:url\" content=\"https:\/\/fonsvinum.com\/de\/produkt\/ornellaia-2014-lesseza\/\" \/>\n<meta property=\"og:site_name\" content=\"Fons Vinum\" \/>\n<meta property=\"article:modified_time\" content=\"2020-01-27T16:48:03+00:00\" \/>\n<meta property=\"og:image\" content=\"https:\/\/fonsvinum.com\/files\/2018\/07\/ornellaia-lessenza-2014.png\" \/>\n\t<meta property=\"og:image:width\" content=\"244\" \/>\n\t<meta property=\"og:image:height\" content=\"503\" \/>\n\t<meta property=\"og:image:type\" content=\"image\/png\" \/>\n<script type=\"application\/ld+json\" class=\"yoast-schema-graph\">{\"@context\":\"https:\\\/\\\/schema.org\",\"@graph\":[{\"@type\":\"WebPage\",\"@id\":\"https:\\\/\\\/fonsvinum.com\\\/de\\\/produkt\\\/ornellaia-2014-lesseza\\\/\",\"url\":\"https:\\\/\\\/fonsvinum.com\\\/de\\\/produkt\\\/ornellaia-2014-lesseza\\\/\",\"name\":\"Buy on Line ORNELLAIA 2014 L'Essenza\",\"isPartOf\":{\"@id\":\"https:\\\/\\\/fonsvinum.com\\\/en\\\/#website\"},\"primaryImageOfPage\":{\"@id\":\"https:\\\/\\\/fonsvinum.com\\\/de\\\/produkt\\\/ornellaia-2014-lesseza\\\/#primaryimage\"},\"image\":{\"@id\":\"https:\\\/\\\/fonsvinum.com\\\/de\\\/produkt\\\/ornellaia-2014-lesseza\\\/#primaryimage\"},\"thumbnailUrl\":\"https:\\\/\\\/fonsvinum.com\\\/files\\\/2018\\\/07\\\/ornellaia-lessenza-2014.png\",\"datePublished\":\"2018-07-11T09:25:28+00:00\",\"dateModified\":\"2020-01-27T16:48:03+00:00\",\"description\":\"ORNELLAIA 2014 L'Essenza\",\"breadcrumb\":{\"@id\":\"https:\\\/\\\/fonsvinum.com\\\/de\\\/produkt\\\/ornellaia-2014-lesseza\\\/#breadcrumb\"},\"inLanguage\":\"de\",\"potentialAction\":[{\"@type\":\"ReadAction\",\"target\":[\"https:\\\/\\\/fonsvinum.com\\\/de\\\/produkt\\\/ornellaia-2014-lesseza\\\/\"]}]},{\"@type\":\"ImageObject\",\"inLanguage\":\"de\",\"@id\":\"https:\\\/\\\/fonsvinum.com\\\/de\\\/produkt\\\/ornellaia-2014-lesseza\\\/#primaryimage\",\"url\":\"https:\\\/\\\/fonsvinum.com\\\/files\\\/2018\\\/07\\\/ornellaia-lessenza-2014.png\",\"contentUrl\":\"https:\\\/\\\/fonsvinum.com\\\/files\\\/2018\\\/07\\\/ornellaia-lessenza-2014.png\",\"width\":244,\"height\":503},{\"@type\":\"BreadcrumbList\",\"@id\":\"https:\\\/\\\/fonsvinum.com\\\/de\\\/produkt\\\/ornellaia-2014-lesseza\\\/#breadcrumb\",\"itemListElement\":[{\"@type\":\"ListItem\",\"position\":1,\"name\":\"Startseite\",\"item\":\"https:\\\/\\\/fonsvinum.com\\\/de\\\/\"},{\"@type\":\"ListItem\",\"position\":2,\"name\":\"Shop\",\"item\":\"https:\\\/\\\/fonsvinum.com\\\/de\\\/shop\\\/\"},{\"@type\":\"ListItem\",\"position\":3,\"name\":\"ORNELLAIA 2014 L&#8217;Essenza\"}]},{\"@type\":\"WebSite\",\"@id\":\"https:\\\/\\\/fonsvinum.com\\\/en\\\/#website\",\"url\":\"https:\\\/\\\/fonsvinum.com\\\/en\\\/\",\"name\":\"Fons Vinum\",\"description\":\"Vendita Vino Online\",\"publisher\":{\"@id\":\"https:\\\/\\\/fonsvinum.com\\\/en\\\/#organization\"},\"potentialAction\":[{\"@type\":\"SearchAction\",\"target\":{\"@type\":\"EntryPoint\",\"urlTemplate\":\"https:\\\/\\\/fonsvinum.com\\\/en\\\/?s={search_term_string}\"},\"query-input\":{\"@type\":\"PropertyValueSpecification\",\"valueRequired\":true,\"valueName\":\"search_term_string\"}}],\"inLanguage\":\"de\"},{\"@type\":\"Organization\",\"@id\":\"https:\\\/\\\/fonsvinum.com\\\/en\\\/#organization\",\"name\":\"Fons Vinum\",\"url\":\"https:\\\/\\\/fonsvinum.com\\\/en\\\/\",\"logo\":{\"@type\":\"ImageObject\",\"inLanguage\":\"de\",\"@id\":\"https:\\\/\\\/fonsvinum.com\\\/en\\\/#\\\/schema\\\/logo\\\/image\\\/\",\"url\":\"\",\"contentUrl\":\"\",\"caption\":\"Fons Vinum\"},\"image\":{\"@id\":\"https:\\\/\\\/fonsvinum.com\\\/en\\\/#\\\/schema\\\/logo\\\/image\\\/\"}}]}<\/script>\n<!-- \/ Yoast SEO plugin. -->","yoast_head_json":{"title":"Buy on Line ORNELLAIA 2014 L'Essenza","description":"ORNELLAIA 2014 L'Essenza","robots":{"index":"index","follow":"follow","max-snippet":"max-snippet:-1","max-image-preview":"max-image-preview:large","max-video-preview":"max-video-preview:-1"},"canonical":"https:\/\/fonsvinum.com\/de\/produkt\/ornellaia-2014-lesseza\/","og_locale":"de_DE","og_type":"article","og_title":"Buy on Line ORNELLAIA 2014 L'Essenza","og_description":"ORNELLAIA 2014 L'Essenza","og_url":"https:\/\/fonsvinum.com\/de\/produkt\/ornellaia-2014-lesseza\/","og_site_name":"Fons Vinum","article_modified_time":"2020-01-27T16:48:03+00:00","og_image":[{"width":244,"height":503,"url":"https:\/\/fonsvinum.com\/files\/2018\/07\/ornellaia-lessenza-2014.png","type":"image\/png"}],"schema":{"@context":"https:\/\/schema.org","@graph":[{"@type":"WebPage","@id":"https:\/\/fonsvinum.com\/de\/produkt\/ornellaia-2014-lesseza\/","url":"https:\/\/fonsvinum.com\/de\/produkt\/ornellaia-2014-lesseza\/","name":"Buy on Line ORNELLAIA 2014 L'Essenza","isPartOf":{"@id":"https:\/\/fonsvinum.com\/en\/#website"},"primaryImageOfPage":{"@id":"https:\/\/fonsvinum.com\/de\/produkt\/ornellaia-2014-lesseza\/#primaryimage"},"image":{"@id":"https:\/\/fonsvinum.com\/de\/produkt\/ornellaia-2014-lesseza\/#primaryimage"},"thumbnailUrl":"https:\/\/fonsvinum.com\/files\/2018\/07\/ornellaia-lessenza-2014.png","datePublished":"2018-07-11T09:25:28+00:00","dateModified":"2020-01-27T16:48:03+00:00","description":"ORNELLAIA 2014 L'Essenza","breadcrumb":{"@id":"https:\/\/fonsvinum.com\/de\/produkt\/ornellaia-2014-lesseza\/#breadcrumb"},"inLanguage":"de","potentialAction":[{"@type":"ReadAction","target":["https:\/\/fonsvinum.com\/de\/produkt\/ornellaia-2014-lesseza\/"]}]},{"@type":"ImageObject","inLanguage":"de","@id":"https:\/\/fonsvinum.com\/de\/produkt\/ornellaia-2014-lesseza\/#primaryimage","url":"https:\/\/fonsvinum.com\/files\/2018\/07\/ornellaia-lessenza-2014.png","contentUrl":"https:\/\/fonsvinum.com\/files\/2018\/07\/ornellaia-lessenza-2014.png","width":244,"height":503},{"@type":"BreadcrumbList","@id":"https:\/\/fonsvinum.com\/de\/produkt\/ornellaia-2014-lesseza\/#breadcrumb","itemListElement":[{"@type":"ListItem","position":1,"name":"Startseite","item":"https:\/\/fonsvinum.com\/de\/"},{"@type":"ListItem","position":2,"name":"Shop","item":"https:\/\/fonsvinum.com\/de\/shop\/"},{"@type":"ListItem","position":3,"name":"ORNELLAIA 2014 L&#8217;Essenza"}]},{"@type":"WebSite","@id":"https:\/\/fonsvinum.com\/en\/#website","url":"https:\/\/fonsvinum.com\/en\/","name":"Fons Vinum","description":"Vendita Vino Online","publisher":{"@id":"https:\/\/fonsvinum.com\/en\/#organization"},"potentialAction":[{"@type":"SearchAction","target":{"@type":"EntryPoint","urlTemplate":"https:\/\/fonsvinum.com\/en\/?s={search_term_string}"},"query-input":{"@type":"PropertyValueSpecification","valueRequired":true,"valueName":"search_term_string"}}],"inLanguage":"de"},{"@type":"Organization","@id":"https:\/\/fonsvinum.com\/en\/#organization","name":"Fons Vinum","url":"https:\/\/fonsvinum.com\/en\/","logo":{"@type":"ImageObject","inLanguage":"de","@id":"https:\/\/fonsvinum.com\/en\/#\/schema\/logo\/image\/","url":"","contentUrl":"","caption":"Fons Vinum"},"image":{"@id":"https:\/\/fonsvinum.com\/en\/#\/schema\/logo\/image\/"}}]}},"acf":[],"_links":{"self":[{"href":"https:\/\/fonsvinum.com\/de\/wp-json\/wp\/v2\/product\/15397","targetHints":{"allow":["GET"]}}],"collection":[{"href":"https:\/\/fonsvinum.com\/de\/wp-json\/wp\/v2\/product"}],"about":[{"href":"https:\/\/fonsvinum.com\/de\/wp-json\/wp\/v2\/types\/product"}],"replies":[{"embeddable":true,"href":"https:\/\/fonsvinum.com\/de\/wp-json\/wp\/v2\/comments?post=15397"}],"wp:featuredmedia":[{"embeddable":true,"href":"https:\/\/fonsvinum.com\/de\/wp-json\/wp\/v2\/media\/15411"}],"wp:attachment":[{"href":"https:\/\/fonsvinum.com\/de\/wp-json\/wp\/v2\/media?parent=15397"}],"wp:term":[{"taxonomy":"product_brand","embeddable":true,"href":"https:\/\/fonsvinum.com\/de\/wp-json\/wp\/v2\/product_brand?post=15397"},{"taxonomy":"product_cat","embeddable":true,"href":"https:\/\/fonsvinum.com\/de\/wp-json\/wp\/v2\/product_cat?post=15397"},{"taxonomy":"product_tag","embeddable":true,"href":"https:\/\/fonsvinum.com\/de\/wp-json\/wp\/v2\/product_tag?post=15397"}],"curies":[{"name":"wp","href":"https:\/\/api.w.org\/{rel}","templated":true}]}}