{"id":15175,"date":"2018-05-25T09:33:32","date_gmt":"2018-05-25T07:33:32","guid":{"rendered":"https:\/\/fonsvinum.com\/?post_type=product&#038;p=15175"},"modified":"2019-12-09T18:17:23","modified_gmt":"2019-12-09T17:17:23","slug":"ornellaia-2015","status":"publish","type":"product","link":"https:\/\/fonsvinum.com\/de\/produkt\/ornellaia-2015\/","title":{"rendered":"ORNELLAIA 2015"},"content":{"rendered":"<h1>ORNELLAIA 2015<\/h1>\n<h3>ORNELLAIA 2015<\/h3>\n<p>52% Cabernet Sauvignon, 22% Merlot, 21% Cabernet Franc, 5% Petit Verdot, im Barrique ausgebaut. Excellente Cuv\u00e9e mit der feinen W\u00fcrze vollreifer Fr\u00fcchte, in Verbindung mit Akzenten aromatischer Kr\u00e4uter oder Schokolade; mit einem zarten und seidigen Tannin.<\/p>\n<h3 class=\"uk-accordion-title uk-active\">DIE VEGETATIONSPERIODE 2015<\/h3>\n<p>Nach dem ungew\u00f6hnlichen Jahr 2014, hat sich 2015 als ein ganz normales Wetterjahr erwiesen, fast so wie es im Buche steht.<\/p>\n<p>Auf einen normalen, regnerischen und milden Winter mit nur wenigen Frosttagen, begann der Austrieb p\u00fcnktlich in den ersten Apriltagen.<\/p>\n<p>Der Fr\u00fchling war trocken und sonnig \u2013 ideale Bedingungen f\u00fcr ein regul\u00e4res Pflanzenwachstum, das bereits Ende Mai mit einer vollst\u00e4ndigen Bl\u00fcte seinen H\u00f6hepunkt fand.<\/p>\n<p>Im Juni machte sich zunehmend der D\u00fcrrestress bemerkbar.<\/p>\n<p>An den Monat Juli, in dem die t\u00e4glichen H\u00f6chsttemperaturen ohne Ausnahme \u00fcber 30\u00b0C lagen, wird man sich als speziell hei\u00dfen und trockenen Monat erinnern.<\/p>\n<p>Die anhaltende Hitze und die ausbleibenden Regenf\u00e4lle haben uns zu diesem Zeitpunkt das Stocken des Reifeprozesses und eine vorgezogene Weinlese bef\u00fcrchten lassen.<\/p>\n<p>Gl\u00fccklicherweise hat es aber um den 10.<\/p>\n<p>August herum reichlich geregnet, was einerseits den Reifeprozess wieder in Gang gesetzt und andererseits f\u00fcr das Ende der Reifephase eine wesentlich k\u00fchlere Witterung gebracht hat.<\/p>\n<h3>VINIFIKATION UND AUSBAU<\/h3>\n<p>Die Trauben wurden von Hand in 15 kg Kisten geerntet und vor und nach dem Entrappen auf dem doppelten Auswahltisch selektiert, und anschlie\u00dfend leicht angequetscht.<\/p>\n<p>Jede Rebsorte und jede Weinbergsparzelle wurde separat vinifiziert. Auf die zwei Wochen lange alkoholische G\u00e4rung in Stahltanks bei Temperaturen von 26-30\u00b0C folgte eine Maischestandzeit von insgesamt circa 10-15 Tagen.<\/p>\n<p>Die malolaktische G\u00e4rung vollzog sich haupts\u00e4chlich in Eichenbarriques .<\/p>\n<p>Der Wein reifte circa 18 Monate in Barriques in den temperierten Kellern des Weingutes Ornellaia.<\/p>\n<p>Nach den ersten 12 Monaten wurden die Weine zur Cuv\u00e9e verm\u00e4hlt und f\u00fcr weitere 6 Monate in Barriques zur\u00fcck gef\u00fcllt. Die Freigabe f\u00fcr den Markt erfolgte nach einer zw\u00f6lfmonatigen Flaschenreife.<\/p>\n","protected":false},"excerpt":{"rendered":"<p>ORNELLAIA 2015 ORNELLAIA 2015 52% Cabernet Sauvignon, 22% Merlot, 21% Cabernet Franc, 5% Petit Verdot, im Barrique ausgebaut. Excellente Cuv\u00e9e mit der feinen W\u00fcrze vollreifer Fr\u00fcchte, in Verbindung mit Akzenten aromatischer Kr\u00e4uter oder Schokolade; mit einem zarten und seidigen Tannin. DIE VEGETATIONSPERIODE 2015 Nach dem ungew\u00f6hnlichen Jahr 2014, hat sich 2015 als ein ganz normales [&hellip;]<\/p>\n","protected":false},"featured_media":4302,"comment_status":"open","ping_status":"closed","template":"","meta":{"_acf_changed":false,"_monsterinsights_skip_tracking":false,"_monsterinsights_sitenote_active":false,"_monsterinsights_sitenote_note":"","_monsterinsights_sitenote_category":0},"product_brand":[],"product_cat":[2162],"product_tag":[1733,1751],"class_list":{"0":"post-15175","1":"product","2":"type-product","3":"status-publish","4":"has-post-thumbnail","6":"product_cat-blend","7":"product_tag-aussergewoehnliche-weine-de","8":"product_tag-aussergewoehnliche-weine-aus-italien-de","9":"pa_appellation-bolgheri-superiore-doc-de","10":"pa_formato-0-75-l-flasche-de","11":"pa_producer-tenuta-dellornellaia-de","12":"pa_region-toskana-de","13":"pa_vintage-2015-de","15":"first","16":"instock","17":"taxable","18":"shipping-taxable","19":"purchasable","20":"product-type-simple"},"bundled_by":[],"bundle_stock_status":"instock","bundle_stock_quantity":2,"bundle_virtual":false,"bundle_layout":"","bundle_add_to_cart_form_location":"","bundle_editable_in_cart":false,"bundle_sold_individually_context":"","bundle_item_grouping":"","bundle_min_size":"","bundle_max_size":"","bundle_price":[],"bundled_items":[],"bundle_sell_ids":[],"yoast_head":"<!-- This site is optimized with the Yoast SEO plugin v27.3 - https:\/\/yoast.com\/product\/yoast-seo-wordpress\/ -->\n<title>ORNELLAIA 2015 I FONSVINUM RARE WEINE ONLINE<\/title>\n<meta name=\"description\" content=\"ORNELLAIA 2015 I Fonsvinum rare Weine online aus Piedmont, Toskana und Venetien 52% Cabernet Sauvignon, 22% Merlot, 21% Cabernet Franc, 5% Petit Verdot, im Barrique ausgebaut.\" \/>\n<meta name=\"robots\" content=\"index, follow, max-snippet:-1, max-image-preview:large, max-video-preview:-1\" \/>\n<link rel=\"canonical\" href=\"https:\/\/fonsvinum.com\/de\/produkt\/ornellaia-2015\/\" \/>\n<meta property=\"og:locale\" content=\"de_DE\" \/>\n<meta property=\"og:type\" content=\"article\" \/>\n<meta property=\"og:title\" content=\"ORNELLAIA 2015 I FONSVINUM RARE WEINE ONLINE\" \/>\n<meta property=\"og:description\" content=\"ORNELLAIA 2015 I Fonsvinum rare Weine online aus Piedmont, Toskana und Venetien 52% Cabernet Sauvignon, 22% Merlot, 21% Cabernet Franc, 5% Petit Verdot, im Barrique ausgebaut.\" \/>\n<meta property=\"og:url\" content=\"https:\/\/fonsvinum.com\/de\/produkt\/ornellaia-2015\/\" \/>\n<meta property=\"og:site_name\" content=\"Fons Vinum\" \/>\n<meta property=\"article:modified_time\" content=\"2019-12-09T17:17:23+00:00\" \/>\n<meta property=\"og:image\" content=\"https:\/\/fonsvinum.com\/files\/2013\/04\/ornellaia-bolgheri-superiore1.png\" \/>\n\t<meta property=\"og:image:width\" content=\"200\" \/>\n\t<meta property=\"og:image:height\" content=\"600\" \/>\n\t<meta property=\"og:image:type\" content=\"image\/png\" \/>\n<meta name=\"twitter:label1\" content=\"Gesch\u00e4tzte Lesezeit\" \/>\n\t<meta name=\"twitter:data1\" content=\"2\u00a0Minuten\" \/>\n<script type=\"application\/ld+json\" class=\"yoast-schema-graph\">{\"@context\":\"https:\\\/\\\/schema.org\",\"@graph\":[{\"@type\":\"WebPage\",\"@id\":\"https:\\\/\\\/fonsvinum.com\\\/de\\\/produkt\\\/ornellaia-2015\\\/\",\"url\":\"https:\\\/\\\/fonsvinum.com\\\/de\\\/produkt\\\/ornellaia-2015\\\/\",\"name\":\"ORNELLAIA 2015 I FONSVINUM RARE WEINE ONLINE\",\"isPartOf\":{\"@id\":\"https:\\\/\\\/fonsvinum.com\\\/en\\\/#website\"},\"primaryImageOfPage\":{\"@id\":\"https:\\\/\\\/fonsvinum.com\\\/de\\\/produkt\\\/ornellaia-2015\\\/#primaryimage\"},\"image\":{\"@id\":\"https:\\\/\\\/fonsvinum.com\\\/de\\\/produkt\\\/ornellaia-2015\\\/#primaryimage\"},\"thumbnailUrl\":\"https:\\\/\\\/fonsvinum.com\\\/files\\\/2013\\\/04\\\/ornellaia-bolgheri-superiore1.png\",\"datePublished\":\"2018-05-25T07:33:32+00:00\",\"dateModified\":\"2019-12-09T17:17:23+00:00\",\"description\":\"ORNELLAIA 2015 I Fonsvinum rare Weine online aus Piedmont, Toskana und Venetien 52% Cabernet Sauvignon, 22% Merlot, 21% Cabernet Franc, 5% Petit Verdot, im Barrique ausgebaut.\",\"breadcrumb\":{\"@id\":\"https:\\\/\\\/fonsvinum.com\\\/de\\\/produkt\\\/ornellaia-2015\\\/#breadcrumb\"},\"inLanguage\":\"de\",\"potentialAction\":[{\"@type\":\"ReadAction\",\"target\":[\"https:\\\/\\\/fonsvinum.com\\\/de\\\/produkt\\\/ornellaia-2015\\\/\"]}]},{\"@type\":\"ImageObject\",\"inLanguage\":\"de\",\"@id\":\"https:\\\/\\\/fonsvinum.com\\\/de\\\/produkt\\\/ornellaia-2015\\\/#primaryimage\",\"url\":\"https:\\\/\\\/fonsvinum.com\\\/files\\\/2013\\\/04\\\/ornellaia-bolgheri-superiore1.png\",\"contentUrl\":\"https:\\\/\\\/fonsvinum.com\\\/files\\\/2013\\\/04\\\/ornellaia-bolgheri-superiore1.png\",\"width\":200,\"height\":600},{\"@type\":\"BreadcrumbList\",\"@id\":\"https:\\\/\\\/fonsvinum.com\\\/de\\\/produkt\\\/ornellaia-2015\\\/#breadcrumb\",\"itemListElement\":[{\"@type\":\"ListItem\",\"position\":1,\"name\":\"Startseite\",\"item\":\"https:\\\/\\\/fonsvinum.com\\\/de\\\/\"},{\"@type\":\"ListItem\",\"position\":2,\"name\":\"Shop\",\"item\":\"https:\\\/\\\/fonsvinum.com\\\/de\\\/shop\\\/\"},{\"@type\":\"ListItem\",\"position\":3,\"name\":\"ORNELLAIA 2015\"}]},{\"@type\":\"WebSite\",\"@id\":\"https:\\\/\\\/fonsvinum.com\\\/en\\\/#website\",\"url\":\"https:\\\/\\\/fonsvinum.com\\\/en\\\/\",\"name\":\"Fons Vinum\",\"description\":\"Vendita Vino Online\",\"publisher\":{\"@id\":\"https:\\\/\\\/fonsvinum.com\\\/en\\\/#organization\"},\"potentialAction\":[{\"@type\":\"SearchAction\",\"target\":{\"@type\":\"EntryPoint\",\"urlTemplate\":\"https:\\\/\\\/fonsvinum.com\\\/en\\\/?s={search_term_string}\"},\"query-input\":{\"@type\":\"PropertyValueSpecification\",\"valueRequired\":true,\"valueName\":\"search_term_string\"}}],\"inLanguage\":\"de\"},{\"@type\":\"Organization\",\"@id\":\"https:\\\/\\\/fonsvinum.com\\\/en\\\/#organization\",\"name\":\"Fons Vinum\",\"url\":\"https:\\\/\\\/fonsvinum.com\\\/en\\\/\",\"logo\":{\"@type\":\"ImageObject\",\"inLanguage\":\"de\",\"@id\":\"https:\\\/\\\/fonsvinum.com\\\/en\\\/#\\\/schema\\\/logo\\\/image\\\/\",\"url\":\"\",\"contentUrl\":\"\",\"caption\":\"Fons Vinum\"},\"image\":{\"@id\":\"https:\\\/\\\/fonsvinum.com\\\/en\\\/#\\\/schema\\\/logo\\\/image\\\/\"}}]}<\/script>\n<!-- \/ Yoast SEO plugin. -->","yoast_head_json":{"title":"ORNELLAIA 2015 I FONSVINUM RARE WEINE ONLINE","description":"ORNELLAIA 2015 I Fonsvinum rare Weine online aus Piedmont, Toskana und Venetien 52% Cabernet Sauvignon, 22% Merlot, 21% Cabernet Franc, 5% Petit Verdot, im Barrique ausgebaut.","robots":{"index":"index","follow":"follow","max-snippet":"max-snippet:-1","max-image-preview":"max-image-preview:large","max-video-preview":"max-video-preview:-1"},"canonical":"https:\/\/fonsvinum.com\/de\/produkt\/ornellaia-2015\/","og_locale":"de_DE","og_type":"article","og_title":"ORNELLAIA 2015 I FONSVINUM RARE WEINE ONLINE","og_description":"ORNELLAIA 2015 I Fonsvinum rare Weine online aus Piedmont, Toskana und Venetien 52% Cabernet Sauvignon, 22% Merlot, 21% Cabernet Franc, 5% Petit Verdot, im Barrique ausgebaut.","og_url":"https:\/\/fonsvinum.com\/de\/produkt\/ornellaia-2015\/","og_site_name":"Fons Vinum","article_modified_time":"2019-12-09T17:17:23+00:00","og_image":[{"width":200,"height":600,"url":"https:\/\/fonsvinum.com\/files\/2013\/04\/ornellaia-bolgheri-superiore1.png","type":"image\/png"}],"twitter_misc":{"Gesch\u00e4tzte Lesezeit":"2\u00a0Minuten"},"schema":{"@context":"https:\/\/schema.org","@graph":[{"@type":"WebPage","@id":"https:\/\/fonsvinum.com\/de\/produkt\/ornellaia-2015\/","url":"https:\/\/fonsvinum.com\/de\/produkt\/ornellaia-2015\/","name":"ORNELLAIA 2015 I FONSVINUM RARE WEINE ONLINE","isPartOf":{"@id":"https:\/\/fonsvinum.com\/en\/#website"},"primaryImageOfPage":{"@id":"https:\/\/fonsvinum.com\/de\/produkt\/ornellaia-2015\/#primaryimage"},"image":{"@id":"https:\/\/fonsvinum.com\/de\/produkt\/ornellaia-2015\/#primaryimage"},"thumbnailUrl":"https:\/\/fonsvinum.com\/files\/2013\/04\/ornellaia-bolgheri-superiore1.png","datePublished":"2018-05-25T07:33:32+00:00","dateModified":"2019-12-09T17:17:23+00:00","description":"ORNELLAIA 2015 I Fonsvinum rare Weine online aus Piedmont, Toskana und Venetien 52% Cabernet Sauvignon, 22% Merlot, 21% Cabernet Franc, 5% Petit Verdot, im Barrique ausgebaut.","breadcrumb":{"@id":"https:\/\/fonsvinum.com\/de\/produkt\/ornellaia-2015\/#breadcrumb"},"inLanguage":"de","potentialAction":[{"@type":"ReadAction","target":["https:\/\/fonsvinum.com\/de\/produkt\/ornellaia-2015\/"]}]},{"@type":"ImageObject","inLanguage":"de","@id":"https:\/\/fonsvinum.com\/de\/produkt\/ornellaia-2015\/#primaryimage","url":"https:\/\/fonsvinum.com\/files\/2013\/04\/ornellaia-bolgheri-superiore1.png","contentUrl":"https:\/\/fonsvinum.com\/files\/2013\/04\/ornellaia-bolgheri-superiore1.png","width":200,"height":600},{"@type":"BreadcrumbList","@id":"https:\/\/fonsvinum.com\/de\/produkt\/ornellaia-2015\/#breadcrumb","itemListElement":[{"@type":"ListItem","position":1,"name":"Startseite","item":"https:\/\/fonsvinum.com\/de\/"},{"@type":"ListItem","position":2,"name":"Shop","item":"https:\/\/fonsvinum.com\/de\/shop\/"},{"@type":"ListItem","position":3,"name":"ORNELLAIA 2015"}]},{"@type":"WebSite","@id":"https:\/\/fonsvinum.com\/en\/#website","url":"https:\/\/fonsvinum.com\/en\/","name":"Fons Vinum","description":"Vendita Vino Online","publisher":{"@id":"https:\/\/fonsvinum.com\/en\/#organization"},"potentialAction":[{"@type":"SearchAction","target":{"@type":"EntryPoint","urlTemplate":"https:\/\/fonsvinum.com\/en\/?s={search_term_string}"},"query-input":{"@type":"PropertyValueSpecification","valueRequired":true,"valueName":"search_term_string"}}],"inLanguage":"de"},{"@type":"Organization","@id":"https:\/\/fonsvinum.com\/en\/#organization","name":"Fons Vinum","url":"https:\/\/fonsvinum.com\/en\/","logo":{"@type":"ImageObject","inLanguage":"de","@id":"https:\/\/fonsvinum.com\/en\/#\/schema\/logo\/image\/","url":"","contentUrl":"","caption":"Fons Vinum"},"image":{"@id":"https:\/\/fonsvinum.com\/en\/#\/schema\/logo\/image\/"}}]}},"acf":[],"_links":{"self":[{"href":"https:\/\/fonsvinum.com\/de\/wp-json\/wp\/v2\/product\/15175","targetHints":{"allow":["GET"]}}],"collection":[{"href":"https:\/\/fonsvinum.com\/de\/wp-json\/wp\/v2\/product"}],"about":[{"href":"https:\/\/fonsvinum.com\/de\/wp-json\/wp\/v2\/types\/product"}],"replies":[{"embeddable":true,"href":"https:\/\/fonsvinum.com\/de\/wp-json\/wp\/v2\/comments?post=15175"}],"wp:featuredmedia":[{"embeddable":true,"href":"https:\/\/fonsvinum.com\/de\/wp-json\/wp\/v2\/media\/4302"}],"wp:attachment":[{"href":"https:\/\/fonsvinum.com\/de\/wp-json\/wp\/v2\/media?parent=15175"}],"wp:term":[{"taxonomy":"product_brand","embeddable":true,"href":"https:\/\/fonsvinum.com\/de\/wp-json\/wp\/v2\/product_brand?post=15175"},{"taxonomy":"product_cat","embeddable":true,"href":"https:\/\/fonsvinum.com\/de\/wp-json\/wp\/v2\/product_cat?post=15175"},{"taxonomy":"product_tag","embeddable":true,"href":"https:\/\/fonsvinum.com\/de\/wp-json\/wp\/v2\/product_tag?post=15175"}],"curies":[{"name":"wp","href":"https:\/\/api.w.org\/{rel}","templated":true}]}}