{"id":15081,"date":"2018-05-21T09:43:51","date_gmt":"2018-05-21T07:43:51","guid":{"rendered":"https:\/\/fonsvinum.com\/?post_type=product&#038;p=15081"},"modified":"2020-02-03T12:03:33","modified_gmt":"2020-02-03T11:03:33","slug":"tignanello-2015-marchesi-antinori-toscana-rosso-copia","status":"publish","type":"product","link":"https:\/\/fonsvinum.com\/de\/produkt\/tignanello-2015-marchesi-antinori-toscana-rosso-copia\/","title":{"rendered":"TIGNANELLO 2015 MARCHESI ANTINORI TOSCANA ROSSO"},"content":{"rendered":"<h1>Tignanello 2015\u00a0MARCHESI ANTINORI TOSCANA ROSSO<\/h1>\n<h3>Tignanello 2015\u00a0MARCHESI ANTINORI TOSCANA ROSSO<\/h3>\n<p>Der Weinberg Tignanello wird besonders sp\u00e4t gelesen, und ausschlie\u00dflich sorgf\u00e4ltig per Hand selektierte Trauben werden f\u00fcr diesen Wein verwendet.<\/p>\n<p>Der Tignanello ist intensiv fruchtig und komplex im Bouquet, im Geschmack zeigt er eine optimale Struktur, ist ausgewogen mit sanften Tanninen und<br \/>\neinem angenehm langen Nachhall.<\/p>\n<h3>Klima<\/h3>\n<p>Der Klimaverlauf 2015 war extrem regul\u00e4r und entsprach in den Jahreszeiten dem typischen Verlauf des Territoriums des Chianti Classico.<\/p>\n<p>Auf einen kalten und relativ trockenen Winter folgte ein Fr\u00fchjahr, das im M\u00e4rz und April feucht und im Mai und Juni trocken war.<\/p>\n<p>Die Temperaturen in diesen Monaten waren normal und sicherten so eine perfekte vegetative Entwicklung und eine hervorragende Phase der Bl\u00fcte und des Fruchtansatzes.<\/p>\n<p>Der Sommer war warm mit Spitzenwerten im Juli und sehr guten Tag-Nacht-Temperaturunterschieden, so dass die Trauben ohne besonderen Stress wachsen konnten.<\/p>\n<p>Der August, ebenfalls warm, brachte einige Niederschl\u00e4ge, die einen optimalen Beginn der Reife unterst\u00fctzten.<\/p>\n<p>Die Lese erfolgte von der zweiten Septemberh\u00e4lfte bis Anfang Oktober bei trockenem und ventiliertem Klima.<\/p>\n","protected":false},"excerpt":{"rendered":"<p>Tignanello 2015\u00a0MARCHESI ANTINORI TOSCANA ROSSO Tignanello 2015\u00a0MARCHESI ANTINORI TOSCANA ROSSO Der Weinberg Tignanello wird besonders sp\u00e4t gelesen, und ausschlie\u00dflich sorgf\u00e4ltig per Hand selektierte Trauben werden f\u00fcr diesen Wein verwendet. Der Tignanello ist intensiv fruchtig und komplex im Bouquet, im Geschmack zeigt er eine optimale Struktur, ist ausgewogen mit sanften Tanninen und einem angenehm langen Nachhall. [&hellip;]<\/p>\n","protected":false},"featured_media":4189,"comment_status":"open","ping_status":"closed","template":"","meta":{"_acf_changed":false,"_monsterinsights_skip_tracking":false,"_monsterinsights_sitenote_active":false,"_monsterinsights_sitenote_note":"","_monsterinsights_sitenote_category":0},"product_brand":[],"product_cat":[2162],"product_tag":[1733],"class_list":{"0":"post-15081","1":"product","2":"type-product","3":"status-publish","4":"has-post-thumbnail","6":"product_cat-blend","7":"product_tag-aussergewoehnliche-weine-de","8":"pa_appellation-toscana-rosso-igt-de","9":"pa_formato-0-75-l-flasche-de","10":"pa_producer-marchesi-antinori-de","11":"pa_region-toskana-de","12":"pa_vine-85-sangiovese-10-cabernet-sauvignon-e-5-cabernet-franc-de","13":"pa_vintage-2015-de","15":"first","16":"instock","17":"taxable","18":"shipping-taxable","19":"purchasable","20":"product-type-simple"},"bundled_by":[],"bundle_stock_status":"instock","bundle_stock_quantity":2,"bundle_virtual":false,"bundle_layout":"","bundle_add_to_cart_form_location":"","bundle_editable_in_cart":false,"bundle_sold_individually_context":"","bundle_item_grouping":"","bundle_min_size":"","bundle_max_size":"","bundle_price":[],"bundled_items":[],"bundle_sell_ids":[],"yoast_head":"<!-- This site is optimized with the Yoast SEO plugin v27.3 - https:\/\/yoast.com\/product\/yoast-seo-wordpress\/ -->\n<title>TIGNANELLO 2015 MARCHESI ANTINORI TOSCANA ROSSO<\/title>\n<meta name=\"description\" content=\"TIGNANELLO 2015 MARCHESI ANTINORI TOSCANA ROSSO I Fonsvinum rare Weine online aus Piedmont,Toskana und Venetien Der Tignanello ist intensiv fruchtig und komplex im Bouquet, im Geschmack zeigt er eine optimale Struktur, ist ausgewogen mit sanften Tanninen und einem angenehm langen Nachhall.\" \/>\n<meta name=\"robots\" content=\"index, follow, max-snippet:-1, max-image-preview:large, max-video-preview:-1\" \/>\n<link rel=\"canonical\" href=\"https:\/\/fonsvinum.com\/de\/produkt\/tignanello-2015-marchesi-antinori-toscana-rosso-copia\/\" \/>\n<meta property=\"og:locale\" content=\"de_DE\" \/>\n<meta property=\"og:type\" content=\"article\" \/>\n<meta property=\"og:title\" content=\"TIGNANELLO 2015 MARCHESI ANTINORI TOSCANA ROSSO\" \/>\n<meta property=\"og:description\" content=\"TIGNANELLO 2015 MARCHESI ANTINORI TOSCANA ROSSO I Fonsvinum rare Weine online aus Piedmont,Toskana und Venetien Der Tignanello ist intensiv fruchtig und komplex im Bouquet, im Geschmack zeigt er eine optimale Struktur, ist ausgewogen mit sanften Tanninen und einem angenehm langen Nachhall.\" \/>\n<meta property=\"og:url\" content=\"https:\/\/fonsvinum.com\/de\/produkt\/tignanello-2015-marchesi-antinori-toscana-rosso-copia\/\" \/>\n<meta property=\"og:site_name\" content=\"Fons Vinum\" \/>\n<meta property=\"article:modified_time\" content=\"2020-02-03T11:03:33+00:00\" \/>\n<meta property=\"og:image\" content=\"https:\/\/fonsvinum.com\/files\/2013\/04\/tignanello-marchesi-antinori.png\" \/>\n\t<meta property=\"og:image:width\" content=\"202\" \/>\n\t<meta property=\"og:image:height\" content=\"630\" \/>\n\t<meta property=\"og:image:type\" content=\"image\/png\" \/>\n<meta name=\"twitter:label1\" content=\"Gesch\u00e4tzte Lesezeit\" \/>\n\t<meta name=\"twitter:data1\" content=\"1\u00a0Minute\" \/>\n<script type=\"application\/ld+json\" class=\"yoast-schema-graph\">{\"@context\":\"https:\\\/\\\/schema.org\",\"@graph\":[{\"@type\":\"WebPage\",\"@id\":\"https:\\\/\\\/fonsvinum.com\\\/de\\\/produkt\\\/tignanello-2015-marchesi-antinori-toscana-rosso-copia\\\/\",\"url\":\"https:\\\/\\\/fonsvinum.com\\\/de\\\/produkt\\\/tignanello-2015-marchesi-antinori-toscana-rosso-copia\\\/\",\"name\":\"TIGNANELLO 2015 MARCHESI ANTINORI TOSCANA ROSSO\",\"isPartOf\":{\"@id\":\"https:\\\/\\\/fonsvinum.com\\\/en\\\/#website\"},\"primaryImageOfPage\":{\"@id\":\"https:\\\/\\\/fonsvinum.com\\\/de\\\/produkt\\\/tignanello-2015-marchesi-antinori-toscana-rosso-copia\\\/#primaryimage\"},\"image\":{\"@id\":\"https:\\\/\\\/fonsvinum.com\\\/de\\\/produkt\\\/tignanello-2015-marchesi-antinori-toscana-rosso-copia\\\/#primaryimage\"},\"thumbnailUrl\":\"https:\\\/\\\/fonsvinum.com\\\/files\\\/2013\\\/04\\\/tignanello-marchesi-antinori.png\",\"datePublished\":\"2018-05-21T07:43:51+00:00\",\"dateModified\":\"2020-02-03T11:03:33+00:00\",\"description\":\"TIGNANELLO 2015 MARCHESI ANTINORI TOSCANA ROSSO I Fonsvinum rare Weine online aus Piedmont,Toskana und Venetien Der Tignanello ist intensiv fruchtig und komplex im Bouquet, im Geschmack zeigt er eine optimale Struktur, ist ausgewogen mit sanften Tanninen und einem angenehm langen Nachhall.\",\"breadcrumb\":{\"@id\":\"https:\\\/\\\/fonsvinum.com\\\/de\\\/produkt\\\/tignanello-2015-marchesi-antinori-toscana-rosso-copia\\\/#breadcrumb\"},\"inLanguage\":\"de\",\"potentialAction\":[{\"@type\":\"ReadAction\",\"target\":[\"https:\\\/\\\/fonsvinum.com\\\/de\\\/produkt\\\/tignanello-2015-marchesi-antinori-toscana-rosso-copia\\\/\"]}]},{\"@type\":\"ImageObject\",\"inLanguage\":\"de\",\"@id\":\"https:\\\/\\\/fonsvinum.com\\\/de\\\/produkt\\\/tignanello-2015-marchesi-antinori-toscana-rosso-copia\\\/#primaryimage\",\"url\":\"https:\\\/\\\/fonsvinum.com\\\/files\\\/2013\\\/04\\\/tignanello-marchesi-antinori.png\",\"contentUrl\":\"https:\\\/\\\/fonsvinum.com\\\/files\\\/2013\\\/04\\\/tignanello-marchesi-antinori.png\",\"width\":202,\"height\":630},{\"@type\":\"BreadcrumbList\",\"@id\":\"https:\\\/\\\/fonsvinum.com\\\/de\\\/produkt\\\/tignanello-2015-marchesi-antinori-toscana-rosso-copia\\\/#breadcrumb\",\"itemListElement\":[{\"@type\":\"ListItem\",\"position\":1,\"name\":\"Startseite\",\"item\":\"https:\\\/\\\/fonsvinum.com\\\/de\\\/\"},{\"@type\":\"ListItem\",\"position\":2,\"name\":\"Shop\",\"item\":\"https:\\\/\\\/fonsvinum.com\\\/de\\\/shop\\\/\"},{\"@type\":\"ListItem\",\"position\":3,\"name\":\"TIGNANELLO 2015 MARCHESI ANTINORI TOSCANA ROSSO\"}]},{\"@type\":\"WebSite\",\"@id\":\"https:\\\/\\\/fonsvinum.com\\\/en\\\/#website\",\"url\":\"https:\\\/\\\/fonsvinum.com\\\/en\\\/\",\"name\":\"Fons Vinum\",\"description\":\"Vendita Vino Online\",\"publisher\":{\"@id\":\"https:\\\/\\\/fonsvinum.com\\\/en\\\/#organization\"},\"potentialAction\":[{\"@type\":\"SearchAction\",\"target\":{\"@type\":\"EntryPoint\",\"urlTemplate\":\"https:\\\/\\\/fonsvinum.com\\\/en\\\/?s={search_term_string}\"},\"query-input\":{\"@type\":\"PropertyValueSpecification\",\"valueRequired\":true,\"valueName\":\"search_term_string\"}}],\"inLanguage\":\"de\"},{\"@type\":\"Organization\",\"@id\":\"https:\\\/\\\/fonsvinum.com\\\/en\\\/#organization\",\"name\":\"Fons Vinum\",\"url\":\"https:\\\/\\\/fonsvinum.com\\\/en\\\/\",\"logo\":{\"@type\":\"ImageObject\",\"inLanguage\":\"de\",\"@id\":\"https:\\\/\\\/fonsvinum.com\\\/en\\\/#\\\/schema\\\/logo\\\/image\\\/\",\"url\":\"\",\"contentUrl\":\"\",\"caption\":\"Fons Vinum\"},\"image\":{\"@id\":\"https:\\\/\\\/fonsvinum.com\\\/en\\\/#\\\/schema\\\/logo\\\/image\\\/\"}}]}<\/script>\n<!-- \/ Yoast SEO plugin. -->","yoast_head_json":{"title":"TIGNANELLO 2015 MARCHESI ANTINORI TOSCANA ROSSO","description":"TIGNANELLO 2015 MARCHESI ANTINORI TOSCANA ROSSO I Fonsvinum rare Weine online aus Piedmont,Toskana und Venetien Der Tignanello ist intensiv fruchtig und komplex im Bouquet, im Geschmack zeigt er eine optimale Struktur, ist ausgewogen mit sanften Tanninen und einem angenehm langen Nachhall.","robots":{"index":"index","follow":"follow","max-snippet":"max-snippet:-1","max-image-preview":"max-image-preview:large","max-video-preview":"max-video-preview:-1"},"canonical":"https:\/\/fonsvinum.com\/de\/produkt\/tignanello-2015-marchesi-antinori-toscana-rosso-copia\/","og_locale":"de_DE","og_type":"article","og_title":"TIGNANELLO 2015 MARCHESI ANTINORI TOSCANA ROSSO","og_description":"TIGNANELLO 2015 MARCHESI ANTINORI TOSCANA ROSSO I Fonsvinum rare Weine online aus Piedmont,Toskana und Venetien Der Tignanello ist intensiv fruchtig und komplex im Bouquet, im Geschmack zeigt er eine optimale Struktur, ist ausgewogen mit sanften Tanninen und einem angenehm langen Nachhall.","og_url":"https:\/\/fonsvinum.com\/de\/produkt\/tignanello-2015-marchesi-antinori-toscana-rosso-copia\/","og_site_name":"Fons Vinum","article_modified_time":"2020-02-03T11:03:33+00:00","og_image":[{"width":202,"height":630,"url":"https:\/\/fonsvinum.com\/files\/2013\/04\/tignanello-marchesi-antinori.png","type":"image\/png"}],"twitter_misc":{"Gesch\u00e4tzte Lesezeit":"1\u00a0Minute"},"schema":{"@context":"https:\/\/schema.org","@graph":[{"@type":"WebPage","@id":"https:\/\/fonsvinum.com\/de\/produkt\/tignanello-2015-marchesi-antinori-toscana-rosso-copia\/","url":"https:\/\/fonsvinum.com\/de\/produkt\/tignanello-2015-marchesi-antinori-toscana-rosso-copia\/","name":"TIGNANELLO 2015 MARCHESI ANTINORI TOSCANA ROSSO","isPartOf":{"@id":"https:\/\/fonsvinum.com\/en\/#website"},"primaryImageOfPage":{"@id":"https:\/\/fonsvinum.com\/de\/produkt\/tignanello-2015-marchesi-antinori-toscana-rosso-copia\/#primaryimage"},"image":{"@id":"https:\/\/fonsvinum.com\/de\/produkt\/tignanello-2015-marchesi-antinori-toscana-rosso-copia\/#primaryimage"},"thumbnailUrl":"https:\/\/fonsvinum.com\/files\/2013\/04\/tignanello-marchesi-antinori.png","datePublished":"2018-05-21T07:43:51+00:00","dateModified":"2020-02-03T11:03:33+00:00","description":"TIGNANELLO 2015 MARCHESI ANTINORI TOSCANA ROSSO I Fonsvinum rare Weine online aus Piedmont,Toskana und Venetien Der Tignanello ist intensiv fruchtig und komplex im Bouquet, im Geschmack zeigt er eine optimale Struktur, ist ausgewogen mit sanften Tanninen und einem angenehm langen Nachhall.","breadcrumb":{"@id":"https:\/\/fonsvinum.com\/de\/produkt\/tignanello-2015-marchesi-antinori-toscana-rosso-copia\/#breadcrumb"},"inLanguage":"de","potentialAction":[{"@type":"ReadAction","target":["https:\/\/fonsvinum.com\/de\/produkt\/tignanello-2015-marchesi-antinori-toscana-rosso-copia\/"]}]},{"@type":"ImageObject","inLanguage":"de","@id":"https:\/\/fonsvinum.com\/de\/produkt\/tignanello-2015-marchesi-antinori-toscana-rosso-copia\/#primaryimage","url":"https:\/\/fonsvinum.com\/files\/2013\/04\/tignanello-marchesi-antinori.png","contentUrl":"https:\/\/fonsvinum.com\/files\/2013\/04\/tignanello-marchesi-antinori.png","width":202,"height":630},{"@type":"BreadcrumbList","@id":"https:\/\/fonsvinum.com\/de\/produkt\/tignanello-2015-marchesi-antinori-toscana-rosso-copia\/#breadcrumb","itemListElement":[{"@type":"ListItem","position":1,"name":"Startseite","item":"https:\/\/fonsvinum.com\/de\/"},{"@type":"ListItem","position":2,"name":"Shop","item":"https:\/\/fonsvinum.com\/de\/shop\/"},{"@type":"ListItem","position":3,"name":"TIGNANELLO 2015 MARCHESI ANTINORI TOSCANA ROSSO"}]},{"@type":"WebSite","@id":"https:\/\/fonsvinum.com\/en\/#website","url":"https:\/\/fonsvinum.com\/en\/","name":"Fons Vinum","description":"Vendita Vino Online","publisher":{"@id":"https:\/\/fonsvinum.com\/en\/#organization"},"potentialAction":[{"@type":"SearchAction","target":{"@type":"EntryPoint","urlTemplate":"https:\/\/fonsvinum.com\/en\/?s={search_term_string}"},"query-input":{"@type":"PropertyValueSpecification","valueRequired":true,"valueName":"search_term_string"}}],"inLanguage":"de"},{"@type":"Organization","@id":"https:\/\/fonsvinum.com\/en\/#organization","name":"Fons Vinum","url":"https:\/\/fonsvinum.com\/en\/","logo":{"@type":"ImageObject","inLanguage":"de","@id":"https:\/\/fonsvinum.com\/en\/#\/schema\/logo\/image\/","url":"","contentUrl":"","caption":"Fons Vinum"},"image":{"@id":"https:\/\/fonsvinum.com\/en\/#\/schema\/logo\/image\/"}}]}},"acf":[],"_links":{"self":[{"href":"https:\/\/fonsvinum.com\/de\/wp-json\/wp\/v2\/product\/15081","targetHints":{"allow":["GET"]}}],"collection":[{"href":"https:\/\/fonsvinum.com\/de\/wp-json\/wp\/v2\/product"}],"about":[{"href":"https:\/\/fonsvinum.com\/de\/wp-json\/wp\/v2\/types\/product"}],"replies":[{"embeddable":true,"href":"https:\/\/fonsvinum.com\/de\/wp-json\/wp\/v2\/comments?post=15081"}],"wp:featuredmedia":[{"embeddable":true,"href":"https:\/\/fonsvinum.com\/de\/wp-json\/wp\/v2\/media\/4189"}],"wp:attachment":[{"href":"https:\/\/fonsvinum.com\/de\/wp-json\/wp\/v2\/media?parent=15081"}],"wp:term":[{"taxonomy":"product_brand","embeddable":true,"href":"https:\/\/fonsvinum.com\/de\/wp-json\/wp\/v2\/product_brand?post=15081"},{"taxonomy":"product_cat","embeddable":true,"href":"https:\/\/fonsvinum.com\/de\/wp-json\/wp\/v2\/product_cat?post=15081"},{"taxonomy":"product_tag","embeddable":true,"href":"https:\/\/fonsvinum.com\/de\/wp-json\/wp\/v2\/product_tag?post=15081"}],"curies":[{"name":"wp","href":"https:\/\/api.w.org\/{rel}","templated":true}]}}