{"id":14879,"date":"2018-05-09T15:27:21","date_gmt":"2018-05-09T13:27:21","guid":{"rendered":"https:\/\/fonsvinum.com\/?post_type=product&#038;p=14879"},"modified":"2021-04-26T10:03:35","modified_gmt":"2021-04-26T08:03:35","slug":"marchesi-frescobaldi-castelgiocondo-brunello-di-montalcino-2013","status":"publish","type":"product","link":"https:\/\/fonsvinum.com\/de\/produkt\/marchesi-frescobaldi-castelgiocondo-brunello-di-montalcino-2013\/","title":{"rendered":"MARCHESI FRESCOBALDI Castelgiocondo Brunello di Montalcino 2013"},"content":{"rendered":"<h2>MARCHESI FRESCOBALDI<\/h2>\n<p>Die Reben dieses reinsortigen Sangiovese-Weins werden einer sorgf\u00e4ltigen Auslese unterzogen. Ideale H\u00f6he, dr\u00e4nierte B\u00f6den und S\u00fcd-West-Ausrichtung geben diesen alten Weinst\u00f6cken ihre besondere Pr\u00e4gung. Ein Wein von gro\u00dfer Struktur und Finesse, elegant, ausgewogen und mit intensiven Aromen.<\/p>\n<h3>KLIMATISCHE BEDINGUNGEN<\/h3>\n<p>Im Weinjahr 2013 fielen sowohl im Fr\u00fchjahr als auch zu Beginn des Sommers regelm\u00e4\u00dfig und h\u00e4ufig Niederschl\u00e4ge, die noch dazu zeitlich gut verteilt waren. Somit konnten sich die Reben problemlos entwickeln. Der Sommer war zwar hei\u00df, doch blieben Temperaturspitzen aus, und die Reifung konnte optimal starten.<br \/>\nDank der frischen N\u00e4chte und sonnigen Tage w\u00e4hrend der gesamten Reifephase konnten die Trauben schlie\u00dflich s\u00e4mtliche wertvolle Substanzen wie Farbstoffe und Tannine bilden und zarte, vielschichtige Aromen entstehen lassen.<\/p>\n<p>&nbsp;<\/p>\n<p>&nbsp;<\/p>\n","protected":false},"excerpt":{"rendered":"<p>MARCHESI FRESCOBALDI Die Reben dieses reinsortigen Sangiovese-Weins werden einer sorgf\u00e4ltigen Auslese unterzogen. Ideale H\u00f6he, dr\u00e4nierte B\u00f6den und S\u00fcd-West-Ausrichtung geben diesen alten Weinst\u00f6cken ihre besondere Pr\u00e4gung. Ein Wein von gro\u00dfer Struktur und Finesse, elegant, ausgewogen und mit intensiven Aromen. KLIMATISCHE BEDINGUNGEN Im Weinjahr 2013 fielen sowohl im Fr\u00fchjahr als auch zu Beginn des Sommers regelm\u00e4\u00dfig und [&hellip;]<\/p>\n","protected":false},"featured_media":6448,"comment_status":"open","ping_status":"closed","template":"","meta":{"_acf_changed":false,"_monsterinsights_skip_tracking":false,"_monsterinsights_sitenote_active":false,"_monsterinsights_sitenote_note":"","_monsterinsights_sitenote_category":0},"product_brand":[],"product_cat":[1762],"product_tag":[15911,3583],"class_list":{"0":"post-14879","1":"product","2":"type-product","3":"status-publish","4":"has-post-thumbnail","6":"product_cat-brunello-de","7":"product_tag-brunello-de-2","8":"product_tag-vini-toscani-de","9":"pa_appellation-brunello-di-montalcino-docg-de","10":"pa_formato-0-75-l-flasche-de","11":"pa_producer-marchesi-de-frescobaldi-2-de","12":"pa_region-toskana-de","13":"pa_vine-100-sangiovese-de","14":"pa_vintage-2013-de","16":"first","17":"instock","18":"taxable","19":"shipping-taxable","20":"purchasable","21":"product-type-simple"},"bundled_by":[],"bundle_stock_status":"instock","bundle_stock_quantity":60,"bundle_virtual":false,"bundle_layout":"","bundle_add_to_cart_form_location":"","bundle_editable_in_cart":false,"bundle_sold_individually_context":"","bundle_item_grouping":"","bundle_min_size":"","bundle_max_size":"","bundle_price":[],"bundled_items":[],"bundle_sell_ids":[],"yoast_head":"<!-- This site is optimized with the Yoast SEO plugin v27.3 - https:\/\/yoast.com\/product\/yoast-seo-wordpress\/ -->\n<title>Brunello di Montalcino DOCG Castelgiocondo 2013<\/title>\n<meta name=\"description\" content=\"Brunello di Montalcino DOCG Castelgiocondo 2013\" \/>\n<meta name=\"robots\" content=\"index, follow, max-snippet:-1, max-image-preview:large, max-video-preview:-1\" \/>\n<link rel=\"canonical\" href=\"https:\/\/fonsvinum.com\/de\/produkt\/marchesi-frescobaldi-castelgiocondo-brunello-di-montalcino-2013\/\" \/>\n<meta property=\"og:locale\" content=\"de_DE\" \/>\n<meta property=\"og:type\" content=\"article\" \/>\n<meta property=\"og:title\" content=\"Brunello di Montalcino DOCG Castelgiocondo 2013\" \/>\n<meta property=\"og:description\" content=\"Brunello di Montalcino DOCG Castelgiocondo 2013\" \/>\n<meta property=\"og:url\" content=\"https:\/\/fonsvinum.com\/de\/produkt\/marchesi-frescobaldi-castelgiocondo-brunello-di-montalcino-2013\/\" \/>\n<meta property=\"og:site_name\" content=\"Fons Vinum\" \/>\n<meta property=\"article:modified_time\" content=\"2021-04-26T08:03:35+00:00\" \/>\n<meta property=\"og:image\" content=\"https:\/\/fonsvinum.com\/files\/2014\/07\/brunello09-castelgiocondo-frescobaldi.png\" \/>\n\t<meta property=\"og:image:width\" content=\"200\" \/>\n\t<meta property=\"og:image:height\" content=\"600\" \/>\n\t<meta property=\"og:image:type\" content=\"image\/png\" \/>\n<meta name=\"twitter:label1\" content=\"Gesch\u00e4tzte Lesezeit\" \/>\n\t<meta name=\"twitter:data1\" content=\"1\u00a0Minute\" \/>\n<script type=\"application\/ld+json\" class=\"yoast-schema-graph\">{\"@context\":\"https:\\\/\\\/schema.org\",\"@graph\":[{\"@type\":\"WebPage\",\"@id\":\"https:\\\/\\\/fonsvinum.com\\\/de\\\/produkt\\\/marchesi-frescobaldi-castelgiocondo-brunello-di-montalcino-2013\\\/\",\"url\":\"https:\\\/\\\/fonsvinum.com\\\/de\\\/produkt\\\/marchesi-frescobaldi-castelgiocondo-brunello-di-montalcino-2013\\\/\",\"name\":\"Brunello di Montalcino DOCG Castelgiocondo 2013\",\"isPartOf\":{\"@id\":\"https:\\\/\\\/fonsvinum.com\\\/en\\\/#website\"},\"primaryImageOfPage\":{\"@id\":\"https:\\\/\\\/fonsvinum.com\\\/de\\\/produkt\\\/marchesi-frescobaldi-castelgiocondo-brunello-di-montalcino-2013\\\/#primaryimage\"},\"image\":{\"@id\":\"https:\\\/\\\/fonsvinum.com\\\/de\\\/produkt\\\/marchesi-frescobaldi-castelgiocondo-brunello-di-montalcino-2013\\\/#primaryimage\"},\"thumbnailUrl\":\"https:\\\/\\\/fonsvinum.com\\\/files\\\/2014\\\/07\\\/brunello09-castelgiocondo-frescobaldi.png\",\"datePublished\":\"2018-05-09T13:27:21+00:00\",\"dateModified\":\"2021-04-26T08:03:35+00:00\",\"description\":\"Brunello di Montalcino DOCG Castelgiocondo 2013\",\"breadcrumb\":{\"@id\":\"https:\\\/\\\/fonsvinum.com\\\/de\\\/produkt\\\/marchesi-frescobaldi-castelgiocondo-brunello-di-montalcino-2013\\\/#breadcrumb\"},\"inLanguage\":\"de\",\"potentialAction\":[{\"@type\":\"ReadAction\",\"target\":[\"https:\\\/\\\/fonsvinum.com\\\/de\\\/produkt\\\/marchesi-frescobaldi-castelgiocondo-brunello-di-montalcino-2013\\\/\"]}]},{\"@type\":\"ImageObject\",\"inLanguage\":\"de\",\"@id\":\"https:\\\/\\\/fonsvinum.com\\\/de\\\/produkt\\\/marchesi-frescobaldi-castelgiocondo-brunello-di-montalcino-2013\\\/#primaryimage\",\"url\":\"https:\\\/\\\/fonsvinum.com\\\/files\\\/2014\\\/07\\\/brunello09-castelgiocondo-frescobaldi.png\",\"contentUrl\":\"https:\\\/\\\/fonsvinum.com\\\/files\\\/2014\\\/07\\\/brunello09-castelgiocondo-frescobaldi.png\",\"width\":200,\"height\":600},{\"@type\":\"BreadcrumbList\",\"@id\":\"https:\\\/\\\/fonsvinum.com\\\/de\\\/produkt\\\/marchesi-frescobaldi-castelgiocondo-brunello-di-montalcino-2013\\\/#breadcrumb\",\"itemListElement\":[{\"@type\":\"ListItem\",\"position\":1,\"name\":\"Startseite\",\"item\":\"https:\\\/\\\/fonsvinum.com\\\/de\\\/\"},{\"@type\":\"ListItem\",\"position\":2,\"name\":\"Shop\",\"item\":\"https:\\\/\\\/fonsvinum.com\\\/de\\\/shop\\\/\"},{\"@type\":\"ListItem\",\"position\":3,\"name\":\"MARCHESI FRESCOBALDI Castelgiocondo Brunello di Montalcino 2013\"}]},{\"@type\":\"WebSite\",\"@id\":\"https:\\\/\\\/fonsvinum.com\\\/en\\\/#website\",\"url\":\"https:\\\/\\\/fonsvinum.com\\\/en\\\/\",\"name\":\"Fons Vinum\",\"description\":\"Vendita Vino Online\",\"publisher\":{\"@id\":\"https:\\\/\\\/fonsvinum.com\\\/en\\\/#organization\"},\"potentialAction\":[{\"@type\":\"SearchAction\",\"target\":{\"@type\":\"EntryPoint\",\"urlTemplate\":\"https:\\\/\\\/fonsvinum.com\\\/en\\\/?s={search_term_string}\"},\"query-input\":{\"@type\":\"PropertyValueSpecification\",\"valueRequired\":true,\"valueName\":\"search_term_string\"}}],\"inLanguage\":\"de\"},{\"@type\":\"Organization\",\"@id\":\"https:\\\/\\\/fonsvinum.com\\\/en\\\/#organization\",\"name\":\"Fons Vinum\",\"url\":\"https:\\\/\\\/fonsvinum.com\\\/en\\\/\",\"logo\":{\"@type\":\"ImageObject\",\"inLanguage\":\"de\",\"@id\":\"https:\\\/\\\/fonsvinum.com\\\/en\\\/#\\\/schema\\\/logo\\\/image\\\/\",\"url\":\"\",\"contentUrl\":\"\",\"caption\":\"Fons Vinum\"},\"image\":{\"@id\":\"https:\\\/\\\/fonsvinum.com\\\/en\\\/#\\\/schema\\\/logo\\\/image\\\/\"}}]}<\/script>\n<!-- \/ Yoast SEO plugin. -->","yoast_head_json":{"title":"Brunello di Montalcino DOCG Castelgiocondo 2013","description":"Brunello di Montalcino DOCG Castelgiocondo 2013","robots":{"index":"index","follow":"follow","max-snippet":"max-snippet:-1","max-image-preview":"max-image-preview:large","max-video-preview":"max-video-preview:-1"},"canonical":"https:\/\/fonsvinum.com\/de\/produkt\/marchesi-frescobaldi-castelgiocondo-brunello-di-montalcino-2013\/","og_locale":"de_DE","og_type":"article","og_title":"Brunello di Montalcino DOCG Castelgiocondo 2013","og_description":"Brunello di Montalcino DOCG Castelgiocondo 2013","og_url":"https:\/\/fonsvinum.com\/de\/produkt\/marchesi-frescobaldi-castelgiocondo-brunello-di-montalcino-2013\/","og_site_name":"Fons Vinum","article_modified_time":"2021-04-26T08:03:35+00:00","og_image":[{"width":200,"height":600,"url":"https:\/\/fonsvinum.com\/files\/2014\/07\/brunello09-castelgiocondo-frescobaldi.png","type":"image\/png"}],"twitter_misc":{"Gesch\u00e4tzte Lesezeit":"1\u00a0Minute"},"schema":{"@context":"https:\/\/schema.org","@graph":[{"@type":"WebPage","@id":"https:\/\/fonsvinum.com\/de\/produkt\/marchesi-frescobaldi-castelgiocondo-brunello-di-montalcino-2013\/","url":"https:\/\/fonsvinum.com\/de\/produkt\/marchesi-frescobaldi-castelgiocondo-brunello-di-montalcino-2013\/","name":"Brunello di Montalcino DOCG Castelgiocondo 2013","isPartOf":{"@id":"https:\/\/fonsvinum.com\/en\/#website"},"primaryImageOfPage":{"@id":"https:\/\/fonsvinum.com\/de\/produkt\/marchesi-frescobaldi-castelgiocondo-brunello-di-montalcino-2013\/#primaryimage"},"image":{"@id":"https:\/\/fonsvinum.com\/de\/produkt\/marchesi-frescobaldi-castelgiocondo-brunello-di-montalcino-2013\/#primaryimage"},"thumbnailUrl":"https:\/\/fonsvinum.com\/files\/2014\/07\/brunello09-castelgiocondo-frescobaldi.png","datePublished":"2018-05-09T13:27:21+00:00","dateModified":"2021-04-26T08:03:35+00:00","description":"Brunello di Montalcino DOCG Castelgiocondo 2013","breadcrumb":{"@id":"https:\/\/fonsvinum.com\/de\/produkt\/marchesi-frescobaldi-castelgiocondo-brunello-di-montalcino-2013\/#breadcrumb"},"inLanguage":"de","potentialAction":[{"@type":"ReadAction","target":["https:\/\/fonsvinum.com\/de\/produkt\/marchesi-frescobaldi-castelgiocondo-brunello-di-montalcino-2013\/"]}]},{"@type":"ImageObject","inLanguage":"de","@id":"https:\/\/fonsvinum.com\/de\/produkt\/marchesi-frescobaldi-castelgiocondo-brunello-di-montalcino-2013\/#primaryimage","url":"https:\/\/fonsvinum.com\/files\/2014\/07\/brunello09-castelgiocondo-frescobaldi.png","contentUrl":"https:\/\/fonsvinum.com\/files\/2014\/07\/brunello09-castelgiocondo-frescobaldi.png","width":200,"height":600},{"@type":"BreadcrumbList","@id":"https:\/\/fonsvinum.com\/de\/produkt\/marchesi-frescobaldi-castelgiocondo-brunello-di-montalcino-2013\/#breadcrumb","itemListElement":[{"@type":"ListItem","position":1,"name":"Startseite","item":"https:\/\/fonsvinum.com\/de\/"},{"@type":"ListItem","position":2,"name":"Shop","item":"https:\/\/fonsvinum.com\/de\/shop\/"},{"@type":"ListItem","position":3,"name":"MARCHESI FRESCOBALDI Castelgiocondo Brunello di Montalcino 2013"}]},{"@type":"WebSite","@id":"https:\/\/fonsvinum.com\/en\/#website","url":"https:\/\/fonsvinum.com\/en\/","name":"Fons Vinum","description":"Vendita Vino Online","publisher":{"@id":"https:\/\/fonsvinum.com\/en\/#organization"},"potentialAction":[{"@type":"SearchAction","target":{"@type":"EntryPoint","urlTemplate":"https:\/\/fonsvinum.com\/en\/?s={search_term_string}"},"query-input":{"@type":"PropertyValueSpecification","valueRequired":true,"valueName":"search_term_string"}}],"inLanguage":"de"},{"@type":"Organization","@id":"https:\/\/fonsvinum.com\/en\/#organization","name":"Fons Vinum","url":"https:\/\/fonsvinum.com\/en\/","logo":{"@type":"ImageObject","inLanguage":"de","@id":"https:\/\/fonsvinum.com\/en\/#\/schema\/logo\/image\/","url":"","contentUrl":"","caption":"Fons Vinum"},"image":{"@id":"https:\/\/fonsvinum.com\/en\/#\/schema\/logo\/image\/"}}]}},"acf":[],"_links":{"self":[{"href":"https:\/\/fonsvinum.com\/de\/wp-json\/wp\/v2\/product\/14879","targetHints":{"allow":["GET"]}}],"collection":[{"href":"https:\/\/fonsvinum.com\/de\/wp-json\/wp\/v2\/product"}],"about":[{"href":"https:\/\/fonsvinum.com\/de\/wp-json\/wp\/v2\/types\/product"}],"replies":[{"embeddable":true,"href":"https:\/\/fonsvinum.com\/de\/wp-json\/wp\/v2\/comments?post=14879"}],"wp:featuredmedia":[{"embeddable":true,"href":"https:\/\/fonsvinum.com\/de\/wp-json\/wp\/v2\/media\/6448"}],"wp:attachment":[{"href":"https:\/\/fonsvinum.com\/de\/wp-json\/wp\/v2\/media?parent=14879"}],"wp:term":[{"taxonomy":"product_brand","embeddable":true,"href":"https:\/\/fonsvinum.com\/de\/wp-json\/wp\/v2\/product_brand?post=14879"},{"taxonomy":"product_cat","embeddable":true,"href":"https:\/\/fonsvinum.com\/de\/wp-json\/wp\/v2\/product_cat?post=14879"},{"taxonomy":"product_tag","embeddable":true,"href":"https:\/\/fonsvinum.com\/de\/wp-json\/wp\/v2\/product_tag?post=14879"}],"curies":[{"name":"wp","href":"https:\/\/api.w.org\/{rel}","templated":true}]}}