{"id":14653,"date":"2018-04-16T11:38:45","date_gmt":"2018-04-16T09:38:45","guid":{"rendered":"https:\/\/fonsvinum.com\/?post_type=product&#038;p=14653"},"modified":"2019-09-07T10:10:38","modified_gmt":"2019-09-07T08:10:38","slug":"montevertine-le-pergole-torte-2009","status":"publish","type":"product","link":"https:\/\/fonsvinum.com\/de\/produkt\/montevertine-le-pergole-torte-2009\/","title":{"rendered":"Montevertine Le Pergole Torte 2009"},"content":{"rendered":"<h1>Montevertine Le Pergole Torte 2009<\/h1>\n<p>Ein Rotwein aus besonders ausgelesenen Trauben der Sangiovese-Rebe. Dunkelrubinrot funkelt er im Glase, mit zunehmenden Alter wird dieses Rubinrot zu einem warmen Granat-To n \u00fcbergehen. Sein Bouquet ist anhaltend und weich. Aromen von Veilchen und Himbeeren, aber auch Gew\u00fcrze wie Vanille und Zimt entstr\u00f6men dem Glas. Auf der Zunge entwickelt er seine ganze Pers\u00f6nlichkeit, intensiv, samtig und warm.<\/p>\n<p><em>Ein ber\u00fchmter Wein, von Sammlern begehrt, jeder Jahrgang wird mit einem neuen Etikett des K\u00fcnstlers\u00a0 Alberto Manfredi ausgestattet.<\/em><\/p>\n","protected":false},"excerpt":{"rendered":"<p>Montevertine Le Pergole Torte 2009 Ein Rotwein aus besonders ausgelesenen Trauben der Sangiovese-Rebe. Dunkelrubinrot funkelt er im Glase, mit zunehmenden Alter wird dieses Rubinrot zu einem warmen Granat-To n \u00fcbergehen. Sein Bouquet ist anhaltend und weich. Aromen von Veilchen und Himbeeren, aber auch Gew\u00fcrze wie Vanille und Zimt entstr\u00f6men dem Glas. Auf der Zunge entwickelt [&hellip;]<\/p>\n","protected":false},"featured_media":33950,"comment_status":"open","ping_status":"closed","template":"","meta":{"_acf_changed":false,"_monsterinsights_skip_tracking":false,"_monsterinsights_sitenote_active":false,"_monsterinsights_sitenote_note":"","_monsterinsights_sitenote_category":0},"product_brand":[],"product_cat":[1772],"product_tag":[1751],"class_list":{"0":"post-14653","1":"product","2":"type-product","3":"status-publish","4":"has-post-thumbnail","6":"product_cat-sangiovese-de","7":"product_tag-aussergewoehnliche-weine-aus-italien-de","8":"pa_appellation-sangiovese-di-toscana-igt-de","9":"pa_formato-0-75-l-flasche-de","10":"pa_producer-montevertine-societa-agricola-de","11":"pa_region-toskana-de","12":"pa_vine-sangiovese-2-de","13":"pa_vintage-2009-de","15":"first","16":"outofstock","17":"taxable","18":"shipping-taxable","19":"purchasable","20":"product-type-simple"},"bundled_by":[],"bundle_stock_status":"outofstock","bundle_stock_quantity":0,"bundle_virtual":false,"bundle_layout":"","bundle_add_to_cart_form_location":"","bundle_editable_in_cart":false,"bundle_sold_individually_context":"","bundle_item_grouping":"","bundle_min_size":"","bundle_max_size":"","bundle_price":[],"bundled_items":[],"bundle_sell_ids":[],"yoast_head":"<!-- This site is optimized with the Yoast SEO plugin v27.2 - https:\/\/yoast.com\/product\/yoast-seo-wordpress\/ -->\n<title>BUY ON LINE FONS VINUM MONTEVERTINE PERGOLE TORTE 2009<\/title>\n<meta name=\"description\" content=\"MONTEVERTINE PERGOLE TORTE 2009. jeder Jahrgang wird mit einem neuen Etikett des K\u00fcnstlers\u00a0 Alberto Manfredi ausgestattet.\" \/>\n<meta name=\"robots\" content=\"index, follow, max-snippet:-1, max-image-preview:large, max-video-preview:-1\" \/>\n<link rel=\"canonical\" href=\"https:\/\/fonsvinum.com\/de\/produkt\/montevertine-le-pergole-torte-2009\/\" \/>\n<meta property=\"og:locale\" content=\"de_DE\" \/>\n<meta property=\"og:type\" content=\"article\" \/>\n<meta property=\"og:title\" content=\"BUY ON LINE FONS VINUM MONTEVERTINE PERGOLE TORTE 2009\" \/>\n<meta property=\"og:description\" content=\"MONTEVERTINE PERGOLE TORTE 2009. jeder Jahrgang wird mit einem neuen Etikett des K\u00fcnstlers\u00a0 Alberto Manfredi ausgestattet.\" \/>\n<meta property=\"og:url\" content=\"https:\/\/fonsvinum.com\/de\/produkt\/montevertine-le-pergole-torte-2009\/\" \/>\n<meta property=\"og:site_name\" content=\"Fons Vinum\" \/>\n<meta property=\"article:modified_time\" content=\"2019-09-07T08:10:38+00:00\" \/>\n<meta property=\"og:image\" content=\"https:\/\/fonsvinum.com\/files\/2018\/04\/montevertine-le-pergole-torte-2009.jpg\" \/>\n\t<meta property=\"og:image:width\" content=\"200\" \/>\n\t<meta property=\"og:image:height\" content=\"600\" \/>\n\t<meta property=\"og:image:type\" content=\"image\/jpeg\" \/>\n<script type=\"application\/ld+json\" class=\"yoast-schema-graph\">{\"@context\":\"https:\/\/schema.org\",\"@graph\":[{\"@type\":\"WebPage\",\"@id\":\"https:\/\/fonsvinum.com\/de\/produkt\/montevertine-le-pergole-torte-2009\/\",\"url\":\"https:\/\/fonsvinum.com\/de\/produkt\/montevertine-le-pergole-torte-2009\/\",\"name\":\"BUY ON LINE FONS VINUM MONTEVERTINE PERGOLE TORTE 2009\",\"isPartOf\":{\"@id\":\"https:\/\/fonsvinum.com\/en\/#website\"},\"primaryImageOfPage\":{\"@id\":\"https:\/\/fonsvinum.com\/de\/produkt\/montevertine-le-pergole-torte-2009\/#primaryimage\"},\"image\":{\"@id\":\"https:\/\/fonsvinum.com\/de\/produkt\/montevertine-le-pergole-torte-2009\/#primaryimage\"},\"thumbnailUrl\":\"https:\/\/fonsvinum.com\/files\/2018\/04\/montevertine-le-pergole-torte-2009.jpg\",\"datePublished\":\"2018-04-16T09:38:45+00:00\",\"dateModified\":\"2019-09-07T08:10:38+00:00\",\"description\":\"MONTEVERTINE PERGOLE TORTE 2009. jeder Jahrgang wird mit einem neuen Etikett des K\u00fcnstlers\u00a0 Alberto Manfredi ausgestattet.\",\"breadcrumb\":{\"@id\":\"https:\/\/fonsvinum.com\/de\/produkt\/montevertine-le-pergole-torte-2009\/#breadcrumb\"},\"inLanguage\":\"de\",\"potentialAction\":[{\"@type\":\"ReadAction\",\"target\":[\"https:\/\/fonsvinum.com\/de\/produkt\/montevertine-le-pergole-torte-2009\/\"]}]},{\"@type\":\"ImageObject\",\"inLanguage\":\"de\",\"@id\":\"https:\/\/fonsvinum.com\/de\/produkt\/montevertine-le-pergole-torte-2009\/#primaryimage\",\"url\":\"https:\/\/fonsvinum.com\/files\/2018\/04\/montevertine-le-pergole-torte-2009.jpg\",\"contentUrl\":\"https:\/\/fonsvinum.com\/files\/2018\/04\/montevertine-le-pergole-torte-2009.jpg\",\"width\":200,\"height\":600},{\"@type\":\"BreadcrumbList\",\"@id\":\"https:\/\/fonsvinum.com\/de\/produkt\/montevertine-le-pergole-torte-2009\/#breadcrumb\",\"itemListElement\":[{\"@type\":\"ListItem\",\"position\":1,\"name\":\"Startseite\",\"item\":\"https:\/\/fonsvinum.com\/de\/\"},{\"@type\":\"ListItem\",\"position\":2,\"name\":\"Shop\",\"item\":\"https:\/\/fonsvinum.com\/de\/shop\/\"},{\"@type\":\"ListItem\",\"position\":3,\"name\":\"Montevertine Le Pergole Torte 2009\"}]},{\"@type\":\"WebSite\",\"@id\":\"https:\/\/fonsvinum.com\/en\/#website\",\"url\":\"https:\/\/fonsvinum.com\/en\/\",\"name\":\"Fons Vinum\",\"description\":\"Vendita Vino Online\",\"publisher\":{\"@id\":\"https:\/\/fonsvinum.com\/en\/#organization\"},\"potentialAction\":[{\"@type\":\"SearchAction\",\"target\":{\"@type\":\"EntryPoint\",\"urlTemplate\":\"https:\/\/fonsvinum.com\/en\/?s={search_term_string}\"},\"query-input\":{\"@type\":\"PropertyValueSpecification\",\"valueRequired\":true,\"valueName\":\"search_term_string\"}}],\"inLanguage\":\"de\"},{\"@type\":\"Organization\",\"@id\":\"https:\/\/fonsvinum.com\/en\/#organization\",\"name\":\"Fons Vinum\",\"url\":\"https:\/\/fonsvinum.com\/en\/\",\"logo\":{\"@type\":\"ImageObject\",\"inLanguage\":\"de\",\"@id\":\"https:\/\/fonsvinum.com\/en\/#\/schema\/logo\/image\/\",\"url\":\"\",\"contentUrl\":\"\",\"caption\":\"Fons Vinum\"},\"image\":{\"@id\":\"https:\/\/fonsvinum.com\/en\/#\/schema\/logo\/image\/\"}}]}<\/script>\n<!-- \/ Yoast SEO plugin. -->","yoast_head_json":{"title":"BUY ON LINE FONS VINUM MONTEVERTINE PERGOLE TORTE 2009","description":"MONTEVERTINE PERGOLE TORTE 2009. jeder Jahrgang wird mit einem neuen Etikett des K\u00fcnstlers\u00a0 Alberto Manfredi ausgestattet.","robots":{"index":"index","follow":"follow","max-snippet":"max-snippet:-1","max-image-preview":"max-image-preview:large","max-video-preview":"max-video-preview:-1"},"canonical":"https:\/\/fonsvinum.com\/de\/produkt\/montevertine-le-pergole-torte-2009\/","og_locale":"de_DE","og_type":"article","og_title":"BUY ON LINE FONS VINUM MONTEVERTINE PERGOLE TORTE 2009","og_description":"MONTEVERTINE PERGOLE TORTE 2009. jeder Jahrgang wird mit einem neuen Etikett des K\u00fcnstlers\u00a0 Alberto Manfredi ausgestattet.","og_url":"https:\/\/fonsvinum.com\/de\/produkt\/montevertine-le-pergole-torte-2009\/","og_site_name":"Fons Vinum","article_modified_time":"2019-09-07T08:10:38+00:00","og_image":[{"width":200,"height":600,"url":"https:\/\/fonsvinum.com\/files\/2018\/04\/montevertine-le-pergole-torte-2009.jpg","type":"image\/jpeg"}],"schema":{"@context":"https:\/\/schema.org","@graph":[{"@type":"WebPage","@id":"https:\/\/fonsvinum.com\/de\/produkt\/montevertine-le-pergole-torte-2009\/","url":"https:\/\/fonsvinum.com\/de\/produkt\/montevertine-le-pergole-torte-2009\/","name":"BUY ON LINE FONS VINUM MONTEVERTINE PERGOLE TORTE 2009","isPartOf":{"@id":"https:\/\/fonsvinum.com\/en\/#website"},"primaryImageOfPage":{"@id":"https:\/\/fonsvinum.com\/de\/produkt\/montevertine-le-pergole-torte-2009\/#primaryimage"},"image":{"@id":"https:\/\/fonsvinum.com\/de\/produkt\/montevertine-le-pergole-torte-2009\/#primaryimage"},"thumbnailUrl":"https:\/\/fonsvinum.com\/files\/2018\/04\/montevertine-le-pergole-torte-2009.jpg","datePublished":"2018-04-16T09:38:45+00:00","dateModified":"2019-09-07T08:10:38+00:00","description":"MONTEVERTINE PERGOLE TORTE 2009. jeder Jahrgang wird mit einem neuen Etikett des K\u00fcnstlers\u00a0 Alberto Manfredi ausgestattet.","breadcrumb":{"@id":"https:\/\/fonsvinum.com\/de\/produkt\/montevertine-le-pergole-torte-2009\/#breadcrumb"},"inLanguage":"de","potentialAction":[{"@type":"ReadAction","target":["https:\/\/fonsvinum.com\/de\/produkt\/montevertine-le-pergole-torte-2009\/"]}]},{"@type":"ImageObject","inLanguage":"de","@id":"https:\/\/fonsvinum.com\/de\/produkt\/montevertine-le-pergole-torte-2009\/#primaryimage","url":"https:\/\/fonsvinum.com\/files\/2018\/04\/montevertine-le-pergole-torte-2009.jpg","contentUrl":"https:\/\/fonsvinum.com\/files\/2018\/04\/montevertine-le-pergole-torte-2009.jpg","width":200,"height":600},{"@type":"BreadcrumbList","@id":"https:\/\/fonsvinum.com\/de\/produkt\/montevertine-le-pergole-torte-2009\/#breadcrumb","itemListElement":[{"@type":"ListItem","position":1,"name":"Startseite","item":"https:\/\/fonsvinum.com\/de\/"},{"@type":"ListItem","position":2,"name":"Shop","item":"https:\/\/fonsvinum.com\/de\/shop\/"},{"@type":"ListItem","position":3,"name":"Montevertine Le Pergole Torte 2009"}]},{"@type":"WebSite","@id":"https:\/\/fonsvinum.com\/en\/#website","url":"https:\/\/fonsvinum.com\/en\/","name":"Fons Vinum","description":"Vendita Vino Online","publisher":{"@id":"https:\/\/fonsvinum.com\/en\/#organization"},"potentialAction":[{"@type":"SearchAction","target":{"@type":"EntryPoint","urlTemplate":"https:\/\/fonsvinum.com\/en\/?s={search_term_string}"},"query-input":{"@type":"PropertyValueSpecification","valueRequired":true,"valueName":"search_term_string"}}],"inLanguage":"de"},{"@type":"Organization","@id":"https:\/\/fonsvinum.com\/en\/#organization","name":"Fons Vinum","url":"https:\/\/fonsvinum.com\/en\/","logo":{"@type":"ImageObject","inLanguage":"de","@id":"https:\/\/fonsvinum.com\/en\/#\/schema\/logo\/image\/","url":"","contentUrl":"","caption":"Fons Vinum"},"image":{"@id":"https:\/\/fonsvinum.com\/en\/#\/schema\/logo\/image\/"}}]}},"acf":[],"_links":{"self":[{"href":"https:\/\/fonsvinum.com\/de\/wp-json\/wp\/v2\/product\/14653","targetHints":{"allow":["GET"]}}],"collection":[{"href":"https:\/\/fonsvinum.com\/de\/wp-json\/wp\/v2\/product"}],"about":[{"href":"https:\/\/fonsvinum.com\/de\/wp-json\/wp\/v2\/types\/product"}],"replies":[{"embeddable":true,"href":"https:\/\/fonsvinum.com\/de\/wp-json\/wp\/v2\/comments?post=14653"}],"wp:featuredmedia":[{"embeddable":true,"href":"https:\/\/fonsvinum.com\/de\/wp-json\/wp\/v2\/media\/33950"}],"wp:attachment":[{"href":"https:\/\/fonsvinum.com\/de\/wp-json\/wp\/v2\/media?parent=14653"}],"wp:term":[{"taxonomy":"product_brand","embeddable":true,"href":"https:\/\/fonsvinum.com\/de\/wp-json\/wp\/v2\/product_brand?post=14653"},{"taxonomy":"product_cat","embeddable":true,"href":"https:\/\/fonsvinum.com\/de\/wp-json\/wp\/v2\/product_cat?post=14653"},{"taxonomy":"product_tag","embeddable":true,"href":"https:\/\/fonsvinum.com\/de\/wp-json\/wp\/v2\/product_tag?post=14653"}],"curies":[{"name":"wp","href":"https:\/\/api.w.org\/{rel}","templated":true}]}}