{"id":14437,"date":"2018-04-09T17:35:44","date_gmt":"2018-04-09T15:35:44","guid":{"rendered":"https:\/\/fonsvinum.com\/?post_type=product&#038;p=14437"},"modified":"2020-06-08T09:58:57","modified_gmt":"2020-06-08T07:58:57","slug":"castello-dei-rampolla-sammarco-1996","status":"publish","type":"product","link":"https:\/\/fonsvinum.com\/de\/produkt\/castello-dei-rampolla-sammarco-1996\/","title":{"rendered":"Castello dei Rampolla Sammarco 1996"},"content":{"rendered":"<h1>Castello dei Rampolla Sammarco 1996<\/h1>\n<p>Castello dei Rampolla hat ein breitgef\u00e4chertes Sortiment. Sammarco geh\u00f6rt zu den Herzst\u00fccken des Weinguts. Ein gro\u00dfer Wein Italiens mit kontinuierlich guter Qualit\u00e4t.<\/p>\n<p>Dieser Cabernet Sauvignon wird mit kleinen Zus\u00e4tzen von Sangiovese und Merlot veredelt. Durch lange Monate im Barrique \u00fcberzeugt er mit ausgepr\u00e4gten Vanille- und R\u00f6staromen.<\/p>\n<p>Ein klassischer Toskaner, der traditionell gut zu gereiftem Hartk\u00e4se gereicht werden kann. Dunkles gebratenes Fleisch f\u00fchlt sich in Begleitung des Sammarcos ebenfalls sehr wohl.<\/p>\n<p>Die Flasche sollte eine Stunde vor dem Verkosten entkorkt werden.<\/p>\n","protected":false},"excerpt":{"rendered":"<p>Castello dei Rampolla Sammarco 1996 Castello dei Rampolla hat ein breitgef\u00e4chertes Sortiment. Sammarco geh\u00f6rt zu den Herzst\u00fccken des Weinguts. Ein gro\u00dfer Wein Italiens mit kontinuierlich guter Qualit\u00e4t. Dieser Cabernet Sauvignon wird mit kleinen Zus\u00e4tzen von Sangiovese und Merlot veredelt. Durch lange Monate im Barrique \u00fcberzeugt er mit ausgepr\u00e4gten Vanille- und R\u00f6staromen. Ein klassischer Toskaner, der [&hellip;]<\/p>\n","protected":false},"featured_media":10019,"comment_status":"open","ping_status":"closed","template":"","meta":{"_acf_changed":false,"_monsterinsights_skip_tracking":false,"_monsterinsights_sitenote_active":false,"_monsterinsights_sitenote_note":"","_monsterinsights_sitenote_category":0},"product_brand":[],"product_cat":[1693],"product_tag":[1733,1745,3583],"class_list":{"0":"post-14437","1":"product","2":"type-product","3":"status-publish","4":"has-post-thumbnail","6":"product_cat-blend-2-de","7":"product_tag-aussergewoehnliche-weine-de","8":"product_tag-super-tuscan-de","9":"product_tag-vini-toscani-de","10":"pa_appellation-toscana-rosso-igt-de","11":"pa_formato-0-75-l-flasche-de","12":"pa_producer-castello-dei-rampolla-de","13":"pa_region-toskana-de","14":"pa_vine-cabernet-sauvignon-sangiovese-e-merlot-de","15":"pa_vintage-1996-de","17":"first","18":"instock","19":"taxable","20":"shipping-taxable","21":"purchasable","22":"product-type-simple"},"bundled_by":[],"bundle_stock_status":"instock","bundle_stock_quantity":2,"bundle_virtual":false,"bundle_layout":"","bundle_add_to_cart_form_location":"","bundle_editable_in_cart":false,"bundle_sold_individually_context":"","bundle_item_grouping":"","bundle_min_size":"","bundle_max_size":"","bundle_price":[],"bundled_items":[],"bundle_sell_ids":[],"yoast_head":"<!-- This site is optimized with the Yoast SEO plugin v27.3 - https:\/\/yoast.com\/product\/yoast-seo-wordpress\/ -->\n<title>Buy Castello dei Rampolla Sammarco 1996 wine online | FonsVinum<\/title>\n<meta name=\"description\" content=\"Castello dei Rampolla Sammarco 1996\" \/>\n<meta name=\"robots\" content=\"index, follow, max-snippet:-1, max-image-preview:large, max-video-preview:-1\" \/>\n<link rel=\"canonical\" href=\"https:\/\/fonsvinum.com\/de\/produkt\/castello-dei-rampolla-sammarco-1996\/\" \/>\n<meta property=\"og:locale\" content=\"de_DE\" \/>\n<meta property=\"og:type\" content=\"article\" \/>\n<meta property=\"og:title\" content=\"Buy Castello dei Rampolla Sammarco 1996 wine online | FonsVinum\" \/>\n<meta property=\"og:description\" content=\"Castello dei Rampolla Sammarco 1996\" \/>\n<meta property=\"og:url\" content=\"https:\/\/fonsvinum.com\/de\/produkt\/castello-dei-rampolla-sammarco-1996\/\" \/>\n<meta property=\"og:site_name\" content=\"Fons Vinum\" \/>\n<meta property=\"article:modified_time\" content=\"2020-06-08T07:58:57+00:00\" \/>\n<meta property=\"og:image\" content=\"https:\/\/fonsvinum.com\/files\/2017\/02\/Castello-dei-Rampolla-Sammarco.png\" \/>\n\t<meta property=\"og:image:width\" content=\"200\" \/>\n\t<meta property=\"og:image:height\" content=\"600\" \/>\n\t<meta property=\"og:image:type\" content=\"image\/png\" \/>\n<script type=\"application\/ld+json\" class=\"yoast-schema-graph\">{\"@context\":\"https:\\\/\\\/schema.org\",\"@graph\":[{\"@type\":\"WebPage\",\"@id\":\"https:\\\/\\\/fonsvinum.com\\\/de\\\/produkt\\\/castello-dei-rampolla-sammarco-1996\\\/\",\"url\":\"https:\\\/\\\/fonsvinum.com\\\/de\\\/produkt\\\/castello-dei-rampolla-sammarco-1996\\\/\",\"name\":\"Buy Castello dei Rampolla Sammarco 1996 wine online | FonsVinum\",\"isPartOf\":{\"@id\":\"https:\\\/\\\/fonsvinum.com\\\/en\\\/#website\"},\"primaryImageOfPage\":{\"@id\":\"https:\\\/\\\/fonsvinum.com\\\/de\\\/produkt\\\/castello-dei-rampolla-sammarco-1996\\\/#primaryimage\"},\"image\":{\"@id\":\"https:\\\/\\\/fonsvinum.com\\\/de\\\/produkt\\\/castello-dei-rampolla-sammarco-1996\\\/#primaryimage\"},\"thumbnailUrl\":\"https:\\\/\\\/fonsvinum.com\\\/files\\\/2017\\\/02\\\/Castello-dei-Rampolla-Sammarco.png\",\"datePublished\":\"2018-04-09T15:35:44+00:00\",\"dateModified\":\"2020-06-08T07:58:57+00:00\",\"description\":\"Castello dei Rampolla Sammarco 1996\",\"breadcrumb\":{\"@id\":\"https:\\\/\\\/fonsvinum.com\\\/de\\\/produkt\\\/castello-dei-rampolla-sammarco-1996\\\/#breadcrumb\"},\"inLanguage\":\"de\",\"potentialAction\":[{\"@type\":\"ReadAction\",\"target\":[\"https:\\\/\\\/fonsvinum.com\\\/de\\\/produkt\\\/castello-dei-rampolla-sammarco-1996\\\/\"]}]},{\"@type\":\"ImageObject\",\"inLanguage\":\"de\",\"@id\":\"https:\\\/\\\/fonsvinum.com\\\/de\\\/produkt\\\/castello-dei-rampolla-sammarco-1996\\\/#primaryimage\",\"url\":\"https:\\\/\\\/fonsvinum.com\\\/files\\\/2017\\\/02\\\/Castello-dei-Rampolla-Sammarco.png\",\"contentUrl\":\"https:\\\/\\\/fonsvinum.com\\\/files\\\/2017\\\/02\\\/Castello-dei-Rampolla-Sammarco.png\",\"width\":200,\"height\":600},{\"@type\":\"BreadcrumbList\",\"@id\":\"https:\\\/\\\/fonsvinum.com\\\/de\\\/produkt\\\/castello-dei-rampolla-sammarco-1996\\\/#breadcrumb\",\"itemListElement\":[{\"@type\":\"ListItem\",\"position\":1,\"name\":\"Startseite\",\"item\":\"https:\\\/\\\/fonsvinum.com\\\/de\\\/\"},{\"@type\":\"ListItem\",\"position\":2,\"name\":\"Shop\",\"item\":\"https:\\\/\\\/fonsvinum.com\\\/de\\\/shop\\\/\"},{\"@type\":\"ListItem\",\"position\":3,\"name\":\"Castello dei Rampolla Sammarco 1996\"}]},{\"@type\":\"WebSite\",\"@id\":\"https:\\\/\\\/fonsvinum.com\\\/en\\\/#website\",\"url\":\"https:\\\/\\\/fonsvinum.com\\\/en\\\/\",\"name\":\"Fons Vinum\",\"description\":\"Vendita Vino Online\",\"publisher\":{\"@id\":\"https:\\\/\\\/fonsvinum.com\\\/en\\\/#organization\"},\"potentialAction\":[{\"@type\":\"SearchAction\",\"target\":{\"@type\":\"EntryPoint\",\"urlTemplate\":\"https:\\\/\\\/fonsvinum.com\\\/en\\\/?s={search_term_string}\"},\"query-input\":{\"@type\":\"PropertyValueSpecification\",\"valueRequired\":true,\"valueName\":\"search_term_string\"}}],\"inLanguage\":\"de\"},{\"@type\":\"Organization\",\"@id\":\"https:\\\/\\\/fonsvinum.com\\\/en\\\/#organization\",\"name\":\"Fons Vinum\",\"url\":\"https:\\\/\\\/fonsvinum.com\\\/en\\\/\",\"logo\":{\"@type\":\"ImageObject\",\"inLanguage\":\"de\",\"@id\":\"https:\\\/\\\/fonsvinum.com\\\/en\\\/#\\\/schema\\\/logo\\\/image\\\/\",\"url\":\"\",\"contentUrl\":\"\",\"caption\":\"Fons Vinum\"},\"image\":{\"@id\":\"https:\\\/\\\/fonsvinum.com\\\/en\\\/#\\\/schema\\\/logo\\\/image\\\/\"}}]}<\/script>\n<!-- \/ Yoast SEO plugin. -->","yoast_head_json":{"title":"Buy Castello dei Rampolla Sammarco 1996 wine online | FonsVinum","description":"Castello dei Rampolla Sammarco 1996","robots":{"index":"index","follow":"follow","max-snippet":"max-snippet:-1","max-image-preview":"max-image-preview:large","max-video-preview":"max-video-preview:-1"},"canonical":"https:\/\/fonsvinum.com\/de\/produkt\/castello-dei-rampolla-sammarco-1996\/","og_locale":"de_DE","og_type":"article","og_title":"Buy Castello dei Rampolla Sammarco 1996 wine online | FonsVinum","og_description":"Castello dei Rampolla Sammarco 1996","og_url":"https:\/\/fonsvinum.com\/de\/produkt\/castello-dei-rampolla-sammarco-1996\/","og_site_name":"Fons Vinum","article_modified_time":"2020-06-08T07:58:57+00:00","og_image":[{"width":200,"height":600,"url":"https:\/\/fonsvinum.com\/files\/2017\/02\/Castello-dei-Rampolla-Sammarco.png","type":"image\/png"}],"schema":{"@context":"https:\/\/schema.org","@graph":[{"@type":"WebPage","@id":"https:\/\/fonsvinum.com\/de\/produkt\/castello-dei-rampolla-sammarco-1996\/","url":"https:\/\/fonsvinum.com\/de\/produkt\/castello-dei-rampolla-sammarco-1996\/","name":"Buy Castello dei Rampolla Sammarco 1996 wine online | FonsVinum","isPartOf":{"@id":"https:\/\/fonsvinum.com\/en\/#website"},"primaryImageOfPage":{"@id":"https:\/\/fonsvinum.com\/de\/produkt\/castello-dei-rampolla-sammarco-1996\/#primaryimage"},"image":{"@id":"https:\/\/fonsvinum.com\/de\/produkt\/castello-dei-rampolla-sammarco-1996\/#primaryimage"},"thumbnailUrl":"https:\/\/fonsvinum.com\/files\/2017\/02\/Castello-dei-Rampolla-Sammarco.png","datePublished":"2018-04-09T15:35:44+00:00","dateModified":"2020-06-08T07:58:57+00:00","description":"Castello dei Rampolla Sammarco 1996","breadcrumb":{"@id":"https:\/\/fonsvinum.com\/de\/produkt\/castello-dei-rampolla-sammarco-1996\/#breadcrumb"},"inLanguage":"de","potentialAction":[{"@type":"ReadAction","target":["https:\/\/fonsvinum.com\/de\/produkt\/castello-dei-rampolla-sammarco-1996\/"]}]},{"@type":"ImageObject","inLanguage":"de","@id":"https:\/\/fonsvinum.com\/de\/produkt\/castello-dei-rampolla-sammarco-1996\/#primaryimage","url":"https:\/\/fonsvinum.com\/files\/2017\/02\/Castello-dei-Rampolla-Sammarco.png","contentUrl":"https:\/\/fonsvinum.com\/files\/2017\/02\/Castello-dei-Rampolla-Sammarco.png","width":200,"height":600},{"@type":"BreadcrumbList","@id":"https:\/\/fonsvinum.com\/de\/produkt\/castello-dei-rampolla-sammarco-1996\/#breadcrumb","itemListElement":[{"@type":"ListItem","position":1,"name":"Startseite","item":"https:\/\/fonsvinum.com\/de\/"},{"@type":"ListItem","position":2,"name":"Shop","item":"https:\/\/fonsvinum.com\/de\/shop\/"},{"@type":"ListItem","position":3,"name":"Castello dei Rampolla Sammarco 1996"}]},{"@type":"WebSite","@id":"https:\/\/fonsvinum.com\/en\/#website","url":"https:\/\/fonsvinum.com\/en\/","name":"Fons Vinum","description":"Vendita Vino Online","publisher":{"@id":"https:\/\/fonsvinum.com\/en\/#organization"},"potentialAction":[{"@type":"SearchAction","target":{"@type":"EntryPoint","urlTemplate":"https:\/\/fonsvinum.com\/en\/?s={search_term_string}"},"query-input":{"@type":"PropertyValueSpecification","valueRequired":true,"valueName":"search_term_string"}}],"inLanguage":"de"},{"@type":"Organization","@id":"https:\/\/fonsvinum.com\/en\/#organization","name":"Fons Vinum","url":"https:\/\/fonsvinum.com\/en\/","logo":{"@type":"ImageObject","inLanguage":"de","@id":"https:\/\/fonsvinum.com\/en\/#\/schema\/logo\/image\/","url":"","contentUrl":"","caption":"Fons Vinum"},"image":{"@id":"https:\/\/fonsvinum.com\/en\/#\/schema\/logo\/image\/"}}]}},"acf":[],"_links":{"self":[{"href":"https:\/\/fonsvinum.com\/de\/wp-json\/wp\/v2\/product\/14437","targetHints":{"allow":["GET"]}}],"collection":[{"href":"https:\/\/fonsvinum.com\/de\/wp-json\/wp\/v2\/product"}],"about":[{"href":"https:\/\/fonsvinum.com\/de\/wp-json\/wp\/v2\/types\/product"}],"replies":[{"embeddable":true,"href":"https:\/\/fonsvinum.com\/de\/wp-json\/wp\/v2\/comments?post=14437"}],"wp:featuredmedia":[{"embeddable":true,"href":"https:\/\/fonsvinum.com\/de\/wp-json\/wp\/v2\/media\/10019"}],"wp:attachment":[{"href":"https:\/\/fonsvinum.com\/de\/wp-json\/wp\/v2\/media?parent=14437"}],"wp:term":[{"taxonomy":"product_brand","embeddable":true,"href":"https:\/\/fonsvinum.com\/de\/wp-json\/wp\/v2\/product_brand?post=14437"},{"taxonomy":"product_cat","embeddable":true,"href":"https:\/\/fonsvinum.com\/de\/wp-json\/wp\/v2\/product_cat?post=14437"},{"taxonomy":"product_tag","embeddable":true,"href":"https:\/\/fonsvinum.com\/de\/wp-json\/wp\/v2\/product_tag?post=14437"}],"curies":[{"name":"wp","href":"https:\/\/api.w.org\/{rel}","templated":true}]}}