{"id":13624,"date":"2018-03-14T17:53:43","date_gmt":"2018-03-14T16:53:43","guid":{"rendered":"https:\/\/fonsvinum.com\/?post_type=product&#038;p=13624"},"modified":"2019-10-23T14:56:20","modified_gmt":"2019-10-23T12:56:20","slug":"barbaresco-gallina-la-spinetta-2014","status":"publish","type":"product","link":"https:\/\/fonsvinum.com\/de\/produkt\/barbaresco-gallina-la-spinetta-2014\/","title":{"rendered":"Barbaresco Gallina LA SPINETTA 2014"},"content":{"rendered":"<p>Barbaresco Gallina <a title=\"la spinetta\" href=\"https:\/\/fonsvinum.com\/produttore\/la-spinetta-vini-wines\/\" target=\"_blank\" rel=\"noopener\">LA SPINETTA<\/a>\u00a02014<\/p>\n<p>Der Barbaresco Gallina beeindruckt mit einer lebhaften, tiefen rubinroten Farbe mit violettem Rand.<br \/>\nRote Fr\u00fcchte wie rote Johannisbeeren und Kirschen, Mokka, feine Gew\u00fcrze und florale Noten (Veilchen, Rosen) pr\u00e4gen das Duftprofil. Am kr\u00e4ftigen, stoffigen Gaumen ist ein weicher und dichter Fruchtkern mit \u00fcppigen Pflaumen- und Johannisbeeraromen, akzentuiert von Tabaknoten zu versp\u00fcren.<\/p>\n<p>Wir empfehlen ihn zu gegrillten Speisen, roten Fleischgerichten und Wild oder zum Sologenuss.<\/p>\n<p>Nach einer 20- bis 22-monatigen Reife in franz\u00f6sischen Eichenf\u00e4ssern kommt der Wein f\u00fcr 3 Monate in Stahltanks ehe er auf die Flasche gef\u00fcllt wird und dort f\u00fcr weitere 12 Monate lagert.<\/p>\n","protected":false},"excerpt":{"rendered":"<p>Barbaresco Gallina LA SPINETTA\u00a02014 Der Barbaresco Gallina beeindruckt mit einer lebhaften, tiefen rubinroten Farbe mit violettem Rand. Rote Fr\u00fcchte wie rote Johannisbeeren und Kirschen, Mokka, feine Gew\u00fcrze und florale Noten (Veilchen, Rosen) pr\u00e4gen das Duftprofil. Am kr\u00e4ftigen, stoffigen Gaumen ist ein weicher und dichter Fruchtkern mit \u00fcppigen Pflaumen- und Johannisbeeraromen, akzentuiert von Tabaknoten zu versp\u00fcren. [&hellip;]<\/p>\n","protected":false},"featured_media":5840,"comment_status":"open","ping_status":"closed","template":"","meta":{"_acf_changed":false,"_monsterinsights_skip_tracking":false,"_monsterinsights_sitenote_active":false,"_monsterinsights_sitenote_note":"","_monsterinsights_sitenote_category":0},"product_brand":[],"product_cat":[1773],"product_tag":[],"class_list":{"0":"post-13624","1":"product","2":"type-product","3":"status-publish","4":"has-post-thumbnail","6":"product_cat-barbaresco-de","7":"pa_appellation-barbaresco-docg-de","8":"pa_formato-0-75-l-flasche-de","9":"pa_producer-la-spinetta-de","10":"pa_region-piemont-de","11":"pa_vine-100-nebbiolo-de","12":"pa_vintage-2014-de","14":"first","15":"instock","16":"sale","17":"taxable","18":"shipping-taxable","19":"purchasable","20":"product-type-simple"},"bundled_by":[],"bundle_stock_status":"instock","bundle_stock_quantity":3,"bundle_virtual":false,"bundle_layout":"","bundle_add_to_cart_form_location":"","bundle_editable_in_cart":false,"bundle_sold_individually_context":"","bundle_item_grouping":"","bundle_min_size":"","bundle_max_size":"","bundle_price":[],"bundled_items":[],"bundle_sell_ids":[],"yoast_head":"<!-- This site is optimized with the Yoast SEO plugin v27.3 - https:\/\/yoast.com\/product\/yoast-seo-wordpress\/ -->\n<title>Barbaresco Gallina LA SPINETTA 2014 online Fons Vinum<\/title>\n<meta name=\"description\" content=\"Barbaresco Gallina LA SPINETTA 2014 I Fonsvinum rare Weine online aus Piedmot,Toskana und Venetien\" \/>\n<meta name=\"robots\" content=\"index, follow, max-snippet:-1, max-image-preview:large, max-video-preview:-1\" \/>\n<link rel=\"canonical\" href=\"https:\/\/fonsvinum.com\/de\/produkt\/barbaresco-gallina-la-spinetta-2014\/\" \/>\n<meta property=\"og:locale\" content=\"de_DE\" \/>\n<meta property=\"og:type\" content=\"article\" \/>\n<meta property=\"og:title\" content=\"Barbaresco Gallina LA SPINETTA 2014 online Fons Vinum\" \/>\n<meta property=\"og:description\" content=\"Barbaresco Gallina LA SPINETTA 2014 I Fonsvinum rare Weine online aus Piedmot,Toskana und Venetien\" \/>\n<meta property=\"og:url\" content=\"https:\/\/fonsvinum.com\/de\/produkt\/barbaresco-gallina-la-spinetta-2014\/\" \/>\n<meta property=\"og:site_name\" content=\"Fons Vinum\" \/>\n<meta property=\"article:modified_time\" content=\"2019-10-23T12:56:20+00:00\" \/>\n<meta property=\"og:image\" content=\"https:\/\/fonsvinum.com\/files\/2013\/04\/barbaresco-gallina-la-spinetta.jpg\" \/>\n\t<meta property=\"og:image:width\" content=\"225\" \/>\n\t<meta property=\"og:image:height\" content=\"540\" \/>\n\t<meta property=\"og:image:type\" content=\"image\/jpeg\" \/>\n<meta name=\"twitter:label1\" content=\"Gesch\u00e4tzte Lesezeit\" \/>\n\t<meta name=\"twitter:data1\" content=\"1\u00a0Minute\" \/>\n<script type=\"application\/ld+json\" class=\"yoast-schema-graph\">{\"@context\":\"https:\\\/\\\/schema.org\",\"@graph\":[{\"@type\":\"WebPage\",\"@id\":\"https:\\\/\\\/fonsvinum.com\\\/de\\\/produkt\\\/barbaresco-gallina-la-spinetta-2014\\\/\",\"url\":\"https:\\\/\\\/fonsvinum.com\\\/de\\\/produkt\\\/barbaresco-gallina-la-spinetta-2014\\\/\",\"name\":\"Barbaresco Gallina LA SPINETTA 2014 online Fons Vinum\",\"isPartOf\":{\"@id\":\"https:\\\/\\\/fonsvinum.com\\\/en\\\/#website\"},\"primaryImageOfPage\":{\"@id\":\"https:\\\/\\\/fonsvinum.com\\\/de\\\/produkt\\\/barbaresco-gallina-la-spinetta-2014\\\/#primaryimage\"},\"image\":{\"@id\":\"https:\\\/\\\/fonsvinum.com\\\/de\\\/produkt\\\/barbaresco-gallina-la-spinetta-2014\\\/#primaryimage\"},\"thumbnailUrl\":\"https:\\\/\\\/fonsvinum.com\\\/files\\\/2013\\\/04\\\/barbaresco-gallina-la-spinetta.jpg\",\"datePublished\":\"2018-03-14T16:53:43+00:00\",\"dateModified\":\"2019-10-23T12:56:20+00:00\",\"description\":\"Barbaresco Gallina LA SPINETTA 2014 I Fonsvinum rare Weine online aus Piedmot,Toskana und Venetien\",\"breadcrumb\":{\"@id\":\"https:\\\/\\\/fonsvinum.com\\\/de\\\/produkt\\\/barbaresco-gallina-la-spinetta-2014\\\/#breadcrumb\"},\"inLanguage\":\"de\",\"potentialAction\":[{\"@type\":\"ReadAction\",\"target\":[\"https:\\\/\\\/fonsvinum.com\\\/de\\\/produkt\\\/barbaresco-gallina-la-spinetta-2014\\\/\"]}]},{\"@type\":\"ImageObject\",\"inLanguage\":\"de\",\"@id\":\"https:\\\/\\\/fonsvinum.com\\\/de\\\/produkt\\\/barbaresco-gallina-la-spinetta-2014\\\/#primaryimage\",\"url\":\"https:\\\/\\\/fonsvinum.com\\\/files\\\/2013\\\/04\\\/barbaresco-gallina-la-spinetta.jpg\",\"contentUrl\":\"https:\\\/\\\/fonsvinum.com\\\/files\\\/2013\\\/04\\\/barbaresco-gallina-la-spinetta.jpg\",\"width\":225,\"height\":540},{\"@type\":\"BreadcrumbList\",\"@id\":\"https:\\\/\\\/fonsvinum.com\\\/de\\\/produkt\\\/barbaresco-gallina-la-spinetta-2014\\\/#breadcrumb\",\"itemListElement\":[{\"@type\":\"ListItem\",\"position\":1,\"name\":\"Startseite\",\"item\":\"https:\\\/\\\/fonsvinum.com\\\/de\\\/\"},{\"@type\":\"ListItem\",\"position\":2,\"name\":\"Shop\",\"item\":\"https:\\\/\\\/fonsvinum.com\\\/de\\\/shop\\\/\"},{\"@type\":\"ListItem\",\"position\":3,\"name\":\"Barbaresco Gallina LA SPINETTA 2014\"}]},{\"@type\":\"WebSite\",\"@id\":\"https:\\\/\\\/fonsvinum.com\\\/en\\\/#website\",\"url\":\"https:\\\/\\\/fonsvinum.com\\\/en\\\/\",\"name\":\"Fons Vinum\",\"description\":\"Vendita Vino Online\",\"publisher\":{\"@id\":\"https:\\\/\\\/fonsvinum.com\\\/en\\\/#organization\"},\"potentialAction\":[{\"@type\":\"SearchAction\",\"target\":{\"@type\":\"EntryPoint\",\"urlTemplate\":\"https:\\\/\\\/fonsvinum.com\\\/en\\\/?s={search_term_string}\"},\"query-input\":{\"@type\":\"PropertyValueSpecification\",\"valueRequired\":true,\"valueName\":\"search_term_string\"}}],\"inLanguage\":\"de\"},{\"@type\":\"Organization\",\"@id\":\"https:\\\/\\\/fonsvinum.com\\\/en\\\/#organization\",\"name\":\"Fons Vinum\",\"url\":\"https:\\\/\\\/fonsvinum.com\\\/en\\\/\",\"logo\":{\"@type\":\"ImageObject\",\"inLanguage\":\"de\",\"@id\":\"https:\\\/\\\/fonsvinum.com\\\/en\\\/#\\\/schema\\\/logo\\\/image\\\/\",\"url\":\"\",\"contentUrl\":\"\",\"caption\":\"Fons Vinum\"},\"image\":{\"@id\":\"https:\\\/\\\/fonsvinum.com\\\/en\\\/#\\\/schema\\\/logo\\\/image\\\/\"}}]}<\/script>\n<!-- \/ Yoast SEO plugin. -->","yoast_head_json":{"title":"Barbaresco Gallina LA SPINETTA 2014 online Fons Vinum","description":"Barbaresco Gallina LA SPINETTA 2014 I Fonsvinum rare Weine online aus Piedmot,Toskana und Venetien","robots":{"index":"index","follow":"follow","max-snippet":"max-snippet:-1","max-image-preview":"max-image-preview:large","max-video-preview":"max-video-preview:-1"},"canonical":"https:\/\/fonsvinum.com\/de\/produkt\/barbaresco-gallina-la-spinetta-2014\/","og_locale":"de_DE","og_type":"article","og_title":"Barbaresco Gallina LA SPINETTA 2014 online Fons Vinum","og_description":"Barbaresco Gallina LA SPINETTA 2014 I Fonsvinum rare Weine online aus Piedmot,Toskana und Venetien","og_url":"https:\/\/fonsvinum.com\/de\/produkt\/barbaresco-gallina-la-spinetta-2014\/","og_site_name":"Fons Vinum","article_modified_time":"2019-10-23T12:56:20+00:00","og_image":[{"width":225,"height":540,"url":"https:\/\/fonsvinum.com\/files\/2013\/04\/barbaresco-gallina-la-spinetta.jpg","type":"image\/jpeg"}],"twitter_misc":{"Gesch\u00e4tzte Lesezeit":"1\u00a0Minute"},"schema":{"@context":"https:\/\/schema.org","@graph":[{"@type":"WebPage","@id":"https:\/\/fonsvinum.com\/de\/produkt\/barbaresco-gallina-la-spinetta-2014\/","url":"https:\/\/fonsvinum.com\/de\/produkt\/barbaresco-gallina-la-spinetta-2014\/","name":"Barbaresco Gallina LA SPINETTA 2014 online Fons Vinum","isPartOf":{"@id":"https:\/\/fonsvinum.com\/en\/#website"},"primaryImageOfPage":{"@id":"https:\/\/fonsvinum.com\/de\/produkt\/barbaresco-gallina-la-spinetta-2014\/#primaryimage"},"image":{"@id":"https:\/\/fonsvinum.com\/de\/produkt\/barbaresco-gallina-la-spinetta-2014\/#primaryimage"},"thumbnailUrl":"https:\/\/fonsvinum.com\/files\/2013\/04\/barbaresco-gallina-la-spinetta.jpg","datePublished":"2018-03-14T16:53:43+00:00","dateModified":"2019-10-23T12:56:20+00:00","description":"Barbaresco Gallina LA SPINETTA 2014 I Fonsvinum rare Weine online aus Piedmot,Toskana und Venetien","breadcrumb":{"@id":"https:\/\/fonsvinum.com\/de\/produkt\/barbaresco-gallina-la-spinetta-2014\/#breadcrumb"},"inLanguage":"de","potentialAction":[{"@type":"ReadAction","target":["https:\/\/fonsvinum.com\/de\/produkt\/barbaresco-gallina-la-spinetta-2014\/"]}]},{"@type":"ImageObject","inLanguage":"de","@id":"https:\/\/fonsvinum.com\/de\/produkt\/barbaresco-gallina-la-spinetta-2014\/#primaryimage","url":"https:\/\/fonsvinum.com\/files\/2013\/04\/barbaresco-gallina-la-spinetta.jpg","contentUrl":"https:\/\/fonsvinum.com\/files\/2013\/04\/barbaresco-gallina-la-spinetta.jpg","width":225,"height":540},{"@type":"BreadcrumbList","@id":"https:\/\/fonsvinum.com\/de\/produkt\/barbaresco-gallina-la-spinetta-2014\/#breadcrumb","itemListElement":[{"@type":"ListItem","position":1,"name":"Startseite","item":"https:\/\/fonsvinum.com\/de\/"},{"@type":"ListItem","position":2,"name":"Shop","item":"https:\/\/fonsvinum.com\/de\/shop\/"},{"@type":"ListItem","position":3,"name":"Barbaresco Gallina LA SPINETTA 2014"}]},{"@type":"WebSite","@id":"https:\/\/fonsvinum.com\/en\/#website","url":"https:\/\/fonsvinum.com\/en\/","name":"Fons Vinum","description":"Vendita Vino Online","publisher":{"@id":"https:\/\/fonsvinum.com\/en\/#organization"},"potentialAction":[{"@type":"SearchAction","target":{"@type":"EntryPoint","urlTemplate":"https:\/\/fonsvinum.com\/en\/?s={search_term_string}"},"query-input":{"@type":"PropertyValueSpecification","valueRequired":true,"valueName":"search_term_string"}}],"inLanguage":"de"},{"@type":"Organization","@id":"https:\/\/fonsvinum.com\/en\/#organization","name":"Fons Vinum","url":"https:\/\/fonsvinum.com\/en\/","logo":{"@type":"ImageObject","inLanguage":"de","@id":"https:\/\/fonsvinum.com\/en\/#\/schema\/logo\/image\/","url":"","contentUrl":"","caption":"Fons Vinum"},"image":{"@id":"https:\/\/fonsvinum.com\/en\/#\/schema\/logo\/image\/"}}]}},"acf":[],"_links":{"self":[{"href":"https:\/\/fonsvinum.com\/de\/wp-json\/wp\/v2\/product\/13624","targetHints":{"allow":["GET"]}}],"collection":[{"href":"https:\/\/fonsvinum.com\/de\/wp-json\/wp\/v2\/product"}],"about":[{"href":"https:\/\/fonsvinum.com\/de\/wp-json\/wp\/v2\/types\/product"}],"replies":[{"embeddable":true,"href":"https:\/\/fonsvinum.com\/de\/wp-json\/wp\/v2\/comments?post=13624"}],"wp:featuredmedia":[{"embeddable":true,"href":"https:\/\/fonsvinum.com\/de\/wp-json\/wp\/v2\/media\/5840"}],"wp:attachment":[{"href":"https:\/\/fonsvinum.com\/de\/wp-json\/wp\/v2\/media?parent=13624"}],"wp:term":[{"taxonomy":"product_brand","embeddable":true,"href":"https:\/\/fonsvinum.com\/de\/wp-json\/wp\/v2\/product_brand?post=13624"},{"taxonomy":"product_cat","embeddable":true,"href":"https:\/\/fonsvinum.com\/de\/wp-json\/wp\/v2\/product_cat?post=13624"},{"taxonomy":"product_tag","embeddable":true,"href":"https:\/\/fonsvinum.com\/de\/wp-json\/wp\/v2\/product_tag?post=13624"}],"curies":[{"name":"wp","href":"https:\/\/api.w.org\/{rel}","templated":true}]}}