{"id":13240,"date":"2018-02-20T12:12:25","date_gmt":"2018-02-20T11:12:25","guid":{"rendered":"https:\/\/fonsvinum.com\/?post_type=product&#038;p=13240"},"modified":"2019-11-18T11:05:04","modified_gmt":"2019-11-18T10:05:04","slug":"gaja-sperss-2005","status":"publish","type":"product","link":"https:\/\/fonsvinum.com\/de\/produkt\/gaja-sperss-2005\/","title":{"rendered":"GAJA Sperss 2005"},"content":{"rendered":"<h1>GAJA Sperss 2005<\/h1>\n<p>H\u00f6chst elegante Duftwolke mit vielf\u00e4ltigen Fruchtaromen, fein eingebundenes Holz mit Vanillenoten, samitger finessenreicher Geschmack mit ausgewogenen Tanninen.<\/p>\n<p>Der Sperss offenbart das herausragende Terroir der Langhe.<\/p>\n<p>Sehr dichtes und komplexes Gew\u00e4chs.<\/p>\n<p>Die Lage Sperss ist seit 1961 bei Gaja, seit 1988 wird der Wein als Einzellage abgef\u00fcllt. Sperss hei\u00dft auf piemontesisch \u201eSehnsucht\u201c.<\/p>\n<p>Ein Paradewein von Gaja.<\/p>\n<p>ANGELO GAJA\u00a0\u2013 er ist der Gr\u00f6\u00dfte unter den Gro\u00dfen:<\/p>\n<p>Der Name Gaja ist mit Barbaresco und seinem Wein aus der Dorflage zusammen zu nennen, denn was w\u00e4re Barbaresco heute, wenn Angelo Gaja nicht gezeigt h\u00e4tte, dass hier gro\u00dfe Piemonteser wachsen. Die Weine von Angelo Gaja f\u00fchren mit weitem Abstand die Liste der Weinelite an.<\/p>\n<p>&nbsp;<\/p>\n","protected":false},"excerpt":{"rendered":"<p>GAJA Sperss 2005 H\u00f6chst elegante Duftwolke mit vielf\u00e4ltigen Fruchtaromen, fein eingebundenes Holz mit Vanillenoten, samitger finessenreicher Geschmack mit ausgewogenen Tanninen. Der Sperss offenbart das herausragende Terroir der Langhe. Sehr dichtes und komplexes Gew\u00e4chs. Die Lage Sperss ist seit 1961 bei Gaja, seit 1988 wird der Wein als Einzellage abgef\u00fcllt. Sperss hei\u00dft auf piemontesisch \u201eSehnsucht\u201c. Ein [&hellip;]<\/p>\n","protected":false},"featured_media":6062,"comment_status":"open","ping_status":"closed","template":"","meta":{"_acf_changed":false,"_monsterinsights_skip_tracking":false,"_monsterinsights_sitenote_active":false,"_monsterinsights_sitenote_note":"","_monsterinsights_sitenote_category":0},"product_brand":[],"product_cat":[1693],"product_tag":[1733],"class_list":{"0":"post-13240","1":"product","2":"type-product","3":"status-publish","4":"has-post-thumbnail","6":"product_cat-blend-2-de","7":"product_tag-aussergewoehnliche-weine-de","8":"pa_appellation-langhe-rosso-doc-de","9":"pa_formato-0-75-l-flasche-de","10":"pa_producer-gaja-de","11":"pa_region-piemont-de","12":"pa_vine-94-nebbiolo-6-barbera-de","13":"pa_vintage-2005-de","15":"first","16":"instock","17":"taxable","18":"shipping-taxable","19":"purchasable","20":"product-type-simple"},"bundled_by":[],"bundle_stock_status":"instock","bundle_stock_quantity":6,"bundle_virtual":false,"bundle_layout":"","bundle_add_to_cart_form_location":"","bundle_editable_in_cart":false,"bundle_sold_individually_context":"","bundle_item_grouping":"","bundle_min_size":"","bundle_max_size":"","bundle_price":[],"bundled_items":[],"bundle_sell_ids":[],"yoast_head":"<!-- This site is optimized with the Yoast SEO plugin v27.3 - https:\/\/yoast.com\/product\/yoast-seo-wordpress\/ -->\n<title>Kaufen on line on Fons Vinum ANGELO GAJA Sperss 2005<\/title>\n<meta name=\"description\" content=\"Kaufen on line on Fons Vinum rare Weine aus Piedmont ANGELO GAJA LANGHE NEBBIOLO Sperss JAHRGANG 2005. Sperss hei\u00dft auf piemontesisch \u201eSehnsucht\u201c. Ein Paradewein von Gaja.\" \/>\n<meta name=\"robots\" content=\"index, follow, max-snippet:-1, max-image-preview:large, max-video-preview:-1\" \/>\n<link rel=\"canonical\" href=\"https:\/\/fonsvinum.com\/de\/produkt\/gaja-sperss-2005\/\" \/>\n<meta property=\"og:locale\" content=\"de_DE\" \/>\n<meta property=\"og:type\" content=\"article\" \/>\n<meta property=\"og:title\" content=\"Kaufen on line on Fons Vinum ANGELO GAJA Sperss 2005\" \/>\n<meta property=\"og:description\" content=\"Kaufen on line on Fons Vinum rare Weine aus Piedmont ANGELO GAJA LANGHE NEBBIOLO Sperss JAHRGANG 2005. Sperss hei\u00dft auf piemontesisch \u201eSehnsucht\u201c. Ein Paradewein von Gaja.\" \/>\n<meta property=\"og:url\" content=\"https:\/\/fonsvinum.com\/de\/produkt\/gaja-sperss-2005\/\" \/>\n<meta property=\"og:site_name\" content=\"Fons Vinum\" \/>\n<meta property=\"article:modified_time\" content=\"2019-11-18T10:05:04+00:00\" \/>\n<meta property=\"og:image\" content=\"https:\/\/fonsvinum.com\/files\/2013\/04\/langhe_nebbiolo_sperss_gaja.png\" \/>\n\t<meta property=\"og:image:width\" content=\"200\" \/>\n\t<meta property=\"og:image:height\" content=\"600\" \/>\n\t<meta property=\"og:image:type\" content=\"image\/png\" \/>\n<meta name=\"twitter:label1\" content=\"Gesch\u00e4tzte Lesezeit\" \/>\n\t<meta name=\"twitter:data1\" content=\"1\u00a0Minute\" \/>\n<script type=\"application\/ld+json\" class=\"yoast-schema-graph\">{\"@context\":\"https:\\\/\\\/schema.org\",\"@graph\":[{\"@type\":\"WebPage\",\"@id\":\"https:\\\/\\\/fonsvinum.com\\\/de\\\/produkt\\\/gaja-sperss-2005\\\/\",\"url\":\"https:\\\/\\\/fonsvinum.com\\\/de\\\/produkt\\\/gaja-sperss-2005\\\/\",\"name\":\"Kaufen on line on Fons Vinum ANGELO GAJA Sperss 2005\",\"isPartOf\":{\"@id\":\"https:\\\/\\\/fonsvinum.com\\\/en\\\/#website\"},\"primaryImageOfPage\":{\"@id\":\"https:\\\/\\\/fonsvinum.com\\\/de\\\/produkt\\\/gaja-sperss-2005\\\/#primaryimage\"},\"image\":{\"@id\":\"https:\\\/\\\/fonsvinum.com\\\/de\\\/produkt\\\/gaja-sperss-2005\\\/#primaryimage\"},\"thumbnailUrl\":\"https:\\\/\\\/fonsvinum.com\\\/files\\\/2013\\\/04\\\/langhe_nebbiolo_sperss_gaja.png\",\"datePublished\":\"2018-02-20T11:12:25+00:00\",\"dateModified\":\"2019-11-18T10:05:04+00:00\",\"description\":\"Kaufen on line on Fons Vinum rare Weine aus Piedmont ANGELO GAJA LANGHE NEBBIOLO Sperss JAHRGANG 2005. Sperss hei\u00dft auf piemontesisch \u201eSehnsucht\u201c. Ein Paradewein von Gaja.\",\"breadcrumb\":{\"@id\":\"https:\\\/\\\/fonsvinum.com\\\/de\\\/produkt\\\/gaja-sperss-2005\\\/#breadcrumb\"},\"inLanguage\":\"de\",\"potentialAction\":[{\"@type\":\"ReadAction\",\"target\":[\"https:\\\/\\\/fonsvinum.com\\\/de\\\/produkt\\\/gaja-sperss-2005\\\/\"]}]},{\"@type\":\"ImageObject\",\"inLanguage\":\"de\",\"@id\":\"https:\\\/\\\/fonsvinum.com\\\/de\\\/produkt\\\/gaja-sperss-2005\\\/#primaryimage\",\"url\":\"https:\\\/\\\/fonsvinum.com\\\/files\\\/2013\\\/04\\\/langhe_nebbiolo_sperss_gaja.png\",\"contentUrl\":\"https:\\\/\\\/fonsvinum.com\\\/files\\\/2013\\\/04\\\/langhe_nebbiolo_sperss_gaja.png\",\"width\":200,\"height\":600},{\"@type\":\"BreadcrumbList\",\"@id\":\"https:\\\/\\\/fonsvinum.com\\\/de\\\/produkt\\\/gaja-sperss-2005\\\/#breadcrumb\",\"itemListElement\":[{\"@type\":\"ListItem\",\"position\":1,\"name\":\"Startseite\",\"item\":\"https:\\\/\\\/fonsvinum.com\\\/de\\\/\"},{\"@type\":\"ListItem\",\"position\":2,\"name\":\"Shop\",\"item\":\"https:\\\/\\\/fonsvinum.com\\\/de\\\/shop\\\/\"},{\"@type\":\"ListItem\",\"position\":3,\"name\":\"GAJA Sperss 2005\"}]},{\"@type\":\"WebSite\",\"@id\":\"https:\\\/\\\/fonsvinum.com\\\/en\\\/#website\",\"url\":\"https:\\\/\\\/fonsvinum.com\\\/en\\\/\",\"name\":\"Fons Vinum\",\"description\":\"Vendita Vino Online\",\"publisher\":{\"@id\":\"https:\\\/\\\/fonsvinum.com\\\/en\\\/#organization\"},\"potentialAction\":[{\"@type\":\"SearchAction\",\"target\":{\"@type\":\"EntryPoint\",\"urlTemplate\":\"https:\\\/\\\/fonsvinum.com\\\/en\\\/?s={search_term_string}\"},\"query-input\":{\"@type\":\"PropertyValueSpecification\",\"valueRequired\":true,\"valueName\":\"search_term_string\"}}],\"inLanguage\":\"de\"},{\"@type\":\"Organization\",\"@id\":\"https:\\\/\\\/fonsvinum.com\\\/en\\\/#organization\",\"name\":\"Fons Vinum\",\"url\":\"https:\\\/\\\/fonsvinum.com\\\/en\\\/\",\"logo\":{\"@type\":\"ImageObject\",\"inLanguage\":\"de\",\"@id\":\"https:\\\/\\\/fonsvinum.com\\\/en\\\/#\\\/schema\\\/logo\\\/image\\\/\",\"url\":\"\",\"contentUrl\":\"\",\"caption\":\"Fons Vinum\"},\"image\":{\"@id\":\"https:\\\/\\\/fonsvinum.com\\\/en\\\/#\\\/schema\\\/logo\\\/image\\\/\"}}]}<\/script>\n<!-- \/ Yoast SEO plugin. -->","yoast_head_json":{"title":"Kaufen on line on Fons Vinum ANGELO GAJA Sperss 2005","description":"Kaufen on line on Fons Vinum rare Weine aus Piedmont ANGELO GAJA LANGHE NEBBIOLO Sperss JAHRGANG 2005. Sperss hei\u00dft auf piemontesisch \u201eSehnsucht\u201c. Ein Paradewein von Gaja.","robots":{"index":"index","follow":"follow","max-snippet":"max-snippet:-1","max-image-preview":"max-image-preview:large","max-video-preview":"max-video-preview:-1"},"canonical":"https:\/\/fonsvinum.com\/de\/produkt\/gaja-sperss-2005\/","og_locale":"de_DE","og_type":"article","og_title":"Kaufen on line on Fons Vinum ANGELO GAJA Sperss 2005","og_description":"Kaufen on line on Fons Vinum rare Weine aus Piedmont ANGELO GAJA LANGHE NEBBIOLO Sperss JAHRGANG 2005. Sperss hei\u00dft auf piemontesisch \u201eSehnsucht\u201c. Ein Paradewein von Gaja.","og_url":"https:\/\/fonsvinum.com\/de\/produkt\/gaja-sperss-2005\/","og_site_name":"Fons Vinum","article_modified_time":"2019-11-18T10:05:04+00:00","og_image":[{"width":200,"height":600,"url":"https:\/\/fonsvinum.com\/files\/2013\/04\/langhe_nebbiolo_sperss_gaja.png","type":"image\/png"}],"twitter_misc":{"Gesch\u00e4tzte Lesezeit":"1\u00a0Minute"},"schema":{"@context":"https:\/\/schema.org","@graph":[{"@type":"WebPage","@id":"https:\/\/fonsvinum.com\/de\/produkt\/gaja-sperss-2005\/","url":"https:\/\/fonsvinum.com\/de\/produkt\/gaja-sperss-2005\/","name":"Kaufen on line on Fons Vinum ANGELO GAJA Sperss 2005","isPartOf":{"@id":"https:\/\/fonsvinum.com\/en\/#website"},"primaryImageOfPage":{"@id":"https:\/\/fonsvinum.com\/de\/produkt\/gaja-sperss-2005\/#primaryimage"},"image":{"@id":"https:\/\/fonsvinum.com\/de\/produkt\/gaja-sperss-2005\/#primaryimage"},"thumbnailUrl":"https:\/\/fonsvinum.com\/files\/2013\/04\/langhe_nebbiolo_sperss_gaja.png","datePublished":"2018-02-20T11:12:25+00:00","dateModified":"2019-11-18T10:05:04+00:00","description":"Kaufen on line on Fons Vinum rare Weine aus Piedmont ANGELO GAJA LANGHE NEBBIOLO Sperss JAHRGANG 2005. Sperss hei\u00dft auf piemontesisch \u201eSehnsucht\u201c. Ein Paradewein von Gaja.","breadcrumb":{"@id":"https:\/\/fonsvinum.com\/de\/produkt\/gaja-sperss-2005\/#breadcrumb"},"inLanguage":"de","potentialAction":[{"@type":"ReadAction","target":["https:\/\/fonsvinum.com\/de\/produkt\/gaja-sperss-2005\/"]}]},{"@type":"ImageObject","inLanguage":"de","@id":"https:\/\/fonsvinum.com\/de\/produkt\/gaja-sperss-2005\/#primaryimage","url":"https:\/\/fonsvinum.com\/files\/2013\/04\/langhe_nebbiolo_sperss_gaja.png","contentUrl":"https:\/\/fonsvinum.com\/files\/2013\/04\/langhe_nebbiolo_sperss_gaja.png","width":200,"height":600},{"@type":"BreadcrumbList","@id":"https:\/\/fonsvinum.com\/de\/produkt\/gaja-sperss-2005\/#breadcrumb","itemListElement":[{"@type":"ListItem","position":1,"name":"Startseite","item":"https:\/\/fonsvinum.com\/de\/"},{"@type":"ListItem","position":2,"name":"Shop","item":"https:\/\/fonsvinum.com\/de\/shop\/"},{"@type":"ListItem","position":3,"name":"GAJA Sperss 2005"}]},{"@type":"WebSite","@id":"https:\/\/fonsvinum.com\/en\/#website","url":"https:\/\/fonsvinum.com\/en\/","name":"Fons Vinum","description":"Vendita Vino Online","publisher":{"@id":"https:\/\/fonsvinum.com\/en\/#organization"},"potentialAction":[{"@type":"SearchAction","target":{"@type":"EntryPoint","urlTemplate":"https:\/\/fonsvinum.com\/en\/?s={search_term_string}"},"query-input":{"@type":"PropertyValueSpecification","valueRequired":true,"valueName":"search_term_string"}}],"inLanguage":"de"},{"@type":"Organization","@id":"https:\/\/fonsvinum.com\/en\/#organization","name":"Fons Vinum","url":"https:\/\/fonsvinum.com\/en\/","logo":{"@type":"ImageObject","inLanguage":"de","@id":"https:\/\/fonsvinum.com\/en\/#\/schema\/logo\/image\/","url":"","contentUrl":"","caption":"Fons Vinum"},"image":{"@id":"https:\/\/fonsvinum.com\/en\/#\/schema\/logo\/image\/"}}]}},"acf":[],"_links":{"self":[{"href":"https:\/\/fonsvinum.com\/de\/wp-json\/wp\/v2\/product\/13240","targetHints":{"allow":["GET"]}}],"collection":[{"href":"https:\/\/fonsvinum.com\/de\/wp-json\/wp\/v2\/product"}],"about":[{"href":"https:\/\/fonsvinum.com\/de\/wp-json\/wp\/v2\/types\/product"}],"replies":[{"embeddable":true,"href":"https:\/\/fonsvinum.com\/de\/wp-json\/wp\/v2\/comments?post=13240"}],"wp:featuredmedia":[{"embeddable":true,"href":"https:\/\/fonsvinum.com\/de\/wp-json\/wp\/v2\/media\/6062"}],"wp:attachment":[{"href":"https:\/\/fonsvinum.com\/de\/wp-json\/wp\/v2\/media?parent=13240"}],"wp:term":[{"taxonomy":"product_brand","embeddable":true,"href":"https:\/\/fonsvinum.com\/de\/wp-json\/wp\/v2\/product_brand?post=13240"},{"taxonomy":"product_cat","embeddable":true,"href":"https:\/\/fonsvinum.com\/de\/wp-json\/wp\/v2\/product_cat?post=13240"},{"taxonomy":"product_tag","embeddable":true,"href":"https:\/\/fonsvinum.com\/de\/wp-json\/wp\/v2\/product_tag?post=13240"}],"curies":[{"name":"wp","href":"https:\/\/api.w.org\/{rel}","templated":true}]}}