{"id":13040,"date":"2018-02-14T15:59:48","date_gmt":"2018-02-14T14:59:48","guid":{"rendered":"https:\/\/fonsvinum.com\/?post_type=product&#038;p=13040"},"modified":"2020-02-03T16:40:42","modified_gmt":"2020-02-03T15:40:42","slug":"tignanello-1995-marchesi-antinori-toscana-rosso","status":"publish","type":"product","link":"https:\/\/fonsvinum.com\/de\/produkt\/tignanello-1995-marchesi-antinori-toscana-rosso\/","title":{"rendered":"TIGNANELLO 1995 MARCHESI ANTINORI TOSCANA ROSSO"},"content":{"rendered":"<p>Tignanello 1995<\/p>\n<p>Der Weinberg Tignanello wird besonders sp\u00e4t gelesen, und ausschlie\u00dflich sorgf\u00e4ltig per Hand selektierte Trauben werden f\u00fcr diesen Wein verwendet.<\/p>\n<p>Der Tignanello ist intensiv fruchtig und komplex im Bouquet, im Geschmack zeigt er eine optimale Struktur, ist ausgewogen mit sanften Tanninen und einem angenehm langen Nachhall.<\/p>\n","protected":false},"excerpt":{"rendered":"<p>Tignanello 1995 Der Weinberg Tignanello wird besonders sp\u00e4t gelesen, und ausschlie\u00dflich sorgf\u00e4ltig per Hand selektierte Trauben werden f\u00fcr diesen Wein verwendet. Der Tignanello ist intensiv fruchtig und komplex im Bouquet, im Geschmack zeigt er eine optimale Struktur, ist ausgewogen mit sanften Tanninen und einem angenehm langen Nachhall.<\/p>\n","protected":false},"featured_media":4189,"comment_status":"open","ping_status":"closed","template":"","meta":{"_acf_changed":false,"_monsterinsights_skip_tracking":false,"_monsterinsights_sitenote_active":false,"_monsterinsights_sitenote_note":"","_monsterinsights_sitenote_category":0},"product_brand":[],"product_cat":[2162],"product_tag":[1745,3583],"class_list":{"0":"post-13040","1":"product","2":"type-product","3":"status-publish","4":"has-post-thumbnail","6":"product_cat-blend","7":"product_tag-super-tuscan-de","8":"product_tag-vini-toscani-de","9":"pa_appellation-toscana-rosso-igt-de","10":"pa_formato-0-75-l-flasche-de","11":"pa_producer-marchesi-antinori-de","12":"pa_region-toskana-de","13":"pa_vine-85-sangiovese-10-cabernet-sauvignon-e-5-cabernet-franc-de","14":"pa_vintage-1995-de","16":"first","17":"instock","18":"taxable","19":"shipping-taxable","20":"purchasable","21":"product-type-simple"},"bundled_by":[],"bundle_stock_status":"instock","bundle_stock_quantity":1,"bundle_virtual":false,"bundle_layout":"","bundle_add_to_cart_form_location":"","bundle_editable_in_cart":false,"bundle_sold_individually_context":"","bundle_item_grouping":"","bundle_min_size":"","bundle_max_size":"","bundle_price":[],"bundled_items":[],"bundle_sell_ids":[],"yoast_head":"<!-- This site is optimized with the Yoast SEO plugin v27.3 - https:\/\/yoast.com\/product\/yoast-seo-wordpress\/ -->\n<title>TIGNANELLO 1995 MARCHESI ANTINORI TOSCANA ROSSO<\/title>\n<meta name=\"description\" content=\"TIGNANELLO 1995 MARCHESI ANTINORI TOSCANA ROSSO Der Tignanello ist intensiv fruchtig und komplex im Bouquet, im Geschmack zeigt er eine optimale Struktur, ist ausgewogen mit sanften Tanninen und einem angenehm langen Nachhall.\" \/>\n<meta name=\"robots\" content=\"index, follow, max-snippet:-1, max-image-preview:large, max-video-preview:-1\" \/>\n<link rel=\"canonical\" href=\"https:\/\/fonsvinum.com\/de\/produkt\/tignanello-1995-marchesi-antinori-toscana-rosso\/\" \/>\n<meta property=\"og:locale\" content=\"de_DE\" \/>\n<meta property=\"og:type\" content=\"article\" \/>\n<meta property=\"og:title\" content=\"TIGNANELLO 1995 MARCHESI ANTINORI TOSCANA ROSSO\" \/>\n<meta property=\"og:description\" content=\"TIGNANELLO 1995 MARCHESI ANTINORI TOSCANA ROSSO Der Tignanello ist intensiv fruchtig und komplex im Bouquet, im Geschmack zeigt er eine optimale Struktur, ist ausgewogen mit sanften Tanninen und einem angenehm langen Nachhall.\" \/>\n<meta property=\"og:url\" content=\"https:\/\/fonsvinum.com\/de\/produkt\/tignanello-1995-marchesi-antinori-toscana-rosso\/\" \/>\n<meta property=\"og:site_name\" content=\"Fons Vinum\" \/>\n<meta property=\"article:modified_time\" content=\"2020-02-03T15:40:42+00:00\" \/>\n<meta property=\"og:image\" content=\"https:\/\/fonsvinum.com\/files\/2013\/04\/tignanello-marchesi-antinori.png\" \/>\n\t<meta property=\"og:image:width\" content=\"202\" \/>\n\t<meta property=\"og:image:height\" content=\"630\" \/>\n\t<meta property=\"og:image:type\" content=\"image\/png\" \/>\n<script type=\"application\/ld+json\" class=\"yoast-schema-graph\">{\"@context\":\"https:\\\/\\\/schema.org\",\"@graph\":[{\"@type\":\"WebPage\",\"@id\":\"https:\\\/\\\/fonsvinum.com\\\/de\\\/produkt\\\/tignanello-1995-marchesi-antinori-toscana-rosso\\\/\",\"url\":\"https:\\\/\\\/fonsvinum.com\\\/de\\\/produkt\\\/tignanello-1995-marchesi-antinori-toscana-rosso\\\/\",\"name\":\"TIGNANELLO 1995 MARCHESI ANTINORI TOSCANA ROSSO\",\"isPartOf\":{\"@id\":\"https:\\\/\\\/fonsvinum.com\\\/en\\\/#website\"},\"primaryImageOfPage\":{\"@id\":\"https:\\\/\\\/fonsvinum.com\\\/de\\\/produkt\\\/tignanello-1995-marchesi-antinori-toscana-rosso\\\/#primaryimage\"},\"image\":{\"@id\":\"https:\\\/\\\/fonsvinum.com\\\/de\\\/produkt\\\/tignanello-1995-marchesi-antinori-toscana-rosso\\\/#primaryimage\"},\"thumbnailUrl\":\"https:\\\/\\\/fonsvinum.com\\\/files\\\/2013\\\/04\\\/tignanello-marchesi-antinori.png\",\"datePublished\":\"2018-02-14T14:59:48+00:00\",\"dateModified\":\"2020-02-03T15:40:42+00:00\",\"description\":\"TIGNANELLO 1995 MARCHESI ANTINORI TOSCANA ROSSO Der Tignanello ist intensiv fruchtig und komplex im Bouquet, im Geschmack zeigt er eine optimale Struktur, ist ausgewogen mit sanften Tanninen und einem angenehm langen Nachhall.\",\"breadcrumb\":{\"@id\":\"https:\\\/\\\/fonsvinum.com\\\/de\\\/produkt\\\/tignanello-1995-marchesi-antinori-toscana-rosso\\\/#breadcrumb\"},\"inLanguage\":\"de\",\"potentialAction\":[{\"@type\":\"ReadAction\",\"target\":[\"https:\\\/\\\/fonsvinum.com\\\/de\\\/produkt\\\/tignanello-1995-marchesi-antinori-toscana-rosso\\\/\"]}]},{\"@type\":\"ImageObject\",\"inLanguage\":\"de\",\"@id\":\"https:\\\/\\\/fonsvinum.com\\\/de\\\/produkt\\\/tignanello-1995-marchesi-antinori-toscana-rosso\\\/#primaryimage\",\"url\":\"https:\\\/\\\/fonsvinum.com\\\/files\\\/2013\\\/04\\\/tignanello-marchesi-antinori.png\",\"contentUrl\":\"https:\\\/\\\/fonsvinum.com\\\/files\\\/2013\\\/04\\\/tignanello-marchesi-antinori.png\",\"width\":202,\"height\":630},{\"@type\":\"BreadcrumbList\",\"@id\":\"https:\\\/\\\/fonsvinum.com\\\/de\\\/produkt\\\/tignanello-1995-marchesi-antinori-toscana-rosso\\\/#breadcrumb\",\"itemListElement\":[{\"@type\":\"ListItem\",\"position\":1,\"name\":\"Startseite\",\"item\":\"https:\\\/\\\/fonsvinum.com\\\/de\\\/\"},{\"@type\":\"ListItem\",\"position\":2,\"name\":\"Shop\",\"item\":\"https:\\\/\\\/fonsvinum.com\\\/de\\\/shop\\\/\"},{\"@type\":\"ListItem\",\"position\":3,\"name\":\"TIGNANELLO 1995 MARCHESI ANTINORI TOSCANA ROSSO\"}]},{\"@type\":\"WebSite\",\"@id\":\"https:\\\/\\\/fonsvinum.com\\\/en\\\/#website\",\"url\":\"https:\\\/\\\/fonsvinum.com\\\/en\\\/\",\"name\":\"Fons Vinum\",\"description\":\"Vendita Vino Online\",\"publisher\":{\"@id\":\"https:\\\/\\\/fonsvinum.com\\\/en\\\/#organization\"},\"potentialAction\":[{\"@type\":\"SearchAction\",\"target\":{\"@type\":\"EntryPoint\",\"urlTemplate\":\"https:\\\/\\\/fonsvinum.com\\\/en\\\/?s={search_term_string}\"},\"query-input\":{\"@type\":\"PropertyValueSpecification\",\"valueRequired\":true,\"valueName\":\"search_term_string\"}}],\"inLanguage\":\"de\"},{\"@type\":\"Organization\",\"@id\":\"https:\\\/\\\/fonsvinum.com\\\/en\\\/#organization\",\"name\":\"Fons Vinum\",\"url\":\"https:\\\/\\\/fonsvinum.com\\\/en\\\/\",\"logo\":{\"@type\":\"ImageObject\",\"inLanguage\":\"de\",\"@id\":\"https:\\\/\\\/fonsvinum.com\\\/en\\\/#\\\/schema\\\/logo\\\/image\\\/\",\"url\":\"\",\"contentUrl\":\"\",\"caption\":\"Fons Vinum\"},\"image\":{\"@id\":\"https:\\\/\\\/fonsvinum.com\\\/en\\\/#\\\/schema\\\/logo\\\/image\\\/\"}}]}<\/script>\n<!-- \/ Yoast SEO plugin. -->","yoast_head_json":{"title":"TIGNANELLO 1995 MARCHESI ANTINORI TOSCANA ROSSO","description":"TIGNANELLO 1995 MARCHESI ANTINORI TOSCANA ROSSO Der Tignanello ist intensiv fruchtig und komplex im Bouquet, im Geschmack zeigt er eine optimale Struktur, ist ausgewogen mit sanften Tanninen und einem angenehm langen Nachhall.","robots":{"index":"index","follow":"follow","max-snippet":"max-snippet:-1","max-image-preview":"max-image-preview:large","max-video-preview":"max-video-preview:-1"},"canonical":"https:\/\/fonsvinum.com\/de\/produkt\/tignanello-1995-marchesi-antinori-toscana-rosso\/","og_locale":"de_DE","og_type":"article","og_title":"TIGNANELLO 1995 MARCHESI ANTINORI TOSCANA ROSSO","og_description":"TIGNANELLO 1995 MARCHESI ANTINORI TOSCANA ROSSO Der Tignanello ist intensiv fruchtig und komplex im Bouquet, im Geschmack zeigt er eine optimale Struktur, ist ausgewogen mit sanften Tanninen und einem angenehm langen Nachhall.","og_url":"https:\/\/fonsvinum.com\/de\/produkt\/tignanello-1995-marchesi-antinori-toscana-rosso\/","og_site_name":"Fons Vinum","article_modified_time":"2020-02-03T15:40:42+00:00","og_image":[{"width":202,"height":630,"url":"https:\/\/fonsvinum.com\/files\/2013\/04\/tignanello-marchesi-antinori.png","type":"image\/png"}],"schema":{"@context":"https:\/\/schema.org","@graph":[{"@type":"WebPage","@id":"https:\/\/fonsvinum.com\/de\/produkt\/tignanello-1995-marchesi-antinori-toscana-rosso\/","url":"https:\/\/fonsvinum.com\/de\/produkt\/tignanello-1995-marchesi-antinori-toscana-rosso\/","name":"TIGNANELLO 1995 MARCHESI ANTINORI TOSCANA ROSSO","isPartOf":{"@id":"https:\/\/fonsvinum.com\/en\/#website"},"primaryImageOfPage":{"@id":"https:\/\/fonsvinum.com\/de\/produkt\/tignanello-1995-marchesi-antinori-toscana-rosso\/#primaryimage"},"image":{"@id":"https:\/\/fonsvinum.com\/de\/produkt\/tignanello-1995-marchesi-antinori-toscana-rosso\/#primaryimage"},"thumbnailUrl":"https:\/\/fonsvinum.com\/files\/2013\/04\/tignanello-marchesi-antinori.png","datePublished":"2018-02-14T14:59:48+00:00","dateModified":"2020-02-03T15:40:42+00:00","description":"TIGNANELLO 1995 MARCHESI ANTINORI TOSCANA ROSSO Der Tignanello ist intensiv fruchtig und komplex im Bouquet, im Geschmack zeigt er eine optimale Struktur, ist ausgewogen mit sanften Tanninen und einem angenehm langen Nachhall.","breadcrumb":{"@id":"https:\/\/fonsvinum.com\/de\/produkt\/tignanello-1995-marchesi-antinori-toscana-rosso\/#breadcrumb"},"inLanguage":"de","potentialAction":[{"@type":"ReadAction","target":["https:\/\/fonsvinum.com\/de\/produkt\/tignanello-1995-marchesi-antinori-toscana-rosso\/"]}]},{"@type":"ImageObject","inLanguage":"de","@id":"https:\/\/fonsvinum.com\/de\/produkt\/tignanello-1995-marchesi-antinori-toscana-rosso\/#primaryimage","url":"https:\/\/fonsvinum.com\/files\/2013\/04\/tignanello-marchesi-antinori.png","contentUrl":"https:\/\/fonsvinum.com\/files\/2013\/04\/tignanello-marchesi-antinori.png","width":202,"height":630},{"@type":"BreadcrumbList","@id":"https:\/\/fonsvinum.com\/de\/produkt\/tignanello-1995-marchesi-antinori-toscana-rosso\/#breadcrumb","itemListElement":[{"@type":"ListItem","position":1,"name":"Startseite","item":"https:\/\/fonsvinum.com\/de\/"},{"@type":"ListItem","position":2,"name":"Shop","item":"https:\/\/fonsvinum.com\/de\/shop\/"},{"@type":"ListItem","position":3,"name":"TIGNANELLO 1995 MARCHESI ANTINORI TOSCANA ROSSO"}]},{"@type":"WebSite","@id":"https:\/\/fonsvinum.com\/en\/#website","url":"https:\/\/fonsvinum.com\/en\/","name":"Fons Vinum","description":"Vendita Vino Online","publisher":{"@id":"https:\/\/fonsvinum.com\/en\/#organization"},"potentialAction":[{"@type":"SearchAction","target":{"@type":"EntryPoint","urlTemplate":"https:\/\/fonsvinum.com\/en\/?s={search_term_string}"},"query-input":{"@type":"PropertyValueSpecification","valueRequired":true,"valueName":"search_term_string"}}],"inLanguage":"de"},{"@type":"Organization","@id":"https:\/\/fonsvinum.com\/en\/#organization","name":"Fons Vinum","url":"https:\/\/fonsvinum.com\/en\/","logo":{"@type":"ImageObject","inLanguage":"de","@id":"https:\/\/fonsvinum.com\/en\/#\/schema\/logo\/image\/","url":"","contentUrl":"","caption":"Fons Vinum"},"image":{"@id":"https:\/\/fonsvinum.com\/en\/#\/schema\/logo\/image\/"}}]}},"acf":[],"_links":{"self":[{"href":"https:\/\/fonsvinum.com\/de\/wp-json\/wp\/v2\/product\/13040","targetHints":{"allow":["GET"]}}],"collection":[{"href":"https:\/\/fonsvinum.com\/de\/wp-json\/wp\/v2\/product"}],"about":[{"href":"https:\/\/fonsvinum.com\/de\/wp-json\/wp\/v2\/types\/product"}],"replies":[{"embeddable":true,"href":"https:\/\/fonsvinum.com\/de\/wp-json\/wp\/v2\/comments?post=13040"}],"wp:featuredmedia":[{"embeddable":true,"href":"https:\/\/fonsvinum.com\/de\/wp-json\/wp\/v2\/media\/4189"}],"wp:attachment":[{"href":"https:\/\/fonsvinum.com\/de\/wp-json\/wp\/v2\/media?parent=13040"}],"wp:term":[{"taxonomy":"product_brand","embeddable":true,"href":"https:\/\/fonsvinum.com\/de\/wp-json\/wp\/v2\/product_brand?post=13040"},{"taxonomy":"product_cat","embeddable":true,"href":"https:\/\/fonsvinum.com\/de\/wp-json\/wp\/v2\/product_cat?post=13040"},{"taxonomy":"product_tag","embeddable":true,"href":"https:\/\/fonsvinum.com\/de\/wp-json\/wp\/v2\/product_tag?post=13040"}],"curies":[{"name":"wp","href":"https:\/\/api.w.org\/{rel}","templated":true}]}}