{"id":12928,"date":"2018-02-09T09:11:07","date_gmt":"2018-02-09T08:11:07","guid":{"rendered":"https:\/\/fonsvinum.com\/?post_type=product&#038;p=12928"},"modified":"2021-08-23T15:05:14","modified_gmt":"2021-08-23T13:05:14","slug":"tignanello-2003-marchesi-antinori-toscana-rosso","status":"publish","type":"product","link":"https:\/\/fonsvinum.com\/de\/produkt\/tignanello-2003-marchesi-antinori-toscana-rosso\/","title":{"rendered":"TIGNANELLO 2003 MARCHESI ANTINORI TOSCANA ROSSO"},"content":{"rendered":"<h1>Tignanello 2003<\/h1>\n<h3>KLIMA 2003<\/h3>\n<p>Nach einem ziemlich kalten und regnerischen Herbst und Winter wird der Sommer 2003 mit Sicherheit als einer der hei\u00dfesten und trockensten der letzten Jahre in Erinnerung bleiben. Der Fr\u00fchling zeichnete sich durch Temperaturanstieg und stabile Wetterlage ohne bedeutungsvolle Niederschl\u00e4ge aus und folglich trieben alle Sorten um einige Tage fr\u00fcher als \u00fcblich. Dieses Klima beg\u00fcnstigte den Entwicklungsproze\u00df der Pflanzen mit optimalen Bedingungen f\u00fcr Bl\u00fcte und Fruchtansatz.. Ab Juni und f\u00fcr den ganzen Sommer hatten wir dann au\u00dfergew\u00f6hnlich hohe Temperaturen ohne jegliche Regenf\u00e4lle. Dieser Wetterverlauf f\u00fchrte zu einer beschleunigten Reifung der Trauben, die bereits schon kurz nach Mitte August auf diesem nat\u00fcrlichen Wege einen hohen Zuckergehalt aufwiesen. Bedingt durch den Wassermangel ergab sich ein leichter Produktionsr\u00fcckgang, besonders dort, wo keine Bew\u00e4sserung m\u00f6glich war. Dank stabiler klimatischer Bedingungen w\u00e4hrend der Ernteperiode konnte der f\u00fcr die Lese g\u00fcnstigste Zeitpunkt abgewartet und folglich jeglicher Schaden an den Trauben verhindert werden. Tiefe Nacht- und hohe Tagestemperaturen trugen im \u00dcbrigen ihren Teil zu einer optimalen Reifung bei, was sich in einer optimalen F\u00e4rbung und Struktur des Endprodukts ablesen l\u00e4sst.<\/p>\n<h3>WEINBEREITUNG<\/h3>\n<p>Bei dem Klimaverlauf kann man sich gut vorstellen, dass die Lese teilweise fr\u00fcher stattfand: ein Teil des Cabernet und Sangiovese hatte ihren Reifungsprozess bereits ab Mitte September abgeschlossen. Die Weinbereitung konnte gem\u00e4\u00df Techniken erfolgen, die f\u00fcr w\u00e4rmeres Klima besser geeignet waren: Die Anzahl der Polyphenol-Komponenten erm\u00f6glichten G\u00e4rungen bei 25\u00b0 C, die sich \u00fcber 7 Tage f\u00fcr den Sangiovese und 10 Tage f\u00fcr den Cabernet hinzogen. Die alkoholische G\u00e4rung erfolgte in den traditionellen Holzf\u00e4ssern. Zur Gewinnung der Polyphenol-Komponenten wurden die Trauben gekeltert; dabei ging man sehr sanft vor, denn die Komponenten konnten ganz leicht entzogen werden. Den Weinen wurde der Most abgezogen, so dass nur wenige Zucker \u00fcbrig blieben und sie schlossen ihre alkoholische G\u00e4rung in neuen Barriques aus franz\u00f6sischem Eichenholz ab. Die malolaktische G\u00e4rung erfolgte in den gleichen Eichenf\u00e4ssern spontan bis Ende November. Am Ende derselben fand die Assemblage der Weine statt; sie blieben dann weitere 12 Monate in Barriques und wurden daraufhin je nach Bedarf umgef\u00fcllt. Sobald die Zeit der Alterung abgeschlossen war, wurde der Wein Barrique f\u00fcr Barrique verkostet und nach der entsprechenden Auswahl in Flaschen abgef\u00fcllt. Er wurde ein weiteres Jahr auf der Flasche verfeinert und kam dann auf den Markt.<br \/>\nAlkoholgehalt : 13,5% Vol.<\/p>\n<h3>VERKOSTUNGSNOTIZEN<\/h3>\n<p>Die Farbe ist ein intensives rubinrot mit leicht granatroten Einschl\u00e4gen. Sein komplexes Bukett ist gut durchmischt mit D\u00fcften von Tabak, Curry und Brombeer- bzw. Johannisbeerkonfit\u00fcre. Am Gaumen ist er seidig, er zerschmilzt f\u00f6rmlich und vergr\u00f6\u00dfert damit sein Volumen und seine Weichheit derart, dass man den Jahrgang 2003 als einen sehr eleganten Tignanello bezeichnen kann. Seine Tannine sind weich und gut abgerundet, ein leichter Anklang von Tannin im Finale l\u00e4sst ihn l\u00e4nger anhalten<\/p>\n<p>&nbsp;<\/p>\n","protected":false},"excerpt":{"rendered":"<p>Tignanello 2003 KLIMA 2003 Nach einem ziemlich kalten und regnerischen Herbst und Winter wird der Sommer 2003 mit Sicherheit als einer der hei\u00dfesten und trockensten der letzten Jahre in Erinnerung bleiben. Der Fr\u00fchling zeichnete sich durch Temperaturanstieg und stabile Wetterlage ohne bedeutungsvolle Niederschl\u00e4ge aus und folglich trieben alle Sorten um einige Tage fr\u00fcher als \u00fcblich. [&hellip;]<\/p>\n","protected":false},"featured_media":4189,"comment_status":"open","ping_status":"closed","template":"","meta":{"_acf_changed":false,"_monsterinsights_skip_tracking":false,"_monsterinsights_sitenote_active":false,"_monsterinsights_sitenote_note":"","_monsterinsights_sitenote_category":0},"product_brand":[],"product_cat":[2162],"product_tag":[1733],"class_list":{"0":"post-12928","1":"product","2":"type-product","3":"status-publish","4":"has-post-thumbnail","6":"product_cat-blend","7":"product_tag-aussergewoehnliche-weine-de","8":"pa_appellation-toscana-rosso-igt-de","9":"pa_formato-0-75-l-flasche-de","10":"pa_producer-marchesi-antinori-de","11":"pa_region-toskana-de","12":"pa_vine-85-sangiovese-10-cabernet-sauvignon-e-5-cabernet-franc-de","13":"pa_vintage-2003-de","15":"first","16":"instock","17":"taxable","18":"shipping-taxable","19":"purchasable","20":"product-type-simple"},"bundled_by":[],"bundle_stock_status":"instock","bundle_stock_quantity":1,"bundle_virtual":false,"bundle_layout":"","bundle_add_to_cart_form_location":"","bundle_editable_in_cart":false,"bundle_sold_individually_context":"","bundle_item_grouping":"","bundle_min_size":"","bundle_max_size":"","bundle_price":[],"bundled_items":[],"bundle_sell_ids":[],"yoast_head":"<!-- This site is optimized with the Yoast SEO plugin v27.3 - https:\/\/yoast.com\/product\/yoast-seo-wordpress\/ -->\n<title>TIGNANELLO 2014 MARCHESI ANTINORI TOSCANA ROSSO<\/title>\n<meta name=\"description\" content=\"TIGNANELLO 2014 MARCHESI ANTINORI TOSCANA ROSSO Die Farbe ist ein intensives rubinrot mit leicht granatroten Einschl\u00e4gen. Sein komplexes Bukett ist gut durchmischt mit D\u00fcften von Tabak.\" \/>\n<meta name=\"robots\" content=\"index, follow, max-snippet:-1, max-image-preview:large, max-video-preview:-1\" \/>\n<link rel=\"canonical\" href=\"https:\/\/fonsvinum.com\/de\/produkt\/tignanello-2003-marchesi-antinori-toscana-rosso\/\" \/>\n<meta property=\"og:locale\" content=\"de_DE\" \/>\n<meta property=\"og:type\" content=\"article\" \/>\n<meta property=\"og:title\" content=\"TIGNANELLO 2014 MARCHESI ANTINORI TOSCANA ROSSO\" \/>\n<meta property=\"og:description\" content=\"TIGNANELLO 2014 MARCHESI ANTINORI TOSCANA ROSSO Die Farbe ist ein intensives rubinrot mit leicht granatroten Einschl\u00e4gen. Sein komplexes Bukett ist gut durchmischt mit D\u00fcften von Tabak.\" \/>\n<meta property=\"og:url\" content=\"https:\/\/fonsvinum.com\/de\/produkt\/tignanello-2003-marchesi-antinori-toscana-rosso\/\" \/>\n<meta property=\"og:site_name\" content=\"Fons Vinum\" \/>\n<meta property=\"article:modified_time\" content=\"2021-08-23T13:05:14+00:00\" \/>\n<meta property=\"og:image\" content=\"https:\/\/fonsvinum.com\/files\/2013\/04\/tignanello-marchesi-antinori.png\" \/>\n\t<meta property=\"og:image:width\" content=\"202\" \/>\n\t<meta property=\"og:image:height\" content=\"630\" \/>\n\t<meta property=\"og:image:type\" content=\"image\/png\" \/>\n<meta name=\"twitter:label1\" content=\"Gesch\u00e4tzte Lesezeit\" \/>\n\t<meta name=\"twitter:data1\" content=\"2\u00a0Minuten\" \/>\n<script type=\"application\/ld+json\" class=\"yoast-schema-graph\">{\"@context\":\"https:\\\/\\\/schema.org\",\"@graph\":[{\"@type\":\"WebPage\",\"@id\":\"https:\\\/\\\/fonsvinum.com\\\/de\\\/produkt\\\/tignanello-2003-marchesi-antinori-toscana-rosso\\\/\",\"url\":\"https:\\\/\\\/fonsvinum.com\\\/de\\\/produkt\\\/tignanello-2003-marchesi-antinori-toscana-rosso\\\/\",\"name\":\"TIGNANELLO 2014 MARCHESI ANTINORI TOSCANA ROSSO\",\"isPartOf\":{\"@id\":\"https:\\\/\\\/fonsvinum.com\\\/en\\\/#website\"},\"primaryImageOfPage\":{\"@id\":\"https:\\\/\\\/fonsvinum.com\\\/de\\\/produkt\\\/tignanello-2003-marchesi-antinori-toscana-rosso\\\/#primaryimage\"},\"image\":{\"@id\":\"https:\\\/\\\/fonsvinum.com\\\/de\\\/produkt\\\/tignanello-2003-marchesi-antinori-toscana-rosso\\\/#primaryimage\"},\"thumbnailUrl\":\"https:\\\/\\\/fonsvinum.com\\\/files\\\/2013\\\/04\\\/tignanello-marchesi-antinori.png\",\"datePublished\":\"2018-02-09T08:11:07+00:00\",\"dateModified\":\"2021-08-23T13:05:14+00:00\",\"description\":\"TIGNANELLO 2014 MARCHESI ANTINORI TOSCANA ROSSO Die Farbe ist ein intensives rubinrot mit leicht granatroten Einschl\u00e4gen. Sein komplexes Bukett ist gut durchmischt mit D\u00fcften von Tabak.\",\"breadcrumb\":{\"@id\":\"https:\\\/\\\/fonsvinum.com\\\/de\\\/produkt\\\/tignanello-2003-marchesi-antinori-toscana-rosso\\\/#breadcrumb\"},\"inLanguage\":\"de\",\"potentialAction\":[{\"@type\":\"ReadAction\",\"target\":[\"https:\\\/\\\/fonsvinum.com\\\/de\\\/produkt\\\/tignanello-2003-marchesi-antinori-toscana-rosso\\\/\"]}]},{\"@type\":\"ImageObject\",\"inLanguage\":\"de\",\"@id\":\"https:\\\/\\\/fonsvinum.com\\\/de\\\/produkt\\\/tignanello-2003-marchesi-antinori-toscana-rosso\\\/#primaryimage\",\"url\":\"https:\\\/\\\/fonsvinum.com\\\/files\\\/2013\\\/04\\\/tignanello-marchesi-antinori.png\",\"contentUrl\":\"https:\\\/\\\/fonsvinum.com\\\/files\\\/2013\\\/04\\\/tignanello-marchesi-antinori.png\",\"width\":202,\"height\":630},{\"@type\":\"BreadcrumbList\",\"@id\":\"https:\\\/\\\/fonsvinum.com\\\/de\\\/produkt\\\/tignanello-2003-marchesi-antinori-toscana-rosso\\\/#breadcrumb\",\"itemListElement\":[{\"@type\":\"ListItem\",\"position\":1,\"name\":\"Startseite\",\"item\":\"https:\\\/\\\/fonsvinum.com\\\/de\\\/\"},{\"@type\":\"ListItem\",\"position\":2,\"name\":\"Shop\",\"item\":\"https:\\\/\\\/fonsvinum.com\\\/de\\\/shop\\\/\"},{\"@type\":\"ListItem\",\"position\":3,\"name\":\"TIGNANELLO 2003 MARCHESI ANTINORI TOSCANA ROSSO\"}]},{\"@type\":\"WebSite\",\"@id\":\"https:\\\/\\\/fonsvinum.com\\\/en\\\/#website\",\"url\":\"https:\\\/\\\/fonsvinum.com\\\/en\\\/\",\"name\":\"Fons Vinum\",\"description\":\"Vendita Vino Online\",\"publisher\":{\"@id\":\"https:\\\/\\\/fonsvinum.com\\\/en\\\/#organization\"},\"potentialAction\":[{\"@type\":\"SearchAction\",\"target\":{\"@type\":\"EntryPoint\",\"urlTemplate\":\"https:\\\/\\\/fonsvinum.com\\\/en\\\/?s={search_term_string}\"},\"query-input\":{\"@type\":\"PropertyValueSpecification\",\"valueRequired\":true,\"valueName\":\"search_term_string\"}}],\"inLanguage\":\"de\"},{\"@type\":\"Organization\",\"@id\":\"https:\\\/\\\/fonsvinum.com\\\/en\\\/#organization\",\"name\":\"Fons Vinum\",\"url\":\"https:\\\/\\\/fonsvinum.com\\\/en\\\/\",\"logo\":{\"@type\":\"ImageObject\",\"inLanguage\":\"de\",\"@id\":\"https:\\\/\\\/fonsvinum.com\\\/en\\\/#\\\/schema\\\/logo\\\/image\\\/\",\"url\":\"\",\"contentUrl\":\"\",\"caption\":\"Fons Vinum\"},\"image\":{\"@id\":\"https:\\\/\\\/fonsvinum.com\\\/en\\\/#\\\/schema\\\/logo\\\/image\\\/\"}}]}<\/script>\n<!-- \/ Yoast SEO plugin. -->","yoast_head_json":{"title":"TIGNANELLO 2014 MARCHESI ANTINORI TOSCANA ROSSO","description":"TIGNANELLO 2014 MARCHESI ANTINORI TOSCANA ROSSO Die Farbe ist ein intensives rubinrot mit leicht granatroten Einschl\u00e4gen. Sein komplexes Bukett ist gut durchmischt mit D\u00fcften von Tabak.","robots":{"index":"index","follow":"follow","max-snippet":"max-snippet:-1","max-image-preview":"max-image-preview:large","max-video-preview":"max-video-preview:-1"},"canonical":"https:\/\/fonsvinum.com\/de\/produkt\/tignanello-2003-marchesi-antinori-toscana-rosso\/","og_locale":"de_DE","og_type":"article","og_title":"TIGNANELLO 2014 MARCHESI ANTINORI TOSCANA ROSSO","og_description":"TIGNANELLO 2014 MARCHESI ANTINORI TOSCANA ROSSO Die Farbe ist ein intensives rubinrot mit leicht granatroten Einschl\u00e4gen. Sein komplexes Bukett ist gut durchmischt mit D\u00fcften von Tabak.","og_url":"https:\/\/fonsvinum.com\/de\/produkt\/tignanello-2003-marchesi-antinori-toscana-rosso\/","og_site_name":"Fons Vinum","article_modified_time":"2021-08-23T13:05:14+00:00","og_image":[{"width":202,"height":630,"url":"https:\/\/fonsvinum.com\/files\/2013\/04\/tignanello-marchesi-antinori.png","type":"image\/png"}],"twitter_misc":{"Gesch\u00e4tzte Lesezeit":"2\u00a0Minuten"},"schema":{"@context":"https:\/\/schema.org","@graph":[{"@type":"WebPage","@id":"https:\/\/fonsvinum.com\/de\/produkt\/tignanello-2003-marchesi-antinori-toscana-rosso\/","url":"https:\/\/fonsvinum.com\/de\/produkt\/tignanello-2003-marchesi-antinori-toscana-rosso\/","name":"TIGNANELLO 2014 MARCHESI ANTINORI TOSCANA ROSSO","isPartOf":{"@id":"https:\/\/fonsvinum.com\/en\/#website"},"primaryImageOfPage":{"@id":"https:\/\/fonsvinum.com\/de\/produkt\/tignanello-2003-marchesi-antinori-toscana-rosso\/#primaryimage"},"image":{"@id":"https:\/\/fonsvinum.com\/de\/produkt\/tignanello-2003-marchesi-antinori-toscana-rosso\/#primaryimage"},"thumbnailUrl":"https:\/\/fonsvinum.com\/files\/2013\/04\/tignanello-marchesi-antinori.png","datePublished":"2018-02-09T08:11:07+00:00","dateModified":"2021-08-23T13:05:14+00:00","description":"TIGNANELLO 2014 MARCHESI ANTINORI TOSCANA ROSSO Die Farbe ist ein intensives rubinrot mit leicht granatroten Einschl\u00e4gen. Sein komplexes Bukett ist gut durchmischt mit D\u00fcften von Tabak.","breadcrumb":{"@id":"https:\/\/fonsvinum.com\/de\/produkt\/tignanello-2003-marchesi-antinori-toscana-rosso\/#breadcrumb"},"inLanguage":"de","potentialAction":[{"@type":"ReadAction","target":["https:\/\/fonsvinum.com\/de\/produkt\/tignanello-2003-marchesi-antinori-toscana-rosso\/"]}]},{"@type":"ImageObject","inLanguage":"de","@id":"https:\/\/fonsvinum.com\/de\/produkt\/tignanello-2003-marchesi-antinori-toscana-rosso\/#primaryimage","url":"https:\/\/fonsvinum.com\/files\/2013\/04\/tignanello-marchesi-antinori.png","contentUrl":"https:\/\/fonsvinum.com\/files\/2013\/04\/tignanello-marchesi-antinori.png","width":202,"height":630},{"@type":"BreadcrumbList","@id":"https:\/\/fonsvinum.com\/de\/produkt\/tignanello-2003-marchesi-antinori-toscana-rosso\/#breadcrumb","itemListElement":[{"@type":"ListItem","position":1,"name":"Startseite","item":"https:\/\/fonsvinum.com\/de\/"},{"@type":"ListItem","position":2,"name":"Shop","item":"https:\/\/fonsvinum.com\/de\/shop\/"},{"@type":"ListItem","position":3,"name":"TIGNANELLO 2003 MARCHESI ANTINORI TOSCANA ROSSO"}]},{"@type":"WebSite","@id":"https:\/\/fonsvinum.com\/en\/#website","url":"https:\/\/fonsvinum.com\/en\/","name":"Fons Vinum","description":"Vendita Vino Online","publisher":{"@id":"https:\/\/fonsvinum.com\/en\/#organization"},"potentialAction":[{"@type":"SearchAction","target":{"@type":"EntryPoint","urlTemplate":"https:\/\/fonsvinum.com\/en\/?s={search_term_string}"},"query-input":{"@type":"PropertyValueSpecification","valueRequired":true,"valueName":"search_term_string"}}],"inLanguage":"de"},{"@type":"Organization","@id":"https:\/\/fonsvinum.com\/en\/#organization","name":"Fons Vinum","url":"https:\/\/fonsvinum.com\/en\/","logo":{"@type":"ImageObject","inLanguage":"de","@id":"https:\/\/fonsvinum.com\/en\/#\/schema\/logo\/image\/","url":"","contentUrl":"","caption":"Fons Vinum"},"image":{"@id":"https:\/\/fonsvinum.com\/en\/#\/schema\/logo\/image\/"}}]}},"acf":[],"_links":{"self":[{"href":"https:\/\/fonsvinum.com\/de\/wp-json\/wp\/v2\/product\/12928","targetHints":{"allow":["GET"]}}],"collection":[{"href":"https:\/\/fonsvinum.com\/de\/wp-json\/wp\/v2\/product"}],"about":[{"href":"https:\/\/fonsvinum.com\/de\/wp-json\/wp\/v2\/types\/product"}],"replies":[{"embeddable":true,"href":"https:\/\/fonsvinum.com\/de\/wp-json\/wp\/v2\/comments?post=12928"}],"wp:featuredmedia":[{"embeddable":true,"href":"https:\/\/fonsvinum.com\/de\/wp-json\/wp\/v2\/media\/4189"}],"wp:attachment":[{"href":"https:\/\/fonsvinum.com\/de\/wp-json\/wp\/v2\/media?parent=12928"}],"wp:term":[{"taxonomy":"product_brand","embeddable":true,"href":"https:\/\/fonsvinum.com\/de\/wp-json\/wp\/v2\/product_brand?post=12928"},{"taxonomy":"product_cat","embeddable":true,"href":"https:\/\/fonsvinum.com\/de\/wp-json\/wp\/v2\/product_cat?post=12928"},{"taxonomy":"product_tag","embeddable":true,"href":"https:\/\/fonsvinum.com\/de\/wp-json\/wp\/v2\/product_tag?post=12928"}],"curies":[{"name":"wp","href":"https:\/\/api.w.org\/{rel}","templated":true}]}}