{"id":12708,"date":"2018-01-27T18:03:48","date_gmt":"2018-01-27T17:03:48","guid":{"rendered":"https:\/\/fonsvinum.com\/?post_type=product&#038;p=12708"},"modified":"2020-01-31T14:47:20","modified_gmt":"2020-01-31T13:47:20","slug":"brunello-di-montalcino-il-marroneto-2012","status":"publish","type":"product","link":"https:\/\/fonsvinum.com\/de\/produkt\/brunello-di-montalcino-il-marroneto-2012\/","title":{"rendered":"Brunello di Montalcino Il Marroneto 2012"},"content":{"rendered":"<h1>Brunello di Montalcino Il Marroneto 2012<\/h1>\n<p>Il Marroneto ist ein Kleinbetrieb wie er im Buche steht. Die Familie Mori bewirtschaftet gerade mal 6 Hektar, die aber in einer sehr guten Zone. Die Br\u00fcder Andrea und Alessandro leiten die Produktion.<\/p>\n<p>Die gesamte Jahresproduktion \u00fcberschreitet kaum mehr als 25000 Flaschen, von denen jede f\u00fcr sich ein kleiner Schatz ist.<\/p>\n<p>Jahrgang 2012 Sattes, funkelndes Rubin mit leicht hellem Rand. Sehr feine, intensive Nase, zeigt Noten nach reifen Zwetschken und Kirschen, einladend. Griffiges Tannin, baut sich gut auf, herzhaft und fest, im Finale satt und zupackend, salzig, braucht noch etwas Lagerung. Min. 39 Monate in F\u00e4ssern aus franz\u00f6sischer Alliereiche und slawonischer Eiche.<\/p>\n<p>&nbsp;<\/p>\n","protected":false},"excerpt":{"rendered":"<p>Brunello di Montalcino Il Marroneto 2012 Il Marroneto ist ein Kleinbetrieb wie er im Buche steht. Die Familie Mori bewirtschaftet gerade mal 6 Hektar, die aber in einer sehr guten Zone. Die Br\u00fcder Andrea und Alessandro leiten die Produktion. Die gesamte Jahresproduktion \u00fcberschreitet kaum mehr als 25000 Flaschen, von denen jede f\u00fcr sich ein kleiner [&hellip;]<\/p>\n","protected":false},"featured_media":4461,"comment_status":"open","ping_status":"closed","template":"","meta":{"_acf_changed":false,"_monsterinsights_skip_tracking":false,"_monsterinsights_sitenote_active":false,"_monsterinsights_sitenote_note":"","_monsterinsights_sitenote_category":0},"product_brand":[],"product_cat":[1772],"product_tag":[1733,15929],"class_list":{"0":"post-12708","1":"product","2":"type-product","3":"status-publish","4":"has-post-thumbnail","6":"product_cat-sangiovese-de","7":"product_tag-aussergewoehnliche-weine-de","8":"product_tag-metodo-classico-extra-brut-de","9":"pa_appellation-brunello-di-montalcino-docg-de","10":"pa_formato-0-75-l-flasche-de","11":"pa_producer-il-marroneto-de","12":"pa_region-toskana-de","13":"pa_vine-sangiovese-brunello-100-de","14":"pa_vintage-2012-de","16":"first","17":"outofstock","18":"taxable","19":"shipping-taxable","20":"purchasable","21":"product-type-simple"},"bundled_by":[],"bundle_stock_status":"outofstock","bundle_stock_quantity":0,"bundle_virtual":false,"bundle_layout":"","bundle_add_to_cart_form_location":"","bundle_editable_in_cart":false,"bundle_sold_individually_context":"","bundle_item_grouping":"","bundle_min_size":"","bundle_max_size":"","bundle_price":[],"bundled_items":[],"bundle_sell_ids":[],"yoast_head":"<!-- This site is optimized with the Yoast SEO plugin v27.2 - https:\/\/yoast.com\/product\/yoast-seo-wordpress\/ -->\n<title>buy on Fons Vinum Brunello di Montalcino Il Marroneto 2012<\/title>\n<meta name=\"description\" content=\"Brunello di Montalcino Il Marroneto 2012. Die gesamte Jahresproduktion \u00fcberschreitet kaum mehr als 25000 Flaschen, von denen jede f\u00fcr sich ein kleiner Schatz ist.\" \/>\n<meta name=\"robots\" content=\"index, follow, max-snippet:-1, max-image-preview:large, max-video-preview:-1\" \/>\n<link rel=\"canonical\" href=\"https:\/\/fonsvinum.com\/de\/produkt\/brunello-di-montalcino-il-marroneto-2012\/\" \/>\n<meta property=\"og:locale\" content=\"de_DE\" \/>\n<meta property=\"og:type\" content=\"article\" \/>\n<meta property=\"og:title\" content=\"buy on Fons Vinum Brunello di Montalcino Il Marroneto 2012\" \/>\n<meta property=\"og:description\" content=\"Brunello di Montalcino Il Marroneto 2012. Die gesamte Jahresproduktion \u00fcberschreitet kaum mehr als 25000 Flaschen, von denen jede f\u00fcr sich ein kleiner Schatz ist.\" \/>\n<meta property=\"og:url\" content=\"https:\/\/fonsvinum.com\/de\/produkt\/brunello-di-montalcino-il-marroneto-2012\/\" \/>\n<meta property=\"og:site_name\" content=\"Fons Vinum\" \/>\n<meta property=\"article:modified_time\" content=\"2020-01-31T13:47:20+00:00\" \/>\n<meta property=\"og:image\" content=\"https:\/\/fonsvinum.com\/files\/2015\/08\/brunello-di-montalcino-il-marroneto.png\" \/>\n\t<meta property=\"og:image:width\" content=\"200\" \/>\n\t<meta property=\"og:image:height\" content=\"600\" \/>\n\t<meta property=\"og:image:type\" content=\"image\/png\" \/>\n<meta name=\"twitter:label1\" content=\"Gesch\u00e4tzte Lesezeit\" \/>\n\t<meta name=\"twitter:data1\" content=\"1\u00a0Minute\" \/>\n<script type=\"application\/ld+json\" class=\"yoast-schema-graph\">{\"@context\":\"https:\/\/schema.org\",\"@graph\":[{\"@type\":\"WebPage\",\"@id\":\"https:\/\/fonsvinum.com\/de\/produkt\/brunello-di-montalcino-il-marroneto-2012\/\",\"url\":\"https:\/\/fonsvinum.com\/de\/produkt\/brunello-di-montalcino-il-marroneto-2012\/\",\"name\":\"buy on Fons Vinum Brunello di Montalcino Il Marroneto 2012\",\"isPartOf\":{\"@id\":\"https:\/\/fonsvinum.com\/en\/#website\"},\"primaryImageOfPage\":{\"@id\":\"https:\/\/fonsvinum.com\/de\/produkt\/brunello-di-montalcino-il-marroneto-2012\/#primaryimage\"},\"image\":{\"@id\":\"https:\/\/fonsvinum.com\/de\/produkt\/brunello-di-montalcino-il-marroneto-2012\/#primaryimage\"},\"thumbnailUrl\":\"https:\/\/fonsvinum.com\/files\/2015\/08\/brunello-di-montalcino-il-marroneto.png\",\"datePublished\":\"2018-01-27T17:03:48+00:00\",\"dateModified\":\"2020-01-31T13:47:20+00:00\",\"description\":\"Brunello di Montalcino Il Marroneto 2012. Die gesamte Jahresproduktion \u00fcberschreitet kaum mehr als 25000 Flaschen, von denen jede f\u00fcr sich ein kleiner Schatz ist.\",\"breadcrumb\":{\"@id\":\"https:\/\/fonsvinum.com\/de\/produkt\/brunello-di-montalcino-il-marroneto-2012\/#breadcrumb\"},\"inLanguage\":\"de\",\"potentialAction\":[{\"@type\":\"ReadAction\",\"target\":[\"https:\/\/fonsvinum.com\/de\/produkt\/brunello-di-montalcino-il-marroneto-2012\/\"]}]},{\"@type\":\"ImageObject\",\"inLanguage\":\"de\",\"@id\":\"https:\/\/fonsvinum.com\/de\/produkt\/brunello-di-montalcino-il-marroneto-2012\/#primaryimage\",\"url\":\"https:\/\/fonsvinum.com\/files\/2015\/08\/brunello-di-montalcino-il-marroneto.png\",\"contentUrl\":\"https:\/\/fonsvinum.com\/files\/2015\/08\/brunello-di-montalcino-il-marroneto.png\",\"width\":200,\"height\":600},{\"@type\":\"BreadcrumbList\",\"@id\":\"https:\/\/fonsvinum.com\/de\/produkt\/brunello-di-montalcino-il-marroneto-2012\/#breadcrumb\",\"itemListElement\":[{\"@type\":\"ListItem\",\"position\":1,\"name\":\"Startseite\",\"item\":\"https:\/\/fonsvinum.com\/de\/\"},{\"@type\":\"ListItem\",\"position\":2,\"name\":\"Shop\",\"item\":\"https:\/\/fonsvinum.com\/de\/shop\/\"},{\"@type\":\"ListItem\",\"position\":3,\"name\":\"Brunello di Montalcino Il Marroneto 2012\"}]},{\"@type\":\"WebSite\",\"@id\":\"https:\/\/fonsvinum.com\/en\/#website\",\"url\":\"https:\/\/fonsvinum.com\/en\/\",\"name\":\"Fons Vinum\",\"description\":\"Vendita Vino Online\",\"publisher\":{\"@id\":\"https:\/\/fonsvinum.com\/en\/#organization\"},\"potentialAction\":[{\"@type\":\"SearchAction\",\"target\":{\"@type\":\"EntryPoint\",\"urlTemplate\":\"https:\/\/fonsvinum.com\/en\/?s={search_term_string}\"},\"query-input\":{\"@type\":\"PropertyValueSpecification\",\"valueRequired\":true,\"valueName\":\"search_term_string\"}}],\"inLanguage\":\"de\"},{\"@type\":\"Organization\",\"@id\":\"https:\/\/fonsvinum.com\/en\/#organization\",\"name\":\"Fons Vinum\",\"url\":\"https:\/\/fonsvinum.com\/en\/\",\"logo\":{\"@type\":\"ImageObject\",\"inLanguage\":\"de\",\"@id\":\"https:\/\/fonsvinum.com\/en\/#\/schema\/logo\/image\/\",\"url\":\"\",\"contentUrl\":\"\",\"caption\":\"Fons Vinum\"},\"image\":{\"@id\":\"https:\/\/fonsvinum.com\/en\/#\/schema\/logo\/image\/\"}}]}<\/script>\n<!-- \/ Yoast SEO plugin. -->","yoast_head_json":{"title":"buy on Fons Vinum Brunello di Montalcino Il Marroneto 2012","description":"Brunello di Montalcino Il Marroneto 2012. Die gesamte Jahresproduktion \u00fcberschreitet kaum mehr als 25000 Flaschen, von denen jede f\u00fcr sich ein kleiner Schatz ist.","robots":{"index":"index","follow":"follow","max-snippet":"max-snippet:-1","max-image-preview":"max-image-preview:large","max-video-preview":"max-video-preview:-1"},"canonical":"https:\/\/fonsvinum.com\/de\/produkt\/brunello-di-montalcino-il-marroneto-2012\/","og_locale":"de_DE","og_type":"article","og_title":"buy on Fons Vinum Brunello di Montalcino Il Marroneto 2012","og_description":"Brunello di Montalcino Il Marroneto 2012. Die gesamte Jahresproduktion \u00fcberschreitet kaum mehr als 25000 Flaschen, von denen jede f\u00fcr sich ein kleiner Schatz ist.","og_url":"https:\/\/fonsvinum.com\/de\/produkt\/brunello-di-montalcino-il-marroneto-2012\/","og_site_name":"Fons Vinum","article_modified_time":"2020-01-31T13:47:20+00:00","og_image":[{"width":200,"height":600,"url":"https:\/\/fonsvinum.com\/files\/2015\/08\/brunello-di-montalcino-il-marroneto.png","type":"image\/png"}],"twitter_misc":{"Gesch\u00e4tzte Lesezeit":"1\u00a0Minute"},"schema":{"@context":"https:\/\/schema.org","@graph":[{"@type":"WebPage","@id":"https:\/\/fonsvinum.com\/de\/produkt\/brunello-di-montalcino-il-marroneto-2012\/","url":"https:\/\/fonsvinum.com\/de\/produkt\/brunello-di-montalcino-il-marroneto-2012\/","name":"buy on Fons Vinum Brunello di Montalcino Il Marroneto 2012","isPartOf":{"@id":"https:\/\/fonsvinum.com\/en\/#website"},"primaryImageOfPage":{"@id":"https:\/\/fonsvinum.com\/de\/produkt\/brunello-di-montalcino-il-marroneto-2012\/#primaryimage"},"image":{"@id":"https:\/\/fonsvinum.com\/de\/produkt\/brunello-di-montalcino-il-marroneto-2012\/#primaryimage"},"thumbnailUrl":"https:\/\/fonsvinum.com\/files\/2015\/08\/brunello-di-montalcino-il-marroneto.png","datePublished":"2018-01-27T17:03:48+00:00","dateModified":"2020-01-31T13:47:20+00:00","description":"Brunello di Montalcino Il Marroneto 2012. Die gesamte Jahresproduktion \u00fcberschreitet kaum mehr als 25000 Flaschen, von denen jede f\u00fcr sich ein kleiner Schatz ist.","breadcrumb":{"@id":"https:\/\/fonsvinum.com\/de\/produkt\/brunello-di-montalcino-il-marroneto-2012\/#breadcrumb"},"inLanguage":"de","potentialAction":[{"@type":"ReadAction","target":["https:\/\/fonsvinum.com\/de\/produkt\/brunello-di-montalcino-il-marroneto-2012\/"]}]},{"@type":"ImageObject","inLanguage":"de","@id":"https:\/\/fonsvinum.com\/de\/produkt\/brunello-di-montalcino-il-marroneto-2012\/#primaryimage","url":"https:\/\/fonsvinum.com\/files\/2015\/08\/brunello-di-montalcino-il-marroneto.png","contentUrl":"https:\/\/fonsvinum.com\/files\/2015\/08\/brunello-di-montalcino-il-marroneto.png","width":200,"height":600},{"@type":"BreadcrumbList","@id":"https:\/\/fonsvinum.com\/de\/produkt\/brunello-di-montalcino-il-marroneto-2012\/#breadcrumb","itemListElement":[{"@type":"ListItem","position":1,"name":"Startseite","item":"https:\/\/fonsvinum.com\/de\/"},{"@type":"ListItem","position":2,"name":"Shop","item":"https:\/\/fonsvinum.com\/de\/shop\/"},{"@type":"ListItem","position":3,"name":"Brunello di Montalcino Il Marroneto 2012"}]},{"@type":"WebSite","@id":"https:\/\/fonsvinum.com\/en\/#website","url":"https:\/\/fonsvinum.com\/en\/","name":"Fons Vinum","description":"Vendita Vino Online","publisher":{"@id":"https:\/\/fonsvinum.com\/en\/#organization"},"potentialAction":[{"@type":"SearchAction","target":{"@type":"EntryPoint","urlTemplate":"https:\/\/fonsvinum.com\/en\/?s={search_term_string}"},"query-input":{"@type":"PropertyValueSpecification","valueRequired":true,"valueName":"search_term_string"}}],"inLanguage":"de"},{"@type":"Organization","@id":"https:\/\/fonsvinum.com\/en\/#organization","name":"Fons Vinum","url":"https:\/\/fonsvinum.com\/en\/","logo":{"@type":"ImageObject","inLanguage":"de","@id":"https:\/\/fonsvinum.com\/en\/#\/schema\/logo\/image\/","url":"","contentUrl":"","caption":"Fons Vinum"},"image":{"@id":"https:\/\/fonsvinum.com\/en\/#\/schema\/logo\/image\/"}}]}},"acf":[],"_links":{"self":[{"href":"https:\/\/fonsvinum.com\/de\/wp-json\/wp\/v2\/product\/12708","targetHints":{"allow":["GET"]}}],"collection":[{"href":"https:\/\/fonsvinum.com\/de\/wp-json\/wp\/v2\/product"}],"about":[{"href":"https:\/\/fonsvinum.com\/de\/wp-json\/wp\/v2\/types\/product"}],"replies":[{"embeddable":true,"href":"https:\/\/fonsvinum.com\/de\/wp-json\/wp\/v2\/comments?post=12708"}],"wp:featuredmedia":[{"embeddable":true,"href":"https:\/\/fonsvinum.com\/de\/wp-json\/wp\/v2\/media\/4461"}],"wp:attachment":[{"href":"https:\/\/fonsvinum.com\/de\/wp-json\/wp\/v2\/media?parent=12708"}],"wp:term":[{"taxonomy":"product_brand","embeddable":true,"href":"https:\/\/fonsvinum.com\/de\/wp-json\/wp\/v2\/product_brand?post=12708"},{"taxonomy":"product_cat","embeddable":true,"href":"https:\/\/fonsvinum.com\/de\/wp-json\/wp\/v2\/product_cat?post=12708"},{"taxonomy":"product_tag","embeddable":true,"href":"https:\/\/fonsvinum.com\/de\/wp-json\/wp\/v2\/product_tag?post=12708"}],"curies":[{"name":"wp","href":"https:\/\/api.w.org\/{rel}","templated":true}]}}