{"id":12694,"date":"2018-01-27T17:07:03","date_gmt":"2018-01-27T16:07:03","guid":{"rendered":"https:\/\/fonsvinum.com\/?post_type=product&#038;p=12694"},"modified":"2019-11-27T07:02:20","modified_gmt":"2019-11-27T06:02:20","slug":"amarone-della-valpolicella-2011-dal-forno-romano","status":"publish","type":"product","link":"https:\/\/fonsvinum.com\/de\/produkt\/amarone-della-valpolicella-2011-dal-forno-romano\/","title":{"rendered":"Amarone della Valpolicella 2011 &#8211; Dal Forno Romano"},"content":{"rendered":"<h1>Amarone della Valpolicella 2011 Dal Forno Romano<\/h1>\n<p>Wie in jedem Jahrgang ist auch diese Kreation von Romano dal Forno ein m\u00e4chtiges Ausrufezeichen im Glas wie auch am Gaumen.<\/p>\n<p>Er wirkt intensiv und \u00fcppig voller Aromen von schwarzen Kirschen, Gew\u00fcrzen, dichtem Rauch und Rosmarin.<\/p>\n<p>Im Mund schmeichelt er sich in alle Winkel und \u00f6ffnet auch die verstecktesten Geschmacksknospen.<\/p>\n<p>Das Finale wirkt pointiert mit klaren, immer noch jugendlichen TanninenDer Amarone della Valpolicella besticht mit seiner dichten granatroten Farbe.<\/p>\n<p>Feinw\u00fcrzige, warme Aromen von Pflaumen, s\u00fc\u00dfen Fr\u00fcchten, Rosinen, Kaffee, Tabak und Vanille sowie eine Spur von Bitterschokolade umspielen die Nase.<\/p>\n<p>Im komplexen, anhaltenden, weichen, vollen und nuancenreichen Mund brilliert er mit einer herzhaften Fruchtf\u00fclle und der sanften Tanninstruktur.<\/p>\n<p>Genie\u00dfen Sie ihn zu w\u00fcrzigen Kaninchenpasteten, geschmortem Wildschwein und reifen K\u00e4sesorten.<\/p>\n<p>&nbsp;<\/p>\n","protected":false},"excerpt":{"rendered":"<p>Amarone della Valpolicella 2011 Dal Forno Romano Wie in jedem Jahrgang ist auch diese Kreation von Romano dal Forno ein m\u00e4chtiges Ausrufezeichen im Glas wie auch am Gaumen. Er wirkt intensiv und \u00fcppig voller Aromen von schwarzen Kirschen, Gew\u00fcrzen, dichtem Rauch und Rosmarin. Im Mund schmeichelt er sich in alle Winkel und \u00f6ffnet auch die [&hellip;]<\/p>\n","protected":false},"featured_media":3627,"comment_status":"open","ping_status":"closed","template":"","meta":{"_acf_changed":false,"_monsterinsights_skip_tracking":false,"_monsterinsights_sitenote_active":false,"_monsterinsights_sitenote_note":"","_monsterinsights_sitenote_category":0},"product_brand":[],"product_cat":[2336],"product_tag":[1733],"class_list":{"0":"post-12694","1":"product","2":"type-product","3":"status-publish","4":"has-post-thumbnail","6":"product_cat-amarone-de","7":"product_tag-aussergewoehnliche-weine-de","8":"pa_appellation-amarone-della-valpolicella-docg-de","9":"pa_formato-0-75-l-flasche-de","10":"pa_producer-dal-forno-romano-de","11":"pa_region-venetien-de","12":"pa_vine-60-corvina-20-rondinella-10-oseleta-10-croatina-de","13":"pa_vintage-2011-de","15":"first","16":"instock","17":"taxable","18":"shipping-taxable","19":"purchasable","20":"product-type-simple"},"bundled_by":[],"bundle_stock_status":"instock","bundle_stock_quantity":2,"bundle_virtual":false,"bundle_layout":"","bundle_add_to_cart_form_location":"","bundle_editable_in_cart":false,"bundle_sold_individually_context":"","bundle_item_grouping":"","bundle_min_size":"","bundle_max_size":"","bundle_price":[],"bundled_items":[],"bundle_sell_ids":[],"yoast_head":"<!-- This site is optimized with the Yoast SEO plugin v27.2 - https:\/\/yoast.com\/product\/yoast-seo-wordpress\/ -->\n<title>Amarone della Valpolicella 2011 Dal Forno Romano<\/title>\n<meta name=\"description\" content=\"Amarone della Valpolicella 2011 Dal Forno Romano Der 2011er Jahrgang dieses Amarone-Monuments entpuppt sich als einer der besten Jahrg\u00e4nge, die es gibt. Wie in jedem Jahrgang ist auch diese Kreation von Romano dal Forno ein m\u00e4cht... Schatzkammerwein\" \/>\n<meta name=\"robots\" content=\"index, follow, max-snippet:-1, max-image-preview:large, max-video-preview:-1\" \/>\n<link rel=\"canonical\" href=\"https:\/\/fonsvinum.com\/de\/produkt\/amarone-della-valpolicella-2011-dal-forno-romano\/\" \/>\n<meta property=\"og:locale\" content=\"de_DE\" \/>\n<meta property=\"og:type\" content=\"article\" \/>\n<meta property=\"og:title\" content=\"Amarone della Valpolicella 2011 Dal Forno Romano\" \/>\n<meta property=\"og:description\" content=\"Amarone della Valpolicella 2011 Dal Forno Romano Der 2011er Jahrgang dieses Amarone-Monuments entpuppt sich als einer der besten Jahrg\u00e4nge, die es gibt. Wie in jedem Jahrgang ist auch diese Kreation von Romano dal Forno ein m\u00e4cht... Schatzkammerwein\" \/>\n<meta property=\"og:url\" content=\"https:\/\/fonsvinum.com\/de\/produkt\/amarone-della-valpolicella-2011-dal-forno-romano\/\" \/>\n<meta property=\"og:site_name\" content=\"Fons Vinum\" \/>\n<meta property=\"article:modified_time\" content=\"2019-11-27T06:02:20+00:00\" \/>\n<meta property=\"og:image\" content=\"https:\/\/fonsvinum.com\/files\/2015\/01\/amarone-dal-forno.png\" \/>\n\t<meta property=\"og:image:width\" content=\"248\" \/>\n\t<meta property=\"og:image:height\" content=\"517\" \/>\n\t<meta property=\"og:image:type\" content=\"image\/png\" \/>\n<meta name=\"twitter:label1\" content=\"Gesch\u00e4tzte Lesezeit\" \/>\n\t<meta name=\"twitter:data1\" content=\"1\u00a0Minute\" \/>\n<script type=\"application\/ld+json\" class=\"yoast-schema-graph\">{\"@context\":\"https:\/\/schema.org\",\"@graph\":[{\"@type\":\"WebPage\",\"@id\":\"https:\/\/fonsvinum.com\/de\/produkt\/amarone-della-valpolicella-2011-dal-forno-romano\/\",\"url\":\"https:\/\/fonsvinum.com\/de\/produkt\/amarone-della-valpolicella-2011-dal-forno-romano\/\",\"name\":\"Amarone della Valpolicella 2011 Dal Forno Romano\",\"isPartOf\":{\"@id\":\"https:\/\/fonsvinum.com\/en\/#website\"},\"primaryImageOfPage\":{\"@id\":\"https:\/\/fonsvinum.com\/de\/produkt\/amarone-della-valpolicella-2011-dal-forno-romano\/#primaryimage\"},\"image\":{\"@id\":\"https:\/\/fonsvinum.com\/de\/produkt\/amarone-della-valpolicella-2011-dal-forno-romano\/#primaryimage\"},\"thumbnailUrl\":\"https:\/\/fonsvinum.com\/files\/2015\/01\/amarone-dal-forno.png\",\"datePublished\":\"2018-01-27T16:07:03+00:00\",\"dateModified\":\"2019-11-27T06:02:20+00:00\",\"description\":\"Amarone della Valpolicella 2011 Dal Forno Romano Der 2011er Jahrgang dieses Amarone-Monuments entpuppt sich als einer der besten Jahrg\u00e4nge, die es gibt. Wie in jedem Jahrgang ist auch diese Kreation von Romano dal Forno ein m\u00e4cht... Schatzkammerwein\",\"breadcrumb\":{\"@id\":\"https:\/\/fonsvinum.com\/de\/produkt\/amarone-della-valpolicella-2011-dal-forno-romano\/#breadcrumb\"},\"inLanguage\":\"de\",\"potentialAction\":[{\"@type\":\"ReadAction\",\"target\":[\"https:\/\/fonsvinum.com\/de\/produkt\/amarone-della-valpolicella-2011-dal-forno-romano\/\"]}]},{\"@type\":\"ImageObject\",\"inLanguage\":\"de\",\"@id\":\"https:\/\/fonsvinum.com\/de\/produkt\/amarone-della-valpolicella-2011-dal-forno-romano\/#primaryimage\",\"url\":\"https:\/\/fonsvinum.com\/files\/2015\/01\/amarone-dal-forno.png\",\"contentUrl\":\"https:\/\/fonsvinum.com\/files\/2015\/01\/amarone-dal-forno.png\",\"width\":248,\"height\":517,\"caption\":\"amarone-dal-forno\"},{\"@type\":\"BreadcrumbList\",\"@id\":\"https:\/\/fonsvinum.com\/de\/produkt\/amarone-della-valpolicella-2011-dal-forno-romano\/#breadcrumb\",\"itemListElement\":[{\"@type\":\"ListItem\",\"position\":1,\"name\":\"Startseite\",\"item\":\"https:\/\/fonsvinum.com\/de\/\"},{\"@type\":\"ListItem\",\"position\":2,\"name\":\"Shop\",\"item\":\"https:\/\/fonsvinum.com\/de\/shop\/\"},{\"@type\":\"ListItem\",\"position\":3,\"name\":\"Amarone della Valpolicella 2011 &#8211; Dal Forno Romano\"}]},{\"@type\":\"WebSite\",\"@id\":\"https:\/\/fonsvinum.com\/en\/#website\",\"url\":\"https:\/\/fonsvinum.com\/en\/\",\"name\":\"Fons Vinum\",\"description\":\"Vendita Vino Online\",\"publisher\":{\"@id\":\"https:\/\/fonsvinum.com\/en\/#organization\"},\"potentialAction\":[{\"@type\":\"SearchAction\",\"target\":{\"@type\":\"EntryPoint\",\"urlTemplate\":\"https:\/\/fonsvinum.com\/en\/?s={search_term_string}\"},\"query-input\":{\"@type\":\"PropertyValueSpecification\",\"valueRequired\":true,\"valueName\":\"search_term_string\"}}],\"inLanguage\":\"de\"},{\"@type\":\"Organization\",\"@id\":\"https:\/\/fonsvinum.com\/en\/#organization\",\"name\":\"Fons Vinum\",\"url\":\"https:\/\/fonsvinum.com\/en\/\",\"logo\":{\"@type\":\"ImageObject\",\"inLanguage\":\"de\",\"@id\":\"https:\/\/fonsvinum.com\/en\/#\/schema\/logo\/image\/\",\"url\":\"\",\"contentUrl\":\"\",\"caption\":\"Fons Vinum\"},\"image\":{\"@id\":\"https:\/\/fonsvinum.com\/en\/#\/schema\/logo\/image\/\"}}]}<\/script>\n<!-- \/ Yoast SEO plugin. -->","yoast_head_json":{"title":"Amarone della Valpolicella 2011 Dal Forno Romano","description":"Amarone della Valpolicella 2011 Dal Forno Romano Der 2011er Jahrgang dieses Amarone-Monuments entpuppt sich als einer der besten Jahrg\u00e4nge, die es gibt. Wie in jedem Jahrgang ist auch diese Kreation von Romano dal Forno ein m\u00e4cht... Schatzkammerwein","robots":{"index":"index","follow":"follow","max-snippet":"max-snippet:-1","max-image-preview":"max-image-preview:large","max-video-preview":"max-video-preview:-1"},"canonical":"https:\/\/fonsvinum.com\/de\/produkt\/amarone-della-valpolicella-2011-dal-forno-romano\/","og_locale":"de_DE","og_type":"article","og_title":"Amarone della Valpolicella 2011 Dal Forno Romano","og_description":"Amarone della Valpolicella 2011 Dal Forno Romano Der 2011er Jahrgang dieses Amarone-Monuments entpuppt sich als einer der besten Jahrg\u00e4nge, die es gibt. Wie in jedem Jahrgang ist auch diese Kreation von Romano dal Forno ein m\u00e4cht... Schatzkammerwein","og_url":"https:\/\/fonsvinum.com\/de\/produkt\/amarone-della-valpolicella-2011-dal-forno-romano\/","og_site_name":"Fons Vinum","article_modified_time":"2019-11-27T06:02:20+00:00","og_image":[{"width":248,"height":517,"url":"https:\/\/fonsvinum.com\/files\/2015\/01\/amarone-dal-forno.png","type":"image\/png"}],"twitter_misc":{"Gesch\u00e4tzte Lesezeit":"1\u00a0Minute"},"schema":{"@context":"https:\/\/schema.org","@graph":[{"@type":"WebPage","@id":"https:\/\/fonsvinum.com\/de\/produkt\/amarone-della-valpolicella-2011-dal-forno-romano\/","url":"https:\/\/fonsvinum.com\/de\/produkt\/amarone-della-valpolicella-2011-dal-forno-romano\/","name":"Amarone della Valpolicella 2011 Dal Forno Romano","isPartOf":{"@id":"https:\/\/fonsvinum.com\/en\/#website"},"primaryImageOfPage":{"@id":"https:\/\/fonsvinum.com\/de\/produkt\/amarone-della-valpolicella-2011-dal-forno-romano\/#primaryimage"},"image":{"@id":"https:\/\/fonsvinum.com\/de\/produkt\/amarone-della-valpolicella-2011-dal-forno-romano\/#primaryimage"},"thumbnailUrl":"https:\/\/fonsvinum.com\/files\/2015\/01\/amarone-dal-forno.png","datePublished":"2018-01-27T16:07:03+00:00","dateModified":"2019-11-27T06:02:20+00:00","description":"Amarone della Valpolicella 2011 Dal Forno Romano Der 2011er Jahrgang dieses Amarone-Monuments entpuppt sich als einer der besten Jahrg\u00e4nge, die es gibt. Wie in jedem Jahrgang ist auch diese Kreation von Romano dal Forno ein m\u00e4cht... Schatzkammerwein","breadcrumb":{"@id":"https:\/\/fonsvinum.com\/de\/produkt\/amarone-della-valpolicella-2011-dal-forno-romano\/#breadcrumb"},"inLanguage":"de","potentialAction":[{"@type":"ReadAction","target":["https:\/\/fonsvinum.com\/de\/produkt\/amarone-della-valpolicella-2011-dal-forno-romano\/"]}]},{"@type":"ImageObject","inLanguage":"de","@id":"https:\/\/fonsvinum.com\/de\/produkt\/amarone-della-valpolicella-2011-dal-forno-romano\/#primaryimage","url":"https:\/\/fonsvinum.com\/files\/2015\/01\/amarone-dal-forno.png","contentUrl":"https:\/\/fonsvinum.com\/files\/2015\/01\/amarone-dal-forno.png","width":248,"height":517,"caption":"amarone-dal-forno"},{"@type":"BreadcrumbList","@id":"https:\/\/fonsvinum.com\/de\/produkt\/amarone-della-valpolicella-2011-dal-forno-romano\/#breadcrumb","itemListElement":[{"@type":"ListItem","position":1,"name":"Startseite","item":"https:\/\/fonsvinum.com\/de\/"},{"@type":"ListItem","position":2,"name":"Shop","item":"https:\/\/fonsvinum.com\/de\/shop\/"},{"@type":"ListItem","position":3,"name":"Amarone della Valpolicella 2011 &#8211; Dal Forno Romano"}]},{"@type":"WebSite","@id":"https:\/\/fonsvinum.com\/en\/#website","url":"https:\/\/fonsvinum.com\/en\/","name":"Fons Vinum","description":"Vendita Vino Online","publisher":{"@id":"https:\/\/fonsvinum.com\/en\/#organization"},"potentialAction":[{"@type":"SearchAction","target":{"@type":"EntryPoint","urlTemplate":"https:\/\/fonsvinum.com\/en\/?s={search_term_string}"},"query-input":{"@type":"PropertyValueSpecification","valueRequired":true,"valueName":"search_term_string"}}],"inLanguage":"de"},{"@type":"Organization","@id":"https:\/\/fonsvinum.com\/en\/#organization","name":"Fons Vinum","url":"https:\/\/fonsvinum.com\/en\/","logo":{"@type":"ImageObject","inLanguage":"de","@id":"https:\/\/fonsvinum.com\/en\/#\/schema\/logo\/image\/","url":"","contentUrl":"","caption":"Fons Vinum"},"image":{"@id":"https:\/\/fonsvinum.com\/en\/#\/schema\/logo\/image\/"}}]}},"acf":[],"_links":{"self":[{"href":"https:\/\/fonsvinum.com\/de\/wp-json\/wp\/v2\/product\/12694","targetHints":{"allow":["GET"]}}],"collection":[{"href":"https:\/\/fonsvinum.com\/de\/wp-json\/wp\/v2\/product"}],"about":[{"href":"https:\/\/fonsvinum.com\/de\/wp-json\/wp\/v2\/types\/product"}],"replies":[{"embeddable":true,"href":"https:\/\/fonsvinum.com\/de\/wp-json\/wp\/v2\/comments?post=12694"}],"wp:featuredmedia":[{"embeddable":true,"href":"https:\/\/fonsvinum.com\/de\/wp-json\/wp\/v2\/media\/3627"}],"wp:attachment":[{"href":"https:\/\/fonsvinum.com\/de\/wp-json\/wp\/v2\/media?parent=12694"}],"wp:term":[{"taxonomy":"product_brand","embeddable":true,"href":"https:\/\/fonsvinum.com\/de\/wp-json\/wp\/v2\/product_brand?post=12694"},{"taxonomy":"product_cat","embeddable":true,"href":"https:\/\/fonsvinum.com\/de\/wp-json\/wp\/v2\/product_cat?post=12694"},{"taxonomy":"product_tag","embeddable":true,"href":"https:\/\/fonsvinum.com\/de\/wp-json\/wp\/v2\/product_tag?post=12694"}],"curies":[{"name":"wp","href":"https:\/\/api.w.org\/{rel}","templated":true}]}}