{"id":12614,"date":"2018-01-25T14:30:35","date_gmt":"2018-01-25T13:30:35","guid":{"rendered":"https:\/\/fonsvinum.com\/?post_type=product&#038;p=12614"},"modified":"2019-11-05T09:23:57","modified_gmt":"2019-11-05T08:23:57","slug":"barbaresco-gaja-2014","status":"publish","type":"product","link":"https:\/\/fonsvinum.com\/de\/produkt\/barbaresco-gaja-2014\/","title":{"rendered":"Barbaresco GAJA 2014"},"content":{"rendered":"<p>Barbaresco GAJA 2014<\/p>\n<p>Das Bukett hat eine dunkle, sehr pr\u00e4zise Frucht mit klassischen Ankl\u00e4ngen an Teer, Lakritz und einem Hauch Tr\u00fcffel<\/p>\n<p>Der Barberasco von Gaja ist bei aller Kraft und Dichte bekannt f\u00fcr seine Eleganz und einen vielschichtigen Abgang am feinstem, seidigem Tannin.<\/p>\n<p>&nbsp;<\/p>\n","protected":false},"excerpt":{"rendered":"<p>Barbaresco GAJA 2014 Das Bukett hat eine dunkle, sehr pr\u00e4zise Frucht mit klassischen Ankl\u00e4ngen an Teer, Lakritz und einem Hauch Tr\u00fcffel Der Barberasco von Gaja ist bei aller Kraft und Dichte bekannt f\u00fcr seine Eleganz und einen vielschichtigen Abgang am feinstem, seidigem Tannin. &nbsp;<\/p>\n","protected":false},"featured_media":4684,"comment_status":"open","ping_status":"closed","template":"","meta":{"_acf_changed":false,"_monsterinsights_skip_tracking":false,"_monsterinsights_sitenote_active":false,"_monsterinsights_sitenote_note":"","_monsterinsights_sitenote_category":0},"product_brand":[],"product_cat":[1773],"product_tag":[1733,15895],"class_list":{"0":"post-12614","1":"product","2":"type-product","3":"status-publish","4":"has-post-thumbnail","6":"product_cat-barbaresco-de","7":"product_tag-aussergewoehnliche-weine-de","8":"product_tag-barbaresco-de-2","9":"pa_appellation-langhe-nebbiolo-doc-de","10":"pa_formato-0-75-l-flasche-de","11":"pa_producer-gaja-de","12":"pa_region-piemont-de","13":"pa_vine-100-nebbiolo-de","14":"pa_vintage-2014-de","16":"first","17":"instock","18":"featured","19":"taxable","20":"shipping-taxable","21":"purchasable","22":"product-type-simple"},"bundled_by":[],"bundle_stock_status":"instock","bundle_stock_quantity":1,"bundle_virtual":false,"bundle_layout":"","bundle_add_to_cart_form_location":"","bundle_editable_in_cart":false,"bundle_sold_individually_context":"","bundle_item_grouping":"","bundle_min_size":"","bundle_max_size":"","bundle_price":[],"bundled_items":[],"bundle_sell_ids":[],"yoast_head":"<!-- This site is optimized with the Yoast SEO plugin v27.3 - https:\/\/yoast.com\/product\/yoast-seo-wordpress\/ -->\n<title>BarbarescoANGELO GAJA JAHGANG 2014 WEIN AUS PIEDMONT<\/title>\n<meta name=\"description\" content=\"Barbaresco GAJA 2014\" \/>\n<meta name=\"robots\" content=\"index, follow, max-snippet:-1, max-image-preview:large, max-video-preview:-1\" \/>\n<link rel=\"canonical\" href=\"https:\/\/fonsvinum.com\/de\/produkt\/barbaresco-gaja-2014\/\" \/>\n<meta property=\"og:locale\" content=\"de_DE\" \/>\n<meta property=\"og:type\" content=\"article\" \/>\n<meta property=\"og:title\" content=\"BarbarescoANGELO GAJA JAHGANG 2014 WEIN AUS PIEDMONT\" \/>\n<meta property=\"og:description\" content=\"Barbaresco GAJA 2014\" \/>\n<meta property=\"og:url\" content=\"https:\/\/fonsvinum.com\/de\/produkt\/barbaresco-gaja-2014\/\" \/>\n<meta property=\"og:site_name\" content=\"Fons Vinum\" \/>\n<meta property=\"article:modified_time\" content=\"2019-11-05T08:23:57+00:00\" \/>\n<meta property=\"og:image\" content=\"https:\/\/fonsvinum.com\/files\/2013\/04\/barbaresco-gaja.png\" \/>\n\t<meta property=\"og:image:width\" content=\"251\" \/>\n\t<meta property=\"og:image:height\" content=\"800\" \/>\n\t<meta property=\"og:image:type\" content=\"image\/png\" \/>\n<script type=\"application\/ld+json\" class=\"yoast-schema-graph\">{\"@context\":\"https:\\\/\\\/schema.org\",\"@graph\":[{\"@type\":\"WebPage\",\"@id\":\"https:\\\/\\\/fonsvinum.com\\\/de\\\/produkt\\\/barbaresco-gaja-2014\\\/\",\"url\":\"https:\\\/\\\/fonsvinum.com\\\/de\\\/produkt\\\/barbaresco-gaja-2014\\\/\",\"name\":\"BarbarescoANGELO GAJA JAHGANG 2014 WEIN AUS PIEDMONT\",\"isPartOf\":{\"@id\":\"https:\\\/\\\/fonsvinum.com\\\/en\\\/#website\"},\"primaryImageOfPage\":{\"@id\":\"https:\\\/\\\/fonsvinum.com\\\/de\\\/produkt\\\/barbaresco-gaja-2014\\\/#primaryimage\"},\"image\":{\"@id\":\"https:\\\/\\\/fonsvinum.com\\\/de\\\/produkt\\\/barbaresco-gaja-2014\\\/#primaryimage\"},\"thumbnailUrl\":\"https:\\\/\\\/fonsvinum.com\\\/files\\\/2013\\\/04\\\/barbaresco-gaja.png\",\"datePublished\":\"2018-01-25T13:30:35+00:00\",\"dateModified\":\"2019-11-05T08:23:57+00:00\",\"description\":\"Barbaresco GAJA 2014\",\"breadcrumb\":{\"@id\":\"https:\\\/\\\/fonsvinum.com\\\/de\\\/produkt\\\/barbaresco-gaja-2014\\\/#breadcrumb\"},\"inLanguage\":\"de\",\"potentialAction\":[{\"@type\":\"ReadAction\",\"target\":[\"https:\\\/\\\/fonsvinum.com\\\/de\\\/produkt\\\/barbaresco-gaja-2014\\\/\"]}]},{\"@type\":\"ImageObject\",\"inLanguage\":\"de\",\"@id\":\"https:\\\/\\\/fonsvinum.com\\\/de\\\/produkt\\\/barbaresco-gaja-2014\\\/#primaryimage\",\"url\":\"https:\\\/\\\/fonsvinum.com\\\/files\\\/2013\\\/04\\\/barbaresco-gaja.png\",\"contentUrl\":\"https:\\\/\\\/fonsvinum.com\\\/files\\\/2013\\\/04\\\/barbaresco-gaja.png\",\"width\":251,\"height\":800,\"caption\":\"barbaresco gaja\"},{\"@type\":\"BreadcrumbList\",\"@id\":\"https:\\\/\\\/fonsvinum.com\\\/de\\\/produkt\\\/barbaresco-gaja-2014\\\/#breadcrumb\",\"itemListElement\":[{\"@type\":\"ListItem\",\"position\":1,\"name\":\"Startseite\",\"item\":\"https:\\\/\\\/fonsvinum.com\\\/de\\\/\"},{\"@type\":\"ListItem\",\"position\":2,\"name\":\"Shop\",\"item\":\"https:\\\/\\\/fonsvinum.com\\\/de\\\/shop\\\/\"},{\"@type\":\"ListItem\",\"position\":3,\"name\":\"Barbaresco GAJA 2014\"}]},{\"@type\":\"WebSite\",\"@id\":\"https:\\\/\\\/fonsvinum.com\\\/en\\\/#website\",\"url\":\"https:\\\/\\\/fonsvinum.com\\\/en\\\/\",\"name\":\"Fons Vinum\",\"description\":\"Vendita Vino Online\",\"publisher\":{\"@id\":\"https:\\\/\\\/fonsvinum.com\\\/en\\\/#organization\"},\"potentialAction\":[{\"@type\":\"SearchAction\",\"target\":{\"@type\":\"EntryPoint\",\"urlTemplate\":\"https:\\\/\\\/fonsvinum.com\\\/en\\\/?s={search_term_string}\"},\"query-input\":{\"@type\":\"PropertyValueSpecification\",\"valueRequired\":true,\"valueName\":\"search_term_string\"}}],\"inLanguage\":\"de\"},{\"@type\":\"Organization\",\"@id\":\"https:\\\/\\\/fonsvinum.com\\\/en\\\/#organization\",\"name\":\"Fons Vinum\",\"url\":\"https:\\\/\\\/fonsvinum.com\\\/en\\\/\",\"logo\":{\"@type\":\"ImageObject\",\"inLanguage\":\"de\",\"@id\":\"https:\\\/\\\/fonsvinum.com\\\/en\\\/#\\\/schema\\\/logo\\\/image\\\/\",\"url\":\"\",\"contentUrl\":\"\",\"caption\":\"Fons Vinum\"},\"image\":{\"@id\":\"https:\\\/\\\/fonsvinum.com\\\/en\\\/#\\\/schema\\\/logo\\\/image\\\/\"}}]}<\/script>\n<!-- \/ Yoast SEO plugin. -->","yoast_head_json":{"title":"BarbarescoANGELO GAJA JAHGANG 2014 WEIN AUS PIEDMONT","description":"Barbaresco GAJA 2014","robots":{"index":"index","follow":"follow","max-snippet":"max-snippet:-1","max-image-preview":"max-image-preview:large","max-video-preview":"max-video-preview:-1"},"canonical":"https:\/\/fonsvinum.com\/de\/produkt\/barbaresco-gaja-2014\/","og_locale":"de_DE","og_type":"article","og_title":"BarbarescoANGELO GAJA JAHGANG 2014 WEIN AUS PIEDMONT","og_description":"Barbaresco GAJA 2014","og_url":"https:\/\/fonsvinum.com\/de\/produkt\/barbaresco-gaja-2014\/","og_site_name":"Fons Vinum","article_modified_time":"2019-11-05T08:23:57+00:00","og_image":[{"width":251,"height":800,"url":"https:\/\/fonsvinum.com\/files\/2013\/04\/barbaresco-gaja.png","type":"image\/png"}],"schema":{"@context":"https:\/\/schema.org","@graph":[{"@type":"WebPage","@id":"https:\/\/fonsvinum.com\/de\/produkt\/barbaresco-gaja-2014\/","url":"https:\/\/fonsvinum.com\/de\/produkt\/barbaresco-gaja-2014\/","name":"BarbarescoANGELO GAJA JAHGANG 2014 WEIN AUS PIEDMONT","isPartOf":{"@id":"https:\/\/fonsvinum.com\/en\/#website"},"primaryImageOfPage":{"@id":"https:\/\/fonsvinum.com\/de\/produkt\/barbaresco-gaja-2014\/#primaryimage"},"image":{"@id":"https:\/\/fonsvinum.com\/de\/produkt\/barbaresco-gaja-2014\/#primaryimage"},"thumbnailUrl":"https:\/\/fonsvinum.com\/files\/2013\/04\/barbaresco-gaja.png","datePublished":"2018-01-25T13:30:35+00:00","dateModified":"2019-11-05T08:23:57+00:00","description":"Barbaresco GAJA 2014","breadcrumb":{"@id":"https:\/\/fonsvinum.com\/de\/produkt\/barbaresco-gaja-2014\/#breadcrumb"},"inLanguage":"de","potentialAction":[{"@type":"ReadAction","target":["https:\/\/fonsvinum.com\/de\/produkt\/barbaresco-gaja-2014\/"]}]},{"@type":"ImageObject","inLanguage":"de","@id":"https:\/\/fonsvinum.com\/de\/produkt\/barbaresco-gaja-2014\/#primaryimage","url":"https:\/\/fonsvinum.com\/files\/2013\/04\/barbaresco-gaja.png","contentUrl":"https:\/\/fonsvinum.com\/files\/2013\/04\/barbaresco-gaja.png","width":251,"height":800,"caption":"barbaresco gaja"},{"@type":"BreadcrumbList","@id":"https:\/\/fonsvinum.com\/de\/produkt\/barbaresco-gaja-2014\/#breadcrumb","itemListElement":[{"@type":"ListItem","position":1,"name":"Startseite","item":"https:\/\/fonsvinum.com\/de\/"},{"@type":"ListItem","position":2,"name":"Shop","item":"https:\/\/fonsvinum.com\/de\/shop\/"},{"@type":"ListItem","position":3,"name":"Barbaresco GAJA 2014"}]},{"@type":"WebSite","@id":"https:\/\/fonsvinum.com\/en\/#website","url":"https:\/\/fonsvinum.com\/en\/","name":"Fons Vinum","description":"Vendita Vino Online","publisher":{"@id":"https:\/\/fonsvinum.com\/en\/#organization"},"potentialAction":[{"@type":"SearchAction","target":{"@type":"EntryPoint","urlTemplate":"https:\/\/fonsvinum.com\/en\/?s={search_term_string}"},"query-input":{"@type":"PropertyValueSpecification","valueRequired":true,"valueName":"search_term_string"}}],"inLanguage":"de"},{"@type":"Organization","@id":"https:\/\/fonsvinum.com\/en\/#organization","name":"Fons Vinum","url":"https:\/\/fonsvinum.com\/en\/","logo":{"@type":"ImageObject","inLanguage":"de","@id":"https:\/\/fonsvinum.com\/en\/#\/schema\/logo\/image\/","url":"","contentUrl":"","caption":"Fons Vinum"},"image":{"@id":"https:\/\/fonsvinum.com\/en\/#\/schema\/logo\/image\/"}}]}},"acf":[],"_links":{"self":[{"href":"https:\/\/fonsvinum.com\/de\/wp-json\/wp\/v2\/product\/12614","targetHints":{"allow":["GET"]}}],"collection":[{"href":"https:\/\/fonsvinum.com\/de\/wp-json\/wp\/v2\/product"}],"about":[{"href":"https:\/\/fonsvinum.com\/de\/wp-json\/wp\/v2\/types\/product"}],"replies":[{"embeddable":true,"href":"https:\/\/fonsvinum.com\/de\/wp-json\/wp\/v2\/comments?post=12614"}],"wp:featuredmedia":[{"embeddable":true,"href":"https:\/\/fonsvinum.com\/de\/wp-json\/wp\/v2\/media\/4684"}],"wp:attachment":[{"href":"https:\/\/fonsvinum.com\/de\/wp-json\/wp\/v2\/media?parent=12614"}],"wp:term":[{"taxonomy":"product_brand","embeddable":true,"href":"https:\/\/fonsvinum.com\/de\/wp-json\/wp\/v2\/product_brand?post=12614"},{"taxonomy":"product_cat","embeddable":true,"href":"https:\/\/fonsvinum.com\/de\/wp-json\/wp\/v2\/product_cat?post=12614"},{"taxonomy":"product_tag","embeddable":true,"href":"https:\/\/fonsvinum.com\/de\/wp-json\/wp\/v2\/product_tag?post=12614"}],"curies":[{"name":"wp","href":"https:\/\/api.w.org\/{rel}","templated":true}]}}