{"id":12528,"date":"2018-01-23T12:44:07","date_gmt":"2018-01-23T11:44:07","guid":{"rendered":"https:\/\/fonsvinum.com\/?post_type=product&#038;p=12528"},"modified":"2019-12-17T07:32:13","modified_gmt":"2019-12-17T06:32:13","slug":"terra-di-lavoro-galardi-2013-magnum","status":"publish","type":"product","link":"https:\/\/fonsvinum.com\/de\/produkt\/terra-di-lavoro-galardi-2013-magnum\/","title":{"rendered":"Terra di Lavoro Galardi 2013 Magnum"},"content":{"rendered":"<p>Terra di lavoro Galardi 2013 Magnum<\/p>\n<p>Galardi Terra di Lavoro IGP 2013 ist einer der besten wie au\u00dfergewoehnlichsten Rotweine aus Italien, ein absolutes Meisterwerk italienischer Winzerkunst. Das Weingut Galardi um Francesco und Dora Catello erzeugt nur diesen einzigen Rotwein Terra di Lavoro, in den alle Konzentration einflie\u00dft.<\/p>\n<p>Ein exzellenter und herausragender Rotwein, in allen Aromen punktgenau pr\u00e4sent wie ein Schweizer Uhrwerk mit feinster Struktur, F\u00fclle und vielschichtig warmen Aromen.<\/p>\n<p>Galardis Terra di Lavoro ist ein Rotwein aus Kampanien und besteht aus den Rebsorten Aglianico und Piedirosso, der f\u00fcr zw\u00f6lf Monate in neuen Eichenf\u00e4ssern ausgebaut wird.<\/p>\n<h3>Hier die Auszeichnungen des Galardi Terra di Lavoro IGP 2013:<br \/>\nGambero Rosso &#8211; Vini d&#8217;Italia 2016 tre bicchieri<br \/>\nTCI &#8211; Vini Buoni d&#8217;Italia 2016 Corona<br \/>\nVeronelli &#8211; I Vini di Veronelli 2016 97\/100<br \/>\nVeronelli &#8211; I Vini di Veronelli 2016 super tre stelle<br \/>\nBibenda 2016 &#8211; 5 grappoli<br \/>\nAIS &#8211; Guida ai Vini d&#8217;Italia VITAE 2016 4 viti<br \/>\nLuca Maroni &#8211; Annuario dei Vini d&#8217;Italia 2016 90\/99<br \/>\nWine Spectator &#8211; 92\/100<\/h3>\n","protected":false},"excerpt":{"rendered":"<p>Terra di lavoro Galardi 2013 Magnum Galardi Terra di Lavoro IGP 2013 ist einer der besten wie au\u00dfergewoehnlichsten Rotweine aus Italien, ein absolutes Meisterwerk italienischer Winzerkunst. Das Weingut Galardi um Francesco und Dora Catello erzeugt nur diesen einzigen Rotwein Terra di Lavoro, in den alle Konzentration einflie\u00dft. Ein exzellenter und herausragender Rotwein, in allen Aromen [&hellip;]<\/p>\n","protected":false},"featured_media":10445,"comment_status":"open","ping_status":"closed","template":"","meta":{"_acf_changed":false,"_monsterinsights_skip_tracking":false,"_monsterinsights_sitenote_active":false,"_monsterinsights_sitenote_note":"","_monsterinsights_sitenote_category":0},"product_brand":[],"product_cat":[2334],"product_tag":[2150],"class_list":{"0":"post-12528","1":"product","2":"type-product","3":"status-publish","4":"has-post-thumbnail","6":"product_cat-aglianico-de","7":"product_tag-grossformat","8":"pa_appellation-campania-igt-de","9":"pa_formato-1-50-l-flasche-de","10":"pa_producer-galardi-de","11":"pa_region-kampanien-de","12":"pa_vine-80-aglianico-e-20-piedirosso-de","13":"pa_vintage-2013-de","15":"first","16":"instock","17":"taxable","18":"shipping-taxable","19":"purchasable","20":"product-type-simple"},"bundled_by":[],"bundle_stock_status":"instock","bundle_stock_quantity":1,"bundle_virtual":false,"bundle_layout":"","bundle_add_to_cart_form_location":"","bundle_editable_in_cart":false,"bundle_sold_individually_context":"","bundle_item_grouping":"","bundle_min_size":"","bundle_max_size":"","bundle_price":[],"bundled_items":[],"bundle_sell_ids":[],"yoast_head":"<!-- This site is optimized with the Yoast SEO plugin v27.3 - https:\/\/yoast.com\/product\/yoast-seo-wordpress\/ -->\n<title>Fons Vinum Terra di Lavoro Galardi 2013 Magnum<\/title>\n<meta name=\"description\" content=\"Terra di Lavoro Galardi 2013 Magnum AIS - Guida ai Vini d&#039;Italia VITAE 2016 4 viti \/ 4 Bibenda 2016 5 grappoli \/ 5 Parker&#039;s Wine Advocate 94+ \/ 100 TCI - Vini Buoni d&#039;Italia 2016 Corona Veronelli - I Vini di Veronelli 2016 97 \/100 Veronelli - I Vini di Veronelli 2016 super tre stelle Wine Spectator 92 \/ 100\" \/>\n<meta name=\"robots\" content=\"index, follow, max-snippet:-1, max-image-preview:large, max-video-preview:-1\" \/>\n<link rel=\"canonical\" href=\"https:\/\/fonsvinum.com\/de\/produkt\/terra-di-lavoro-galardi-2013-magnum\/\" \/>\n<meta property=\"og:locale\" content=\"de_DE\" \/>\n<meta property=\"og:type\" content=\"article\" \/>\n<meta property=\"og:title\" content=\"Fons Vinum Terra di Lavoro Galardi 2013 Magnum\" \/>\n<meta property=\"og:description\" content=\"Terra di Lavoro Galardi 2013 Magnum AIS - Guida ai Vini d&#039;Italia VITAE 2016 4 viti \/ 4 Bibenda 2016 5 grappoli \/ 5 Parker&#039;s Wine Advocate 94+ \/ 100 TCI - Vini Buoni d&#039;Italia 2016 Corona Veronelli - I Vini di Veronelli 2016 97 \/100 Veronelli - I Vini di Veronelli 2016 super tre stelle Wine Spectator 92 \/ 100\" \/>\n<meta property=\"og:url\" content=\"https:\/\/fonsvinum.com\/de\/produkt\/terra-di-lavoro-galardi-2013-magnum\/\" \/>\n<meta property=\"og:site_name\" content=\"Fons Vinum\" \/>\n<meta property=\"article:modified_time\" content=\"2019-12-17T06:32:13+00:00\" \/>\n<meta property=\"og:image\" content=\"https:\/\/fonsvinum.com\/files\/2017\/03\/terra-di-lavoro-galardi-roccamonfina.png\" \/>\n\t<meta property=\"og:image:width\" content=\"200\" \/>\n\t<meta property=\"og:image:height\" content=\"600\" \/>\n\t<meta property=\"og:image:type\" content=\"image\/png\" \/>\n<meta name=\"twitter:label1\" content=\"Gesch\u00e4tzte Lesezeit\" \/>\n\t<meta name=\"twitter:data1\" content=\"1\u00a0Minute\" \/>\n<script type=\"application\/ld+json\" class=\"yoast-schema-graph\">{\"@context\":\"https:\\\/\\\/schema.org\",\"@graph\":[{\"@type\":\"WebPage\",\"@id\":\"https:\\\/\\\/fonsvinum.com\\\/de\\\/produkt\\\/terra-di-lavoro-galardi-2013-magnum\\\/\",\"url\":\"https:\\\/\\\/fonsvinum.com\\\/de\\\/produkt\\\/terra-di-lavoro-galardi-2013-magnum\\\/\",\"name\":\"Fons Vinum Terra di Lavoro Galardi 2013 Magnum\",\"isPartOf\":{\"@id\":\"https:\\\/\\\/fonsvinum.com\\\/en\\\/#website\"},\"primaryImageOfPage\":{\"@id\":\"https:\\\/\\\/fonsvinum.com\\\/de\\\/produkt\\\/terra-di-lavoro-galardi-2013-magnum\\\/#primaryimage\"},\"image\":{\"@id\":\"https:\\\/\\\/fonsvinum.com\\\/de\\\/produkt\\\/terra-di-lavoro-galardi-2013-magnum\\\/#primaryimage\"},\"thumbnailUrl\":\"https:\\\/\\\/fonsvinum.com\\\/files\\\/2017\\\/03\\\/terra-di-lavoro-galardi-roccamonfina.png\",\"datePublished\":\"2018-01-23T11:44:07+00:00\",\"dateModified\":\"2019-12-17T06:32:13+00:00\",\"description\":\"Terra di Lavoro Galardi 2013 Magnum AIS - Guida ai Vini d'Italia VITAE 2016 4 viti \\\/ 4 Bibenda 2016 5 grappoli \\\/ 5 Parker's Wine Advocate 94+ \\\/ 100 TCI - Vini Buoni d'Italia 2016 Corona Veronelli - I Vini di Veronelli 2016 97 \\\/100 Veronelli - I Vini di Veronelli 2016 super tre stelle Wine Spectator 92 \\\/ 100\",\"breadcrumb\":{\"@id\":\"https:\\\/\\\/fonsvinum.com\\\/de\\\/produkt\\\/terra-di-lavoro-galardi-2013-magnum\\\/#breadcrumb\"},\"inLanguage\":\"de\",\"potentialAction\":[{\"@type\":\"ReadAction\",\"target\":[\"https:\\\/\\\/fonsvinum.com\\\/de\\\/produkt\\\/terra-di-lavoro-galardi-2013-magnum\\\/\"]}]},{\"@type\":\"ImageObject\",\"inLanguage\":\"de\",\"@id\":\"https:\\\/\\\/fonsvinum.com\\\/de\\\/produkt\\\/terra-di-lavoro-galardi-2013-magnum\\\/#primaryimage\",\"url\":\"https:\\\/\\\/fonsvinum.com\\\/files\\\/2017\\\/03\\\/terra-di-lavoro-galardi-roccamonfina.png\",\"contentUrl\":\"https:\\\/\\\/fonsvinum.com\\\/files\\\/2017\\\/03\\\/terra-di-lavoro-galardi-roccamonfina.png\",\"width\":200,\"height\":600},{\"@type\":\"BreadcrumbList\",\"@id\":\"https:\\\/\\\/fonsvinum.com\\\/de\\\/produkt\\\/terra-di-lavoro-galardi-2013-magnum\\\/#breadcrumb\",\"itemListElement\":[{\"@type\":\"ListItem\",\"position\":1,\"name\":\"Startseite\",\"item\":\"https:\\\/\\\/fonsvinum.com\\\/de\\\/\"},{\"@type\":\"ListItem\",\"position\":2,\"name\":\"Shop\",\"item\":\"https:\\\/\\\/fonsvinum.com\\\/de\\\/shop\\\/\"},{\"@type\":\"ListItem\",\"position\":3,\"name\":\"Terra di Lavoro Galardi 2013 Magnum\"}]},{\"@type\":\"WebSite\",\"@id\":\"https:\\\/\\\/fonsvinum.com\\\/en\\\/#website\",\"url\":\"https:\\\/\\\/fonsvinum.com\\\/en\\\/\",\"name\":\"Fons Vinum\",\"description\":\"Vendita Vino Online\",\"publisher\":{\"@id\":\"https:\\\/\\\/fonsvinum.com\\\/en\\\/#organization\"},\"potentialAction\":[{\"@type\":\"SearchAction\",\"target\":{\"@type\":\"EntryPoint\",\"urlTemplate\":\"https:\\\/\\\/fonsvinum.com\\\/en\\\/?s={search_term_string}\"},\"query-input\":{\"@type\":\"PropertyValueSpecification\",\"valueRequired\":true,\"valueName\":\"search_term_string\"}}],\"inLanguage\":\"de\"},{\"@type\":\"Organization\",\"@id\":\"https:\\\/\\\/fonsvinum.com\\\/en\\\/#organization\",\"name\":\"Fons Vinum\",\"url\":\"https:\\\/\\\/fonsvinum.com\\\/en\\\/\",\"logo\":{\"@type\":\"ImageObject\",\"inLanguage\":\"de\",\"@id\":\"https:\\\/\\\/fonsvinum.com\\\/en\\\/#\\\/schema\\\/logo\\\/image\\\/\",\"url\":\"\",\"contentUrl\":\"\",\"caption\":\"Fons Vinum\"},\"image\":{\"@id\":\"https:\\\/\\\/fonsvinum.com\\\/en\\\/#\\\/schema\\\/logo\\\/image\\\/\"}}]}<\/script>\n<!-- \/ Yoast SEO plugin. -->","yoast_head_json":{"title":"Fons Vinum Terra di Lavoro Galardi 2013 Magnum","description":"Terra di Lavoro Galardi 2013 Magnum AIS - Guida ai Vini d'Italia VITAE 2016 4 viti \/ 4 Bibenda 2016 5 grappoli \/ 5 Parker's Wine Advocate 94+ \/ 100 TCI - Vini Buoni d'Italia 2016 Corona Veronelli - I Vini di Veronelli 2016 97 \/100 Veronelli - I Vini di Veronelli 2016 super tre stelle Wine Spectator 92 \/ 100","robots":{"index":"index","follow":"follow","max-snippet":"max-snippet:-1","max-image-preview":"max-image-preview:large","max-video-preview":"max-video-preview:-1"},"canonical":"https:\/\/fonsvinum.com\/de\/produkt\/terra-di-lavoro-galardi-2013-magnum\/","og_locale":"de_DE","og_type":"article","og_title":"Fons Vinum Terra di Lavoro Galardi 2013 Magnum","og_description":"Terra di Lavoro Galardi 2013 Magnum AIS - Guida ai Vini d'Italia VITAE 2016 4 viti \/ 4 Bibenda 2016 5 grappoli \/ 5 Parker's Wine Advocate 94+ \/ 100 TCI - Vini Buoni d'Italia 2016 Corona Veronelli - I Vini di Veronelli 2016 97 \/100 Veronelli - I Vini di Veronelli 2016 super tre stelle Wine Spectator 92 \/ 100","og_url":"https:\/\/fonsvinum.com\/de\/produkt\/terra-di-lavoro-galardi-2013-magnum\/","og_site_name":"Fons Vinum","article_modified_time":"2019-12-17T06:32:13+00:00","og_image":[{"width":200,"height":600,"url":"https:\/\/fonsvinum.com\/files\/2017\/03\/terra-di-lavoro-galardi-roccamonfina.png","type":"image\/png"}],"twitter_misc":{"Gesch\u00e4tzte Lesezeit":"1\u00a0Minute"},"schema":{"@context":"https:\/\/schema.org","@graph":[{"@type":"WebPage","@id":"https:\/\/fonsvinum.com\/de\/produkt\/terra-di-lavoro-galardi-2013-magnum\/","url":"https:\/\/fonsvinum.com\/de\/produkt\/terra-di-lavoro-galardi-2013-magnum\/","name":"Fons Vinum Terra di Lavoro Galardi 2013 Magnum","isPartOf":{"@id":"https:\/\/fonsvinum.com\/en\/#website"},"primaryImageOfPage":{"@id":"https:\/\/fonsvinum.com\/de\/produkt\/terra-di-lavoro-galardi-2013-magnum\/#primaryimage"},"image":{"@id":"https:\/\/fonsvinum.com\/de\/produkt\/terra-di-lavoro-galardi-2013-magnum\/#primaryimage"},"thumbnailUrl":"https:\/\/fonsvinum.com\/files\/2017\/03\/terra-di-lavoro-galardi-roccamonfina.png","datePublished":"2018-01-23T11:44:07+00:00","dateModified":"2019-12-17T06:32:13+00:00","description":"Terra di Lavoro Galardi 2013 Magnum AIS - Guida ai Vini d'Italia VITAE 2016 4 viti \/ 4 Bibenda 2016 5 grappoli \/ 5 Parker's Wine Advocate 94+ \/ 100 TCI - Vini Buoni d'Italia 2016 Corona Veronelli - I Vini di Veronelli 2016 97 \/100 Veronelli - I Vini di Veronelli 2016 super tre stelle Wine Spectator 92 \/ 100","breadcrumb":{"@id":"https:\/\/fonsvinum.com\/de\/produkt\/terra-di-lavoro-galardi-2013-magnum\/#breadcrumb"},"inLanguage":"de","potentialAction":[{"@type":"ReadAction","target":["https:\/\/fonsvinum.com\/de\/produkt\/terra-di-lavoro-galardi-2013-magnum\/"]}]},{"@type":"ImageObject","inLanguage":"de","@id":"https:\/\/fonsvinum.com\/de\/produkt\/terra-di-lavoro-galardi-2013-magnum\/#primaryimage","url":"https:\/\/fonsvinum.com\/files\/2017\/03\/terra-di-lavoro-galardi-roccamonfina.png","contentUrl":"https:\/\/fonsvinum.com\/files\/2017\/03\/terra-di-lavoro-galardi-roccamonfina.png","width":200,"height":600},{"@type":"BreadcrumbList","@id":"https:\/\/fonsvinum.com\/de\/produkt\/terra-di-lavoro-galardi-2013-magnum\/#breadcrumb","itemListElement":[{"@type":"ListItem","position":1,"name":"Startseite","item":"https:\/\/fonsvinum.com\/de\/"},{"@type":"ListItem","position":2,"name":"Shop","item":"https:\/\/fonsvinum.com\/de\/shop\/"},{"@type":"ListItem","position":3,"name":"Terra di Lavoro Galardi 2013 Magnum"}]},{"@type":"WebSite","@id":"https:\/\/fonsvinum.com\/en\/#website","url":"https:\/\/fonsvinum.com\/en\/","name":"Fons Vinum","description":"Vendita Vino Online","publisher":{"@id":"https:\/\/fonsvinum.com\/en\/#organization"},"potentialAction":[{"@type":"SearchAction","target":{"@type":"EntryPoint","urlTemplate":"https:\/\/fonsvinum.com\/en\/?s={search_term_string}"},"query-input":{"@type":"PropertyValueSpecification","valueRequired":true,"valueName":"search_term_string"}}],"inLanguage":"de"},{"@type":"Organization","@id":"https:\/\/fonsvinum.com\/en\/#organization","name":"Fons Vinum","url":"https:\/\/fonsvinum.com\/en\/","logo":{"@type":"ImageObject","inLanguage":"de","@id":"https:\/\/fonsvinum.com\/en\/#\/schema\/logo\/image\/","url":"","contentUrl":"","caption":"Fons Vinum"},"image":{"@id":"https:\/\/fonsvinum.com\/en\/#\/schema\/logo\/image\/"}}]}},"acf":[],"_links":{"self":[{"href":"https:\/\/fonsvinum.com\/de\/wp-json\/wp\/v2\/product\/12528","targetHints":{"allow":["GET"]}}],"collection":[{"href":"https:\/\/fonsvinum.com\/de\/wp-json\/wp\/v2\/product"}],"about":[{"href":"https:\/\/fonsvinum.com\/de\/wp-json\/wp\/v2\/types\/product"}],"replies":[{"embeddable":true,"href":"https:\/\/fonsvinum.com\/de\/wp-json\/wp\/v2\/comments?post=12528"}],"wp:featuredmedia":[{"embeddable":true,"href":"https:\/\/fonsvinum.com\/de\/wp-json\/wp\/v2\/media\/10445"}],"wp:attachment":[{"href":"https:\/\/fonsvinum.com\/de\/wp-json\/wp\/v2\/media?parent=12528"}],"wp:term":[{"taxonomy":"product_brand","embeddable":true,"href":"https:\/\/fonsvinum.com\/de\/wp-json\/wp\/v2\/product_brand?post=12528"},{"taxonomy":"product_cat","embeddable":true,"href":"https:\/\/fonsvinum.com\/de\/wp-json\/wp\/v2\/product_cat?post=12528"},{"taxonomy":"product_tag","embeddable":true,"href":"https:\/\/fonsvinum.com\/de\/wp-json\/wp\/v2\/product_tag?post=12528"}],"curies":[{"name":"wp","href":"https:\/\/api.w.org\/{rel}","templated":true}]}}