{"id":12520,"date":"2018-01-23T10:12:48","date_gmt":"2018-01-23T09:12:48","guid":{"rendered":"https:\/\/fonsvinum.com\/?post_type=product&#038;p=12520"},"modified":"2019-12-17T07:36:50","modified_gmt":"2019-12-17T06:36:50","slug":"terra-di-lavoro-galardi-2015","status":"publish","type":"product","link":"https:\/\/fonsvinum.com\/de\/produkt\/terra-di-lavoro-galardi-2015\/","title":{"rendered":"Terra di Lavoro Galardi 2015"},"content":{"rendered":"<h1>Terra di lavoro Galardi 2015<\/h1>\n<p>Galardi Terra di Lavoro IGP 2015 ist einer der besten wie au\u00dfergewoehnlichsten Rotweine aus Italien, ein absolutes Meisterwerk italienischer Winzerkunst. Das Weingut Galardi um Francesco und Dora Catello erzeugt nur diesen einzigen Rotwein Terra di Lavoro, in den alle Konzentration einflie\u00dft.<\/p>\n<p>Ein exzellenter und herausragender Rotwein, in allen Aromen punktgenau pr\u00e4sent wie ein Schweizer Uhrwerk mit feinster Struktur, F\u00fclle und vielschichtig warmen Aromen.<\/p>\n<p>Galardis Terra di Lavoro ist ein Rotwein aus Kampanien und besteht aus den Rebsorten Aglianico und Piedirosso, der f\u00fcr zw\u00f6lf Monate in neuen Eichenf\u00e4ssern ausgebaut wird.<\/p>\n<h3>TERRA DI LAVORO 2015\u00a0-AWARDS :<br \/>\nJames Suckling &#8211; Top 100 Italian Wines of 2017 96 \/ 100<br \/>\nBibenda 2018\u00a0 5 grappoli \/ 5<br \/>\nVeronelli &#8211; I Vini di Veronelli 2018 super tre stelle<br \/>\nAIS &#8211; Guida ai Vini d&#8217;Italia VITAE 2018 4 viti \/ 4<\/h3>\n<p>&nbsp;<\/p>\n","protected":false},"excerpt":{"rendered":"<p>Terra di lavoro Galardi 2015 Galardi Terra di Lavoro IGP 2015 ist einer der besten wie au\u00dfergewoehnlichsten Rotweine aus Italien, ein absolutes Meisterwerk italienischer Winzerkunst. Das Weingut Galardi um Francesco und Dora Catello erzeugt nur diesen einzigen Rotwein Terra di Lavoro, in den alle Konzentration einflie\u00dft. Ein exzellenter und herausragender Rotwein, in allen Aromen punktgenau [&hellip;]<\/p>\n","protected":false},"featured_media":10445,"comment_status":"open","ping_status":"closed","template":"","meta":{"_acf_changed":false,"_monsterinsights_skip_tracking":false,"_monsterinsights_sitenote_active":false,"_monsterinsights_sitenote_note":"","_monsterinsights_sitenote_category":0},"product_brand":[],"product_cat":[2334],"product_tag":[],"class_list":{"0":"post-12520","1":"product","2":"type-product","3":"status-publish","4":"has-post-thumbnail","6":"product_cat-aglianico-de","7":"pa_appellation-campania-igt-de","8":"pa_formato-0-75-l-flasche-de","9":"pa_producer-galardi-de","10":"pa_region-kampanien-de","11":"pa_vine-80-aglianico-e-20-piedirosso-de","12":"pa_vintage-2015-de","14":"first","15":"outofstock","16":"taxable","17":"shipping-taxable","18":"purchasable","19":"product-type-simple"},"bundled_by":[],"bundle_stock_status":"outofstock","bundle_stock_quantity":0,"bundle_virtual":false,"bundle_layout":"","bundle_add_to_cart_form_location":"","bundle_editable_in_cart":false,"bundle_sold_individually_context":"","bundle_item_grouping":"","bundle_min_size":"","bundle_max_size":"","bundle_price":[],"bundled_items":[],"bundle_sell_ids":[],"yoast_head":"<!-- This site is optimized with the Yoast SEO plugin v27.2 - https:\/\/yoast.com\/product\/yoast-seo-wordpress\/ -->\n<title>Terra di Lavoro Galardi 2015 Rotwein aus Aglianico und Piedirosso.<\/title>\n<meta name=\"description\" content=\"Terra di Lavoro Galardi 2015 James Suckling - Top 100 Italian Wines of 2017 96 \/ 100 Bibenda 2018\u00a0 5 grappoli \/ 5 Veronelli - I Vini di Veronelli 2018 super tre stelle AIS - Guida ai Vini d&#039;Italia VITAE 2018 4 viti \/ 4\" \/>\n<meta name=\"robots\" content=\"index, follow, max-snippet:-1, max-image-preview:large, max-video-preview:-1\" \/>\n<link rel=\"canonical\" href=\"https:\/\/fonsvinum.com\/de\/produkt\/terra-di-lavoro-galardi-2015\/\" \/>\n<meta property=\"og:locale\" content=\"de_DE\" \/>\n<meta property=\"og:type\" content=\"article\" \/>\n<meta property=\"og:title\" content=\"Terra di Lavoro Galardi 2015 Rotwein aus Aglianico und Piedirosso.\" \/>\n<meta property=\"og:description\" content=\"Terra di Lavoro Galardi 2015 James Suckling - Top 100 Italian Wines of 2017 96 \/ 100 Bibenda 2018\u00a0 5 grappoli \/ 5 Veronelli - I Vini di Veronelli 2018 super tre stelle AIS - Guida ai Vini d&#039;Italia VITAE 2018 4 viti \/ 4\" \/>\n<meta property=\"og:url\" content=\"https:\/\/fonsvinum.com\/de\/produkt\/terra-di-lavoro-galardi-2015\/\" \/>\n<meta property=\"og:site_name\" content=\"Fons Vinum\" \/>\n<meta property=\"article:modified_time\" content=\"2019-12-17T06:36:50+00:00\" \/>\n<meta property=\"og:image\" content=\"https:\/\/fonsvinum.com\/files\/2017\/03\/terra-di-lavoro-galardi-roccamonfina.png\" \/>\n\t<meta property=\"og:image:width\" content=\"200\" \/>\n\t<meta property=\"og:image:height\" content=\"600\" \/>\n\t<meta property=\"og:image:type\" content=\"image\/png\" \/>\n<meta name=\"twitter:label1\" content=\"Gesch\u00e4tzte Lesezeit\" \/>\n\t<meta name=\"twitter:data1\" content=\"1\u00a0Minute\" \/>\n<script type=\"application\/ld+json\" class=\"yoast-schema-graph\">{\"@context\":\"https:\/\/schema.org\",\"@graph\":[{\"@type\":\"WebPage\",\"@id\":\"https:\/\/fonsvinum.com\/de\/produkt\/terra-di-lavoro-galardi-2015\/\",\"url\":\"https:\/\/fonsvinum.com\/de\/produkt\/terra-di-lavoro-galardi-2015\/\",\"name\":\"Terra di Lavoro Galardi 2015 Rotwein aus Aglianico und Piedirosso.\",\"isPartOf\":{\"@id\":\"https:\/\/fonsvinum.com\/en\/#website\"},\"primaryImageOfPage\":{\"@id\":\"https:\/\/fonsvinum.com\/de\/produkt\/terra-di-lavoro-galardi-2015\/#primaryimage\"},\"image\":{\"@id\":\"https:\/\/fonsvinum.com\/de\/produkt\/terra-di-lavoro-galardi-2015\/#primaryimage\"},\"thumbnailUrl\":\"https:\/\/fonsvinum.com\/files\/2017\/03\/terra-di-lavoro-galardi-roccamonfina.png\",\"datePublished\":\"2018-01-23T09:12:48+00:00\",\"dateModified\":\"2019-12-17T06:36:50+00:00\",\"description\":\"Terra di Lavoro Galardi 2015 James Suckling - Top 100 Italian Wines of 2017 96 \/ 100 Bibenda 2018\u00a0 5 grappoli \/ 5 Veronelli - I Vini di Veronelli 2018 super tre stelle AIS - Guida ai Vini d'Italia VITAE 2018 4 viti \/ 4\",\"breadcrumb\":{\"@id\":\"https:\/\/fonsvinum.com\/de\/produkt\/terra-di-lavoro-galardi-2015\/#breadcrumb\"},\"inLanguage\":\"de\",\"potentialAction\":[{\"@type\":\"ReadAction\",\"target\":[\"https:\/\/fonsvinum.com\/de\/produkt\/terra-di-lavoro-galardi-2015\/\"]}]},{\"@type\":\"ImageObject\",\"inLanguage\":\"de\",\"@id\":\"https:\/\/fonsvinum.com\/de\/produkt\/terra-di-lavoro-galardi-2015\/#primaryimage\",\"url\":\"https:\/\/fonsvinum.com\/files\/2017\/03\/terra-di-lavoro-galardi-roccamonfina.png\",\"contentUrl\":\"https:\/\/fonsvinum.com\/files\/2017\/03\/terra-di-lavoro-galardi-roccamonfina.png\",\"width\":200,\"height\":600},{\"@type\":\"BreadcrumbList\",\"@id\":\"https:\/\/fonsvinum.com\/de\/produkt\/terra-di-lavoro-galardi-2015\/#breadcrumb\",\"itemListElement\":[{\"@type\":\"ListItem\",\"position\":1,\"name\":\"Startseite\",\"item\":\"https:\/\/fonsvinum.com\/de\/\"},{\"@type\":\"ListItem\",\"position\":2,\"name\":\"Shop\",\"item\":\"https:\/\/fonsvinum.com\/de\/shop\/\"},{\"@type\":\"ListItem\",\"position\":3,\"name\":\"Terra di Lavoro Galardi 2015\"}]},{\"@type\":\"WebSite\",\"@id\":\"https:\/\/fonsvinum.com\/en\/#website\",\"url\":\"https:\/\/fonsvinum.com\/en\/\",\"name\":\"Fons Vinum\",\"description\":\"Vendita Vino Online\",\"publisher\":{\"@id\":\"https:\/\/fonsvinum.com\/en\/#organization\"},\"potentialAction\":[{\"@type\":\"SearchAction\",\"target\":{\"@type\":\"EntryPoint\",\"urlTemplate\":\"https:\/\/fonsvinum.com\/en\/?s={search_term_string}\"},\"query-input\":{\"@type\":\"PropertyValueSpecification\",\"valueRequired\":true,\"valueName\":\"search_term_string\"}}],\"inLanguage\":\"de\"},{\"@type\":\"Organization\",\"@id\":\"https:\/\/fonsvinum.com\/en\/#organization\",\"name\":\"Fons Vinum\",\"url\":\"https:\/\/fonsvinum.com\/en\/\",\"logo\":{\"@type\":\"ImageObject\",\"inLanguage\":\"de\",\"@id\":\"https:\/\/fonsvinum.com\/en\/#\/schema\/logo\/image\/\",\"url\":\"\",\"contentUrl\":\"\",\"caption\":\"Fons Vinum\"},\"image\":{\"@id\":\"https:\/\/fonsvinum.com\/en\/#\/schema\/logo\/image\/\"}}]}<\/script>\n<!-- \/ Yoast SEO plugin. -->","yoast_head_json":{"title":"Terra di Lavoro Galardi 2015 Rotwein aus Aglianico und Piedirosso.","description":"Terra di Lavoro Galardi 2015 James Suckling - Top 100 Italian Wines of 2017 96 \/ 100 Bibenda 2018\u00a0 5 grappoli \/ 5 Veronelli - I Vini di Veronelli 2018 super tre stelle AIS - Guida ai Vini d'Italia VITAE 2018 4 viti \/ 4","robots":{"index":"index","follow":"follow","max-snippet":"max-snippet:-1","max-image-preview":"max-image-preview:large","max-video-preview":"max-video-preview:-1"},"canonical":"https:\/\/fonsvinum.com\/de\/produkt\/terra-di-lavoro-galardi-2015\/","og_locale":"de_DE","og_type":"article","og_title":"Terra di Lavoro Galardi 2015 Rotwein aus Aglianico und Piedirosso.","og_description":"Terra di Lavoro Galardi 2015 James Suckling - Top 100 Italian Wines of 2017 96 \/ 100 Bibenda 2018\u00a0 5 grappoli \/ 5 Veronelli - I Vini di Veronelli 2018 super tre stelle AIS - Guida ai Vini d'Italia VITAE 2018 4 viti \/ 4","og_url":"https:\/\/fonsvinum.com\/de\/produkt\/terra-di-lavoro-galardi-2015\/","og_site_name":"Fons Vinum","article_modified_time":"2019-12-17T06:36:50+00:00","og_image":[{"width":200,"height":600,"url":"https:\/\/fonsvinum.com\/files\/2017\/03\/terra-di-lavoro-galardi-roccamonfina.png","type":"image\/png"}],"twitter_misc":{"Gesch\u00e4tzte Lesezeit":"1\u00a0Minute"},"schema":{"@context":"https:\/\/schema.org","@graph":[{"@type":"WebPage","@id":"https:\/\/fonsvinum.com\/de\/produkt\/terra-di-lavoro-galardi-2015\/","url":"https:\/\/fonsvinum.com\/de\/produkt\/terra-di-lavoro-galardi-2015\/","name":"Terra di Lavoro Galardi 2015 Rotwein aus Aglianico und Piedirosso.","isPartOf":{"@id":"https:\/\/fonsvinum.com\/en\/#website"},"primaryImageOfPage":{"@id":"https:\/\/fonsvinum.com\/de\/produkt\/terra-di-lavoro-galardi-2015\/#primaryimage"},"image":{"@id":"https:\/\/fonsvinum.com\/de\/produkt\/terra-di-lavoro-galardi-2015\/#primaryimage"},"thumbnailUrl":"https:\/\/fonsvinum.com\/files\/2017\/03\/terra-di-lavoro-galardi-roccamonfina.png","datePublished":"2018-01-23T09:12:48+00:00","dateModified":"2019-12-17T06:36:50+00:00","description":"Terra di Lavoro Galardi 2015 James Suckling - Top 100 Italian Wines of 2017 96 \/ 100 Bibenda 2018\u00a0 5 grappoli \/ 5 Veronelli - I Vini di Veronelli 2018 super tre stelle AIS - Guida ai Vini d'Italia VITAE 2018 4 viti \/ 4","breadcrumb":{"@id":"https:\/\/fonsvinum.com\/de\/produkt\/terra-di-lavoro-galardi-2015\/#breadcrumb"},"inLanguage":"de","potentialAction":[{"@type":"ReadAction","target":["https:\/\/fonsvinum.com\/de\/produkt\/terra-di-lavoro-galardi-2015\/"]}]},{"@type":"ImageObject","inLanguage":"de","@id":"https:\/\/fonsvinum.com\/de\/produkt\/terra-di-lavoro-galardi-2015\/#primaryimage","url":"https:\/\/fonsvinum.com\/files\/2017\/03\/terra-di-lavoro-galardi-roccamonfina.png","contentUrl":"https:\/\/fonsvinum.com\/files\/2017\/03\/terra-di-lavoro-galardi-roccamonfina.png","width":200,"height":600},{"@type":"BreadcrumbList","@id":"https:\/\/fonsvinum.com\/de\/produkt\/terra-di-lavoro-galardi-2015\/#breadcrumb","itemListElement":[{"@type":"ListItem","position":1,"name":"Startseite","item":"https:\/\/fonsvinum.com\/de\/"},{"@type":"ListItem","position":2,"name":"Shop","item":"https:\/\/fonsvinum.com\/de\/shop\/"},{"@type":"ListItem","position":3,"name":"Terra di Lavoro Galardi 2015"}]},{"@type":"WebSite","@id":"https:\/\/fonsvinum.com\/en\/#website","url":"https:\/\/fonsvinum.com\/en\/","name":"Fons Vinum","description":"Vendita Vino Online","publisher":{"@id":"https:\/\/fonsvinum.com\/en\/#organization"},"potentialAction":[{"@type":"SearchAction","target":{"@type":"EntryPoint","urlTemplate":"https:\/\/fonsvinum.com\/en\/?s={search_term_string}"},"query-input":{"@type":"PropertyValueSpecification","valueRequired":true,"valueName":"search_term_string"}}],"inLanguage":"de"},{"@type":"Organization","@id":"https:\/\/fonsvinum.com\/en\/#organization","name":"Fons Vinum","url":"https:\/\/fonsvinum.com\/en\/","logo":{"@type":"ImageObject","inLanguage":"de","@id":"https:\/\/fonsvinum.com\/en\/#\/schema\/logo\/image\/","url":"","contentUrl":"","caption":"Fons Vinum"},"image":{"@id":"https:\/\/fonsvinum.com\/en\/#\/schema\/logo\/image\/"}}]}},"acf":[],"_links":{"self":[{"href":"https:\/\/fonsvinum.com\/de\/wp-json\/wp\/v2\/product\/12520","targetHints":{"allow":["GET"]}}],"collection":[{"href":"https:\/\/fonsvinum.com\/de\/wp-json\/wp\/v2\/product"}],"about":[{"href":"https:\/\/fonsvinum.com\/de\/wp-json\/wp\/v2\/types\/product"}],"replies":[{"embeddable":true,"href":"https:\/\/fonsvinum.com\/de\/wp-json\/wp\/v2\/comments?post=12520"}],"wp:featuredmedia":[{"embeddable":true,"href":"https:\/\/fonsvinum.com\/de\/wp-json\/wp\/v2\/media\/10445"}],"wp:attachment":[{"href":"https:\/\/fonsvinum.com\/de\/wp-json\/wp\/v2\/media?parent=12520"}],"wp:term":[{"taxonomy":"product_brand","embeddable":true,"href":"https:\/\/fonsvinum.com\/de\/wp-json\/wp\/v2\/product_brand?post=12520"},{"taxonomy":"product_cat","embeddable":true,"href":"https:\/\/fonsvinum.com\/de\/wp-json\/wp\/v2\/product_cat?post=12520"},{"taxonomy":"product_tag","embeddable":true,"href":"https:\/\/fonsvinum.com\/de\/wp-json\/wp\/v2\/product_tag?post=12520"}],"curies":[{"name":"wp","href":"https:\/\/api.w.org\/{rel}","templated":true}]}}