{"id":12379,"date":"2017-11-30T10:52:40","date_gmt":"2017-11-30T09:52:40","guid":{"rendered":"https:\/\/fonsvinum.com\/?post_type=product&#038;p=12379"},"modified":"2021-11-03T12:57:42","modified_gmt":"2021-11-03T11:57:42","slug":"ornellaia-2013-copia-2","status":"publish","type":"product","link":"https:\/\/fonsvinum.com\/de\/produkt\/ornellaia-2013-copia-2\/","title":{"rendered":"Olio dell\u2019Ornellaia OLIO EXTRAVERGINE DI OLIVA"},"content":{"rendered":"<h1>Olio dell\u2019Ornellaia<br \/>\nOLIO EXTRAVERGINE DI OLIVA<\/h1>\n<p>&nbsp;<\/p>\n<p>Die Olivenhaine und Weine wachsen nebeneinander und gestalten die Landschaft. Olio dell\u2019Ornellaia bringt die au\u00dfergew\u00f6hnlichen Qualit\u00e4ten des einzigartigen Terroirs von Ornellaia und seine harmonische Verbindung mit der Natur zum Ausdruck.<\/p>\n<p>Das Oliven\u00f6l Extra Vergine Ornellaia entsteht aus der Pressung der Oliven von den circa 2000 Olivenb\u00e4umen des Weingutes Ornellaia, die zum Gro\u00dfteil \u00fcber hundert Jahre alt sind.<\/p>\n<p>In unseren Olivenhainen bauen wir die Olivensorten Frantoio, Moraiolo und Leccino, aber auch die hiesigen Variet\u00e4ten Gremignolo di Bolgheri, Olivastro di Suvereto und Ornellaia an. Letztere wurde nach dem Anwesen benannt, um das sich heute das Weingut erstreckt.<\/p>\n<p>Die Olivenernte wurde von Hand durchgef\u00fchrt, um Baum f\u00fcr Baum nur die qualitativ besten Fr\u00fcchte auszuw\u00e4hlen und deren Unversehrtheit und Frische g\u00e4nzlich zu gew\u00e4hrleisten. Um die Oxidation zu verhindern und ein \u00d6l der bestm\u00f6glichen Qualit\u00e4t zu erhalten, werden die Oliven umgehend in die \u00d6lm\u00fchle gebracht, wo sie innerhalb von zwei Stunden nach der \u00dcbergabe kalt gepresst werden.<\/p>\n<p>Das frisch gepresste Oliven\u00f6l mit seinem wunderbar fruchtigen Aroma und seinen antioxidierenden Eigenschaften wird zun\u00e4chst gefiltert und anschlie\u00dfend in Stahltanks, in denen seine organoleptischen Eigenschaften am besten erhalten werden, bei kontrollierter Temperatur gelagert.<\/p>\n<p>VERKOSTUNGSNOTIZEN<\/p>\n<p>\u201eKlar und mit einer intensiv gr\u00fcnen Farbe pr\u00e4sentiert sich das \u00d6l in der Nase zart und einh\u00fcllend mit Kr\u00e4utern. Der volle und harmonische Geschmack mit Mandelnoten enth\u00e4lt das leicht scharfe und bittere Aroma der mit dem perfekten Reifegrad geernteten Olive.\u201c<\/p>\n","protected":false},"excerpt":{"rendered":"<p>Olio dell\u2019Ornellaia OLIO EXTRAVERGINE DI OLIVA &nbsp; Die Olivenhaine und Weine wachsen nebeneinander und gestalten die Landschaft. Olio dell\u2019Ornellaia bringt die au\u00dfergew\u00f6hnlichen Qualit\u00e4ten des einzigartigen Terroirs von Ornellaia und seine harmonische Verbindung mit der Natur zum Ausdruck. Das Oliven\u00f6l Extra Vergine Ornellaia entsteht aus der Pressung der Oliven von den circa 2000 Olivenb\u00e4umen des Weingutes [&hellip;]<\/p>\n","protected":false},"featured_media":12788,"comment_status":"open","ping_status":"closed","template":"","meta":{"_acf_changed":false,"_monsterinsights_skip_tracking":false,"_monsterinsights_sitenote_active":false,"_monsterinsights_sitenote_note":"","_monsterinsights_sitenote_category":0},"product_brand":[],"product_cat":[15779],"product_tag":[],"class_list":{"0":"post-12379","1":"product","2":"type-product","3":"status-publish","4":"has-post-thumbnail","6":"product_cat-olio-de","7":"pa_formato-0-5-l-bottle-de","8":"pa_producer-tenuta-dellornellaia-de","9":"pa_region-toskana-de","10":"pa_vintage-18393","12":"first","13":"outofstock","14":"taxable","15":"shipping-taxable","16":"purchasable","17":"product-type-simple"},"bundled_by":[],"bundle_stock_status":"outofstock","bundle_stock_quantity":0,"bundle_virtual":false,"bundle_layout":"","bundle_add_to_cart_form_location":"","bundle_editable_in_cart":false,"bundle_sold_individually_context":"","bundle_item_grouping":"","bundle_min_size":"","bundle_max_size":"","bundle_price":[],"bundled_items":[],"bundle_sell_ids":[],"yoast_head":"<!-- This site is optimized with the Yoast SEO plugin v27.2 - https:\/\/yoast.com\/product\/yoast-seo-wordpress\/ -->\n<title>Olio dell\u2019Ornellaia OLIO EXTRAVERGINE DI OLIVA<\/title>\n<meta name=\"description\" content=\"Olio dell\u2019Ornellaia OLIO EXTRAVERGINE DI OLIVA Das Oliven\u00f6l Extra Vergine Ornellaia entsteht aus der Pressung der Oliven von den circa 2000 Olivenb\u00e4umen des Weingutes Ornellaia, die zum Gro\u00dfteil \u00fcber hundert Jahre alt sind.\" \/>\n<meta name=\"robots\" content=\"index, follow, max-snippet:-1, max-image-preview:large, max-video-preview:-1\" \/>\n<link rel=\"canonical\" href=\"https:\/\/fonsvinum.com\/de\/produkt\/ornellaia-2013-copia-2\/\" \/>\n<meta property=\"og:locale\" content=\"de_DE\" \/>\n<meta property=\"og:type\" content=\"article\" \/>\n<meta property=\"og:title\" content=\"Olio dell\u2019Ornellaia OLIO EXTRAVERGINE DI OLIVA\" \/>\n<meta property=\"og:description\" content=\"Olio dell\u2019Ornellaia OLIO EXTRAVERGINE DI OLIVA Das Oliven\u00f6l Extra Vergine Ornellaia entsteht aus der Pressung der Oliven von den circa 2000 Olivenb\u00e4umen des Weingutes Ornellaia, die zum Gro\u00dfteil \u00fcber hundert Jahre alt sind.\" \/>\n<meta property=\"og:url\" content=\"https:\/\/fonsvinum.com\/de\/produkt\/ornellaia-2013-copia-2\/\" \/>\n<meta property=\"og:site_name\" content=\"Fons Vinum\" \/>\n<meta property=\"article:modified_time\" content=\"2021-11-03T11:57:42+00:00\" \/>\n<meta property=\"og:image\" content=\"https:\/\/fonsvinum.com\/files\/2017\/11\/olio-dell-ornellaia.png\" \/>\n\t<meta property=\"og:image:width\" content=\"450\" \/>\n\t<meta property=\"og:image:height\" content=\"600\" \/>\n\t<meta property=\"og:image:type\" content=\"image\/png\" \/>\n<meta name=\"twitter:label1\" content=\"Gesch\u00e4tzte Lesezeit\" \/>\n\t<meta name=\"twitter:data1\" content=\"1\u00a0Minute\" \/>\n<script type=\"application\/ld+json\" class=\"yoast-schema-graph\">{\"@context\":\"https:\/\/schema.org\",\"@graph\":[{\"@type\":\"WebPage\",\"@id\":\"https:\/\/fonsvinum.com\/de\/produkt\/ornellaia-2013-copia-2\/\",\"url\":\"https:\/\/fonsvinum.com\/de\/produkt\/ornellaia-2013-copia-2\/\",\"name\":\"Olio dell\u2019Ornellaia OLIO EXTRAVERGINE DI OLIVA\",\"isPartOf\":{\"@id\":\"https:\/\/fonsvinum.com\/en\/#website\"},\"primaryImageOfPage\":{\"@id\":\"https:\/\/fonsvinum.com\/de\/produkt\/ornellaia-2013-copia-2\/#primaryimage\"},\"image\":{\"@id\":\"https:\/\/fonsvinum.com\/de\/produkt\/ornellaia-2013-copia-2\/#primaryimage\"},\"thumbnailUrl\":\"https:\/\/fonsvinum.com\/files\/2017\/11\/olio-dell-ornellaia.png\",\"datePublished\":\"2017-11-30T09:52:40+00:00\",\"dateModified\":\"2021-11-03T11:57:42+00:00\",\"description\":\"Olio dell\u2019Ornellaia OLIO EXTRAVERGINE DI OLIVA Das Oliven\u00f6l Extra Vergine Ornellaia entsteht aus der Pressung der Oliven von den circa 2000 Olivenb\u00e4umen des Weingutes Ornellaia, die zum Gro\u00dfteil \u00fcber hundert Jahre alt sind.\",\"breadcrumb\":{\"@id\":\"https:\/\/fonsvinum.com\/de\/produkt\/ornellaia-2013-copia-2\/#breadcrumb\"},\"inLanguage\":\"de\",\"potentialAction\":[{\"@type\":\"ReadAction\",\"target\":[\"https:\/\/fonsvinum.com\/de\/produkt\/ornellaia-2013-copia-2\/\"]}]},{\"@type\":\"ImageObject\",\"inLanguage\":\"de\",\"@id\":\"https:\/\/fonsvinum.com\/de\/produkt\/ornellaia-2013-copia-2\/#primaryimage\",\"url\":\"https:\/\/fonsvinum.com\/files\/2017\/11\/olio-dell-ornellaia.png\",\"contentUrl\":\"https:\/\/fonsvinum.com\/files\/2017\/11\/olio-dell-ornellaia.png\",\"width\":450,\"height\":600},{\"@type\":\"BreadcrumbList\",\"@id\":\"https:\/\/fonsvinum.com\/de\/produkt\/ornellaia-2013-copia-2\/#breadcrumb\",\"itemListElement\":[{\"@type\":\"ListItem\",\"position\":1,\"name\":\"Startseite\",\"item\":\"https:\/\/fonsvinum.com\/de\/\"},{\"@type\":\"ListItem\",\"position\":2,\"name\":\"Shop\",\"item\":\"https:\/\/fonsvinum.com\/de\/shop\/\"},{\"@type\":\"ListItem\",\"position\":3,\"name\":\"Olio dell\u2019Ornellaia OLIO EXTRAVERGINE DI OLIVA\"}]},{\"@type\":\"WebSite\",\"@id\":\"https:\/\/fonsvinum.com\/en\/#website\",\"url\":\"https:\/\/fonsvinum.com\/en\/\",\"name\":\"Fons Vinum\",\"description\":\"Vendita Vino Online\",\"publisher\":{\"@id\":\"https:\/\/fonsvinum.com\/en\/#organization\"},\"potentialAction\":[{\"@type\":\"SearchAction\",\"target\":{\"@type\":\"EntryPoint\",\"urlTemplate\":\"https:\/\/fonsvinum.com\/en\/?s={search_term_string}\"},\"query-input\":{\"@type\":\"PropertyValueSpecification\",\"valueRequired\":true,\"valueName\":\"search_term_string\"}}],\"inLanguage\":\"de\"},{\"@type\":\"Organization\",\"@id\":\"https:\/\/fonsvinum.com\/en\/#organization\",\"name\":\"Fons Vinum\",\"url\":\"https:\/\/fonsvinum.com\/en\/\",\"logo\":{\"@type\":\"ImageObject\",\"inLanguage\":\"de\",\"@id\":\"https:\/\/fonsvinum.com\/en\/#\/schema\/logo\/image\/\",\"url\":\"\",\"contentUrl\":\"\",\"caption\":\"Fons Vinum\"},\"image\":{\"@id\":\"https:\/\/fonsvinum.com\/en\/#\/schema\/logo\/image\/\"}}]}<\/script>\n<!-- \/ Yoast SEO plugin. -->","yoast_head_json":{"title":"Olio dell\u2019Ornellaia OLIO EXTRAVERGINE DI OLIVA","description":"Olio dell\u2019Ornellaia OLIO EXTRAVERGINE DI OLIVA Das Oliven\u00f6l Extra Vergine Ornellaia entsteht aus der Pressung der Oliven von den circa 2000 Olivenb\u00e4umen des Weingutes Ornellaia, die zum Gro\u00dfteil \u00fcber hundert Jahre alt sind.","robots":{"index":"index","follow":"follow","max-snippet":"max-snippet:-1","max-image-preview":"max-image-preview:large","max-video-preview":"max-video-preview:-1"},"canonical":"https:\/\/fonsvinum.com\/de\/produkt\/ornellaia-2013-copia-2\/","og_locale":"de_DE","og_type":"article","og_title":"Olio dell\u2019Ornellaia OLIO EXTRAVERGINE DI OLIVA","og_description":"Olio dell\u2019Ornellaia OLIO EXTRAVERGINE DI OLIVA Das Oliven\u00f6l Extra Vergine Ornellaia entsteht aus der Pressung der Oliven von den circa 2000 Olivenb\u00e4umen des Weingutes Ornellaia, die zum Gro\u00dfteil \u00fcber hundert Jahre alt sind.","og_url":"https:\/\/fonsvinum.com\/de\/produkt\/ornellaia-2013-copia-2\/","og_site_name":"Fons Vinum","article_modified_time":"2021-11-03T11:57:42+00:00","og_image":[{"width":450,"height":600,"url":"https:\/\/fonsvinum.com\/files\/2017\/11\/olio-dell-ornellaia.png","type":"image\/png"}],"twitter_misc":{"Gesch\u00e4tzte Lesezeit":"1\u00a0Minute"},"schema":{"@context":"https:\/\/schema.org","@graph":[{"@type":"WebPage","@id":"https:\/\/fonsvinum.com\/de\/produkt\/ornellaia-2013-copia-2\/","url":"https:\/\/fonsvinum.com\/de\/produkt\/ornellaia-2013-copia-2\/","name":"Olio dell\u2019Ornellaia OLIO EXTRAVERGINE DI OLIVA","isPartOf":{"@id":"https:\/\/fonsvinum.com\/en\/#website"},"primaryImageOfPage":{"@id":"https:\/\/fonsvinum.com\/de\/produkt\/ornellaia-2013-copia-2\/#primaryimage"},"image":{"@id":"https:\/\/fonsvinum.com\/de\/produkt\/ornellaia-2013-copia-2\/#primaryimage"},"thumbnailUrl":"https:\/\/fonsvinum.com\/files\/2017\/11\/olio-dell-ornellaia.png","datePublished":"2017-11-30T09:52:40+00:00","dateModified":"2021-11-03T11:57:42+00:00","description":"Olio dell\u2019Ornellaia OLIO EXTRAVERGINE DI OLIVA Das Oliven\u00f6l Extra Vergine Ornellaia entsteht aus der Pressung der Oliven von den circa 2000 Olivenb\u00e4umen des Weingutes Ornellaia, die zum Gro\u00dfteil \u00fcber hundert Jahre alt sind.","breadcrumb":{"@id":"https:\/\/fonsvinum.com\/de\/produkt\/ornellaia-2013-copia-2\/#breadcrumb"},"inLanguage":"de","potentialAction":[{"@type":"ReadAction","target":["https:\/\/fonsvinum.com\/de\/produkt\/ornellaia-2013-copia-2\/"]}]},{"@type":"ImageObject","inLanguage":"de","@id":"https:\/\/fonsvinum.com\/de\/produkt\/ornellaia-2013-copia-2\/#primaryimage","url":"https:\/\/fonsvinum.com\/files\/2017\/11\/olio-dell-ornellaia.png","contentUrl":"https:\/\/fonsvinum.com\/files\/2017\/11\/olio-dell-ornellaia.png","width":450,"height":600},{"@type":"BreadcrumbList","@id":"https:\/\/fonsvinum.com\/de\/produkt\/ornellaia-2013-copia-2\/#breadcrumb","itemListElement":[{"@type":"ListItem","position":1,"name":"Startseite","item":"https:\/\/fonsvinum.com\/de\/"},{"@type":"ListItem","position":2,"name":"Shop","item":"https:\/\/fonsvinum.com\/de\/shop\/"},{"@type":"ListItem","position":3,"name":"Olio dell\u2019Ornellaia OLIO EXTRAVERGINE DI OLIVA"}]},{"@type":"WebSite","@id":"https:\/\/fonsvinum.com\/en\/#website","url":"https:\/\/fonsvinum.com\/en\/","name":"Fons Vinum","description":"Vendita Vino Online","publisher":{"@id":"https:\/\/fonsvinum.com\/en\/#organization"},"potentialAction":[{"@type":"SearchAction","target":{"@type":"EntryPoint","urlTemplate":"https:\/\/fonsvinum.com\/en\/?s={search_term_string}"},"query-input":{"@type":"PropertyValueSpecification","valueRequired":true,"valueName":"search_term_string"}}],"inLanguage":"de"},{"@type":"Organization","@id":"https:\/\/fonsvinum.com\/en\/#organization","name":"Fons Vinum","url":"https:\/\/fonsvinum.com\/en\/","logo":{"@type":"ImageObject","inLanguage":"de","@id":"https:\/\/fonsvinum.com\/en\/#\/schema\/logo\/image\/","url":"","contentUrl":"","caption":"Fons Vinum"},"image":{"@id":"https:\/\/fonsvinum.com\/en\/#\/schema\/logo\/image\/"}}]}},"acf":[],"_links":{"self":[{"href":"https:\/\/fonsvinum.com\/de\/wp-json\/wp\/v2\/product\/12379","targetHints":{"allow":["GET"]}}],"collection":[{"href":"https:\/\/fonsvinum.com\/de\/wp-json\/wp\/v2\/product"}],"about":[{"href":"https:\/\/fonsvinum.com\/de\/wp-json\/wp\/v2\/types\/product"}],"replies":[{"embeddable":true,"href":"https:\/\/fonsvinum.com\/de\/wp-json\/wp\/v2\/comments?post=12379"}],"wp:featuredmedia":[{"embeddable":true,"href":"https:\/\/fonsvinum.com\/de\/wp-json\/wp\/v2\/media\/12788"}],"wp:attachment":[{"href":"https:\/\/fonsvinum.com\/de\/wp-json\/wp\/v2\/media?parent=12379"}],"wp:term":[{"taxonomy":"product_brand","embeddable":true,"href":"https:\/\/fonsvinum.com\/de\/wp-json\/wp\/v2\/product_brand?post=12379"},{"taxonomy":"product_cat","embeddable":true,"href":"https:\/\/fonsvinum.com\/de\/wp-json\/wp\/v2\/product_cat?post=12379"},{"taxonomy":"product_tag","embeddable":true,"href":"https:\/\/fonsvinum.com\/de\/wp-json\/wp\/v2\/product_tag?post=12379"}],"curies":[{"name":"wp","href":"https:\/\/api.w.org\/{rel}","templated":true}]}}