{"id":12357,"date":"2017-11-27T11:07:37","date_gmt":"2017-11-27T10:07:37","guid":{"rendered":"https:\/\/fonsvinum.com\/?post_type=product&#038;p=12357"},"modified":"2022-02-21T15:37:44","modified_gmt":"2022-02-21T14:37:44","slug":"tenuta-dellornellaia-le-serre-nuove-2019","status":"publish","type":"product","link":"https:\/\/fonsvinum.com\/de\/produkt\/tenuta-dellornellaia-le-serre-nuove-2019\/","title":{"rendered":"TENUTA DELL&#8217;ORNELLAIA Le Serre Nuove 2019"},"content":{"rendered":"<h2><a href=\"https:\/\/fonsvinum.com\/attributi\/producer\/tenuta-dellornellaia\/\">TENUTA DELL&#8217;ORNELLAIA<\/a> Le Serre Nuove 2019<\/h2>\n<p>Bolgheri Rosso &#8211; <a href=\"https:\/\/fonsvinum.com\/attributi\/producer\/tenuta-dellornellaia\/\">Le Serre Nuove dell&#8217;Ornellaia<\/a> 2019<\/p>\n<p>Dichtes Rubinrot mit Aromen von roter Frucht und Gew\u00fcrzkr\u00e4utern. Er vereint die Tanninstruktur und die Vielschichtigkeit der Cabernet mit dem milden und samtigen K\u00f6rper des Merlot und wird von der Harmonie des Cabernet Franc und der Frische des Petit Verdot abgerundet.<\/p>\n<p>&nbsp;<\/p>\n","protected":false},"excerpt":{"rendered":"<p>TENUTA DELL&#8217;ORNELLAIA Le Serre Nuove 2019 Bolgheri Rosso &#8211; Le Serre Nuove dell&#8217;Ornellaia 2019 Dichtes Rubinrot mit Aromen von roter Frucht und Gew\u00fcrzkr\u00e4utern. Er vereint die Tanninstruktur und die Vielschichtigkeit der Cabernet mit dem milden und samtigen K\u00f6rper des Merlot und wird von der Harmonie des Cabernet Franc und der Frische des Petit Verdot abgerundet. [&hellip;]<\/p>\n","protected":false},"featured_media":3802,"comment_status":"open","ping_status":"closed","template":"","meta":{"_acf_changed":false,"_monsterinsights_skip_tracking":false,"_monsterinsights_sitenote_active":false,"_monsterinsights_sitenote_note":"","_monsterinsights_sitenote_category":0},"product_brand":[],"product_cat":[1693],"product_tag":[],"class_list":{"0":"post-12357","1":"product","2":"type-product","3":"status-publish","4":"has-post-thumbnail","6":"product_cat-blend-2-de","7":"pa_appellation-bolgheri-rosso-doc-de","8":"pa_formato-0-75-l-flasche-de","9":"pa_producer-tenuta-dellornellaia-de","10":"pa_region-toskana-de","11":"pa_vintage-2019-de","13":"first","14":"instock","15":"taxable","16":"shipping-taxable","17":"purchasable","18":"product-type-simple"},"bundled_by":[],"bundle_stock_status":"instock","bundle_stock_quantity":1,"bundle_virtual":false,"bundle_layout":"","bundle_add_to_cart_form_location":"","bundle_editable_in_cart":false,"bundle_sold_individually_context":"","bundle_item_grouping":"","bundle_min_size":"","bundle_max_size":"","bundle_price":[],"bundled_items":[],"bundle_sell_ids":[],"yoast_head":"<!-- This site is optimized with the Yoast SEO plugin v27.2 - https:\/\/yoast.com\/product\/yoast-seo-wordpress\/ -->\n<title>TENUTA DELL&#039;ORNELLAIA Le Serre Nuove 2019<\/title>\n<meta name=\"description\" content=\"TENUTA DELL&#039;ORNELLAIA Le Serre Nuove 2019\" \/>\n<meta name=\"robots\" content=\"index, follow, max-snippet:-1, max-image-preview:large, max-video-preview:-1\" \/>\n<link rel=\"canonical\" href=\"https:\/\/fonsvinum.com\/de\/produkt\/tenuta-dellornellaia-le-serre-nuove-2019\/\" \/>\n<meta property=\"og:locale\" content=\"de_DE\" \/>\n<meta property=\"og:type\" content=\"article\" \/>\n<meta property=\"og:title\" content=\"TENUTA DELL&#039;ORNELLAIA Le Serre Nuove 2019\" \/>\n<meta property=\"og:description\" content=\"TENUTA DELL&#039;ORNELLAIA Le Serre Nuove 2019\" \/>\n<meta property=\"og:url\" content=\"https:\/\/fonsvinum.com\/de\/produkt\/tenuta-dellornellaia-le-serre-nuove-2019\/\" \/>\n<meta property=\"og:site_name\" content=\"Fons Vinum\" \/>\n<meta property=\"article:modified_time\" content=\"2022-02-21T14:37:44+00:00\" \/>\n<meta property=\"og:image\" content=\"https:\/\/fonsvinum.com\/files\/2014\/01\/bolgheri_ornellaia_le-serre-nuove1.png\" \/>\n\t<meta property=\"og:image:width\" content=\"200\" \/>\n\t<meta property=\"og:image:height\" content=\"600\" \/>\n\t<meta property=\"og:image:type\" content=\"image\/png\" \/>\n<meta name=\"twitter:label1\" content=\"Gesch\u00e4tzte Lesezeit\" \/>\n\t<meta name=\"twitter:data1\" content=\"1\u00a0Minute\" \/>\n<script type=\"application\/ld+json\" class=\"yoast-schema-graph\">{\"@context\":\"https:\/\/schema.org\",\"@graph\":[{\"@type\":\"WebPage\",\"@id\":\"https:\/\/fonsvinum.com\/de\/produkt\/tenuta-dellornellaia-le-serre-nuove-2019\/\",\"url\":\"https:\/\/fonsvinum.com\/de\/produkt\/tenuta-dellornellaia-le-serre-nuove-2019\/\",\"name\":\"TENUTA DELL'ORNELLAIA Le Serre Nuove 2019\",\"isPartOf\":{\"@id\":\"https:\/\/fonsvinum.com\/en\/#website\"},\"primaryImageOfPage\":{\"@id\":\"https:\/\/fonsvinum.com\/de\/produkt\/tenuta-dellornellaia-le-serre-nuove-2019\/#primaryimage\"},\"image\":{\"@id\":\"https:\/\/fonsvinum.com\/de\/produkt\/tenuta-dellornellaia-le-serre-nuove-2019\/#primaryimage\"},\"thumbnailUrl\":\"https:\/\/fonsvinum.com\/files\/2014\/01\/bolgheri_ornellaia_le-serre-nuove1.png\",\"datePublished\":\"2017-11-27T10:07:37+00:00\",\"dateModified\":\"2022-02-21T14:37:44+00:00\",\"description\":\"TENUTA DELL'ORNELLAIA Le Serre Nuove 2019\",\"breadcrumb\":{\"@id\":\"https:\/\/fonsvinum.com\/de\/produkt\/tenuta-dellornellaia-le-serre-nuove-2019\/#breadcrumb\"},\"inLanguage\":\"de\",\"potentialAction\":[{\"@type\":\"ReadAction\",\"target\":[\"https:\/\/fonsvinum.com\/de\/produkt\/tenuta-dellornellaia-le-serre-nuove-2019\/\"]}]},{\"@type\":\"ImageObject\",\"inLanguage\":\"de\",\"@id\":\"https:\/\/fonsvinum.com\/de\/produkt\/tenuta-dellornellaia-le-serre-nuove-2019\/#primaryimage\",\"url\":\"https:\/\/fonsvinum.com\/files\/2014\/01\/bolgheri_ornellaia_le-serre-nuove1.png\",\"contentUrl\":\"https:\/\/fonsvinum.com\/files\/2014\/01\/bolgheri_ornellaia_le-serre-nuove1.png\",\"width\":200,\"height\":600},{\"@type\":\"BreadcrumbList\",\"@id\":\"https:\/\/fonsvinum.com\/de\/produkt\/tenuta-dellornellaia-le-serre-nuove-2019\/#breadcrumb\",\"itemListElement\":[{\"@type\":\"ListItem\",\"position\":1,\"name\":\"Startseite\",\"item\":\"https:\/\/fonsvinum.com\/de\/\"},{\"@type\":\"ListItem\",\"position\":2,\"name\":\"Shop\",\"item\":\"https:\/\/fonsvinum.com\/de\/shop\/\"},{\"@type\":\"ListItem\",\"position\":3,\"name\":\"TENUTA DELL&#8217;ORNELLAIA Le Serre Nuove 2019\"}]},{\"@type\":\"WebSite\",\"@id\":\"https:\/\/fonsvinum.com\/en\/#website\",\"url\":\"https:\/\/fonsvinum.com\/en\/\",\"name\":\"Fons Vinum\",\"description\":\"Vendita Vino Online\",\"publisher\":{\"@id\":\"https:\/\/fonsvinum.com\/en\/#organization\"},\"potentialAction\":[{\"@type\":\"SearchAction\",\"target\":{\"@type\":\"EntryPoint\",\"urlTemplate\":\"https:\/\/fonsvinum.com\/en\/?s={search_term_string}\"},\"query-input\":{\"@type\":\"PropertyValueSpecification\",\"valueRequired\":true,\"valueName\":\"search_term_string\"}}],\"inLanguage\":\"de\"},{\"@type\":\"Organization\",\"@id\":\"https:\/\/fonsvinum.com\/en\/#organization\",\"name\":\"Fons Vinum\",\"url\":\"https:\/\/fonsvinum.com\/en\/\",\"logo\":{\"@type\":\"ImageObject\",\"inLanguage\":\"de\",\"@id\":\"https:\/\/fonsvinum.com\/en\/#\/schema\/logo\/image\/\",\"url\":\"\",\"contentUrl\":\"\",\"caption\":\"Fons Vinum\"},\"image\":{\"@id\":\"https:\/\/fonsvinum.com\/en\/#\/schema\/logo\/image\/\"}}]}<\/script>\n<!-- \/ Yoast SEO plugin. -->","yoast_head_json":{"title":"TENUTA DELL'ORNELLAIA Le Serre Nuove 2019","description":"TENUTA DELL'ORNELLAIA Le Serre Nuove 2019","robots":{"index":"index","follow":"follow","max-snippet":"max-snippet:-1","max-image-preview":"max-image-preview:large","max-video-preview":"max-video-preview:-1"},"canonical":"https:\/\/fonsvinum.com\/de\/produkt\/tenuta-dellornellaia-le-serre-nuove-2019\/","og_locale":"de_DE","og_type":"article","og_title":"TENUTA DELL'ORNELLAIA Le Serre Nuove 2019","og_description":"TENUTA DELL'ORNELLAIA Le Serre Nuove 2019","og_url":"https:\/\/fonsvinum.com\/de\/produkt\/tenuta-dellornellaia-le-serre-nuove-2019\/","og_site_name":"Fons Vinum","article_modified_time":"2022-02-21T14:37:44+00:00","og_image":[{"width":200,"height":600,"url":"https:\/\/fonsvinum.com\/files\/2014\/01\/bolgheri_ornellaia_le-serre-nuove1.png","type":"image\/png"}],"twitter_misc":{"Gesch\u00e4tzte Lesezeit":"1\u00a0Minute"},"schema":{"@context":"https:\/\/schema.org","@graph":[{"@type":"WebPage","@id":"https:\/\/fonsvinum.com\/de\/produkt\/tenuta-dellornellaia-le-serre-nuove-2019\/","url":"https:\/\/fonsvinum.com\/de\/produkt\/tenuta-dellornellaia-le-serre-nuove-2019\/","name":"TENUTA DELL'ORNELLAIA Le Serre Nuove 2019","isPartOf":{"@id":"https:\/\/fonsvinum.com\/en\/#website"},"primaryImageOfPage":{"@id":"https:\/\/fonsvinum.com\/de\/produkt\/tenuta-dellornellaia-le-serre-nuove-2019\/#primaryimage"},"image":{"@id":"https:\/\/fonsvinum.com\/de\/produkt\/tenuta-dellornellaia-le-serre-nuove-2019\/#primaryimage"},"thumbnailUrl":"https:\/\/fonsvinum.com\/files\/2014\/01\/bolgheri_ornellaia_le-serre-nuove1.png","datePublished":"2017-11-27T10:07:37+00:00","dateModified":"2022-02-21T14:37:44+00:00","description":"TENUTA DELL'ORNELLAIA Le Serre Nuove 2019","breadcrumb":{"@id":"https:\/\/fonsvinum.com\/de\/produkt\/tenuta-dellornellaia-le-serre-nuove-2019\/#breadcrumb"},"inLanguage":"de","potentialAction":[{"@type":"ReadAction","target":["https:\/\/fonsvinum.com\/de\/produkt\/tenuta-dellornellaia-le-serre-nuove-2019\/"]}]},{"@type":"ImageObject","inLanguage":"de","@id":"https:\/\/fonsvinum.com\/de\/produkt\/tenuta-dellornellaia-le-serre-nuove-2019\/#primaryimage","url":"https:\/\/fonsvinum.com\/files\/2014\/01\/bolgheri_ornellaia_le-serre-nuove1.png","contentUrl":"https:\/\/fonsvinum.com\/files\/2014\/01\/bolgheri_ornellaia_le-serre-nuove1.png","width":200,"height":600},{"@type":"BreadcrumbList","@id":"https:\/\/fonsvinum.com\/de\/produkt\/tenuta-dellornellaia-le-serre-nuove-2019\/#breadcrumb","itemListElement":[{"@type":"ListItem","position":1,"name":"Startseite","item":"https:\/\/fonsvinum.com\/de\/"},{"@type":"ListItem","position":2,"name":"Shop","item":"https:\/\/fonsvinum.com\/de\/shop\/"},{"@type":"ListItem","position":3,"name":"TENUTA DELL&#8217;ORNELLAIA Le Serre Nuove 2019"}]},{"@type":"WebSite","@id":"https:\/\/fonsvinum.com\/en\/#website","url":"https:\/\/fonsvinum.com\/en\/","name":"Fons Vinum","description":"Vendita Vino Online","publisher":{"@id":"https:\/\/fonsvinum.com\/en\/#organization"},"potentialAction":[{"@type":"SearchAction","target":{"@type":"EntryPoint","urlTemplate":"https:\/\/fonsvinum.com\/en\/?s={search_term_string}"},"query-input":{"@type":"PropertyValueSpecification","valueRequired":true,"valueName":"search_term_string"}}],"inLanguage":"de"},{"@type":"Organization","@id":"https:\/\/fonsvinum.com\/en\/#organization","name":"Fons Vinum","url":"https:\/\/fonsvinum.com\/en\/","logo":{"@type":"ImageObject","inLanguage":"de","@id":"https:\/\/fonsvinum.com\/en\/#\/schema\/logo\/image\/","url":"","contentUrl":"","caption":"Fons Vinum"},"image":{"@id":"https:\/\/fonsvinum.com\/en\/#\/schema\/logo\/image\/"}}]}},"acf":[],"_links":{"self":[{"href":"https:\/\/fonsvinum.com\/de\/wp-json\/wp\/v2\/product\/12357","targetHints":{"allow":["GET"]}}],"collection":[{"href":"https:\/\/fonsvinum.com\/de\/wp-json\/wp\/v2\/product"}],"about":[{"href":"https:\/\/fonsvinum.com\/de\/wp-json\/wp\/v2\/types\/product"}],"replies":[{"embeddable":true,"href":"https:\/\/fonsvinum.com\/de\/wp-json\/wp\/v2\/comments?post=12357"}],"wp:featuredmedia":[{"embeddable":true,"href":"https:\/\/fonsvinum.com\/de\/wp-json\/wp\/v2\/media\/3802"}],"wp:attachment":[{"href":"https:\/\/fonsvinum.com\/de\/wp-json\/wp\/v2\/media?parent=12357"}],"wp:term":[{"taxonomy":"product_brand","embeddable":true,"href":"https:\/\/fonsvinum.com\/de\/wp-json\/wp\/v2\/product_brand?post=12357"},{"taxonomy":"product_cat","embeddable":true,"href":"https:\/\/fonsvinum.com\/de\/wp-json\/wp\/v2\/product_cat?post=12357"},{"taxonomy":"product_tag","embeddable":true,"href":"https:\/\/fonsvinum.com\/de\/wp-json\/wp\/v2\/product_tag?post=12357"}],"curies":[{"name":"wp","href":"https:\/\/api.w.org\/{rel}","templated":true}]}}