{"id":12097,"date":"2017-10-12T09:54:44","date_gmt":"2017-10-12T07:54:44","guid":{"rendered":"http:\/\/fonsvinum.com\/?post_type=product&#038;p=12097"},"modified":"2021-07-14T10:00:23","modified_gmt":"2021-07-14T08:00:23","slug":"tenuta-masseto-masseto-2014","status":"publish","type":"product","link":"https:\/\/fonsvinum.com\/de\/produkt\/tenuta-masseto-masseto-2014\/","title":{"rendered":"TENUTA MASSETO Masseto 2014"},"content":{"rendered":"<h2><a href=\"https:\/\/fonsvinum.com\/de\/attributes\/producer\/tenuta-masseto-de\/\">TENUTA MASSETO<\/a> Masseto 2014<\/h2>\n<p>Der Masseto ist ein rarer und kostbarer Cru mit Sammlerwert.<\/p>\n<p>Er z\u00e4hlt zu den exklusivsten Weinen der Welt, ist auf internationalen Weinauktionen ein \u00fcberaus begehrter Sammlerwein und erntet regelm\u00e4\u00dfig ausgezeichnete, ja, au\u00dferordentliche Bewertungen.<\/p>\n","protected":false},"excerpt":{"rendered":"<p>TENUTA MASSETO Masseto 2014 Der Masseto ist ein rarer und kostbarer Cru mit Sammlerwert. Er z\u00e4hlt zu den exklusivsten Weinen der Welt, ist auf internationalen Weinauktionen ein \u00fcberaus begehrter Sammlerwein und erntet regelm\u00e4\u00dfig ausgezeichnete, ja, au\u00dferordentliche Bewertungen.<\/p>\n","protected":false},"featured_media":6154,"comment_status":"open","ping_status":"closed","template":"","meta":{"_acf_changed":false,"_monsterinsights_skip_tracking":false,"_monsterinsights_sitenote_active":false,"_monsterinsights_sitenote_note":"","_monsterinsights_sitenote_category":0},"product_brand":[],"product_cat":[2176],"product_tag":[1733,1745,3583],"class_list":{"0":"post-12097","1":"product","2":"type-product","3":"status-publish","4":"has-post-thumbnail","6":"product_cat-merlot-de","7":"product_tag-aussergewoehnliche-weine-de","8":"product_tag-super-tuscan-de","9":"product_tag-vini-toscani-de","10":"pa_appellation-toscana-rosso-igt-de","11":"pa_formato-0-75-l-flasche-de","12":"pa_producer-tenuta-masseto-de","13":"pa_region-toskana-de","14":"pa_vine-100-merlot-de","15":"pa_vintage-2014-de","17":"first","18":"instock","19":"featured","20":"taxable","21":"shipping-taxable","22":"purchasable","23":"product-type-simple"},"bundled_by":[],"bundle_stock_status":"instock","bundle_stock_quantity":2,"bundle_virtual":false,"bundle_layout":"","bundle_add_to_cart_form_location":"","bundle_editable_in_cart":false,"bundle_sold_individually_context":"","bundle_item_grouping":"","bundle_min_size":"","bundle_max_size":"","bundle_price":[],"bundled_items":[],"bundle_sell_ids":[],"yoast_head":"<!-- This site is optimized with the Yoast SEO plugin v27.3 - https:\/\/yoast.com\/product\/yoast-seo-wordpress\/ -->\n<title>Kaufen online TENUTA MASSETO Masseto 2014 - FonsVinum<\/title>\n<meta name=\"description\" content=\"TENUTA MASSETO Masseto 2014 Der Masseto ist ein rarer und kostbarer Cru mit Sammlerwert. Er z\u00e4hlt zu den exklusivsten Weinen der Welt,\" \/>\n<meta name=\"robots\" content=\"index, follow, max-snippet:-1, max-image-preview:large, max-video-preview:-1\" \/>\n<link rel=\"canonical\" href=\"https:\/\/fonsvinum.com\/de\/produkt\/tenuta-masseto-masseto-2014\/\" \/>\n<meta property=\"og:locale\" content=\"de_DE\" \/>\n<meta property=\"og:type\" content=\"article\" \/>\n<meta property=\"og:title\" content=\"Kaufen online TENUTA MASSETO Masseto 2014 - FonsVinum\" \/>\n<meta property=\"og:description\" content=\"TENUTA MASSETO Masseto 2014 Der Masseto ist ein rarer und kostbarer Cru mit Sammlerwert. Er z\u00e4hlt zu den exklusivsten Weinen der Welt,\" \/>\n<meta property=\"og:url\" content=\"https:\/\/fonsvinum.com\/de\/produkt\/tenuta-masseto-masseto-2014\/\" \/>\n<meta property=\"og:site_name\" content=\"Fons Vinum\" \/>\n<meta property=\"article:modified_time\" content=\"2021-07-14T08:00:23+00:00\" \/>\n<meta property=\"og:image\" content=\"https:\/\/fonsvinum.com\/files\/2013\/04\/toscana-rosso_ornellaia_masseto.png\" \/>\n\t<meta property=\"og:image:width\" content=\"200\" \/>\n\t<meta property=\"og:image:height\" content=\"600\" \/>\n\t<meta property=\"og:image:type\" content=\"image\/png\" \/>\n<meta name=\"twitter:label1\" content=\"Gesch\u00e4tzte Lesezeit\" \/>\n\t<meta name=\"twitter:data1\" content=\"1\u00a0Minute\" \/>\n<script type=\"application\/ld+json\" class=\"yoast-schema-graph\">{\"@context\":\"https:\\\/\\\/schema.org\",\"@graph\":[{\"@type\":\"WebPage\",\"@id\":\"https:\\\/\\\/fonsvinum.com\\\/de\\\/produkt\\\/tenuta-masseto-masseto-2014\\\/\",\"url\":\"https:\\\/\\\/fonsvinum.com\\\/de\\\/produkt\\\/tenuta-masseto-masseto-2014\\\/\",\"name\":\"Kaufen online TENUTA MASSETO Masseto 2014 - FonsVinum\",\"isPartOf\":{\"@id\":\"https:\\\/\\\/fonsvinum.com\\\/en\\\/#website\"},\"primaryImageOfPage\":{\"@id\":\"https:\\\/\\\/fonsvinum.com\\\/de\\\/produkt\\\/tenuta-masseto-masseto-2014\\\/#primaryimage\"},\"image\":{\"@id\":\"https:\\\/\\\/fonsvinum.com\\\/de\\\/produkt\\\/tenuta-masseto-masseto-2014\\\/#primaryimage\"},\"thumbnailUrl\":\"https:\\\/\\\/fonsvinum.com\\\/files\\\/2013\\\/04\\\/toscana-rosso_ornellaia_masseto.png\",\"datePublished\":\"2017-10-12T07:54:44+00:00\",\"dateModified\":\"2021-07-14T08:00:23+00:00\",\"description\":\"TENUTA MASSETO Masseto 2014 Der Masseto ist ein rarer und kostbarer Cru mit Sammlerwert. Er z\u00e4hlt zu den exklusivsten Weinen der Welt,\",\"breadcrumb\":{\"@id\":\"https:\\\/\\\/fonsvinum.com\\\/de\\\/produkt\\\/tenuta-masseto-masseto-2014\\\/#breadcrumb\"},\"inLanguage\":\"de\",\"potentialAction\":[{\"@type\":\"ReadAction\",\"target\":[\"https:\\\/\\\/fonsvinum.com\\\/de\\\/produkt\\\/tenuta-masseto-masseto-2014\\\/\"]}]},{\"@type\":\"ImageObject\",\"inLanguage\":\"de\",\"@id\":\"https:\\\/\\\/fonsvinum.com\\\/de\\\/produkt\\\/tenuta-masseto-masseto-2014\\\/#primaryimage\",\"url\":\"https:\\\/\\\/fonsvinum.com\\\/files\\\/2013\\\/04\\\/toscana-rosso_ornellaia_masseto.png\",\"contentUrl\":\"https:\\\/\\\/fonsvinum.com\\\/files\\\/2013\\\/04\\\/toscana-rosso_ornellaia_masseto.png\",\"width\":200,\"height\":600},{\"@type\":\"BreadcrumbList\",\"@id\":\"https:\\\/\\\/fonsvinum.com\\\/de\\\/produkt\\\/tenuta-masseto-masseto-2014\\\/#breadcrumb\",\"itemListElement\":[{\"@type\":\"ListItem\",\"position\":1,\"name\":\"Startseite\",\"item\":\"https:\\\/\\\/fonsvinum.com\\\/de\\\/\"},{\"@type\":\"ListItem\",\"position\":2,\"name\":\"Shop\",\"item\":\"https:\\\/\\\/fonsvinum.com\\\/de\\\/shop\\\/\"},{\"@type\":\"ListItem\",\"position\":3,\"name\":\"TENUTA MASSETO Masseto 2014\"}]},{\"@type\":\"WebSite\",\"@id\":\"https:\\\/\\\/fonsvinum.com\\\/en\\\/#website\",\"url\":\"https:\\\/\\\/fonsvinum.com\\\/en\\\/\",\"name\":\"Fons Vinum\",\"description\":\"Vendita Vino Online\",\"publisher\":{\"@id\":\"https:\\\/\\\/fonsvinum.com\\\/en\\\/#organization\"},\"potentialAction\":[{\"@type\":\"SearchAction\",\"target\":{\"@type\":\"EntryPoint\",\"urlTemplate\":\"https:\\\/\\\/fonsvinum.com\\\/en\\\/?s={search_term_string}\"},\"query-input\":{\"@type\":\"PropertyValueSpecification\",\"valueRequired\":true,\"valueName\":\"search_term_string\"}}],\"inLanguage\":\"de\"},{\"@type\":\"Organization\",\"@id\":\"https:\\\/\\\/fonsvinum.com\\\/en\\\/#organization\",\"name\":\"Fons Vinum\",\"url\":\"https:\\\/\\\/fonsvinum.com\\\/en\\\/\",\"logo\":{\"@type\":\"ImageObject\",\"inLanguage\":\"de\",\"@id\":\"https:\\\/\\\/fonsvinum.com\\\/en\\\/#\\\/schema\\\/logo\\\/image\\\/\",\"url\":\"\",\"contentUrl\":\"\",\"caption\":\"Fons Vinum\"},\"image\":{\"@id\":\"https:\\\/\\\/fonsvinum.com\\\/en\\\/#\\\/schema\\\/logo\\\/image\\\/\"}}]}<\/script>\n<!-- \/ Yoast SEO plugin. -->","yoast_head_json":{"title":"Kaufen online TENUTA MASSETO Masseto 2014 - FonsVinum","description":"TENUTA MASSETO Masseto 2014 Der Masseto ist ein rarer und kostbarer Cru mit Sammlerwert. Er z\u00e4hlt zu den exklusivsten Weinen der Welt,","robots":{"index":"index","follow":"follow","max-snippet":"max-snippet:-1","max-image-preview":"max-image-preview:large","max-video-preview":"max-video-preview:-1"},"canonical":"https:\/\/fonsvinum.com\/de\/produkt\/tenuta-masseto-masseto-2014\/","og_locale":"de_DE","og_type":"article","og_title":"Kaufen online TENUTA MASSETO Masseto 2014 - FonsVinum","og_description":"TENUTA MASSETO Masseto 2014 Der Masseto ist ein rarer und kostbarer Cru mit Sammlerwert. Er z\u00e4hlt zu den exklusivsten Weinen der Welt,","og_url":"https:\/\/fonsvinum.com\/de\/produkt\/tenuta-masseto-masseto-2014\/","og_site_name":"Fons Vinum","article_modified_time":"2021-07-14T08:00:23+00:00","og_image":[{"width":200,"height":600,"url":"https:\/\/fonsvinum.com\/files\/2013\/04\/toscana-rosso_ornellaia_masseto.png","type":"image\/png"}],"twitter_misc":{"Gesch\u00e4tzte Lesezeit":"1\u00a0Minute"},"schema":{"@context":"https:\/\/schema.org","@graph":[{"@type":"WebPage","@id":"https:\/\/fonsvinum.com\/de\/produkt\/tenuta-masseto-masseto-2014\/","url":"https:\/\/fonsvinum.com\/de\/produkt\/tenuta-masseto-masseto-2014\/","name":"Kaufen online TENUTA MASSETO Masseto 2014 - FonsVinum","isPartOf":{"@id":"https:\/\/fonsvinum.com\/en\/#website"},"primaryImageOfPage":{"@id":"https:\/\/fonsvinum.com\/de\/produkt\/tenuta-masseto-masseto-2014\/#primaryimage"},"image":{"@id":"https:\/\/fonsvinum.com\/de\/produkt\/tenuta-masseto-masseto-2014\/#primaryimage"},"thumbnailUrl":"https:\/\/fonsvinum.com\/files\/2013\/04\/toscana-rosso_ornellaia_masseto.png","datePublished":"2017-10-12T07:54:44+00:00","dateModified":"2021-07-14T08:00:23+00:00","description":"TENUTA MASSETO Masseto 2014 Der Masseto ist ein rarer und kostbarer Cru mit Sammlerwert. Er z\u00e4hlt zu den exklusivsten Weinen der Welt,","breadcrumb":{"@id":"https:\/\/fonsvinum.com\/de\/produkt\/tenuta-masseto-masseto-2014\/#breadcrumb"},"inLanguage":"de","potentialAction":[{"@type":"ReadAction","target":["https:\/\/fonsvinum.com\/de\/produkt\/tenuta-masseto-masseto-2014\/"]}]},{"@type":"ImageObject","inLanguage":"de","@id":"https:\/\/fonsvinum.com\/de\/produkt\/tenuta-masseto-masseto-2014\/#primaryimage","url":"https:\/\/fonsvinum.com\/files\/2013\/04\/toscana-rosso_ornellaia_masseto.png","contentUrl":"https:\/\/fonsvinum.com\/files\/2013\/04\/toscana-rosso_ornellaia_masseto.png","width":200,"height":600},{"@type":"BreadcrumbList","@id":"https:\/\/fonsvinum.com\/de\/produkt\/tenuta-masseto-masseto-2014\/#breadcrumb","itemListElement":[{"@type":"ListItem","position":1,"name":"Startseite","item":"https:\/\/fonsvinum.com\/de\/"},{"@type":"ListItem","position":2,"name":"Shop","item":"https:\/\/fonsvinum.com\/de\/shop\/"},{"@type":"ListItem","position":3,"name":"TENUTA MASSETO Masseto 2014"}]},{"@type":"WebSite","@id":"https:\/\/fonsvinum.com\/en\/#website","url":"https:\/\/fonsvinum.com\/en\/","name":"Fons Vinum","description":"Vendita Vino Online","publisher":{"@id":"https:\/\/fonsvinum.com\/en\/#organization"},"potentialAction":[{"@type":"SearchAction","target":{"@type":"EntryPoint","urlTemplate":"https:\/\/fonsvinum.com\/en\/?s={search_term_string}"},"query-input":{"@type":"PropertyValueSpecification","valueRequired":true,"valueName":"search_term_string"}}],"inLanguage":"de"},{"@type":"Organization","@id":"https:\/\/fonsvinum.com\/en\/#organization","name":"Fons Vinum","url":"https:\/\/fonsvinum.com\/en\/","logo":{"@type":"ImageObject","inLanguage":"de","@id":"https:\/\/fonsvinum.com\/en\/#\/schema\/logo\/image\/","url":"","contentUrl":"","caption":"Fons Vinum"},"image":{"@id":"https:\/\/fonsvinum.com\/en\/#\/schema\/logo\/image\/"}}]}},"acf":[],"_links":{"self":[{"href":"https:\/\/fonsvinum.com\/de\/wp-json\/wp\/v2\/product\/12097","targetHints":{"allow":["GET"]}}],"collection":[{"href":"https:\/\/fonsvinum.com\/de\/wp-json\/wp\/v2\/product"}],"about":[{"href":"https:\/\/fonsvinum.com\/de\/wp-json\/wp\/v2\/types\/product"}],"replies":[{"embeddable":true,"href":"https:\/\/fonsvinum.com\/de\/wp-json\/wp\/v2\/comments?post=12097"}],"wp:featuredmedia":[{"embeddable":true,"href":"https:\/\/fonsvinum.com\/de\/wp-json\/wp\/v2\/media\/6154"}],"wp:attachment":[{"href":"https:\/\/fonsvinum.com\/de\/wp-json\/wp\/v2\/media?parent=12097"}],"wp:term":[{"taxonomy":"product_brand","embeddable":true,"href":"https:\/\/fonsvinum.com\/de\/wp-json\/wp\/v2\/product_brand?post=12097"},{"taxonomy":"product_cat","embeddable":true,"href":"https:\/\/fonsvinum.com\/de\/wp-json\/wp\/v2\/product_cat?post=12097"},{"taxonomy":"product_tag","embeddable":true,"href":"https:\/\/fonsvinum.com\/de\/wp-json\/wp\/v2\/product_tag?post=12097"}],"curies":[{"name":"wp","href":"https:\/\/api.w.org\/{rel}","templated":true}]}}