{"id":11748,"date":"2017-07-25T16:10:03","date_gmt":"2017-07-25T14:10:03","guid":{"rendered":"http:\/\/fonsvinum.com\/?post_type=product&#038;p=11748\/"},"modified":"2020-01-13T19:24:37","modified_gmt":"2020-01-13T18:24:37","slug":"bolgheri-superiore-guado-al-tasso-marchesi-antinori-2014","status":"publish","type":"product","link":"https:\/\/fonsvinum.com\/de\/produkt\/bolgheri-superiore-guado-al-tasso-marchesi-antinori-2014\/","title":{"rendered":"Bolgheri Superiore Guado al Tasso MARCHESI ANTINORI 2014"},"content":{"rendered":"<p>Bolgheri Superiore Guado al Tasso MARCHESI ANTINORI 2014<\/p>\n<p>2014 war ein atypischer Jahrgang f\u00fcr das Bolgheri-Anbaugebiet, insbesondere w\u00e4hrend des Sommers. \u00dcppige Regenf\u00e4lle und unterdurchschnittliche Temperaturen im Juni und zum Teil auch im August machten umfangreiche Entlaubungs- und Schnittarbeiten erforderlich, um die korrekte Reife der Beeren zu erleichtern. Ab der zweiten Augusth\u00e4lfte war das Wetter besser\u00a0 und ab Mitte September wurde es wieder warm, so dass der Verlauf des Jahrgangs, zumindest teilweise, ausgeglichen wurde.<\/p>\n<p>Guado al Tasso 2014 hat eine vertikalere Struktur als sonst, mit einem leicht s\u00e4uerlichen Finale und einer harmonischen und komplexen Aromatizit\u00e4t. An der Nase Noten von eingelegten Kirschen, Tabak, kandierter Orange und Gew\u00fcrz. Am Gaumen vibrierend, weich und anhaltend mit einem Nachgeschmack von Gew\u00fcrz.<\/p>\n","protected":false},"excerpt":{"rendered":"<p>Bolgheri Superiore Guado al Tasso MARCHESI ANTINORI 2014 2014 war ein atypischer Jahrgang f\u00fcr das Bolgheri-Anbaugebiet, insbesondere w\u00e4hrend des Sommers. \u00dcppige Regenf\u00e4lle und unterdurchschnittliche Temperaturen im Juni und zum Teil auch im August machten umfangreiche Entlaubungs- und Schnittarbeiten erforderlich, um die korrekte Reife der Beeren zu erleichtern. Ab der zweiten Augusth\u00e4lfte war das Wetter besser\u00a0 [&hellip;]<\/p>\n","protected":false},"featured_media":7563,"comment_status":"open","ping_status":"closed","template":"","meta":{"_acf_changed":false,"_monsterinsights_skip_tracking":false,"_monsterinsights_sitenote_active":false,"_monsterinsights_sitenote_note":"","_monsterinsights_sitenote_category":0},"product_brand":[],"product_cat":[1693],"product_tag":[1751,3583],"class_list":{"0":"post-11748","1":"product","2":"type-product","3":"status-publish","4":"has-post-thumbnail","6":"product_cat-blend-2-de","7":"product_tag-aussergewoehnliche-weine-aus-italien-de","8":"product_tag-vini-toscani-de","9":"pa_appellation-bolgheri-superiore-doc-de","10":"pa_formato-0-75-l-flasche-de","11":"pa_producer-marchesi-antinori-de","12":"pa_region-toskana-de","13":"pa_vine-cabernet-sauvignon-merlot-cabernet-franc-de-2","14":"pa_vintage-2014-de","16":"first","17":"instock","18":"taxable","19":"shipping-taxable","20":"purchasable","21":"product-type-simple"},"bundled_by":[],"bundle_stock_status":"instock","bundle_stock_quantity":2,"bundle_virtual":false,"bundle_layout":"","bundle_add_to_cart_form_location":"","bundle_editable_in_cart":false,"bundle_sold_individually_context":"","bundle_item_grouping":"","bundle_min_size":"","bundle_max_size":"","bundle_price":[],"bundled_items":[],"bundle_sell_ids":[],"yoast_head":"<!-- This site is optimized with the Yoast SEO plugin v27.3 - https:\/\/yoast.com\/product\/yoast-seo-wordpress\/ -->\n<title>Bolgheri Superiore Guado al Tasso MARCHESI ANTINORI 2014<\/title>\n<meta name=\"description\" content=\"Bolgheri Superiore Guado al Tasso MARCHESI ANTINORI 2014\" \/>\n<meta name=\"robots\" content=\"index, follow, max-snippet:-1, max-image-preview:large, max-video-preview:-1\" \/>\n<link rel=\"canonical\" href=\"https:\/\/fonsvinum.com\/de\/produkt\/bolgheri-superiore-guado-al-tasso-marchesi-antinori-2014\/\" \/>\n<meta property=\"og:locale\" content=\"de_DE\" \/>\n<meta property=\"og:type\" content=\"article\" \/>\n<meta property=\"og:title\" content=\"Bolgheri Superiore Guado al Tasso MARCHESI ANTINORI 2014\" \/>\n<meta property=\"og:description\" content=\"Bolgheri Superiore Guado al Tasso MARCHESI ANTINORI 2014\" \/>\n<meta property=\"og:url\" content=\"https:\/\/fonsvinum.com\/de\/produkt\/bolgheri-superiore-guado-al-tasso-marchesi-antinori-2014\/\" \/>\n<meta property=\"og:site_name\" content=\"Fons Vinum\" \/>\n<meta property=\"article:modified_time\" content=\"2020-01-13T18:24:37+00:00\" \/>\n<meta property=\"og:image\" content=\"https:\/\/fonsvinum.com\/files\/2013\/04\/bolgheri-guado-al-tasso-marchesi-antinori.png\" \/>\n\t<meta property=\"og:image:width\" content=\"219\" \/>\n\t<meta property=\"og:image:height\" content=\"627\" \/>\n\t<meta property=\"og:image:type\" content=\"image\/png\" \/>\n<meta name=\"twitter:label1\" content=\"Gesch\u00e4tzte Lesezeit\" \/>\n\t<meta name=\"twitter:data1\" content=\"1\u00a0Minute\" \/>\n<script type=\"application\/ld+json\" class=\"yoast-schema-graph\">{\"@context\":\"https:\\\/\\\/schema.org\",\"@graph\":[{\"@type\":\"WebPage\",\"@id\":\"https:\\\/\\\/fonsvinum.com\\\/de\\\/produkt\\\/bolgheri-superiore-guado-al-tasso-marchesi-antinori-2014\\\/\",\"url\":\"https:\\\/\\\/fonsvinum.com\\\/de\\\/produkt\\\/bolgheri-superiore-guado-al-tasso-marchesi-antinori-2014\\\/\",\"name\":\"Bolgheri Superiore Guado al Tasso MARCHESI ANTINORI 2014\",\"isPartOf\":{\"@id\":\"https:\\\/\\\/fonsvinum.com\\\/en\\\/#website\"},\"primaryImageOfPage\":{\"@id\":\"https:\\\/\\\/fonsvinum.com\\\/de\\\/produkt\\\/bolgheri-superiore-guado-al-tasso-marchesi-antinori-2014\\\/#primaryimage\"},\"image\":{\"@id\":\"https:\\\/\\\/fonsvinum.com\\\/de\\\/produkt\\\/bolgheri-superiore-guado-al-tasso-marchesi-antinori-2014\\\/#primaryimage\"},\"thumbnailUrl\":\"https:\\\/\\\/fonsvinum.com\\\/files\\\/2013\\\/04\\\/bolgheri-guado-al-tasso-marchesi-antinori.png\",\"datePublished\":\"2017-07-25T14:10:03+00:00\",\"dateModified\":\"2020-01-13T18:24:37+00:00\",\"description\":\"Bolgheri Superiore Guado al Tasso MARCHESI ANTINORI 2014\",\"breadcrumb\":{\"@id\":\"https:\\\/\\\/fonsvinum.com\\\/de\\\/produkt\\\/bolgheri-superiore-guado-al-tasso-marchesi-antinori-2014\\\/#breadcrumb\"},\"inLanguage\":\"de\",\"potentialAction\":[{\"@type\":\"ReadAction\",\"target\":[\"https:\\\/\\\/fonsvinum.com\\\/de\\\/produkt\\\/bolgheri-superiore-guado-al-tasso-marchesi-antinori-2014\\\/\"]}]},{\"@type\":\"ImageObject\",\"inLanguage\":\"de\",\"@id\":\"https:\\\/\\\/fonsvinum.com\\\/de\\\/produkt\\\/bolgheri-superiore-guado-al-tasso-marchesi-antinori-2014\\\/#primaryimage\",\"url\":\"https:\\\/\\\/fonsvinum.com\\\/files\\\/2013\\\/04\\\/bolgheri-guado-al-tasso-marchesi-antinori.png\",\"contentUrl\":\"https:\\\/\\\/fonsvinum.com\\\/files\\\/2013\\\/04\\\/bolgheri-guado-al-tasso-marchesi-antinori.png\",\"width\":219,\"height\":627,\"caption\":\"Bolgheri Superiore Guado al Tasso MARCHESI ANTINORI 2008\"},{\"@type\":\"BreadcrumbList\",\"@id\":\"https:\\\/\\\/fonsvinum.com\\\/de\\\/produkt\\\/bolgheri-superiore-guado-al-tasso-marchesi-antinori-2014\\\/#breadcrumb\",\"itemListElement\":[{\"@type\":\"ListItem\",\"position\":1,\"name\":\"Startseite\",\"item\":\"https:\\\/\\\/fonsvinum.com\\\/de\\\/\"},{\"@type\":\"ListItem\",\"position\":2,\"name\":\"Shop\",\"item\":\"https:\\\/\\\/fonsvinum.com\\\/de\\\/shop\\\/\"},{\"@type\":\"ListItem\",\"position\":3,\"name\":\"Bolgheri Superiore Guado al Tasso MARCHESI ANTINORI 2014\"}]},{\"@type\":\"WebSite\",\"@id\":\"https:\\\/\\\/fonsvinum.com\\\/en\\\/#website\",\"url\":\"https:\\\/\\\/fonsvinum.com\\\/en\\\/\",\"name\":\"Fons Vinum\",\"description\":\"Vendita Vino Online\",\"publisher\":{\"@id\":\"https:\\\/\\\/fonsvinum.com\\\/en\\\/#organization\"},\"potentialAction\":[{\"@type\":\"SearchAction\",\"target\":{\"@type\":\"EntryPoint\",\"urlTemplate\":\"https:\\\/\\\/fonsvinum.com\\\/en\\\/?s={search_term_string}\"},\"query-input\":{\"@type\":\"PropertyValueSpecification\",\"valueRequired\":true,\"valueName\":\"search_term_string\"}}],\"inLanguage\":\"de\"},{\"@type\":\"Organization\",\"@id\":\"https:\\\/\\\/fonsvinum.com\\\/en\\\/#organization\",\"name\":\"Fons Vinum\",\"url\":\"https:\\\/\\\/fonsvinum.com\\\/en\\\/\",\"logo\":{\"@type\":\"ImageObject\",\"inLanguage\":\"de\",\"@id\":\"https:\\\/\\\/fonsvinum.com\\\/en\\\/#\\\/schema\\\/logo\\\/image\\\/\",\"url\":\"\",\"contentUrl\":\"\",\"caption\":\"Fons Vinum\"},\"image\":{\"@id\":\"https:\\\/\\\/fonsvinum.com\\\/en\\\/#\\\/schema\\\/logo\\\/image\\\/\"}}]}<\/script>\n<!-- \/ Yoast SEO plugin. -->","yoast_head_json":{"title":"Bolgheri Superiore Guado al Tasso MARCHESI ANTINORI 2014","description":"Bolgheri Superiore Guado al Tasso MARCHESI ANTINORI 2014","robots":{"index":"index","follow":"follow","max-snippet":"max-snippet:-1","max-image-preview":"max-image-preview:large","max-video-preview":"max-video-preview:-1"},"canonical":"https:\/\/fonsvinum.com\/de\/produkt\/bolgheri-superiore-guado-al-tasso-marchesi-antinori-2014\/","og_locale":"de_DE","og_type":"article","og_title":"Bolgheri Superiore Guado al Tasso MARCHESI ANTINORI 2014","og_description":"Bolgheri Superiore Guado al Tasso MARCHESI ANTINORI 2014","og_url":"https:\/\/fonsvinum.com\/de\/produkt\/bolgheri-superiore-guado-al-tasso-marchesi-antinori-2014\/","og_site_name":"Fons Vinum","article_modified_time":"2020-01-13T18:24:37+00:00","og_image":[{"width":219,"height":627,"url":"https:\/\/fonsvinum.com\/files\/2013\/04\/bolgheri-guado-al-tasso-marchesi-antinori.png","type":"image\/png"}],"twitter_misc":{"Gesch\u00e4tzte Lesezeit":"1\u00a0Minute"},"schema":{"@context":"https:\/\/schema.org","@graph":[{"@type":"WebPage","@id":"https:\/\/fonsvinum.com\/de\/produkt\/bolgheri-superiore-guado-al-tasso-marchesi-antinori-2014\/","url":"https:\/\/fonsvinum.com\/de\/produkt\/bolgheri-superiore-guado-al-tasso-marchesi-antinori-2014\/","name":"Bolgheri Superiore Guado al Tasso MARCHESI ANTINORI 2014","isPartOf":{"@id":"https:\/\/fonsvinum.com\/en\/#website"},"primaryImageOfPage":{"@id":"https:\/\/fonsvinum.com\/de\/produkt\/bolgheri-superiore-guado-al-tasso-marchesi-antinori-2014\/#primaryimage"},"image":{"@id":"https:\/\/fonsvinum.com\/de\/produkt\/bolgheri-superiore-guado-al-tasso-marchesi-antinori-2014\/#primaryimage"},"thumbnailUrl":"https:\/\/fonsvinum.com\/files\/2013\/04\/bolgheri-guado-al-tasso-marchesi-antinori.png","datePublished":"2017-07-25T14:10:03+00:00","dateModified":"2020-01-13T18:24:37+00:00","description":"Bolgheri Superiore Guado al Tasso MARCHESI ANTINORI 2014","breadcrumb":{"@id":"https:\/\/fonsvinum.com\/de\/produkt\/bolgheri-superiore-guado-al-tasso-marchesi-antinori-2014\/#breadcrumb"},"inLanguage":"de","potentialAction":[{"@type":"ReadAction","target":["https:\/\/fonsvinum.com\/de\/produkt\/bolgheri-superiore-guado-al-tasso-marchesi-antinori-2014\/"]}]},{"@type":"ImageObject","inLanguage":"de","@id":"https:\/\/fonsvinum.com\/de\/produkt\/bolgheri-superiore-guado-al-tasso-marchesi-antinori-2014\/#primaryimage","url":"https:\/\/fonsvinum.com\/files\/2013\/04\/bolgheri-guado-al-tasso-marchesi-antinori.png","contentUrl":"https:\/\/fonsvinum.com\/files\/2013\/04\/bolgheri-guado-al-tasso-marchesi-antinori.png","width":219,"height":627,"caption":"Bolgheri Superiore Guado al Tasso MARCHESI ANTINORI 2008"},{"@type":"BreadcrumbList","@id":"https:\/\/fonsvinum.com\/de\/produkt\/bolgheri-superiore-guado-al-tasso-marchesi-antinori-2014\/#breadcrumb","itemListElement":[{"@type":"ListItem","position":1,"name":"Startseite","item":"https:\/\/fonsvinum.com\/de\/"},{"@type":"ListItem","position":2,"name":"Shop","item":"https:\/\/fonsvinum.com\/de\/shop\/"},{"@type":"ListItem","position":3,"name":"Bolgheri Superiore Guado al Tasso MARCHESI ANTINORI 2014"}]},{"@type":"WebSite","@id":"https:\/\/fonsvinum.com\/en\/#website","url":"https:\/\/fonsvinum.com\/en\/","name":"Fons Vinum","description":"Vendita Vino Online","publisher":{"@id":"https:\/\/fonsvinum.com\/en\/#organization"},"potentialAction":[{"@type":"SearchAction","target":{"@type":"EntryPoint","urlTemplate":"https:\/\/fonsvinum.com\/en\/?s={search_term_string}"},"query-input":{"@type":"PropertyValueSpecification","valueRequired":true,"valueName":"search_term_string"}}],"inLanguage":"de"},{"@type":"Organization","@id":"https:\/\/fonsvinum.com\/en\/#organization","name":"Fons Vinum","url":"https:\/\/fonsvinum.com\/en\/","logo":{"@type":"ImageObject","inLanguage":"de","@id":"https:\/\/fonsvinum.com\/en\/#\/schema\/logo\/image\/","url":"","contentUrl":"","caption":"Fons Vinum"},"image":{"@id":"https:\/\/fonsvinum.com\/en\/#\/schema\/logo\/image\/"}}]}},"acf":[],"_links":{"self":[{"href":"https:\/\/fonsvinum.com\/de\/wp-json\/wp\/v2\/product\/11748","targetHints":{"allow":["GET"]}}],"collection":[{"href":"https:\/\/fonsvinum.com\/de\/wp-json\/wp\/v2\/product"}],"about":[{"href":"https:\/\/fonsvinum.com\/de\/wp-json\/wp\/v2\/types\/product"}],"replies":[{"embeddable":true,"href":"https:\/\/fonsvinum.com\/de\/wp-json\/wp\/v2\/comments?post=11748"}],"wp:featuredmedia":[{"embeddable":true,"href":"https:\/\/fonsvinum.com\/de\/wp-json\/wp\/v2\/media\/7563"}],"wp:attachment":[{"href":"https:\/\/fonsvinum.com\/de\/wp-json\/wp\/v2\/media?parent=11748"}],"wp:term":[{"taxonomy":"product_brand","embeddable":true,"href":"https:\/\/fonsvinum.com\/de\/wp-json\/wp\/v2\/product_brand?post=11748"},{"taxonomy":"product_cat","embeddable":true,"href":"https:\/\/fonsvinum.com\/de\/wp-json\/wp\/v2\/product_cat?post=11748"},{"taxonomy":"product_tag","embeddable":true,"href":"https:\/\/fonsvinum.com\/de\/wp-json\/wp\/v2\/product_tag?post=11748"}],"curies":[{"name":"wp","href":"https:\/\/api.w.org\/{rel}","templated":true}]}}