{"id":11723,"date":"2017-07-21T16:51:27","date_gmt":"2017-07-21T14:51:27","guid":{"rendered":"http:\/\/fonsvinum.com\/?post_type=product&#038;p=11723\/"},"modified":"2019-10-31T12:37:31","modified_gmt":"2019-10-31T11:37:31","slug":"ornellaia-1997","status":"publish","type":"product","link":"https:\/\/fonsvinum.com\/de\/produkt\/ornellaia-1997\/","title":{"rendered":"Ornellaia 1997"},"content":{"rendered":"<h1>Ornellaia 1997<\/h1>\n<p>Der Wunsch, die au\u00dfergew\u00f6hnliche Qualit\u00e4t des Weinguts zu f\u00f6rdern, pr\u00e4gt seit Beginn die Ornellaia-Philosophie. Ornellaia ist eine Cuv\u00e9e aus Cabernet Sauvignon, Merlot, Cabernet Franc sowie Petit Verdot und der authentische Ausdruck eines einzigartigen Terroirs, das im Einklang mit der Natur entwickelt wurde.<\/p>\n<p>Jahrgang 1997:<\/p>\n<p>Die \u00fcber dem jahreszeitlichen Mittel liegenden Temperaturen des Fr\u00fchlingsanfangs f\u00fchrten zu einer verfr\u00fchten Bl\u00fcte der Weinst\u00f6cke. Der vegetative Zyklus wurde Mitte April durch einen pl\u00f6tzlichen Frosteinbruch verlangsamt, auf den bis zum Monatsende mehrere Niederschl\u00e4ge folgten. Ab Mai stiegen die Temperaturen deutlich und die Sommermonate verliefen warm und trocken. Der klimatische Verlauf verursachte eine fr\u00fchere Reife der Trauben als gew\u00f6hnlich und die Lese fand bei optimalen Bedingungen in der ersten Septemberh\u00e4lfte statt. Die Qualit\u00e4t der Ernte war hervorragend (perfekte Reife der Trauben, reife Tannine, sch\u00f6ne Konzentration), doch die Quantit\u00e4t lag etwas unter dem Mittel, da die Beeren aufgrund der klimatischen Bedingungen kleiner waren.<\/p>\n<p>Vinifikation und Ausbau:<\/p>\n<p>Die Trauben wurden entrappt und leicht angepresst. Anschlie\u00dfend wurden sie in h\u00f6lzerne G\u00e4rbottiche mittlerer Gr\u00f6\u00dfe und teilweise in Stahltanks verbracht, in denen sich die alkoholische G\u00e4rung vollzog. Zu keinem Zeitpunkt wurde die G\u00e4rtemperatur von 30\u00b0C \u00fcberschritten. Es folgte eine Maischestandzeit von 20 \u2013 25 Tagen. Anschlie\u00dfend wurde der Wein in franz\u00f6sischen Barriques ausgebaut (50% neue Barriques, 50% Zweitbelegung). Hier durchlief er die malolaktische G\u00e4rung. Jede Parzelle und Rebsorte wurde separat ausgebaut. Der Wein reifte 18 Monate in Barriques in den temperierten Kellern des Weingutes. Anschlie\u00dfend wurden die Weine zu einer Cuv\u00e9e verm\u00e4hlt und abgef\u00fcllt. Die Freigabe f\u00fcr den Markt erfolgte nach einer zw\u00f6lfmonatigen Flaschenreife. Das Gut Tenuta dell\u2019Ornellaia beschloss bei der 1997er Lese noch strenger zu selektieren (und das bei einer Ernte von hervorragender Qualit\u00e4t!). Daher lag die Produktion etwa 20% unter der Vorjahresmenge.<\/p>\n<p>Flaschenreife.Bewertungen:<\/p>\n<p>Wine Advocate\u00a093<\/p>\n<p>Wine Spectator\u00a096<\/p>\n<p>James Suckling\u00a097<\/p>\n<p>Antonio Galloni\u00a095<\/p>\n<p>Falstaff\u00a094<\/p>\n","protected":false},"excerpt":{"rendered":"<p>Ornellaia 1997 Der Wunsch, die au\u00dfergew\u00f6hnliche Qualit\u00e4t des Weinguts zu f\u00f6rdern, pr\u00e4gt seit Beginn die Ornellaia-Philosophie. Ornellaia ist eine Cuv\u00e9e aus Cabernet Sauvignon, Merlot, Cabernet Franc sowie Petit Verdot und der authentische Ausdruck eines einzigartigen Terroirs, das im Einklang mit der Natur entwickelt wurde. Jahrgang 1997: Die \u00fcber dem jahreszeitlichen Mittel liegenden Temperaturen des Fr\u00fchlingsanfangs [&hellip;]<\/p>\n","protected":false},"featured_media":4302,"comment_status":"open","ping_status":"closed","template":"","meta":{"_acf_changed":false,"_monsterinsights_skip_tracking":false,"_monsterinsights_sitenote_active":false,"_monsterinsights_sitenote_note":"","_monsterinsights_sitenote_category":0},"product_brand":[],"product_cat":[2162],"product_tag":[1733,1751,3583],"class_list":{"0":"post-11723","1":"product","2":"type-product","3":"status-publish","4":"has-post-thumbnail","6":"product_cat-blend","7":"product_tag-aussergewoehnliche-weine-de","8":"product_tag-aussergewoehnliche-weine-aus-italien-de","9":"product_tag-vini-toscani-de","10":"pa_appellation-bolgheri-superiore-doc-de","11":"pa_formato-0-75-l-flasche-de","12":"pa_producer-tenuta-dellornellaia-de","13":"pa_region-toskana-de","14":"pa_vine-65-cabernet-sauvignon-30-merlot-5-cabernet-franc-de","15":"pa_vintage-1997-de","17":"first","18":"instock","19":"sale","20":"featured","21":"taxable","22":"shipping-taxable","23":"purchasable","24":"product-type-simple"},"bundled_by":[],"bundle_stock_status":"instock","bundle_stock_quantity":2,"bundle_virtual":false,"bundle_layout":"","bundle_add_to_cart_form_location":"","bundle_editable_in_cart":false,"bundle_sold_individually_context":"","bundle_item_grouping":"","bundle_min_size":"","bundle_max_size":"","bundle_price":[],"bundled_items":[],"bundle_sell_ids":[],"yoast_head":"<!-- This site is optimized with the Yoast SEO plugin v27.3 - https:\/\/yoast.com\/product\/yoast-seo-wordpress\/ -->\n<title>Buy Ornellaia 1997 wine online at 485 \u20ac | FonsVinum<\/title>\n<meta name=\"description\" content=\"Ornellaia 1997\" \/>\n<meta name=\"robots\" content=\"index, follow, max-snippet:-1, max-image-preview:large, max-video-preview:-1\" \/>\n<link rel=\"canonical\" href=\"https:\/\/fonsvinum.com\/de\/produkt\/ornellaia-1997\/\" \/>\n<meta property=\"og:locale\" content=\"de_DE\" \/>\n<meta property=\"og:type\" content=\"article\" \/>\n<meta property=\"og:title\" content=\"Buy Ornellaia 1997 wine online at 485 \u20ac | FonsVinum\" \/>\n<meta property=\"og:description\" content=\"Ornellaia 1997\" \/>\n<meta property=\"og:url\" content=\"https:\/\/fonsvinum.com\/de\/produkt\/ornellaia-1997\/\" \/>\n<meta property=\"og:site_name\" content=\"Fons Vinum\" \/>\n<meta property=\"article:modified_time\" content=\"2019-10-31T11:37:31+00:00\" \/>\n<meta property=\"og:image\" content=\"https:\/\/fonsvinum.com\/files\/2013\/04\/ornellaia-bolgheri-superiore1.png\" \/>\n\t<meta property=\"og:image:width\" content=\"200\" \/>\n\t<meta property=\"og:image:height\" content=\"600\" \/>\n\t<meta property=\"og:image:type\" content=\"image\/png\" \/>\n<meta name=\"twitter:label1\" content=\"Gesch\u00e4tzte Lesezeit\" \/>\n\t<meta name=\"twitter:data1\" content=\"2\u00a0Minuten\" \/>\n<script type=\"application\/ld+json\" class=\"yoast-schema-graph\">{\"@context\":\"https:\\\/\\\/schema.org\",\"@graph\":[{\"@type\":\"WebPage\",\"@id\":\"https:\\\/\\\/fonsvinum.com\\\/de\\\/produkt\\\/ornellaia-1997\\\/\",\"url\":\"https:\\\/\\\/fonsvinum.com\\\/de\\\/produkt\\\/ornellaia-1997\\\/\",\"name\":\"Buy Ornellaia 1997 wine online at 485 \u20ac | FonsVinum\",\"isPartOf\":{\"@id\":\"https:\\\/\\\/fonsvinum.com\\\/en\\\/#website\"},\"primaryImageOfPage\":{\"@id\":\"https:\\\/\\\/fonsvinum.com\\\/de\\\/produkt\\\/ornellaia-1997\\\/#primaryimage\"},\"image\":{\"@id\":\"https:\\\/\\\/fonsvinum.com\\\/de\\\/produkt\\\/ornellaia-1997\\\/#primaryimage\"},\"thumbnailUrl\":\"https:\\\/\\\/fonsvinum.com\\\/files\\\/2013\\\/04\\\/ornellaia-bolgheri-superiore1.png\",\"datePublished\":\"2017-07-21T14:51:27+00:00\",\"dateModified\":\"2019-10-31T11:37:31+00:00\",\"description\":\"Ornellaia 1997\",\"breadcrumb\":{\"@id\":\"https:\\\/\\\/fonsvinum.com\\\/de\\\/produkt\\\/ornellaia-1997\\\/#breadcrumb\"},\"inLanguage\":\"de\",\"potentialAction\":[{\"@type\":\"ReadAction\",\"target\":[\"https:\\\/\\\/fonsvinum.com\\\/de\\\/produkt\\\/ornellaia-1997\\\/\"]}]},{\"@type\":\"ImageObject\",\"inLanguage\":\"de\",\"@id\":\"https:\\\/\\\/fonsvinum.com\\\/de\\\/produkt\\\/ornellaia-1997\\\/#primaryimage\",\"url\":\"https:\\\/\\\/fonsvinum.com\\\/files\\\/2013\\\/04\\\/ornellaia-bolgheri-superiore1.png\",\"contentUrl\":\"https:\\\/\\\/fonsvinum.com\\\/files\\\/2013\\\/04\\\/ornellaia-bolgheri-superiore1.png\",\"width\":200,\"height\":600},{\"@type\":\"BreadcrumbList\",\"@id\":\"https:\\\/\\\/fonsvinum.com\\\/de\\\/produkt\\\/ornellaia-1997\\\/#breadcrumb\",\"itemListElement\":[{\"@type\":\"ListItem\",\"position\":1,\"name\":\"Startseite\",\"item\":\"https:\\\/\\\/fonsvinum.com\\\/de\\\/\"},{\"@type\":\"ListItem\",\"position\":2,\"name\":\"Shop\",\"item\":\"https:\\\/\\\/fonsvinum.com\\\/de\\\/shop\\\/\"},{\"@type\":\"ListItem\",\"position\":3,\"name\":\"Ornellaia 1997\"}]},{\"@type\":\"WebSite\",\"@id\":\"https:\\\/\\\/fonsvinum.com\\\/en\\\/#website\",\"url\":\"https:\\\/\\\/fonsvinum.com\\\/en\\\/\",\"name\":\"Fons Vinum\",\"description\":\"Vendita Vino Online\",\"publisher\":{\"@id\":\"https:\\\/\\\/fonsvinum.com\\\/en\\\/#organization\"},\"potentialAction\":[{\"@type\":\"SearchAction\",\"target\":{\"@type\":\"EntryPoint\",\"urlTemplate\":\"https:\\\/\\\/fonsvinum.com\\\/en\\\/?s={search_term_string}\"},\"query-input\":{\"@type\":\"PropertyValueSpecification\",\"valueRequired\":true,\"valueName\":\"search_term_string\"}}],\"inLanguage\":\"de\"},{\"@type\":\"Organization\",\"@id\":\"https:\\\/\\\/fonsvinum.com\\\/en\\\/#organization\",\"name\":\"Fons Vinum\",\"url\":\"https:\\\/\\\/fonsvinum.com\\\/en\\\/\",\"logo\":{\"@type\":\"ImageObject\",\"inLanguage\":\"de\",\"@id\":\"https:\\\/\\\/fonsvinum.com\\\/en\\\/#\\\/schema\\\/logo\\\/image\\\/\",\"url\":\"\",\"contentUrl\":\"\",\"caption\":\"Fons Vinum\"},\"image\":{\"@id\":\"https:\\\/\\\/fonsvinum.com\\\/en\\\/#\\\/schema\\\/logo\\\/image\\\/\"}}]}<\/script>\n<!-- \/ Yoast SEO plugin. -->","yoast_head_json":{"title":"Buy Ornellaia 1997 wine online at 485 \u20ac | FonsVinum","description":"Ornellaia 1997","robots":{"index":"index","follow":"follow","max-snippet":"max-snippet:-1","max-image-preview":"max-image-preview:large","max-video-preview":"max-video-preview:-1"},"canonical":"https:\/\/fonsvinum.com\/de\/produkt\/ornellaia-1997\/","og_locale":"de_DE","og_type":"article","og_title":"Buy Ornellaia 1997 wine online at 485 \u20ac | FonsVinum","og_description":"Ornellaia 1997","og_url":"https:\/\/fonsvinum.com\/de\/produkt\/ornellaia-1997\/","og_site_name":"Fons Vinum","article_modified_time":"2019-10-31T11:37:31+00:00","og_image":[{"width":200,"height":600,"url":"https:\/\/fonsvinum.com\/files\/2013\/04\/ornellaia-bolgheri-superiore1.png","type":"image\/png"}],"twitter_misc":{"Gesch\u00e4tzte Lesezeit":"2\u00a0Minuten"},"schema":{"@context":"https:\/\/schema.org","@graph":[{"@type":"WebPage","@id":"https:\/\/fonsvinum.com\/de\/produkt\/ornellaia-1997\/","url":"https:\/\/fonsvinum.com\/de\/produkt\/ornellaia-1997\/","name":"Buy Ornellaia 1997 wine online at 485 \u20ac | FonsVinum","isPartOf":{"@id":"https:\/\/fonsvinum.com\/en\/#website"},"primaryImageOfPage":{"@id":"https:\/\/fonsvinum.com\/de\/produkt\/ornellaia-1997\/#primaryimage"},"image":{"@id":"https:\/\/fonsvinum.com\/de\/produkt\/ornellaia-1997\/#primaryimage"},"thumbnailUrl":"https:\/\/fonsvinum.com\/files\/2013\/04\/ornellaia-bolgheri-superiore1.png","datePublished":"2017-07-21T14:51:27+00:00","dateModified":"2019-10-31T11:37:31+00:00","description":"Ornellaia 1997","breadcrumb":{"@id":"https:\/\/fonsvinum.com\/de\/produkt\/ornellaia-1997\/#breadcrumb"},"inLanguage":"de","potentialAction":[{"@type":"ReadAction","target":["https:\/\/fonsvinum.com\/de\/produkt\/ornellaia-1997\/"]}]},{"@type":"ImageObject","inLanguage":"de","@id":"https:\/\/fonsvinum.com\/de\/produkt\/ornellaia-1997\/#primaryimage","url":"https:\/\/fonsvinum.com\/files\/2013\/04\/ornellaia-bolgheri-superiore1.png","contentUrl":"https:\/\/fonsvinum.com\/files\/2013\/04\/ornellaia-bolgheri-superiore1.png","width":200,"height":600},{"@type":"BreadcrumbList","@id":"https:\/\/fonsvinum.com\/de\/produkt\/ornellaia-1997\/#breadcrumb","itemListElement":[{"@type":"ListItem","position":1,"name":"Startseite","item":"https:\/\/fonsvinum.com\/de\/"},{"@type":"ListItem","position":2,"name":"Shop","item":"https:\/\/fonsvinum.com\/de\/shop\/"},{"@type":"ListItem","position":3,"name":"Ornellaia 1997"}]},{"@type":"WebSite","@id":"https:\/\/fonsvinum.com\/en\/#website","url":"https:\/\/fonsvinum.com\/en\/","name":"Fons Vinum","description":"Vendita Vino Online","publisher":{"@id":"https:\/\/fonsvinum.com\/en\/#organization"},"potentialAction":[{"@type":"SearchAction","target":{"@type":"EntryPoint","urlTemplate":"https:\/\/fonsvinum.com\/en\/?s={search_term_string}"},"query-input":{"@type":"PropertyValueSpecification","valueRequired":true,"valueName":"search_term_string"}}],"inLanguage":"de"},{"@type":"Organization","@id":"https:\/\/fonsvinum.com\/en\/#organization","name":"Fons Vinum","url":"https:\/\/fonsvinum.com\/en\/","logo":{"@type":"ImageObject","inLanguage":"de","@id":"https:\/\/fonsvinum.com\/en\/#\/schema\/logo\/image\/","url":"","contentUrl":"","caption":"Fons Vinum"},"image":{"@id":"https:\/\/fonsvinum.com\/en\/#\/schema\/logo\/image\/"}}]}},"acf":[],"_links":{"self":[{"href":"https:\/\/fonsvinum.com\/de\/wp-json\/wp\/v2\/product\/11723","targetHints":{"allow":["GET"]}}],"collection":[{"href":"https:\/\/fonsvinum.com\/de\/wp-json\/wp\/v2\/product"}],"about":[{"href":"https:\/\/fonsvinum.com\/de\/wp-json\/wp\/v2\/types\/product"}],"replies":[{"embeddable":true,"href":"https:\/\/fonsvinum.com\/de\/wp-json\/wp\/v2\/comments?post=11723"}],"wp:featuredmedia":[{"embeddable":true,"href":"https:\/\/fonsvinum.com\/de\/wp-json\/wp\/v2\/media\/4302"}],"wp:attachment":[{"href":"https:\/\/fonsvinum.com\/de\/wp-json\/wp\/v2\/media?parent=11723"}],"wp:term":[{"taxonomy":"product_brand","embeddable":true,"href":"https:\/\/fonsvinum.com\/de\/wp-json\/wp\/v2\/product_brand?post=11723"},{"taxonomy":"product_cat","embeddable":true,"href":"https:\/\/fonsvinum.com\/de\/wp-json\/wp\/v2\/product_cat?post=11723"},{"taxonomy":"product_tag","embeddable":true,"href":"https:\/\/fonsvinum.com\/de\/wp-json\/wp\/v2\/product_tag?post=11723"}],"curies":[{"name":"wp","href":"https:\/\/api.w.org\/{rel}","templated":true}]}}