{"id":11673,"date":"2017-07-13T11:44:42","date_gmt":"2017-07-13T09:44:42","guid":{"rendered":"http:\/\/fonsvinum.com\/?post_type=product&#038;p=11673\/"},"modified":"2021-10-06T16:59:31","modified_gmt":"2021-10-06T14:59:31","slug":"tenuta-dellornellaia-ornellaia-1995","status":"publish","type":"product","link":"https:\/\/fonsvinum.com\/de\/produkt\/tenuta-dellornellaia-ornellaia-1995\/","title":{"rendered":"TENUTA DELL&#8217;ORNELLAIA &#8211; Ornellaia 1995"},"content":{"rendered":"<h3>TENUTA DELL&#8217;ORNELLAIA &#8211; Ornellaia 1995<\/h3>\n<p>TENUTA DELL&#8217;ORNELLAIA &#8211; Ornellaia 1995<\/p>\n<h2><a href=\"https:\/\/fonsvinum.com\/de\/attributes\/producer\/tenuta-dellornellaia-de\/\">FRESCOBALDI &#8211; TENUTA DELL&#8217;ORNELLAIA<\/a><\/h2>\n<p>Seit 700 Jahren verbindet die Familie Frescobaldi Tradition, Erfahrung und Innovation mit Kreativit\u00e4t und Streben nach Exzellenz. Es war stets das Bestreben der Familie, die Vielfalt des toskanischen Terroirs zu entwickeln und zu feiern. Als stolze Besitzer einiger der besten Weing\u00fcter der Region waren die Familienmitglieder stets darum bem\u00fcht, die Identit\u00e4t und die Selbstst\u00e4ndigkeit jedes einzelnen Besitzes zu bewahren.<\/p>\n<p>Weltweit gilt ORNELLAIA als eine Weingut-Ikone; im Besitz der Familie Frescobaldi hat es sich zu einer Erfolgsgeschichte entwickelt. Dies ist nur eines der Familienweing\u00fcter, zu denen auch ATTEMS (Friaul), MASSETO, DANZANTE, LUCE DELLA VITE und die sechs FRESCOBALDI-Weing\u00fctern Nipozzano, CastelGiocondo, Pomino, Ammiraglia, Castiglioni und Remole z\u00e4hlen.<\/p>\n<h2><a href=\"https:\/\/fonsvinum.com\/de\/?s=ORNELLAIA&amp;post_type=product\">ORNELLAIA<\/a><\/h2>\n<p>Der Wunsch, die au\u00dfergew\u00f6hnliche Qualit\u00e4t des Weinguts zu f\u00f6rdern, pr\u00e4gt seit Beginn die Ornellaia-Philosophie. Ornellaia ist eine Cuv\u00e9e aus Cabernet Sauvignon, Merlot, Cabernet Franc sowie Petit Verdot und der authentische Ausdruck eines einzigartigen Terroirs, das im Einklang mit der Natur entwickelt wurde.<\/p>\n<h3>VINIFIKATION UND AUSBAU 1995<\/h3>\n<p>Die alkoholische G\u00e4rung vollzog sich in G\u00e4rbottichen aus franz\u00f6sischem Eichenholz und teilweise in Stahltanks bei kontrollierter Temperatur. Die erste G\u00e4rung und die Maischestandzeit zogen sich 25 bis 32 Tage hin. Anschlie\u00dfend wurden circa 40% des <a href=\"https:\/\/www.shopinlanghe.com\/sellers?render_type=sellerview&amp;id_seller=5\">Weins<\/a> in neuen Barriques ausgebaut, in denen die malolaktische G\u00e4rung stattfand. Der restliche Wein wurde in Holzf\u00e4ssern ausgebaut, ebenfalls mit Durchlaufen der malolaktischen G\u00e4rung. Im M\u00e4rz\/April wurde der gesamte Wein in gebrauchte Barriques verbracht. Der Wein reifte ungef\u00e4hr 16 Monate lang in franz\u00f6sischen Barriques (39% neue, 61% gebrauchte) und wurde anschlie\u00dfend abgef\u00fcllt, ohne gefiltert zu werden. Die Freigabe f\u00fcr den Markt erfolgte nach einer vierzehnmonatigen Flaschenreife.<\/p>\n<h3>BEWERTUNGEN 1995<\/h3>\n<ul>\n<li>Wine Advocate 92<\/li>\n<li>Wine Spectator 91<\/li>\n<li>Antonio Galloni 93<\/li>\n<\/ul>\n","protected":false},"excerpt":{"rendered":"<p>TENUTA DELL&#8217;ORNELLAIA &#8211; Ornellaia 1995 TENUTA DELL&#8217;ORNELLAIA &#8211; Ornellaia 1995 FRESCOBALDI &#8211; TENUTA DELL&#8217;ORNELLAIA Seit 700 Jahren verbindet die Familie Frescobaldi Tradition, Erfahrung und Innovation mit Kreativit\u00e4t und Streben nach Exzellenz. Es war stets das Bestreben der Familie, die Vielfalt des toskanischen Terroirs zu entwickeln und zu feiern. Als stolze Besitzer einiger der besten Weing\u00fcter [&hellip;]<\/p>\n","protected":false},"featured_media":32364,"comment_status":"open","ping_status":"closed","template":"","meta":{"_acf_changed":false,"_monsterinsights_skip_tracking":false,"_monsterinsights_sitenote_active":false,"_monsterinsights_sitenote_note":"","_monsterinsights_sitenote_category":0},"product_brand":[],"product_cat":[2162],"product_tag":[1733,1751,15959,3583],"class_list":{"0":"post-11673","1":"product","2":"type-product","3":"status-publish","4":"has-post-thumbnail","6":"product_cat-blend","7":"product_tag-aussergewoehnliche-weine-de","8":"product_tag-aussergewoehnliche-weine-aus-italien-de","9":"product_tag-vino-rosso-de","10":"product_tag-vini-toscani-de","11":"pa_appellation-bolgheri-superiore-doc-de","12":"pa_formato-0-75-l-flasche-de","13":"pa_producer-tenuta-dellornellaia-de","14":"pa_region-toskana-de","15":"pa_vine-76-cabernet-sauvignon-18-merlot-6-cabernet-franc-de","16":"pa_vintage-1995-de","18":"first","19":"instock","20":"featured","21":"taxable","22":"shipping-taxable","23":"purchasable","24":"product-type-simple"},"bundled_by":[],"bundle_stock_status":"instock","bundle_stock_quantity":1,"bundle_virtual":false,"bundle_layout":"","bundle_add_to_cart_form_location":"","bundle_editable_in_cart":false,"bundle_sold_individually_context":"","bundle_item_grouping":"","bundle_min_size":"","bundle_max_size":"","bundle_price":[],"bundled_items":[],"bundle_sell_ids":[],"yoast_head":"<!-- This site is optimized with the Yoast SEO plugin v27.3 - https:\/\/yoast.com\/product\/yoast-seo-wordpress\/ -->\n<title>Buy TENUTA DELL&#039;ORNELLAIA - Ornellaia 1995 wine online | FonsVinum<\/title>\n<meta name=\"description\" content=\"Buy TENUTA DELL&#039;ORNELLAIA - Ornellaia 1995 wine online | FonsVinum\" \/>\n<meta name=\"robots\" content=\"index, follow, max-snippet:-1, max-image-preview:large, max-video-preview:-1\" \/>\n<link rel=\"canonical\" href=\"https:\/\/fonsvinum.com\/de\/produkt\/tenuta-dellornellaia-ornellaia-1995\/\" \/>\n<meta property=\"og:locale\" content=\"de_DE\" \/>\n<meta property=\"og:type\" content=\"article\" \/>\n<meta property=\"og:title\" content=\"Buy TENUTA DELL&#039;ORNELLAIA - Ornellaia 1995 wine online | FonsVinum\" \/>\n<meta property=\"og:description\" content=\"Buy TENUTA DELL&#039;ORNELLAIA - Ornellaia 1995 wine online | FonsVinum\" \/>\n<meta property=\"og:url\" content=\"https:\/\/fonsvinum.com\/de\/produkt\/tenuta-dellornellaia-ornellaia-1995\/\" \/>\n<meta property=\"og:site_name\" content=\"Fons Vinum\" \/>\n<meta property=\"article:modified_time\" content=\"2021-10-06T14:59:31+00:00\" \/>\n<meta property=\"og:image\" content=\"https:\/\/fonsvinum.com\/files\/2021\/04\/ornellaia.jpg\" \/>\n\t<meta property=\"og:image:width\" content=\"200\" \/>\n\t<meta property=\"og:image:height\" content=\"600\" \/>\n\t<meta property=\"og:image:type\" content=\"image\/jpeg\" \/>\n<meta name=\"twitter:label1\" content=\"Gesch\u00e4tzte Lesezeit\" \/>\n\t<meta name=\"twitter:data1\" content=\"2\u00a0Minuten\" \/>\n<script type=\"application\/ld+json\" class=\"yoast-schema-graph\">{\"@context\":\"https:\\\/\\\/schema.org\",\"@graph\":[{\"@type\":\"WebPage\",\"@id\":\"https:\\\/\\\/fonsvinum.com\\\/de\\\/produkt\\\/tenuta-dellornellaia-ornellaia-1995\\\/\",\"url\":\"https:\\\/\\\/fonsvinum.com\\\/de\\\/produkt\\\/tenuta-dellornellaia-ornellaia-1995\\\/\",\"name\":\"Buy TENUTA DELL'ORNELLAIA - Ornellaia 1995 wine online | FonsVinum\",\"isPartOf\":{\"@id\":\"https:\\\/\\\/fonsvinum.com\\\/en\\\/#website\"},\"primaryImageOfPage\":{\"@id\":\"https:\\\/\\\/fonsvinum.com\\\/de\\\/produkt\\\/tenuta-dellornellaia-ornellaia-1995\\\/#primaryimage\"},\"image\":{\"@id\":\"https:\\\/\\\/fonsvinum.com\\\/de\\\/produkt\\\/tenuta-dellornellaia-ornellaia-1995\\\/#primaryimage\"},\"thumbnailUrl\":\"https:\\\/\\\/fonsvinum.com\\\/files\\\/2021\\\/04\\\/ornellaia.jpg\",\"datePublished\":\"2017-07-13T09:44:42+00:00\",\"dateModified\":\"2021-10-06T14:59:31+00:00\",\"description\":\"Buy TENUTA DELL'ORNELLAIA - Ornellaia 1995 wine online | FonsVinum\",\"breadcrumb\":{\"@id\":\"https:\\\/\\\/fonsvinum.com\\\/de\\\/produkt\\\/tenuta-dellornellaia-ornellaia-1995\\\/#breadcrumb\"},\"inLanguage\":\"de\",\"potentialAction\":[{\"@type\":\"ReadAction\",\"target\":[\"https:\\\/\\\/fonsvinum.com\\\/de\\\/produkt\\\/tenuta-dellornellaia-ornellaia-1995\\\/\"]}]},{\"@type\":\"ImageObject\",\"inLanguage\":\"de\",\"@id\":\"https:\\\/\\\/fonsvinum.com\\\/de\\\/produkt\\\/tenuta-dellornellaia-ornellaia-1995\\\/#primaryimage\",\"url\":\"https:\\\/\\\/fonsvinum.com\\\/files\\\/2021\\\/04\\\/ornellaia.jpg\",\"contentUrl\":\"https:\\\/\\\/fonsvinum.com\\\/files\\\/2021\\\/04\\\/ornellaia.jpg\",\"width\":200,\"height\":600},{\"@type\":\"BreadcrumbList\",\"@id\":\"https:\\\/\\\/fonsvinum.com\\\/de\\\/produkt\\\/tenuta-dellornellaia-ornellaia-1995\\\/#breadcrumb\",\"itemListElement\":[{\"@type\":\"ListItem\",\"position\":1,\"name\":\"Startseite\",\"item\":\"https:\\\/\\\/fonsvinum.com\\\/de\\\/\"},{\"@type\":\"ListItem\",\"position\":2,\"name\":\"Shop\",\"item\":\"https:\\\/\\\/fonsvinum.com\\\/de\\\/shop\\\/\"},{\"@type\":\"ListItem\",\"position\":3,\"name\":\"TENUTA DELL&#8217;ORNELLAIA &#8211; Ornellaia 1995\"}]},{\"@type\":\"WebSite\",\"@id\":\"https:\\\/\\\/fonsvinum.com\\\/en\\\/#website\",\"url\":\"https:\\\/\\\/fonsvinum.com\\\/en\\\/\",\"name\":\"Fons Vinum\",\"description\":\"Vendita Vino Online\",\"publisher\":{\"@id\":\"https:\\\/\\\/fonsvinum.com\\\/en\\\/#organization\"},\"potentialAction\":[{\"@type\":\"SearchAction\",\"target\":{\"@type\":\"EntryPoint\",\"urlTemplate\":\"https:\\\/\\\/fonsvinum.com\\\/en\\\/?s={search_term_string}\"},\"query-input\":{\"@type\":\"PropertyValueSpecification\",\"valueRequired\":true,\"valueName\":\"search_term_string\"}}],\"inLanguage\":\"de\"},{\"@type\":\"Organization\",\"@id\":\"https:\\\/\\\/fonsvinum.com\\\/en\\\/#organization\",\"name\":\"Fons Vinum\",\"url\":\"https:\\\/\\\/fonsvinum.com\\\/en\\\/\",\"logo\":{\"@type\":\"ImageObject\",\"inLanguage\":\"de\",\"@id\":\"https:\\\/\\\/fonsvinum.com\\\/en\\\/#\\\/schema\\\/logo\\\/image\\\/\",\"url\":\"\",\"contentUrl\":\"\",\"caption\":\"Fons Vinum\"},\"image\":{\"@id\":\"https:\\\/\\\/fonsvinum.com\\\/en\\\/#\\\/schema\\\/logo\\\/image\\\/\"}}]}<\/script>\n<!-- \/ Yoast SEO plugin. -->","yoast_head_json":{"title":"Buy TENUTA DELL'ORNELLAIA - Ornellaia 1995 wine online | FonsVinum","description":"Buy TENUTA DELL'ORNELLAIA - Ornellaia 1995 wine online | FonsVinum","robots":{"index":"index","follow":"follow","max-snippet":"max-snippet:-1","max-image-preview":"max-image-preview:large","max-video-preview":"max-video-preview:-1"},"canonical":"https:\/\/fonsvinum.com\/de\/produkt\/tenuta-dellornellaia-ornellaia-1995\/","og_locale":"de_DE","og_type":"article","og_title":"Buy TENUTA DELL'ORNELLAIA - Ornellaia 1995 wine online | FonsVinum","og_description":"Buy TENUTA DELL'ORNELLAIA - Ornellaia 1995 wine online | FonsVinum","og_url":"https:\/\/fonsvinum.com\/de\/produkt\/tenuta-dellornellaia-ornellaia-1995\/","og_site_name":"Fons Vinum","article_modified_time":"2021-10-06T14:59:31+00:00","og_image":[{"width":200,"height":600,"url":"https:\/\/fonsvinum.com\/files\/2021\/04\/ornellaia.jpg","type":"image\/jpeg"}],"twitter_misc":{"Gesch\u00e4tzte Lesezeit":"2\u00a0Minuten"},"schema":{"@context":"https:\/\/schema.org","@graph":[{"@type":"WebPage","@id":"https:\/\/fonsvinum.com\/de\/produkt\/tenuta-dellornellaia-ornellaia-1995\/","url":"https:\/\/fonsvinum.com\/de\/produkt\/tenuta-dellornellaia-ornellaia-1995\/","name":"Buy TENUTA DELL'ORNELLAIA - Ornellaia 1995 wine online | FonsVinum","isPartOf":{"@id":"https:\/\/fonsvinum.com\/en\/#website"},"primaryImageOfPage":{"@id":"https:\/\/fonsvinum.com\/de\/produkt\/tenuta-dellornellaia-ornellaia-1995\/#primaryimage"},"image":{"@id":"https:\/\/fonsvinum.com\/de\/produkt\/tenuta-dellornellaia-ornellaia-1995\/#primaryimage"},"thumbnailUrl":"https:\/\/fonsvinum.com\/files\/2021\/04\/ornellaia.jpg","datePublished":"2017-07-13T09:44:42+00:00","dateModified":"2021-10-06T14:59:31+00:00","description":"Buy TENUTA DELL'ORNELLAIA - Ornellaia 1995 wine online | FonsVinum","breadcrumb":{"@id":"https:\/\/fonsvinum.com\/de\/produkt\/tenuta-dellornellaia-ornellaia-1995\/#breadcrumb"},"inLanguage":"de","potentialAction":[{"@type":"ReadAction","target":["https:\/\/fonsvinum.com\/de\/produkt\/tenuta-dellornellaia-ornellaia-1995\/"]}]},{"@type":"ImageObject","inLanguage":"de","@id":"https:\/\/fonsvinum.com\/de\/produkt\/tenuta-dellornellaia-ornellaia-1995\/#primaryimage","url":"https:\/\/fonsvinum.com\/files\/2021\/04\/ornellaia.jpg","contentUrl":"https:\/\/fonsvinum.com\/files\/2021\/04\/ornellaia.jpg","width":200,"height":600},{"@type":"BreadcrumbList","@id":"https:\/\/fonsvinum.com\/de\/produkt\/tenuta-dellornellaia-ornellaia-1995\/#breadcrumb","itemListElement":[{"@type":"ListItem","position":1,"name":"Startseite","item":"https:\/\/fonsvinum.com\/de\/"},{"@type":"ListItem","position":2,"name":"Shop","item":"https:\/\/fonsvinum.com\/de\/shop\/"},{"@type":"ListItem","position":3,"name":"TENUTA DELL&#8217;ORNELLAIA &#8211; Ornellaia 1995"}]},{"@type":"WebSite","@id":"https:\/\/fonsvinum.com\/en\/#website","url":"https:\/\/fonsvinum.com\/en\/","name":"Fons Vinum","description":"Vendita Vino Online","publisher":{"@id":"https:\/\/fonsvinum.com\/en\/#organization"},"potentialAction":[{"@type":"SearchAction","target":{"@type":"EntryPoint","urlTemplate":"https:\/\/fonsvinum.com\/en\/?s={search_term_string}"},"query-input":{"@type":"PropertyValueSpecification","valueRequired":true,"valueName":"search_term_string"}}],"inLanguage":"de"},{"@type":"Organization","@id":"https:\/\/fonsvinum.com\/en\/#organization","name":"Fons Vinum","url":"https:\/\/fonsvinum.com\/en\/","logo":{"@type":"ImageObject","inLanguage":"de","@id":"https:\/\/fonsvinum.com\/en\/#\/schema\/logo\/image\/","url":"","contentUrl":"","caption":"Fons Vinum"},"image":{"@id":"https:\/\/fonsvinum.com\/en\/#\/schema\/logo\/image\/"}}]}},"acf":[],"_links":{"self":[{"href":"https:\/\/fonsvinum.com\/de\/wp-json\/wp\/v2\/product\/11673","targetHints":{"allow":["GET"]}}],"collection":[{"href":"https:\/\/fonsvinum.com\/de\/wp-json\/wp\/v2\/product"}],"about":[{"href":"https:\/\/fonsvinum.com\/de\/wp-json\/wp\/v2\/types\/product"}],"replies":[{"embeddable":true,"href":"https:\/\/fonsvinum.com\/de\/wp-json\/wp\/v2\/comments?post=11673"}],"wp:featuredmedia":[{"embeddable":true,"href":"https:\/\/fonsvinum.com\/de\/wp-json\/wp\/v2\/media\/32364"}],"wp:attachment":[{"href":"https:\/\/fonsvinum.com\/de\/wp-json\/wp\/v2\/media?parent=11673"}],"wp:term":[{"taxonomy":"product_brand","embeddable":true,"href":"https:\/\/fonsvinum.com\/de\/wp-json\/wp\/v2\/product_brand?post=11673"},{"taxonomy":"product_cat","embeddable":true,"href":"https:\/\/fonsvinum.com\/de\/wp-json\/wp\/v2\/product_cat?post=11673"},{"taxonomy":"product_tag","embeddable":true,"href":"https:\/\/fonsvinum.com\/de\/wp-json\/wp\/v2\/product_tag?post=11673"}],"curies":[{"name":"wp","href":"https:\/\/api.w.org\/{rel}","templated":true}]}}