{"id":11667,"date":"2017-07-13T11:27:10","date_gmt":"2017-07-13T09:27:10","guid":{"rendered":"http:\/\/fonsvinum.com\/?post_type=product&#038;p=11667\/"},"modified":"2019-11-20T17:06:35","modified_gmt":"2019-11-20T16:06:35","slug":"ornellaia-1993","status":"publish","type":"product","link":"https:\/\/fonsvinum.com\/de\/produkt\/ornellaia-1993\/","title":{"rendered":"Ornellaia 1993"},"content":{"rendered":"<h1>Ornellaia 1993<\/h1>\n<p>Der Wunsch, die au\u00dfergew\u00f6hnliche Qualit\u00e4t des Weinguts zu f\u00f6rdern, pr\u00e4gt seit Beginn die Ornellaia-Philosophie. Ornellaia ist eine Cuv\u00e9e aus Cabernet Sauvignon, Merlot, Cabernet Franc sowie Petit Verdot und der authentische Ausdruck eines einzigartigen Terroirs, das im Einklang mit der Natur entwickelt wurde.<\/p>\n<p>Jahrgang 1993:<\/p>\n<p>Ein ungew\u00f6hnlich warmer Fr\u00fchling mit m\u00e4\u00dfigen Niederschl\u00e4gen verursachte eine verfr\u00fchte Bl\u00fcte des Merlot Mitte Mai. In den Sommermonaten war das Wetter bei ziemlich hohen Temperaturen stabil. Die Trauben wurden von Hand in Kisten mit h\u00f6chstens 15 kg Fassungsverm\u00f6gen geerntet. Die Weinlese des Merlot fand zwischen dem 5. und 11. September statt. Die in den lehmhaltigeren B\u00f6den wachsenden Cabernet Sauvignon und Cabernet Franc wurden zwischen dem 20. September und dem 6. Oktober geerntet und die aus den anderen B\u00f6den stammenden Cabernet Sauvignon und Franc zwischen dem 13. und dem 25. September. Besondere Aufmerksamkeit wurde der Auswahl der Trauben gewidmet, die in ausgezeichnetem Zustand mit 22,5-25 Grad Brix in der Kellerei angeliefert wurden.<\/p>\n<p>Bewertungen:<\/p>\n<p>Wine Advocate\u00a0<span class=\"gold\">88<\/span><\/p>\n<p>Wine Spectator\u00a0<span class=\"gold\">88<\/span><\/p>\n<p>Antonio Galloni\u00a0<span class=\"gold\">92<\/span><\/p>\n","protected":false},"excerpt":{"rendered":"<p>Ornellaia 1993 Der Wunsch, die au\u00dfergew\u00f6hnliche Qualit\u00e4t des Weinguts zu f\u00f6rdern, pr\u00e4gt seit Beginn die Ornellaia-Philosophie. Ornellaia ist eine Cuv\u00e9e aus Cabernet Sauvignon, Merlot, Cabernet Franc sowie Petit Verdot und der authentische Ausdruck eines einzigartigen Terroirs, das im Einklang mit der Natur entwickelt wurde. Jahrgang 1993: Ein ungew\u00f6hnlich warmer Fr\u00fchling mit m\u00e4\u00dfigen Niederschl\u00e4gen verursachte eine [&hellip;]<\/p>\n","protected":false},"featured_media":4302,"comment_status":"open","ping_status":"closed","template":"","meta":{"_acf_changed":false,"_monsterinsights_skip_tracking":false,"_monsterinsights_sitenote_active":false,"_monsterinsights_sitenote_note":"","_monsterinsights_sitenote_category":0},"product_brand":[],"product_cat":[2162],"product_tag":[1733,1751,3583],"class_list":{"0":"post-11667","1":"product","2":"type-product","3":"status-publish","4":"has-post-thumbnail","6":"product_cat-blend","7":"product_tag-aussergewoehnliche-weine-de","8":"product_tag-aussergewoehnliche-weine-aus-italien-de","9":"product_tag-vini-toscani-de","10":"pa_appellation-bolgheri-superiore-doc-de","11":"pa_formato-0-75-l-flasche-de","12":"pa_producer-tenuta-dellornellaia-de","13":"pa_region-toskana-de","14":"pa_vine-78-cabernet-sauvignon-17-merlot-5-cabernet-franc-de","15":"pa_vintage-1993-de","17":"first","18":"instock","19":"featured","20":"taxable","21":"shipping-taxable","22":"purchasable","23":"product-type-simple"},"bundled_by":[],"bundle_stock_status":"instock","bundle_stock_quantity":1,"bundle_virtual":false,"bundle_layout":"","bundle_add_to_cart_form_location":"","bundle_editable_in_cart":false,"bundle_sold_individually_context":"","bundle_item_grouping":"","bundle_min_size":"","bundle_max_size":"","bundle_price":[],"bundled_items":[],"bundle_sell_ids":[],"yoast_head":"<!-- This site is optimized with the Yoast SEO plugin v27.3 - https:\/\/yoast.com\/product\/yoast-seo-wordpress\/ -->\n<title>Buy Ornellaia 1993 wine online at 490 \u20ac | FonsVinum<\/title>\n<meta name=\"description\" content=\"Ornellaia 1993\" \/>\n<meta name=\"robots\" content=\"index, follow, max-snippet:-1, max-image-preview:large, max-video-preview:-1\" \/>\n<link rel=\"canonical\" href=\"https:\/\/fonsvinum.com\/de\/produkt\/ornellaia-1993\/\" \/>\n<meta property=\"og:locale\" content=\"de_DE\" \/>\n<meta property=\"og:type\" content=\"article\" \/>\n<meta property=\"og:title\" content=\"Buy Ornellaia 1993 wine online at 490 \u20ac | FonsVinum\" \/>\n<meta property=\"og:description\" content=\"Ornellaia 1993\" \/>\n<meta property=\"og:url\" content=\"https:\/\/fonsvinum.com\/de\/produkt\/ornellaia-1993\/\" \/>\n<meta property=\"og:site_name\" content=\"Fons Vinum\" \/>\n<meta property=\"article:modified_time\" content=\"2019-11-20T16:06:35+00:00\" \/>\n<meta property=\"og:image\" content=\"https:\/\/fonsvinum.com\/files\/2013\/04\/ornellaia-bolgheri-superiore1.png\" \/>\n\t<meta property=\"og:image:width\" content=\"200\" \/>\n\t<meta property=\"og:image:height\" content=\"600\" \/>\n\t<meta property=\"og:image:type\" content=\"image\/png\" \/>\n<meta name=\"twitter:label1\" content=\"Gesch\u00e4tzte Lesezeit\" \/>\n\t<meta name=\"twitter:data1\" content=\"1\u00a0Minute\" \/>\n<script type=\"application\/ld+json\" class=\"yoast-schema-graph\">{\"@context\":\"https:\\\/\\\/schema.org\",\"@graph\":[{\"@type\":\"WebPage\",\"@id\":\"https:\\\/\\\/fonsvinum.com\\\/de\\\/produkt\\\/ornellaia-1993\\\/\",\"url\":\"https:\\\/\\\/fonsvinum.com\\\/de\\\/produkt\\\/ornellaia-1993\\\/\",\"name\":\"Buy Ornellaia 1993 wine online at 490 \u20ac | FonsVinum\",\"isPartOf\":{\"@id\":\"https:\\\/\\\/fonsvinum.com\\\/en\\\/#website\"},\"primaryImageOfPage\":{\"@id\":\"https:\\\/\\\/fonsvinum.com\\\/de\\\/produkt\\\/ornellaia-1993\\\/#primaryimage\"},\"image\":{\"@id\":\"https:\\\/\\\/fonsvinum.com\\\/de\\\/produkt\\\/ornellaia-1993\\\/#primaryimage\"},\"thumbnailUrl\":\"https:\\\/\\\/fonsvinum.com\\\/files\\\/2013\\\/04\\\/ornellaia-bolgheri-superiore1.png\",\"datePublished\":\"2017-07-13T09:27:10+00:00\",\"dateModified\":\"2019-11-20T16:06:35+00:00\",\"description\":\"Ornellaia 1993\",\"breadcrumb\":{\"@id\":\"https:\\\/\\\/fonsvinum.com\\\/de\\\/produkt\\\/ornellaia-1993\\\/#breadcrumb\"},\"inLanguage\":\"de\",\"potentialAction\":[{\"@type\":\"ReadAction\",\"target\":[\"https:\\\/\\\/fonsvinum.com\\\/de\\\/produkt\\\/ornellaia-1993\\\/\"]}]},{\"@type\":\"ImageObject\",\"inLanguage\":\"de\",\"@id\":\"https:\\\/\\\/fonsvinum.com\\\/de\\\/produkt\\\/ornellaia-1993\\\/#primaryimage\",\"url\":\"https:\\\/\\\/fonsvinum.com\\\/files\\\/2013\\\/04\\\/ornellaia-bolgheri-superiore1.png\",\"contentUrl\":\"https:\\\/\\\/fonsvinum.com\\\/files\\\/2013\\\/04\\\/ornellaia-bolgheri-superiore1.png\",\"width\":200,\"height\":600},{\"@type\":\"BreadcrumbList\",\"@id\":\"https:\\\/\\\/fonsvinum.com\\\/de\\\/produkt\\\/ornellaia-1993\\\/#breadcrumb\",\"itemListElement\":[{\"@type\":\"ListItem\",\"position\":1,\"name\":\"Startseite\",\"item\":\"https:\\\/\\\/fonsvinum.com\\\/de\\\/\"},{\"@type\":\"ListItem\",\"position\":2,\"name\":\"Shop\",\"item\":\"https:\\\/\\\/fonsvinum.com\\\/de\\\/shop\\\/\"},{\"@type\":\"ListItem\",\"position\":3,\"name\":\"Ornellaia 1993\"}]},{\"@type\":\"WebSite\",\"@id\":\"https:\\\/\\\/fonsvinum.com\\\/en\\\/#website\",\"url\":\"https:\\\/\\\/fonsvinum.com\\\/en\\\/\",\"name\":\"Fons Vinum\",\"description\":\"Vendita Vino Online\",\"publisher\":{\"@id\":\"https:\\\/\\\/fonsvinum.com\\\/en\\\/#organization\"},\"potentialAction\":[{\"@type\":\"SearchAction\",\"target\":{\"@type\":\"EntryPoint\",\"urlTemplate\":\"https:\\\/\\\/fonsvinum.com\\\/en\\\/?s={search_term_string}\"},\"query-input\":{\"@type\":\"PropertyValueSpecification\",\"valueRequired\":true,\"valueName\":\"search_term_string\"}}],\"inLanguage\":\"de\"},{\"@type\":\"Organization\",\"@id\":\"https:\\\/\\\/fonsvinum.com\\\/en\\\/#organization\",\"name\":\"Fons Vinum\",\"url\":\"https:\\\/\\\/fonsvinum.com\\\/en\\\/\",\"logo\":{\"@type\":\"ImageObject\",\"inLanguage\":\"de\",\"@id\":\"https:\\\/\\\/fonsvinum.com\\\/en\\\/#\\\/schema\\\/logo\\\/image\\\/\",\"url\":\"\",\"contentUrl\":\"\",\"caption\":\"Fons Vinum\"},\"image\":{\"@id\":\"https:\\\/\\\/fonsvinum.com\\\/en\\\/#\\\/schema\\\/logo\\\/image\\\/\"}}]}<\/script>\n<!-- \/ Yoast SEO plugin. -->","yoast_head_json":{"title":"Buy Ornellaia 1993 wine online at 490 \u20ac | FonsVinum","description":"Ornellaia 1993","robots":{"index":"index","follow":"follow","max-snippet":"max-snippet:-1","max-image-preview":"max-image-preview:large","max-video-preview":"max-video-preview:-1"},"canonical":"https:\/\/fonsvinum.com\/de\/produkt\/ornellaia-1993\/","og_locale":"de_DE","og_type":"article","og_title":"Buy Ornellaia 1993 wine online at 490 \u20ac | FonsVinum","og_description":"Ornellaia 1993","og_url":"https:\/\/fonsvinum.com\/de\/produkt\/ornellaia-1993\/","og_site_name":"Fons Vinum","article_modified_time":"2019-11-20T16:06:35+00:00","og_image":[{"width":200,"height":600,"url":"https:\/\/fonsvinum.com\/files\/2013\/04\/ornellaia-bolgheri-superiore1.png","type":"image\/png"}],"twitter_misc":{"Gesch\u00e4tzte Lesezeit":"1\u00a0Minute"},"schema":{"@context":"https:\/\/schema.org","@graph":[{"@type":"WebPage","@id":"https:\/\/fonsvinum.com\/de\/produkt\/ornellaia-1993\/","url":"https:\/\/fonsvinum.com\/de\/produkt\/ornellaia-1993\/","name":"Buy Ornellaia 1993 wine online at 490 \u20ac | FonsVinum","isPartOf":{"@id":"https:\/\/fonsvinum.com\/en\/#website"},"primaryImageOfPage":{"@id":"https:\/\/fonsvinum.com\/de\/produkt\/ornellaia-1993\/#primaryimage"},"image":{"@id":"https:\/\/fonsvinum.com\/de\/produkt\/ornellaia-1993\/#primaryimage"},"thumbnailUrl":"https:\/\/fonsvinum.com\/files\/2013\/04\/ornellaia-bolgheri-superiore1.png","datePublished":"2017-07-13T09:27:10+00:00","dateModified":"2019-11-20T16:06:35+00:00","description":"Ornellaia 1993","breadcrumb":{"@id":"https:\/\/fonsvinum.com\/de\/produkt\/ornellaia-1993\/#breadcrumb"},"inLanguage":"de","potentialAction":[{"@type":"ReadAction","target":["https:\/\/fonsvinum.com\/de\/produkt\/ornellaia-1993\/"]}]},{"@type":"ImageObject","inLanguage":"de","@id":"https:\/\/fonsvinum.com\/de\/produkt\/ornellaia-1993\/#primaryimage","url":"https:\/\/fonsvinum.com\/files\/2013\/04\/ornellaia-bolgheri-superiore1.png","contentUrl":"https:\/\/fonsvinum.com\/files\/2013\/04\/ornellaia-bolgheri-superiore1.png","width":200,"height":600},{"@type":"BreadcrumbList","@id":"https:\/\/fonsvinum.com\/de\/produkt\/ornellaia-1993\/#breadcrumb","itemListElement":[{"@type":"ListItem","position":1,"name":"Startseite","item":"https:\/\/fonsvinum.com\/de\/"},{"@type":"ListItem","position":2,"name":"Shop","item":"https:\/\/fonsvinum.com\/de\/shop\/"},{"@type":"ListItem","position":3,"name":"Ornellaia 1993"}]},{"@type":"WebSite","@id":"https:\/\/fonsvinum.com\/en\/#website","url":"https:\/\/fonsvinum.com\/en\/","name":"Fons Vinum","description":"Vendita Vino Online","publisher":{"@id":"https:\/\/fonsvinum.com\/en\/#organization"},"potentialAction":[{"@type":"SearchAction","target":{"@type":"EntryPoint","urlTemplate":"https:\/\/fonsvinum.com\/en\/?s={search_term_string}"},"query-input":{"@type":"PropertyValueSpecification","valueRequired":true,"valueName":"search_term_string"}}],"inLanguage":"de"},{"@type":"Organization","@id":"https:\/\/fonsvinum.com\/en\/#organization","name":"Fons Vinum","url":"https:\/\/fonsvinum.com\/en\/","logo":{"@type":"ImageObject","inLanguage":"de","@id":"https:\/\/fonsvinum.com\/en\/#\/schema\/logo\/image\/","url":"","contentUrl":"","caption":"Fons Vinum"},"image":{"@id":"https:\/\/fonsvinum.com\/en\/#\/schema\/logo\/image\/"}}]}},"acf":[],"_links":{"self":[{"href":"https:\/\/fonsvinum.com\/de\/wp-json\/wp\/v2\/product\/11667","targetHints":{"allow":["GET"]}}],"collection":[{"href":"https:\/\/fonsvinum.com\/de\/wp-json\/wp\/v2\/product"}],"about":[{"href":"https:\/\/fonsvinum.com\/de\/wp-json\/wp\/v2\/types\/product"}],"replies":[{"embeddable":true,"href":"https:\/\/fonsvinum.com\/de\/wp-json\/wp\/v2\/comments?post=11667"}],"wp:featuredmedia":[{"embeddable":true,"href":"https:\/\/fonsvinum.com\/de\/wp-json\/wp\/v2\/media\/4302"}],"wp:attachment":[{"href":"https:\/\/fonsvinum.com\/de\/wp-json\/wp\/v2\/media?parent=11667"}],"wp:term":[{"taxonomy":"product_brand","embeddable":true,"href":"https:\/\/fonsvinum.com\/de\/wp-json\/wp\/v2\/product_brand?post=11667"},{"taxonomy":"product_cat","embeddable":true,"href":"https:\/\/fonsvinum.com\/de\/wp-json\/wp\/v2\/product_cat?post=11667"},{"taxonomy":"product_tag","embeddable":true,"href":"https:\/\/fonsvinum.com\/de\/wp-json\/wp\/v2\/product_tag?post=11667"}],"curies":[{"name":"wp","href":"https:\/\/api.w.org\/{rel}","templated":true}]}}