{"id":11389,"date":"2017-06-05T16:03:31","date_gmt":"2017-06-05T14:03:31","guid":{"rendered":"http:\/\/fonsvinum.com\/?post_type=product&#038;p=11389\/"},"modified":"2023-09-19T12:05:52","modified_gmt":"2023-09-19T10:05:52","slug":"toscana-igt-lucente-2012-luce-della-vite","status":"publish","type":"product","link":"https:\/\/fonsvinum.com\/de\/produkt\/toscana-igt-lucente-2012-luce-della-vite\/","title":{"rendered":"Toscana IGT Lucente 2012 Luce della vite"},"content":{"rendered":"<p>Lucente ist der zweite Wein von Luce, Ergebnis einer Auswahl der gleichen Reben. Ausgesucht wurden die Trauben, aus denen ein zeitgen\u00f6ssischer Wein gewonnen werden kann, Ausdruck der Einzigartigkeit des Herkunftgebietes. Er reift 12 Monate in Eichenf\u00e4ssern im Weinkeller des Weingutes von Montalcino und wird auch dort in Flaschen abgef\u00fcllt.<\/p>\n","protected":false},"excerpt":{"rendered":"<p>Lucente ist der zweite Wein von Luce, Ergebnis einer Auswahl der gleichen Reben. Ausgesucht wurden die Trauben, aus denen ein zeitgen\u00f6ssischer Wein gewonnen werden kann, Ausdruck der Einzigartigkeit des Herkunftgebietes. Er reift 12 Monate in Eichenf\u00e4ssern im Weinkeller des Weingutes von Montalcino und wird auch dort in Flaschen abgef\u00fcllt.<\/p>\n","protected":false},"featured_media":4678,"comment_status":"open","ping_status":"closed","template":"","meta":{"_acf_changed":false,"_monsterinsights_skip_tracking":false,"_monsterinsights_sitenote_active":false,"_monsterinsights_sitenote_note":"","_monsterinsights_sitenote_category":0},"product_brand":[],"product_cat":[1693],"product_tag":[],"class_list":{"0":"post-11389","1":"product","2":"type-product","3":"status-publish","4":"has-post-thumbnail","6":"product_cat-blend-2-de","7":"pa_appellation-toscana-rosso-igt-de","8":"pa_formato-0-75-l-flasche-de","9":"pa_producer-luce-della-vite-de","10":"pa_region-toskana-de","11":"pa_vine-75-merlot-25-sangiovese-de","12":"pa_vintage-2012-de","14":"first","15":"instock","16":"sale","17":"taxable","18":"shipping-taxable","19":"purchasable","20":"product-type-simple"},"bundled_by":[],"bundle_stock_status":"instock","bundle_stock_quantity":6,"bundle_virtual":false,"bundle_layout":"","bundle_add_to_cart_form_location":"","bundle_editable_in_cart":false,"bundle_sold_individually_context":"","bundle_item_grouping":"","bundle_min_size":"","bundle_max_size":"","bundle_price":[],"bundled_items":[],"bundle_sell_ids":[],"yoast_head":"<!-- This site is optimized with the Yoast SEO plugin v27.3 - https:\/\/yoast.com\/product\/yoast-seo-wordpress\/ -->\n<title>Toscana IGT Lucente 2012 Luce della vite wine online at FonsVinum<\/title>\n<meta name=\"robots\" content=\"index, follow, max-snippet:-1, max-image-preview:large, max-video-preview:-1\" \/>\n<link rel=\"canonical\" href=\"https:\/\/fonsvinum.com\/de\/produkt\/toscana-igt-lucente-2012-luce-della-vite\/\" \/>\n<meta property=\"og:locale\" content=\"de_DE\" \/>\n<meta property=\"og:type\" content=\"article\" \/>\n<meta property=\"og:title\" content=\"Toscana IGT Lucente 2012 Luce della vite wine online at FonsVinum\" \/>\n<meta property=\"og:description\" content=\"Lucente ist der zweite Wein von Luce, Ergebnis einer Auswahl der gleichen Reben. Ausgesucht wurden die Trauben, aus denen ein zeitgen\u00f6ssischer Wein gewonnen werden kann, Ausdruck der Einzigartigkeit des Herkunftgebietes. Er reift 12 Monate in Eichenf\u00e4ssern im Weinkeller des Weingutes von Montalcino und wird auch dort in Flaschen abgef\u00fcllt.\" \/>\n<meta property=\"og:url\" content=\"https:\/\/fonsvinum.com\/de\/produkt\/toscana-igt-lucente-2012-luce-della-vite\/\" \/>\n<meta property=\"og:site_name\" content=\"Fons Vinum\" \/>\n<meta property=\"article:modified_time\" content=\"2023-09-19T10:05:52+00:00\" \/>\n<meta property=\"og:image\" content=\"https:\/\/fonsvinum.com\/files\/2014\/07\/toscana-lucente-luce.png\" \/>\n\t<meta property=\"og:image:width\" content=\"200\" \/>\n\t<meta property=\"og:image:height\" content=\"600\" \/>\n\t<meta property=\"og:image:type\" content=\"image\/png\" \/>\n<meta name=\"twitter:label1\" content=\"Gesch\u00e4tzte Lesezeit\" \/>\n\t<meta name=\"twitter:data1\" content=\"1\u00a0Minute\" \/>\n<script type=\"application\/ld+json\" class=\"yoast-schema-graph\">{\"@context\":\"https:\\\/\\\/schema.org\",\"@graph\":[{\"@type\":\"WebPage\",\"@id\":\"https:\\\/\\\/fonsvinum.com\\\/de\\\/produkt\\\/toscana-igt-lucente-2012-luce-della-vite\\\/\",\"url\":\"https:\\\/\\\/fonsvinum.com\\\/de\\\/produkt\\\/toscana-igt-lucente-2012-luce-della-vite\\\/\",\"name\":\"Toscana IGT Lucente 2012 Luce della vite wine online at FonsVinum\",\"isPartOf\":{\"@id\":\"https:\\\/\\\/fonsvinum.com\\\/en\\\/#website\"},\"primaryImageOfPage\":{\"@id\":\"https:\\\/\\\/fonsvinum.com\\\/de\\\/produkt\\\/toscana-igt-lucente-2012-luce-della-vite\\\/#primaryimage\"},\"image\":{\"@id\":\"https:\\\/\\\/fonsvinum.com\\\/de\\\/produkt\\\/toscana-igt-lucente-2012-luce-della-vite\\\/#primaryimage\"},\"thumbnailUrl\":\"https:\\\/\\\/fonsvinum.com\\\/files\\\/2014\\\/07\\\/toscana-lucente-luce.png\",\"datePublished\":\"2017-06-05T14:03:31+00:00\",\"dateModified\":\"2023-09-19T10:05:52+00:00\",\"breadcrumb\":{\"@id\":\"https:\\\/\\\/fonsvinum.com\\\/de\\\/produkt\\\/toscana-igt-lucente-2012-luce-della-vite\\\/#breadcrumb\"},\"inLanguage\":\"de\",\"potentialAction\":[{\"@type\":\"ReadAction\",\"target\":[\"https:\\\/\\\/fonsvinum.com\\\/de\\\/produkt\\\/toscana-igt-lucente-2012-luce-della-vite\\\/\"]}]},{\"@type\":\"ImageObject\",\"inLanguage\":\"de\",\"@id\":\"https:\\\/\\\/fonsvinum.com\\\/de\\\/produkt\\\/toscana-igt-lucente-2012-luce-della-vite\\\/#primaryimage\",\"url\":\"https:\\\/\\\/fonsvinum.com\\\/files\\\/2014\\\/07\\\/toscana-lucente-luce.png\",\"contentUrl\":\"https:\\\/\\\/fonsvinum.com\\\/files\\\/2014\\\/07\\\/toscana-lucente-luce.png\",\"width\":200,\"height\":600},{\"@type\":\"BreadcrumbList\",\"@id\":\"https:\\\/\\\/fonsvinum.com\\\/de\\\/produkt\\\/toscana-igt-lucente-2012-luce-della-vite\\\/#breadcrumb\",\"itemListElement\":[{\"@type\":\"ListItem\",\"position\":1,\"name\":\"Startseite\",\"item\":\"https:\\\/\\\/fonsvinum.com\\\/de\\\/\"},{\"@type\":\"ListItem\",\"position\":2,\"name\":\"Shop\",\"item\":\"https:\\\/\\\/fonsvinum.com\\\/de\\\/shop\\\/\"},{\"@type\":\"ListItem\",\"position\":3,\"name\":\"Toscana IGT Lucente 2012 Luce della vite\"}]},{\"@type\":\"WebSite\",\"@id\":\"https:\\\/\\\/fonsvinum.com\\\/en\\\/#website\",\"url\":\"https:\\\/\\\/fonsvinum.com\\\/en\\\/\",\"name\":\"Fons Vinum\",\"description\":\"Vendita Vino Online\",\"publisher\":{\"@id\":\"https:\\\/\\\/fonsvinum.com\\\/en\\\/#organization\"},\"potentialAction\":[{\"@type\":\"SearchAction\",\"target\":{\"@type\":\"EntryPoint\",\"urlTemplate\":\"https:\\\/\\\/fonsvinum.com\\\/en\\\/?s={search_term_string}\"},\"query-input\":{\"@type\":\"PropertyValueSpecification\",\"valueRequired\":true,\"valueName\":\"search_term_string\"}}],\"inLanguage\":\"de\"},{\"@type\":\"Organization\",\"@id\":\"https:\\\/\\\/fonsvinum.com\\\/en\\\/#organization\",\"name\":\"Fons Vinum\",\"url\":\"https:\\\/\\\/fonsvinum.com\\\/en\\\/\",\"logo\":{\"@type\":\"ImageObject\",\"inLanguage\":\"de\",\"@id\":\"https:\\\/\\\/fonsvinum.com\\\/en\\\/#\\\/schema\\\/logo\\\/image\\\/\",\"url\":\"\",\"contentUrl\":\"\",\"caption\":\"Fons Vinum\"},\"image\":{\"@id\":\"https:\\\/\\\/fonsvinum.com\\\/en\\\/#\\\/schema\\\/logo\\\/image\\\/\"}}]}<\/script>\n<!-- \/ Yoast SEO plugin. -->","yoast_head_json":{"title":"Toscana IGT Lucente 2012 Luce della vite wine online at FonsVinum","robots":{"index":"index","follow":"follow","max-snippet":"max-snippet:-1","max-image-preview":"max-image-preview:large","max-video-preview":"max-video-preview:-1"},"canonical":"https:\/\/fonsvinum.com\/de\/produkt\/toscana-igt-lucente-2012-luce-della-vite\/","og_locale":"de_DE","og_type":"article","og_title":"Toscana IGT Lucente 2012 Luce della vite wine online at FonsVinum","og_description":"Lucente ist der zweite Wein von Luce, Ergebnis einer Auswahl der gleichen Reben. Ausgesucht wurden die Trauben, aus denen ein zeitgen\u00f6ssischer Wein gewonnen werden kann, Ausdruck der Einzigartigkeit des Herkunftgebietes. Er reift 12 Monate in Eichenf\u00e4ssern im Weinkeller des Weingutes von Montalcino und wird auch dort in Flaschen abgef\u00fcllt.","og_url":"https:\/\/fonsvinum.com\/de\/produkt\/toscana-igt-lucente-2012-luce-della-vite\/","og_site_name":"Fons Vinum","article_modified_time":"2023-09-19T10:05:52+00:00","og_image":[{"width":200,"height":600,"url":"https:\/\/fonsvinum.com\/files\/2014\/07\/toscana-lucente-luce.png","type":"image\/png"}],"twitter_misc":{"Gesch\u00e4tzte Lesezeit":"1\u00a0Minute"},"schema":{"@context":"https:\/\/schema.org","@graph":[{"@type":"WebPage","@id":"https:\/\/fonsvinum.com\/de\/produkt\/toscana-igt-lucente-2012-luce-della-vite\/","url":"https:\/\/fonsvinum.com\/de\/produkt\/toscana-igt-lucente-2012-luce-della-vite\/","name":"Toscana IGT Lucente 2012 Luce della vite wine online at FonsVinum","isPartOf":{"@id":"https:\/\/fonsvinum.com\/en\/#website"},"primaryImageOfPage":{"@id":"https:\/\/fonsvinum.com\/de\/produkt\/toscana-igt-lucente-2012-luce-della-vite\/#primaryimage"},"image":{"@id":"https:\/\/fonsvinum.com\/de\/produkt\/toscana-igt-lucente-2012-luce-della-vite\/#primaryimage"},"thumbnailUrl":"https:\/\/fonsvinum.com\/files\/2014\/07\/toscana-lucente-luce.png","datePublished":"2017-06-05T14:03:31+00:00","dateModified":"2023-09-19T10:05:52+00:00","breadcrumb":{"@id":"https:\/\/fonsvinum.com\/de\/produkt\/toscana-igt-lucente-2012-luce-della-vite\/#breadcrumb"},"inLanguage":"de","potentialAction":[{"@type":"ReadAction","target":["https:\/\/fonsvinum.com\/de\/produkt\/toscana-igt-lucente-2012-luce-della-vite\/"]}]},{"@type":"ImageObject","inLanguage":"de","@id":"https:\/\/fonsvinum.com\/de\/produkt\/toscana-igt-lucente-2012-luce-della-vite\/#primaryimage","url":"https:\/\/fonsvinum.com\/files\/2014\/07\/toscana-lucente-luce.png","contentUrl":"https:\/\/fonsvinum.com\/files\/2014\/07\/toscana-lucente-luce.png","width":200,"height":600},{"@type":"BreadcrumbList","@id":"https:\/\/fonsvinum.com\/de\/produkt\/toscana-igt-lucente-2012-luce-della-vite\/#breadcrumb","itemListElement":[{"@type":"ListItem","position":1,"name":"Startseite","item":"https:\/\/fonsvinum.com\/de\/"},{"@type":"ListItem","position":2,"name":"Shop","item":"https:\/\/fonsvinum.com\/de\/shop\/"},{"@type":"ListItem","position":3,"name":"Toscana IGT Lucente 2012 Luce della vite"}]},{"@type":"WebSite","@id":"https:\/\/fonsvinum.com\/en\/#website","url":"https:\/\/fonsvinum.com\/en\/","name":"Fons Vinum","description":"Vendita Vino Online","publisher":{"@id":"https:\/\/fonsvinum.com\/en\/#organization"},"potentialAction":[{"@type":"SearchAction","target":{"@type":"EntryPoint","urlTemplate":"https:\/\/fonsvinum.com\/en\/?s={search_term_string}"},"query-input":{"@type":"PropertyValueSpecification","valueRequired":true,"valueName":"search_term_string"}}],"inLanguage":"de"},{"@type":"Organization","@id":"https:\/\/fonsvinum.com\/en\/#organization","name":"Fons Vinum","url":"https:\/\/fonsvinum.com\/en\/","logo":{"@type":"ImageObject","inLanguage":"de","@id":"https:\/\/fonsvinum.com\/en\/#\/schema\/logo\/image\/","url":"","contentUrl":"","caption":"Fons Vinum"},"image":{"@id":"https:\/\/fonsvinum.com\/en\/#\/schema\/logo\/image\/"}}]}},"acf":[],"_links":{"self":[{"href":"https:\/\/fonsvinum.com\/de\/wp-json\/wp\/v2\/product\/11389","targetHints":{"allow":["GET"]}}],"collection":[{"href":"https:\/\/fonsvinum.com\/de\/wp-json\/wp\/v2\/product"}],"about":[{"href":"https:\/\/fonsvinum.com\/de\/wp-json\/wp\/v2\/types\/product"}],"replies":[{"embeddable":true,"href":"https:\/\/fonsvinum.com\/de\/wp-json\/wp\/v2\/comments?post=11389"}],"wp:featuredmedia":[{"embeddable":true,"href":"https:\/\/fonsvinum.com\/de\/wp-json\/wp\/v2\/media\/4678"}],"wp:attachment":[{"href":"https:\/\/fonsvinum.com\/de\/wp-json\/wp\/v2\/media?parent=11389"}],"wp:term":[{"taxonomy":"product_brand","embeddable":true,"href":"https:\/\/fonsvinum.com\/de\/wp-json\/wp\/v2\/product_brand?post=11389"},{"taxonomy":"product_cat","embeddable":true,"href":"https:\/\/fonsvinum.com\/de\/wp-json\/wp\/v2\/product_cat?post=11389"},{"taxonomy":"product_tag","embeddable":true,"href":"https:\/\/fonsvinum.com\/de\/wp-json\/wp\/v2\/product_tag?post=11389"}],"curies":[{"name":"wp","href":"https:\/\/api.w.org\/{rel}","templated":true}]}}