{"id":10259,"date":"2017-02-13T18:11:37","date_gmt":"2017-02-13T17:11:37","guid":{"rendered":"http:\/\/fonsvinum.com\/de\/produkt\/barbaresco-valeirano-la-spinetta-2010-copy\/"},"modified":"2019-10-23T15:28:14","modified_gmt":"2019-10-23T13:28:14","slug":"barbaresco-valeirano-la-spinetta-2011","status":"publish","type":"product","link":"https:\/\/fonsvinum.com\/de\/produkt\/barbaresco-valeirano-la-spinetta-2011\/","title":{"rendered":"Barbaresco Valeirano LA SPINETTA 2011"},"content":{"rendered":"<p>Barbaresco Valeirano LA SPINETTA 2011<\/p>\n<p>Jahrgang: 2011<\/p>\n<p>Rebsorte: 100 % Nebbiolo.<\/p>\n<p>Ab dem Jahrgang 1997 gibt es die Cru-Lagen Barbaresco Valeirano. Hier handelt es sich um die vielleicht beste Barbaresco Lage \u00fcberhaupt.\u00a0Die Lage Valeirano befindet sich bei Treiso<\/p>\n<p>Der Barbaresco Valeirano zeigt eine nie dagewesene Tiefe, Komplexit\u00e4t und Finesse<\/p>\n<p>Duft: reich und intensiv. Vanille, Kokosnuss und Backpflaumen. Sollte dekantiert werden.<\/p>\n<p>Geschmack: gro\u00dfartige Struktur, rassige S\u00e4ure, weiche und s\u00fc\u00dfe Tannine, sehr fruchtig.<\/p>\n","protected":false},"excerpt":{"rendered":"<p>Barbaresco Valeirano LA SPINETTA 2011 Jahrgang: 2011 Rebsorte: 100 % Nebbiolo. Ab dem Jahrgang 1997 gibt es die Cru-Lagen Barbaresco Valeirano. Hier handelt es sich um die vielleicht beste Barbaresco Lage \u00fcberhaupt.\u00a0Die Lage Valeirano befindet sich bei Treiso Der Barbaresco Valeirano zeigt eine nie dagewesene Tiefe, Komplexit\u00e4t und Finesse Duft: reich und intensiv. Vanille, Kokosnuss [&hellip;]<\/p>\n","protected":false},"featured_media":5856,"comment_status":"open","ping_status":"closed","template":"","meta":{"_acf_changed":false,"_monsterinsights_skip_tracking":false,"_monsterinsights_sitenote_active":false,"_monsterinsights_sitenote_note":"","_monsterinsights_sitenote_category":0},"product_brand":[],"product_cat":[1773],"product_tag":[15895],"class_list":{"0":"post-10259","1":"product","2":"type-product","3":"status-publish","4":"has-post-thumbnail","6":"product_cat-barbaresco-de","7":"product_tag-barbaresco-de-2","8":"pa_appellation-barbaresco-docg-de","9":"pa_formato-0-75-l-flasche-de","10":"pa_producer-la-spinetta-de","11":"pa_region-piemont-de","12":"pa_vine-100-nebbiolo-de","13":"pa_vintage-2011-de","15":"first","16":"instock","17":"sale","18":"taxable","19":"shipping-taxable","20":"purchasable","21":"product-type-simple"},"bundled_by":[],"bundle_stock_status":"instock","bundle_stock_quantity":1,"bundle_virtual":false,"bundle_layout":"","bundle_add_to_cart_form_location":"","bundle_editable_in_cart":false,"bundle_sold_individually_context":"","bundle_item_grouping":"","bundle_min_size":"","bundle_max_size":"","bundle_price":[],"bundled_items":[],"bundle_sell_ids":[],"yoast_head":"<!-- This site is optimized with the Yoast SEO plugin v27.3 - https:\/\/yoast.com\/product\/yoast-seo-wordpress\/ -->\n<title>Buy Barbaresco Valeirano LA SPINETTA 2011 wine online at 175 \u20ac | FonsVinum<\/title>\n<meta name=\"robots\" content=\"index, follow, max-snippet:-1, max-image-preview:large, max-video-preview:-1\" \/>\n<link rel=\"canonical\" href=\"https:\/\/fonsvinum.com\/de\/produkt\/barbaresco-valeirano-la-spinetta-2011\/\" \/>\n<meta property=\"og:locale\" content=\"de_DE\" \/>\n<meta property=\"og:type\" content=\"article\" \/>\n<meta property=\"og:title\" content=\"Buy Barbaresco Valeirano LA SPINETTA 2011 wine online at 175 \u20ac | FonsVinum\" \/>\n<meta property=\"og:description\" content=\"Barbaresco Valeirano LA SPINETTA 2011 Jahrgang: 2011 Rebsorte: 100 % Nebbiolo. Ab dem Jahrgang 1997 gibt es die Cru-Lagen Barbaresco Valeirano. Hier handelt es sich um die vielleicht beste Barbaresco Lage \u00fcberhaupt.\u00a0Die Lage Valeirano befindet sich bei Treiso Der Barbaresco Valeirano zeigt eine nie dagewesene Tiefe, Komplexit\u00e4t und Finesse Duft: reich und intensiv. Vanille, Kokosnuss [&hellip;]\" \/>\n<meta property=\"og:url\" content=\"https:\/\/fonsvinum.com\/de\/produkt\/barbaresco-valeirano-la-spinetta-2011\/\" \/>\n<meta property=\"og:site_name\" content=\"Fons Vinum\" \/>\n<meta property=\"article:modified_time\" content=\"2019-10-23T13:28:14+00:00\" \/>\n<meta property=\"og:image\" content=\"https:\/\/fonsvinum.com\/files\/2013\/04\/barbaresco-valeirano-la-spinetta.jpg\" \/>\n\t<meta property=\"og:image:width\" content=\"163\" \/>\n\t<meta property=\"og:image:height\" content=\"546\" \/>\n\t<meta property=\"og:image:type\" content=\"image\/jpeg\" \/>\n<script type=\"application\/ld+json\" class=\"yoast-schema-graph\">{\"@context\":\"https:\\\/\\\/schema.org\",\"@graph\":[{\"@type\":\"WebPage\",\"@id\":\"https:\\\/\\\/fonsvinum.com\\\/de\\\/produkt\\\/barbaresco-valeirano-la-spinetta-2011\\\/\",\"url\":\"https:\\\/\\\/fonsvinum.com\\\/de\\\/produkt\\\/barbaresco-valeirano-la-spinetta-2011\\\/\",\"name\":\"Buy Barbaresco Valeirano LA SPINETTA 2011 wine online at 175 \u20ac | FonsVinum\",\"isPartOf\":{\"@id\":\"https:\\\/\\\/fonsvinum.com\\\/en\\\/#website\"},\"primaryImageOfPage\":{\"@id\":\"https:\\\/\\\/fonsvinum.com\\\/de\\\/produkt\\\/barbaresco-valeirano-la-spinetta-2011\\\/#primaryimage\"},\"image\":{\"@id\":\"https:\\\/\\\/fonsvinum.com\\\/de\\\/produkt\\\/barbaresco-valeirano-la-spinetta-2011\\\/#primaryimage\"},\"thumbnailUrl\":\"https:\\\/\\\/fonsvinum.com\\\/files\\\/2013\\\/04\\\/barbaresco-valeirano-la-spinetta.jpg\",\"datePublished\":\"2017-02-13T17:11:37+00:00\",\"dateModified\":\"2019-10-23T13:28:14+00:00\",\"breadcrumb\":{\"@id\":\"https:\\\/\\\/fonsvinum.com\\\/de\\\/produkt\\\/barbaresco-valeirano-la-spinetta-2011\\\/#breadcrumb\"},\"inLanguage\":\"de\",\"potentialAction\":[{\"@type\":\"ReadAction\",\"target\":[\"https:\\\/\\\/fonsvinum.com\\\/de\\\/produkt\\\/barbaresco-valeirano-la-spinetta-2011\\\/\"]}]},{\"@type\":\"ImageObject\",\"inLanguage\":\"de\",\"@id\":\"https:\\\/\\\/fonsvinum.com\\\/de\\\/produkt\\\/barbaresco-valeirano-la-spinetta-2011\\\/#primaryimage\",\"url\":\"https:\\\/\\\/fonsvinum.com\\\/files\\\/2013\\\/04\\\/barbaresco-valeirano-la-spinetta.jpg\",\"contentUrl\":\"https:\\\/\\\/fonsvinum.com\\\/files\\\/2013\\\/04\\\/barbaresco-valeirano-la-spinetta.jpg\",\"width\":163,\"height\":546},{\"@type\":\"BreadcrumbList\",\"@id\":\"https:\\\/\\\/fonsvinum.com\\\/de\\\/produkt\\\/barbaresco-valeirano-la-spinetta-2011\\\/#breadcrumb\",\"itemListElement\":[{\"@type\":\"ListItem\",\"position\":1,\"name\":\"Startseite\",\"item\":\"https:\\\/\\\/fonsvinum.com\\\/de\\\/\"},{\"@type\":\"ListItem\",\"position\":2,\"name\":\"Shop\",\"item\":\"https:\\\/\\\/fonsvinum.com\\\/de\\\/shop\\\/\"},{\"@type\":\"ListItem\",\"position\":3,\"name\":\"Barbaresco Valeirano LA SPINETTA 2011\"}]},{\"@type\":\"WebSite\",\"@id\":\"https:\\\/\\\/fonsvinum.com\\\/en\\\/#website\",\"url\":\"https:\\\/\\\/fonsvinum.com\\\/en\\\/\",\"name\":\"Fons Vinum\",\"description\":\"Vendita Vino Online\",\"publisher\":{\"@id\":\"https:\\\/\\\/fonsvinum.com\\\/en\\\/#organization\"},\"potentialAction\":[{\"@type\":\"SearchAction\",\"target\":{\"@type\":\"EntryPoint\",\"urlTemplate\":\"https:\\\/\\\/fonsvinum.com\\\/en\\\/?s={search_term_string}\"},\"query-input\":{\"@type\":\"PropertyValueSpecification\",\"valueRequired\":true,\"valueName\":\"search_term_string\"}}],\"inLanguage\":\"de\"},{\"@type\":\"Organization\",\"@id\":\"https:\\\/\\\/fonsvinum.com\\\/en\\\/#organization\",\"name\":\"Fons Vinum\",\"url\":\"https:\\\/\\\/fonsvinum.com\\\/en\\\/\",\"logo\":{\"@type\":\"ImageObject\",\"inLanguage\":\"de\",\"@id\":\"https:\\\/\\\/fonsvinum.com\\\/en\\\/#\\\/schema\\\/logo\\\/image\\\/\",\"url\":\"\",\"contentUrl\":\"\",\"caption\":\"Fons Vinum\"},\"image\":{\"@id\":\"https:\\\/\\\/fonsvinum.com\\\/en\\\/#\\\/schema\\\/logo\\\/image\\\/\"}}]}<\/script>\n<!-- \/ Yoast SEO plugin. -->","yoast_head_json":{"title":"Buy Barbaresco Valeirano LA SPINETTA 2011 wine online at 175 \u20ac | FonsVinum","robots":{"index":"index","follow":"follow","max-snippet":"max-snippet:-1","max-image-preview":"max-image-preview:large","max-video-preview":"max-video-preview:-1"},"canonical":"https:\/\/fonsvinum.com\/de\/produkt\/barbaresco-valeirano-la-spinetta-2011\/","og_locale":"de_DE","og_type":"article","og_title":"Buy Barbaresco Valeirano LA SPINETTA 2011 wine online at 175 \u20ac | FonsVinum","og_description":"Barbaresco Valeirano LA SPINETTA 2011 Jahrgang: 2011 Rebsorte: 100 % Nebbiolo. Ab dem Jahrgang 1997 gibt es die Cru-Lagen Barbaresco Valeirano. Hier handelt es sich um die vielleicht beste Barbaresco Lage \u00fcberhaupt.\u00a0Die Lage Valeirano befindet sich bei Treiso Der Barbaresco Valeirano zeigt eine nie dagewesene Tiefe, Komplexit\u00e4t und Finesse Duft: reich und intensiv. Vanille, Kokosnuss [&hellip;]","og_url":"https:\/\/fonsvinum.com\/de\/produkt\/barbaresco-valeirano-la-spinetta-2011\/","og_site_name":"Fons Vinum","article_modified_time":"2019-10-23T13:28:14+00:00","og_image":[{"width":163,"height":546,"url":"https:\/\/fonsvinum.com\/files\/2013\/04\/barbaresco-valeirano-la-spinetta.jpg","type":"image\/jpeg"}],"schema":{"@context":"https:\/\/schema.org","@graph":[{"@type":"WebPage","@id":"https:\/\/fonsvinum.com\/de\/produkt\/barbaresco-valeirano-la-spinetta-2011\/","url":"https:\/\/fonsvinum.com\/de\/produkt\/barbaresco-valeirano-la-spinetta-2011\/","name":"Buy Barbaresco Valeirano LA SPINETTA 2011 wine online at 175 \u20ac | FonsVinum","isPartOf":{"@id":"https:\/\/fonsvinum.com\/en\/#website"},"primaryImageOfPage":{"@id":"https:\/\/fonsvinum.com\/de\/produkt\/barbaresco-valeirano-la-spinetta-2011\/#primaryimage"},"image":{"@id":"https:\/\/fonsvinum.com\/de\/produkt\/barbaresco-valeirano-la-spinetta-2011\/#primaryimage"},"thumbnailUrl":"https:\/\/fonsvinum.com\/files\/2013\/04\/barbaresco-valeirano-la-spinetta.jpg","datePublished":"2017-02-13T17:11:37+00:00","dateModified":"2019-10-23T13:28:14+00:00","breadcrumb":{"@id":"https:\/\/fonsvinum.com\/de\/produkt\/barbaresco-valeirano-la-spinetta-2011\/#breadcrumb"},"inLanguage":"de","potentialAction":[{"@type":"ReadAction","target":["https:\/\/fonsvinum.com\/de\/produkt\/barbaresco-valeirano-la-spinetta-2011\/"]}]},{"@type":"ImageObject","inLanguage":"de","@id":"https:\/\/fonsvinum.com\/de\/produkt\/barbaresco-valeirano-la-spinetta-2011\/#primaryimage","url":"https:\/\/fonsvinum.com\/files\/2013\/04\/barbaresco-valeirano-la-spinetta.jpg","contentUrl":"https:\/\/fonsvinum.com\/files\/2013\/04\/barbaresco-valeirano-la-spinetta.jpg","width":163,"height":546},{"@type":"BreadcrumbList","@id":"https:\/\/fonsvinum.com\/de\/produkt\/barbaresco-valeirano-la-spinetta-2011\/#breadcrumb","itemListElement":[{"@type":"ListItem","position":1,"name":"Startseite","item":"https:\/\/fonsvinum.com\/de\/"},{"@type":"ListItem","position":2,"name":"Shop","item":"https:\/\/fonsvinum.com\/de\/shop\/"},{"@type":"ListItem","position":3,"name":"Barbaresco Valeirano LA SPINETTA 2011"}]},{"@type":"WebSite","@id":"https:\/\/fonsvinum.com\/en\/#website","url":"https:\/\/fonsvinum.com\/en\/","name":"Fons Vinum","description":"Vendita Vino Online","publisher":{"@id":"https:\/\/fonsvinum.com\/en\/#organization"},"potentialAction":[{"@type":"SearchAction","target":{"@type":"EntryPoint","urlTemplate":"https:\/\/fonsvinum.com\/en\/?s={search_term_string}"},"query-input":{"@type":"PropertyValueSpecification","valueRequired":true,"valueName":"search_term_string"}}],"inLanguage":"de"},{"@type":"Organization","@id":"https:\/\/fonsvinum.com\/en\/#organization","name":"Fons Vinum","url":"https:\/\/fonsvinum.com\/en\/","logo":{"@type":"ImageObject","inLanguage":"de","@id":"https:\/\/fonsvinum.com\/en\/#\/schema\/logo\/image\/","url":"","contentUrl":"","caption":"Fons Vinum"},"image":{"@id":"https:\/\/fonsvinum.com\/en\/#\/schema\/logo\/image\/"}}]}},"acf":[],"_links":{"self":[{"href":"https:\/\/fonsvinum.com\/de\/wp-json\/wp\/v2\/product\/10259","targetHints":{"allow":["GET"]}}],"collection":[{"href":"https:\/\/fonsvinum.com\/de\/wp-json\/wp\/v2\/product"}],"about":[{"href":"https:\/\/fonsvinum.com\/de\/wp-json\/wp\/v2\/types\/product"}],"replies":[{"embeddable":true,"href":"https:\/\/fonsvinum.com\/de\/wp-json\/wp\/v2\/comments?post=10259"}],"wp:featuredmedia":[{"embeddable":true,"href":"https:\/\/fonsvinum.com\/de\/wp-json\/wp\/v2\/media\/5856"}],"wp:attachment":[{"href":"https:\/\/fonsvinum.com\/de\/wp-json\/wp\/v2\/media?parent=10259"}],"wp:term":[{"taxonomy":"product_brand","embeddable":true,"href":"https:\/\/fonsvinum.com\/de\/wp-json\/wp\/v2\/product_brand?post=10259"},{"taxonomy":"product_cat","embeddable":true,"href":"https:\/\/fonsvinum.com\/de\/wp-json\/wp\/v2\/product_cat?post=10259"},{"taxonomy":"product_tag","embeddable":true,"href":"https:\/\/fonsvinum.com\/de\/wp-json\/wp\/v2\/product_tag?post=10259"}],"curies":[{"name":"wp","href":"https:\/\/api.w.org\/{rel}","templated":true}]}}