{"id":10213,"date":"2017-02-09T16:46:17","date_gmt":"2017-02-09T15:46:17","guid":{"rendered":"http:\/\/fonsvinum.com\/de\/produkt\/brunello-di-montalcino-tenuta-nuova-casanova-di-neri-2011-copy\/"},"modified":"2019-10-21T10:39:48","modified_gmt":"2019-10-21T08:39:48","slug":"brunello-di-montalcino-tenuta-nuova-casanova-di-neri-2012","status":"publish","type":"product","link":"https:\/\/fonsvinum.com\/de\/produkt\/brunello-di-montalcino-tenuta-nuova-casanova-di-neri-2012\/","title":{"rendered":"Brunello di Montalcino Tenuta Nuova Casanova di Neri 2012"},"content":{"rendered":"<p>Brunello di Montalcino Tenuta Nuova Casanova di Neri 2012<\/p>\n<p>Der Ausbau erfolgt \u00fcber 30 Monate im Barrique. Im Anschlu\u00df reift der Wein 18 Monate in der Flasche.<\/p>\n<p>Beeindruckendes Bouquet von explosiver Kraft. Im Auftakt verw\u00f6hnen ein breites Spektrum dunkler T\u00f6ne die Nase mit etwas Leder, Bitterschokolade, Moka, etwas Veilchen und Lakritze, umrahmt von reifer Frucht nach Schwarzkirsche, Pflaume und etwas Johannisbeere.<br \/>\nAm Gaumen gefallen die schon recht harmonischen Tannine und perfekt akzentuierte S\u00e4ure. Wir registrieren eine dichte Frucht von dunklen Beeren und Pflaume mit etwas verhaltenen Noten von Cassis und Kirsche.<\/p>\n<p>Das warme Holz, die orientalische W\u00fcrze und der zarte Schmelz erg\u00e4nzen die Fruchtkomposition in aristokratischer Weise. Langer Nachhall mit Beere, Holz und Leder.<\/p>\n<p>&nbsp;<\/p>\n<p><iframe loading=\"lazy\" title=\"2004 Tenuta Nuova Casanova Di Neri Brunello\" width=\"500\" height=\"281\" src=\"https:\/\/www.youtube.com\/embed\/4UVHEqgAdIY?feature=oembed\" frameborder=\"0\" allow=\"accelerometer; autoplay; clipboard-write; encrypted-media; gyroscope; picture-in-picture; web-share\" referrerpolicy=\"strict-origin-when-cross-origin\" allowfullscreen><\/iframe><\/p>\n","protected":false},"excerpt":{"rendered":"<p>Brunello di Montalcino Tenuta Nuova Casanova di Neri 2012 Der Ausbau erfolgt \u00fcber 30 Monate im Barrique. Im Anschlu\u00df reift der Wein 18 Monate in der Flasche. Beeindruckendes Bouquet von explosiver Kraft. Im Auftakt verw\u00f6hnen ein breites Spektrum dunkler T\u00f6ne die Nase mit etwas Leder, Bitterschokolade, Moka, etwas Veilchen und Lakritze, umrahmt von reifer Frucht [&hellip;]<\/p>\n","protected":false},"featured_media":7087,"comment_status":"open","ping_status":"closed","template":"","meta":{"_acf_changed":false,"_monsterinsights_skip_tracking":false,"_monsterinsights_sitenote_active":false,"_monsterinsights_sitenote_note":"","_monsterinsights_sitenote_category":0},"product_brand":[],"product_cat":[1772],"product_tag":[1751,15911,1745],"class_list":{"0":"post-10213","1":"product","2":"type-product","3":"status-publish","4":"has-post-thumbnail","6":"product_cat-sangiovese-de","7":"product_tag-aussergewoehnliche-weine-aus-italien-de","8":"product_tag-brunello-de-2","9":"product_tag-super-tuscan-de","10":"pa_appellation-brunello-di-montalcino-docg-de","11":"pa_formato-0-75-l-flasche-de","12":"pa_producer-az-agricola-casanova-di-neri-di-giacomo-neri-de","13":"pa_region-toskana-de","14":"pa_vine-sangiovese-2-de","15":"pa_vintage-2012-de","17":"first","18":"instock","19":"taxable","20":"shipping-taxable","21":"purchasable","22":"product-type-simple"},"bundled_by":[],"bundle_stock_status":"instock","bundle_stock_quantity":1,"bundle_virtual":false,"bundle_layout":"","bundle_add_to_cart_form_location":"","bundle_editable_in_cart":false,"bundle_sold_individually_context":"","bundle_item_grouping":"","bundle_min_size":"","bundle_max_size":"","bundle_price":[],"bundled_items":[],"bundle_sell_ids":[],"yoast_head":"<!-- This site is optimized with the Yoast SEO plugin v27.3 - https:\/\/yoast.com\/product\/yoast-seo-wordpress\/ -->\n<title>Buy Brunello di Montalcino Tenuta Nuova Casanova di Neri 2012 wine online at 207 \u20ac | FonsVinum<\/title>\n<meta name=\"robots\" content=\"index, follow, max-snippet:-1, max-image-preview:large, max-video-preview:-1\" \/>\n<link rel=\"canonical\" href=\"https:\/\/fonsvinum.com\/de\/produkt\/brunello-di-montalcino-tenuta-nuova-casanova-di-neri-2012\/\" \/>\n<meta property=\"og:locale\" content=\"de_DE\" \/>\n<meta property=\"og:type\" content=\"article\" \/>\n<meta property=\"og:title\" content=\"Buy Brunello di Montalcino Tenuta Nuova Casanova di Neri 2012 wine online at 207 \u20ac | FonsVinum\" \/>\n<meta property=\"og:description\" content=\"Brunello di Montalcino Tenuta Nuova Casanova di Neri 2012 Der Ausbau erfolgt \u00fcber 30 Monate im Barrique. Im Anschlu\u00df reift der Wein 18 Monate in der Flasche. Beeindruckendes Bouquet von explosiver Kraft. Im Auftakt verw\u00f6hnen ein breites Spektrum dunkler T\u00f6ne die Nase mit etwas Leder, Bitterschokolade, Moka, etwas Veilchen und Lakritze, umrahmt von reifer Frucht [&hellip;]\" \/>\n<meta property=\"og:url\" content=\"https:\/\/fonsvinum.com\/de\/produkt\/brunello-di-montalcino-tenuta-nuova-casanova-di-neri-2012\/\" \/>\n<meta property=\"og:site_name\" content=\"Fons Vinum\" \/>\n<meta property=\"article:modified_time\" content=\"2019-10-21T08:39:48+00:00\" \/>\n<meta property=\"og:image\" content=\"https:\/\/fonsvinum.com\/files\/2016\/01\/Brunello-di-Montalcino-Tenuta-Nuova-Casanova-di-Neri.png\" \/>\n\t<meta property=\"og:image:width\" content=\"200\" \/>\n\t<meta property=\"og:image:height\" content=\"600\" \/>\n\t<meta property=\"og:image:type\" content=\"image\/png\" \/>\n<meta name=\"twitter:label1\" content=\"Gesch\u00e4tzte Lesezeit\" \/>\n\t<meta name=\"twitter:data1\" content=\"1\u00a0Minute\" \/>\n<script type=\"application\/ld+json\" class=\"yoast-schema-graph\">{\"@context\":\"https:\\\/\\\/schema.org\",\"@graph\":[{\"@type\":\"WebPage\",\"@id\":\"https:\\\/\\\/fonsvinum.com\\\/de\\\/produkt\\\/brunello-di-montalcino-tenuta-nuova-casanova-di-neri-2012\\\/\",\"url\":\"https:\\\/\\\/fonsvinum.com\\\/de\\\/produkt\\\/brunello-di-montalcino-tenuta-nuova-casanova-di-neri-2012\\\/\",\"name\":\"Buy Brunello di Montalcino Tenuta Nuova Casanova di Neri 2012 wine online at 207 \u20ac | FonsVinum\",\"isPartOf\":{\"@id\":\"https:\\\/\\\/fonsvinum.com\\\/en\\\/#website\"},\"primaryImageOfPage\":{\"@id\":\"https:\\\/\\\/fonsvinum.com\\\/de\\\/produkt\\\/brunello-di-montalcino-tenuta-nuova-casanova-di-neri-2012\\\/#primaryimage\"},\"image\":{\"@id\":\"https:\\\/\\\/fonsvinum.com\\\/de\\\/produkt\\\/brunello-di-montalcino-tenuta-nuova-casanova-di-neri-2012\\\/#primaryimage\"},\"thumbnailUrl\":\"https:\\\/\\\/fonsvinum.com\\\/files\\\/2016\\\/01\\\/Brunello-di-Montalcino-Tenuta-Nuova-Casanova-di-Neri.png\",\"datePublished\":\"2017-02-09T15:46:17+00:00\",\"dateModified\":\"2019-10-21T08:39:48+00:00\",\"breadcrumb\":{\"@id\":\"https:\\\/\\\/fonsvinum.com\\\/de\\\/produkt\\\/brunello-di-montalcino-tenuta-nuova-casanova-di-neri-2012\\\/#breadcrumb\"},\"inLanguage\":\"de\",\"potentialAction\":[{\"@type\":\"ReadAction\",\"target\":[\"https:\\\/\\\/fonsvinum.com\\\/de\\\/produkt\\\/brunello-di-montalcino-tenuta-nuova-casanova-di-neri-2012\\\/\"]}]},{\"@type\":\"ImageObject\",\"inLanguage\":\"de\",\"@id\":\"https:\\\/\\\/fonsvinum.com\\\/de\\\/produkt\\\/brunello-di-montalcino-tenuta-nuova-casanova-di-neri-2012\\\/#primaryimage\",\"url\":\"https:\\\/\\\/fonsvinum.com\\\/files\\\/2016\\\/01\\\/Brunello-di-Montalcino-Tenuta-Nuova-Casanova-di-Neri.png\",\"contentUrl\":\"https:\\\/\\\/fonsvinum.com\\\/files\\\/2016\\\/01\\\/Brunello-di-Montalcino-Tenuta-Nuova-Casanova-di-Neri.png\",\"width\":200,\"height\":600},{\"@type\":\"BreadcrumbList\",\"@id\":\"https:\\\/\\\/fonsvinum.com\\\/de\\\/produkt\\\/brunello-di-montalcino-tenuta-nuova-casanova-di-neri-2012\\\/#breadcrumb\",\"itemListElement\":[{\"@type\":\"ListItem\",\"position\":1,\"name\":\"Startseite\",\"item\":\"https:\\\/\\\/fonsvinum.com\\\/de\\\/\"},{\"@type\":\"ListItem\",\"position\":2,\"name\":\"Shop\",\"item\":\"https:\\\/\\\/fonsvinum.com\\\/de\\\/shop\\\/\"},{\"@type\":\"ListItem\",\"position\":3,\"name\":\"Brunello di Montalcino Tenuta Nuova Casanova di Neri 2012\"}]},{\"@type\":\"WebSite\",\"@id\":\"https:\\\/\\\/fonsvinum.com\\\/en\\\/#website\",\"url\":\"https:\\\/\\\/fonsvinum.com\\\/en\\\/\",\"name\":\"Fons Vinum\",\"description\":\"Vendita Vino Online\",\"publisher\":{\"@id\":\"https:\\\/\\\/fonsvinum.com\\\/en\\\/#organization\"},\"potentialAction\":[{\"@type\":\"SearchAction\",\"target\":{\"@type\":\"EntryPoint\",\"urlTemplate\":\"https:\\\/\\\/fonsvinum.com\\\/en\\\/?s={search_term_string}\"},\"query-input\":{\"@type\":\"PropertyValueSpecification\",\"valueRequired\":true,\"valueName\":\"search_term_string\"}}],\"inLanguage\":\"de\"},{\"@type\":\"Organization\",\"@id\":\"https:\\\/\\\/fonsvinum.com\\\/en\\\/#organization\",\"name\":\"Fons Vinum\",\"url\":\"https:\\\/\\\/fonsvinum.com\\\/en\\\/\",\"logo\":{\"@type\":\"ImageObject\",\"inLanguage\":\"de\",\"@id\":\"https:\\\/\\\/fonsvinum.com\\\/en\\\/#\\\/schema\\\/logo\\\/image\\\/\",\"url\":\"\",\"contentUrl\":\"\",\"caption\":\"Fons Vinum\"},\"image\":{\"@id\":\"https:\\\/\\\/fonsvinum.com\\\/en\\\/#\\\/schema\\\/logo\\\/image\\\/\"}}]}<\/script>\n<!-- \/ Yoast SEO plugin. -->","yoast_head_json":{"title":"Buy Brunello di Montalcino Tenuta Nuova Casanova di Neri 2012 wine online at 207 \u20ac | FonsVinum","robots":{"index":"index","follow":"follow","max-snippet":"max-snippet:-1","max-image-preview":"max-image-preview:large","max-video-preview":"max-video-preview:-1"},"canonical":"https:\/\/fonsvinum.com\/de\/produkt\/brunello-di-montalcino-tenuta-nuova-casanova-di-neri-2012\/","og_locale":"de_DE","og_type":"article","og_title":"Buy Brunello di Montalcino Tenuta Nuova Casanova di Neri 2012 wine online at 207 \u20ac | FonsVinum","og_description":"Brunello di Montalcino Tenuta Nuova Casanova di Neri 2012 Der Ausbau erfolgt \u00fcber 30 Monate im Barrique. Im Anschlu\u00df reift der Wein 18 Monate in der Flasche. Beeindruckendes Bouquet von explosiver Kraft. Im Auftakt verw\u00f6hnen ein breites Spektrum dunkler T\u00f6ne die Nase mit etwas Leder, Bitterschokolade, Moka, etwas Veilchen und Lakritze, umrahmt von reifer Frucht [&hellip;]","og_url":"https:\/\/fonsvinum.com\/de\/produkt\/brunello-di-montalcino-tenuta-nuova-casanova-di-neri-2012\/","og_site_name":"Fons Vinum","article_modified_time":"2019-10-21T08:39:48+00:00","og_image":[{"width":200,"height":600,"url":"https:\/\/fonsvinum.com\/files\/2016\/01\/Brunello-di-Montalcino-Tenuta-Nuova-Casanova-di-Neri.png","type":"image\/png"}],"twitter_misc":{"Gesch\u00e4tzte Lesezeit":"1\u00a0Minute"},"schema":{"@context":"https:\/\/schema.org","@graph":[{"@type":"WebPage","@id":"https:\/\/fonsvinum.com\/de\/produkt\/brunello-di-montalcino-tenuta-nuova-casanova-di-neri-2012\/","url":"https:\/\/fonsvinum.com\/de\/produkt\/brunello-di-montalcino-tenuta-nuova-casanova-di-neri-2012\/","name":"Buy Brunello di Montalcino Tenuta Nuova Casanova di Neri 2012 wine online at 207 \u20ac | FonsVinum","isPartOf":{"@id":"https:\/\/fonsvinum.com\/en\/#website"},"primaryImageOfPage":{"@id":"https:\/\/fonsvinum.com\/de\/produkt\/brunello-di-montalcino-tenuta-nuova-casanova-di-neri-2012\/#primaryimage"},"image":{"@id":"https:\/\/fonsvinum.com\/de\/produkt\/brunello-di-montalcino-tenuta-nuova-casanova-di-neri-2012\/#primaryimage"},"thumbnailUrl":"https:\/\/fonsvinum.com\/files\/2016\/01\/Brunello-di-Montalcino-Tenuta-Nuova-Casanova-di-Neri.png","datePublished":"2017-02-09T15:46:17+00:00","dateModified":"2019-10-21T08:39:48+00:00","breadcrumb":{"@id":"https:\/\/fonsvinum.com\/de\/produkt\/brunello-di-montalcino-tenuta-nuova-casanova-di-neri-2012\/#breadcrumb"},"inLanguage":"de","potentialAction":[{"@type":"ReadAction","target":["https:\/\/fonsvinum.com\/de\/produkt\/brunello-di-montalcino-tenuta-nuova-casanova-di-neri-2012\/"]}]},{"@type":"ImageObject","inLanguage":"de","@id":"https:\/\/fonsvinum.com\/de\/produkt\/brunello-di-montalcino-tenuta-nuova-casanova-di-neri-2012\/#primaryimage","url":"https:\/\/fonsvinum.com\/files\/2016\/01\/Brunello-di-Montalcino-Tenuta-Nuova-Casanova-di-Neri.png","contentUrl":"https:\/\/fonsvinum.com\/files\/2016\/01\/Brunello-di-Montalcino-Tenuta-Nuova-Casanova-di-Neri.png","width":200,"height":600},{"@type":"BreadcrumbList","@id":"https:\/\/fonsvinum.com\/de\/produkt\/brunello-di-montalcino-tenuta-nuova-casanova-di-neri-2012\/#breadcrumb","itemListElement":[{"@type":"ListItem","position":1,"name":"Startseite","item":"https:\/\/fonsvinum.com\/de\/"},{"@type":"ListItem","position":2,"name":"Shop","item":"https:\/\/fonsvinum.com\/de\/shop\/"},{"@type":"ListItem","position":3,"name":"Brunello di Montalcino Tenuta Nuova Casanova di Neri 2012"}]},{"@type":"WebSite","@id":"https:\/\/fonsvinum.com\/en\/#website","url":"https:\/\/fonsvinum.com\/en\/","name":"Fons Vinum","description":"Vendita Vino Online","publisher":{"@id":"https:\/\/fonsvinum.com\/en\/#organization"},"potentialAction":[{"@type":"SearchAction","target":{"@type":"EntryPoint","urlTemplate":"https:\/\/fonsvinum.com\/en\/?s={search_term_string}"},"query-input":{"@type":"PropertyValueSpecification","valueRequired":true,"valueName":"search_term_string"}}],"inLanguage":"de"},{"@type":"Organization","@id":"https:\/\/fonsvinum.com\/en\/#organization","name":"Fons Vinum","url":"https:\/\/fonsvinum.com\/en\/","logo":{"@type":"ImageObject","inLanguage":"de","@id":"https:\/\/fonsvinum.com\/en\/#\/schema\/logo\/image\/","url":"","contentUrl":"","caption":"Fons Vinum"},"image":{"@id":"https:\/\/fonsvinum.com\/en\/#\/schema\/logo\/image\/"}}]}},"acf":[],"_links":{"self":[{"href":"https:\/\/fonsvinum.com\/de\/wp-json\/wp\/v2\/product\/10213","targetHints":{"allow":["GET"]}}],"collection":[{"href":"https:\/\/fonsvinum.com\/de\/wp-json\/wp\/v2\/product"}],"about":[{"href":"https:\/\/fonsvinum.com\/de\/wp-json\/wp\/v2\/types\/product"}],"replies":[{"embeddable":true,"href":"https:\/\/fonsvinum.com\/de\/wp-json\/wp\/v2\/comments?post=10213"}],"wp:featuredmedia":[{"embeddable":true,"href":"https:\/\/fonsvinum.com\/de\/wp-json\/wp\/v2\/media\/7087"}],"wp:attachment":[{"href":"https:\/\/fonsvinum.com\/de\/wp-json\/wp\/v2\/media?parent=10213"}],"wp:term":[{"taxonomy":"product_brand","embeddable":true,"href":"https:\/\/fonsvinum.com\/de\/wp-json\/wp\/v2\/product_brand?post=10213"},{"taxonomy":"product_cat","embeddable":true,"href":"https:\/\/fonsvinum.com\/de\/wp-json\/wp\/v2\/product_cat?post=10213"},{"taxonomy":"product_tag","embeddable":true,"href":"https:\/\/fonsvinum.com\/de\/wp-json\/wp\/v2\/product_tag?post=10213"}],"curies":[{"name":"wp","href":"https:\/\/api.w.org\/{rel}","templated":true}]}}