{"id":10149,"date":"2017-02-08T13:30:41","date_gmt":"2017-02-08T12:30:41","guid":{"rendered":"http:\/\/fonsvinum.com\/de\/produkt\/barolo-docg-monprivato-mascarello-giuseppe-2011-copy\/"},"modified":"2019-11-25T23:28:24","modified_gmt":"2019-11-25T22:28:24","slug":"barolo-docg-monprivato-mascarello-giuseppe-2012","status":"publish","type":"product","link":"https:\/\/fonsvinum.com\/de\/produkt\/barolo-docg-monprivato-mascarello-giuseppe-2012\/","title":{"rendered":"Barolo DOCG Monprivato Mascarello Giuseppe 2012"},"content":{"rendered":"<p>Barolo DOCG Monprivato Mascarello Giuseppe 2012<\/p>\n<p>Zu 100% Kalkstein und etwas Kreide, das Hammerterroir f\u00fcr Komplexit\u00e4t, Eleganz und Feinheit.<\/p>\n<p>In Edelstahl fermentierter Wein, Ausbau in gro\u00dfen Holzf\u00e4ssern. Traditionell eben.<\/p>\n<p>Mittleres Rubinrot, gl\u00e4nzend und extrem duftig. Erst Bittermandel und Marzipan, verfl\u00fcssigter Kirschkern in der Nase.<\/p>\n<p>Blumig, Lavendel, Veilchen, Pfingstrose, Hagebutte und dann erst langsam s\u00fc\u00dfe rote Kirsche. Filligran, feinst geschliffen. Famos wie das Gesteinsmehl, das Salz, der dominikanische Tabak und die Jasminbl\u00fcte mit der Duftrose gegen die feine rote Kirsche und die zarte rote Johannisbeere um die Vormacht k\u00e4mpfen. Bet\u00f6rend und ultracharmant!<\/p>\n<p><iframe loading=\"lazy\" title=\"2007 Mascarello Monprivato tasting 4 Oct 2011 004 mout\" width=\"500\" height=\"281\" src=\"https:\/\/www.youtube.com\/embed\/QWDz0-5TZwg?feature=oembed\" frameborder=\"0\" allow=\"accelerometer; autoplay; clipboard-write; encrypted-media; gyroscope; picture-in-picture; web-share\" referrerpolicy=\"strict-origin-when-cross-origin\" allowfullscreen><\/iframe><\/p>\n","protected":false},"excerpt":{"rendered":"<p>Barolo DOCG Monprivato Mascarello Giuseppe 2012 Zu 100% Kalkstein und etwas Kreide, das Hammerterroir f\u00fcr Komplexit\u00e4t, Eleganz und Feinheit. In Edelstahl fermentierter Wein, Ausbau in gro\u00dfen Holzf\u00e4ssern. Traditionell eben. Mittleres Rubinrot, gl\u00e4nzend und extrem duftig. Erst Bittermandel und Marzipan, verfl\u00fcssigter Kirschkern in der Nase. Blumig, Lavendel, Veilchen, Pfingstrose, Hagebutte und dann erst langsam s\u00fc\u00dfe rote [&hellip;]<\/p>\n","protected":false},"featured_media":7073,"comment_status":"open","ping_status":"closed","template":"","meta":{"_acf_changed":false,"_monsterinsights_skip_tracking":false,"_monsterinsights_sitenote_active":false,"_monsterinsights_sitenote_note":"","_monsterinsights_sitenote_category":0},"product_brand":[],"product_cat":[1824],"product_tag":[1751],"class_list":{"0":"post-10149","1":"product","2":"type-product","3":"status-publish","4":"has-post-thumbnail","6":"product_cat-barolo-de","7":"product_tag-aussergewoehnliche-weine-aus-italien-de","8":"pa_appellation-barolo-docg-de","9":"pa_formato-0-75-l-flasche-de","10":"pa_producer-giuseppe-mascarello-de","11":"pa_region-piemont-de","12":"pa_vine-nebbiolo-de","13":"pa_vintage-2012-de","15":"first","16":"outofstock","17":"taxable","18":"shipping-taxable","19":"purchasable","20":"product-type-simple"},"bundled_by":[],"bundle_stock_status":"outofstock","bundle_stock_quantity":0,"bundle_virtual":false,"bundle_layout":"","bundle_add_to_cart_form_location":"","bundle_editable_in_cart":false,"bundle_sold_individually_context":"","bundle_item_grouping":"","bundle_min_size":"","bundle_max_size":"","bundle_price":[],"bundled_items":[],"bundle_sell_ids":[],"yoast_head":"<!-- This site is optimized with the Yoast SEO plugin v27.2 - https:\/\/yoast.com\/product\/yoast-seo-wordpress\/ -->\n<title>Buy Barolo DOCG Monprivato Mascarello Giuseppe 2012 wine online at 221 \u20ac | FonsVinum<\/title>\n<meta name=\"robots\" content=\"index, follow, max-snippet:-1, max-image-preview:large, max-video-preview:-1\" \/>\n<link rel=\"canonical\" href=\"https:\/\/fonsvinum.com\/de\/produkt\/barolo-docg-monprivato-mascarello-giuseppe-2012\/\" \/>\n<meta property=\"og:locale\" content=\"de_DE\" \/>\n<meta property=\"og:type\" content=\"article\" \/>\n<meta property=\"og:title\" content=\"Buy Barolo DOCG Monprivato Mascarello Giuseppe 2012 wine online at 221 \u20ac | FonsVinum\" \/>\n<meta property=\"og:description\" content=\"Barolo DOCG Monprivato Mascarello Giuseppe 2012 Zu 100% Kalkstein und etwas Kreide, das Hammerterroir f\u00fcr Komplexit\u00e4t, Eleganz und Feinheit. In Edelstahl fermentierter Wein, Ausbau in gro\u00dfen Holzf\u00e4ssern. Traditionell eben. Mittleres Rubinrot, gl\u00e4nzend und extrem duftig. Erst Bittermandel und Marzipan, verfl\u00fcssigter Kirschkern in der Nase. Blumig, Lavendel, Veilchen, Pfingstrose, Hagebutte und dann erst langsam s\u00fc\u00dfe rote [&hellip;]\" \/>\n<meta property=\"og:url\" content=\"https:\/\/fonsvinum.com\/de\/produkt\/barolo-docg-monprivato-mascarello-giuseppe-2012\/\" \/>\n<meta property=\"og:site_name\" content=\"Fons Vinum\" \/>\n<meta property=\"article:modified_time\" content=\"2019-11-25T22:28:24+00:00\" \/>\n<meta property=\"og:image\" content=\"https:\/\/fonsvinum.com\/files\/2016\/01\/barolo-monprivato-giuseppe-mascarello.png\" \/>\n\t<meta property=\"og:image:width\" content=\"200\" \/>\n\t<meta property=\"og:image:height\" content=\"600\" \/>\n\t<meta property=\"og:image:type\" content=\"image\/png\" \/>\n<meta name=\"twitter:label1\" content=\"Gesch\u00e4tzte Lesezeit\" \/>\n\t<meta name=\"twitter:data1\" content=\"1\u00a0Minute\" \/>\n<script type=\"application\/ld+json\" class=\"yoast-schema-graph\">{\"@context\":\"https:\/\/schema.org\",\"@graph\":[{\"@type\":\"WebPage\",\"@id\":\"https:\/\/fonsvinum.com\/de\/produkt\/barolo-docg-monprivato-mascarello-giuseppe-2012\/\",\"url\":\"https:\/\/fonsvinum.com\/de\/produkt\/barolo-docg-monprivato-mascarello-giuseppe-2012\/\",\"name\":\"Buy Barolo DOCG Monprivato Mascarello Giuseppe 2012 wine online at 221 \u20ac | FonsVinum\",\"isPartOf\":{\"@id\":\"https:\/\/fonsvinum.com\/en\/#website\"},\"primaryImageOfPage\":{\"@id\":\"https:\/\/fonsvinum.com\/de\/produkt\/barolo-docg-monprivato-mascarello-giuseppe-2012\/#primaryimage\"},\"image\":{\"@id\":\"https:\/\/fonsvinum.com\/de\/produkt\/barolo-docg-monprivato-mascarello-giuseppe-2012\/#primaryimage\"},\"thumbnailUrl\":\"https:\/\/fonsvinum.com\/files\/2016\/01\/barolo-monprivato-giuseppe-mascarello.png\",\"datePublished\":\"2017-02-08T12:30:41+00:00\",\"dateModified\":\"2019-11-25T22:28:24+00:00\",\"breadcrumb\":{\"@id\":\"https:\/\/fonsvinum.com\/de\/produkt\/barolo-docg-monprivato-mascarello-giuseppe-2012\/#breadcrumb\"},\"inLanguage\":\"de\",\"potentialAction\":[{\"@type\":\"ReadAction\",\"target\":[\"https:\/\/fonsvinum.com\/de\/produkt\/barolo-docg-monprivato-mascarello-giuseppe-2012\/\"]}]},{\"@type\":\"ImageObject\",\"inLanguage\":\"de\",\"@id\":\"https:\/\/fonsvinum.com\/de\/produkt\/barolo-docg-monprivato-mascarello-giuseppe-2012\/#primaryimage\",\"url\":\"https:\/\/fonsvinum.com\/files\/2016\/01\/barolo-monprivato-giuseppe-mascarello.png\",\"contentUrl\":\"https:\/\/fonsvinum.com\/files\/2016\/01\/barolo-monprivato-giuseppe-mascarello.png\",\"width\":200,\"height\":600},{\"@type\":\"BreadcrumbList\",\"@id\":\"https:\/\/fonsvinum.com\/de\/produkt\/barolo-docg-monprivato-mascarello-giuseppe-2012\/#breadcrumb\",\"itemListElement\":[{\"@type\":\"ListItem\",\"position\":1,\"name\":\"Startseite\",\"item\":\"https:\/\/fonsvinum.com\/de\/\"},{\"@type\":\"ListItem\",\"position\":2,\"name\":\"Shop\",\"item\":\"https:\/\/fonsvinum.com\/de\/shop\/\"},{\"@type\":\"ListItem\",\"position\":3,\"name\":\"Barolo DOCG Monprivato Mascarello Giuseppe 2012\"}]},{\"@type\":\"WebSite\",\"@id\":\"https:\/\/fonsvinum.com\/en\/#website\",\"url\":\"https:\/\/fonsvinum.com\/en\/\",\"name\":\"Fons Vinum\",\"description\":\"Vendita Vino Online\",\"publisher\":{\"@id\":\"https:\/\/fonsvinum.com\/en\/#organization\"},\"potentialAction\":[{\"@type\":\"SearchAction\",\"target\":{\"@type\":\"EntryPoint\",\"urlTemplate\":\"https:\/\/fonsvinum.com\/en\/?s={search_term_string}\"},\"query-input\":{\"@type\":\"PropertyValueSpecification\",\"valueRequired\":true,\"valueName\":\"search_term_string\"}}],\"inLanguage\":\"de\"},{\"@type\":\"Organization\",\"@id\":\"https:\/\/fonsvinum.com\/en\/#organization\",\"name\":\"Fons Vinum\",\"url\":\"https:\/\/fonsvinum.com\/en\/\",\"logo\":{\"@type\":\"ImageObject\",\"inLanguage\":\"de\",\"@id\":\"https:\/\/fonsvinum.com\/en\/#\/schema\/logo\/image\/\",\"url\":\"\",\"contentUrl\":\"\",\"caption\":\"Fons Vinum\"},\"image\":{\"@id\":\"https:\/\/fonsvinum.com\/en\/#\/schema\/logo\/image\/\"}}]}<\/script>\n<!-- \/ Yoast SEO plugin. -->","yoast_head_json":{"title":"Buy Barolo DOCG Monprivato Mascarello Giuseppe 2012 wine online at 221 \u20ac | FonsVinum","robots":{"index":"index","follow":"follow","max-snippet":"max-snippet:-1","max-image-preview":"max-image-preview:large","max-video-preview":"max-video-preview:-1"},"canonical":"https:\/\/fonsvinum.com\/de\/produkt\/barolo-docg-monprivato-mascarello-giuseppe-2012\/","og_locale":"de_DE","og_type":"article","og_title":"Buy Barolo DOCG Monprivato Mascarello Giuseppe 2012 wine online at 221 \u20ac | FonsVinum","og_description":"Barolo DOCG Monprivato Mascarello Giuseppe 2012 Zu 100% Kalkstein und etwas Kreide, das Hammerterroir f\u00fcr Komplexit\u00e4t, Eleganz und Feinheit. In Edelstahl fermentierter Wein, Ausbau in gro\u00dfen Holzf\u00e4ssern. Traditionell eben. Mittleres Rubinrot, gl\u00e4nzend und extrem duftig. Erst Bittermandel und Marzipan, verfl\u00fcssigter Kirschkern in der Nase. Blumig, Lavendel, Veilchen, Pfingstrose, Hagebutte und dann erst langsam s\u00fc\u00dfe rote [&hellip;]","og_url":"https:\/\/fonsvinum.com\/de\/produkt\/barolo-docg-monprivato-mascarello-giuseppe-2012\/","og_site_name":"Fons Vinum","article_modified_time":"2019-11-25T22:28:24+00:00","og_image":[{"width":200,"height":600,"url":"https:\/\/fonsvinum.com\/files\/2016\/01\/barolo-monprivato-giuseppe-mascarello.png","type":"image\/png"}],"twitter_misc":{"Gesch\u00e4tzte Lesezeit":"1\u00a0Minute"},"schema":{"@context":"https:\/\/schema.org","@graph":[{"@type":"WebPage","@id":"https:\/\/fonsvinum.com\/de\/produkt\/barolo-docg-monprivato-mascarello-giuseppe-2012\/","url":"https:\/\/fonsvinum.com\/de\/produkt\/barolo-docg-monprivato-mascarello-giuseppe-2012\/","name":"Buy Barolo DOCG Monprivato Mascarello Giuseppe 2012 wine online at 221 \u20ac | FonsVinum","isPartOf":{"@id":"https:\/\/fonsvinum.com\/en\/#website"},"primaryImageOfPage":{"@id":"https:\/\/fonsvinum.com\/de\/produkt\/barolo-docg-monprivato-mascarello-giuseppe-2012\/#primaryimage"},"image":{"@id":"https:\/\/fonsvinum.com\/de\/produkt\/barolo-docg-monprivato-mascarello-giuseppe-2012\/#primaryimage"},"thumbnailUrl":"https:\/\/fonsvinum.com\/files\/2016\/01\/barolo-monprivato-giuseppe-mascarello.png","datePublished":"2017-02-08T12:30:41+00:00","dateModified":"2019-11-25T22:28:24+00:00","breadcrumb":{"@id":"https:\/\/fonsvinum.com\/de\/produkt\/barolo-docg-monprivato-mascarello-giuseppe-2012\/#breadcrumb"},"inLanguage":"de","potentialAction":[{"@type":"ReadAction","target":["https:\/\/fonsvinum.com\/de\/produkt\/barolo-docg-monprivato-mascarello-giuseppe-2012\/"]}]},{"@type":"ImageObject","inLanguage":"de","@id":"https:\/\/fonsvinum.com\/de\/produkt\/barolo-docg-monprivato-mascarello-giuseppe-2012\/#primaryimage","url":"https:\/\/fonsvinum.com\/files\/2016\/01\/barolo-monprivato-giuseppe-mascarello.png","contentUrl":"https:\/\/fonsvinum.com\/files\/2016\/01\/barolo-monprivato-giuseppe-mascarello.png","width":200,"height":600},{"@type":"BreadcrumbList","@id":"https:\/\/fonsvinum.com\/de\/produkt\/barolo-docg-monprivato-mascarello-giuseppe-2012\/#breadcrumb","itemListElement":[{"@type":"ListItem","position":1,"name":"Startseite","item":"https:\/\/fonsvinum.com\/de\/"},{"@type":"ListItem","position":2,"name":"Shop","item":"https:\/\/fonsvinum.com\/de\/shop\/"},{"@type":"ListItem","position":3,"name":"Barolo DOCG Monprivato Mascarello Giuseppe 2012"}]},{"@type":"WebSite","@id":"https:\/\/fonsvinum.com\/en\/#website","url":"https:\/\/fonsvinum.com\/en\/","name":"Fons Vinum","description":"Vendita Vino Online","publisher":{"@id":"https:\/\/fonsvinum.com\/en\/#organization"},"potentialAction":[{"@type":"SearchAction","target":{"@type":"EntryPoint","urlTemplate":"https:\/\/fonsvinum.com\/en\/?s={search_term_string}"},"query-input":{"@type":"PropertyValueSpecification","valueRequired":true,"valueName":"search_term_string"}}],"inLanguage":"de"},{"@type":"Organization","@id":"https:\/\/fonsvinum.com\/en\/#organization","name":"Fons Vinum","url":"https:\/\/fonsvinum.com\/en\/","logo":{"@type":"ImageObject","inLanguage":"de","@id":"https:\/\/fonsvinum.com\/en\/#\/schema\/logo\/image\/","url":"","contentUrl":"","caption":"Fons Vinum"},"image":{"@id":"https:\/\/fonsvinum.com\/en\/#\/schema\/logo\/image\/"}}]}},"acf":[],"_links":{"self":[{"href":"https:\/\/fonsvinum.com\/de\/wp-json\/wp\/v2\/product\/10149","targetHints":{"allow":["GET"]}}],"collection":[{"href":"https:\/\/fonsvinum.com\/de\/wp-json\/wp\/v2\/product"}],"about":[{"href":"https:\/\/fonsvinum.com\/de\/wp-json\/wp\/v2\/types\/product"}],"replies":[{"embeddable":true,"href":"https:\/\/fonsvinum.com\/de\/wp-json\/wp\/v2\/comments?post=10149"}],"wp:featuredmedia":[{"embeddable":true,"href":"https:\/\/fonsvinum.com\/de\/wp-json\/wp\/v2\/media\/7073"}],"wp:attachment":[{"href":"https:\/\/fonsvinum.com\/de\/wp-json\/wp\/v2\/media?parent=10149"}],"wp:term":[{"taxonomy":"product_brand","embeddable":true,"href":"https:\/\/fonsvinum.com\/de\/wp-json\/wp\/v2\/product_brand?post=10149"},{"taxonomy":"product_cat","embeddable":true,"href":"https:\/\/fonsvinum.com\/de\/wp-json\/wp\/v2\/product_cat?post=10149"},{"taxonomy":"product_tag","embeddable":true,"href":"https:\/\/fonsvinum.com\/de\/wp-json\/wp\/v2\/product_tag?post=10149"}],"curies":[{"name":"wp","href":"https:\/\/api.w.org\/{rel}","templated":true}]}}