{"id":49400,"date":"2013-05-31T09:21:47","date_gmt":"2013-05-31T07:21:47","guid":{"rendered":"https:\/\/fonsvinum.com\/versand\/"},"modified":"2013-05-31T09:21:47","modified_gmt":"2013-05-31T07:21:47","slug":"versand","status":"publish","type":"page","link":"https:\/\/fonsvinum.com\/de\/versand\/","title":{"rendered":"Versand"},"content":{"rendered":"<h3>Kostenloser Versand<\/h3>\n<p>Die Versandkosten innerhalb Italiens sind <strong>ab einer Bestellung von mindestens 6 Flaschen (sowie f\u00fcr bestimmte Aktionsweine) kostenlos<\/strong>.<\/p>\n<p>Klicken Sie hier, um die Versandkosten f\u00fcr Bestellungen von weniger als 6 Flaschen zu erfahren.<\/p>\n<h3>Mit wem versendet Fons Vinum<\/h3>\n<p>Unsere Weine werden den Kunden \u00fcber die Kurierdienste <strong>MBE (MailBoxes)<\/strong> oder <strong>UPS (innerhalb Italiens)<\/strong> sowie <strong>UPS International (Ausland)<\/strong> zugestellt.<\/p>\n<h3>Welche Verpackungen verwendet Fons Vinum<\/h3>\n<p>Fons Vinum ist sich der \u00f6kologischen Auswirkungen von Verpackungen bewusst und hat sich (f\u00fcr 6 und 12 Flaschen) f\u00fcr <strong>patentierte Verpackungen vollst\u00e4ndig aus Karton<\/strong> (kein Styropor!) entschieden \u2013 <strong>\u00f6kologisch<\/strong>, <strong>recycelt<\/strong>, wiederverwendbar und recycelbar!<\/p>\n<p>Die hohe <strong>Robustheit<\/strong> der speziellen Mischung und der gew\u00e4hlten Kartonart bildet eine Schutzbarriere f\u00fcr das Produkt.<\/p>\n<p>Durch die konzipierte Form ist die Flasche <strong>nach au\u00dfen hin<\/strong> <strong>isoliert<\/strong> und <strong>beabstandet<\/strong>; die speziellen Kartonlaschen d\u00e4mpfen den Aufprall der Flasche im Falle einer Kollision ab.<\/p>\n<p>Die Verpackungen f\u00fcr 1, 2 oder 3 Flaschen bestehen hingegen aus <strong>speziellen Styroporeins\u00e4tzen<\/strong> und sind in dicken Kartonagen verpackt.<\/p>\n<h3>Falls das gelieferte Paket besch\u00e4digt ist<\/h3>\n<p>Sollte das dem Kunden zugestellte Paket Br\u00fcche und\/oder Manipulationen aufweisen, wird Fons Vinum nach entsprechender Vermerkung auf dem Lieferschein des Kuriers <strong>daf\u00fcr Sorge tragen und die volle Verantwortung \u00fcbernehmen, das besch\u00e4digte Material vollst\u00e4ndig oder teilweise zu ersetzen<\/strong>. Aktuell ist Fons Vinum stolz darauf, dass 100 % der Pakete unversehrt geliefert wurden!<\/p>\n<h3>Lieferzeiten<\/h3>\n<p>Die bestellte Ware wird in <strong>etwa 2\u20133 Werktagen<\/strong> bearbeitet und geliefert. Wir werden Ihnen die Sendungscodes per E-Mail mitteilen. Auf diese Weise k\u00f6nnen Sie die Sendungsverfolgung Ihres Pakets \u00fcber die entsprechende Funktion auf der Website des Kuriers \u00fcberwachen.<\/p>\n<h3>Versandkosten<\/h3>\n<p>Die Versandkosten sind ab einer Bestellung von mindestens 6 Flaschen kostenlos.<\/p>\n<p>Bei Bestellungen von weniger als 6 Flaschen variieren die Kosten je nach Gewicht wie folgt:<\/p>\n<p>&nbsp;<\/p>\n<table style=\"width: 100%;\" cellspacing=\"0\" cellpadding=\"0\">\n<thead>\n<tr>\n<th style=\"width: 20%;\"><\/th>\n<th style=\"width: 20%;\">Versandkosten<\/th>\n<\/tr>\n<\/thead>\n<tbody>\n<tr>\n<th class=\"features\" style=\"text-align: left;\">Bis 3 kg<\/th>\n<td> 7,67 \u20ac + MwSt.<\/td>\n<\/tr>\n<tr>\n<th class=\"features\" style=\"text-align: left;\">Von 3,01 kg bis 10 kg<\/th>\n<td> 9,40 \u20ac + MwSt.<\/td>\n<\/tr>\n<tr>\n<th class=\"features\" style=\"text-align: left;\">Von 10,01 kg bis 20 kg<\/th>\n<td> 10,17 \u20ac + MwSt.<\/td>\n<\/tr>\n<tr>\n<th class=\"features\" style=\"text-align: left;\">Von 20,01 kg bis 30 kg<\/th>\n<td> 11,00 \u20ac + MwSt.<\/td>\n<\/tr>\n<tr>\n<th class=\"features\" style=\"text-align: left;\">Von 30,01 kg bis 50 kg<\/th>\n<td> 15,16 \u20ac + MwSt.<\/td>\n<\/tr>\n<tr>\n<th class=\"features\" style=\"text-align: left;\">\u00dcber 50 kg<\/th>\n<td> 0,42 \u20ac + MwSt. pro kg<\/td>\n<\/tr>\n<\/tbody>\n<\/table>\n<p>&nbsp;<\/p>\n<h3>F\u00fcr den Versand per Nachnahme m\u00fcssen 9,00 Euro + MwSt. zu den Versandkosten hinzugerechnet werden.<\/h3>\n","protected":false},"excerpt":{"rendered":"<p>Kostenloser Versand Die Versandkosten innerhalb Italiens sind ab einer Bestellung von mindestens 6 Flaschen (sowie f\u00fcr bestimmte Aktionsweine) kostenlos. Klicken Sie hier, um die Versandkosten f\u00fcr Bestellungen von weniger als 6 Flaschen zu erfahren. Mit wem versendet Fons Vinum Unsere Weine werden den Kunden \u00fcber die Kurierdienste MBE (MailBoxes) oder UPS (innerhalb Italiens) sowie UPS [&hellip;]<\/p>\n","protected":false},"author":559,"featured_media":0,"parent":0,"menu_order":0,"comment_status":"open","ping_status":"closed","template":"","meta":{"_acf_changed":false,"_monsterinsights_skip_tracking":false,"_monsterinsights_sitenote_active":false,"_monsterinsights_sitenote_note":"","_monsterinsights_sitenote_category":0,"footnotes":""},"class_list":["post-49400","page","type-page","status-publish","hentry"],"yoast_head":"<!-- This site is optimized with the Yoast SEO plugin v27.2 - https:\/\/yoast.com\/product\/yoast-seo-wordpress\/ -->\n<title>Versand | Vendita Vino Online | Fons Vinum<\/title>\n<meta name=\"robots\" content=\"index, follow, max-snippet:-1, max-image-preview:large, max-video-preview:-1\" \/>\n<link rel=\"canonical\" href=\"https:\/\/fonsvinum.com\/versand\/\" \/>\n<meta property=\"og:locale\" content=\"de_DE\" \/>\n<meta property=\"og:type\" content=\"article\" \/>\n<meta property=\"og:title\" content=\"Versand | Vendita Vino Online | Fons Vinum\" \/>\n<meta property=\"og:description\" content=\"Kostenloser Versand Die Versandkosten innerhalb Italiens sind ab einer Bestellung von mindestens 6 Flaschen (sowie f\u00fcr bestimmte Aktionsweine) kostenlos. Klicken Sie hier, um die Versandkosten f\u00fcr Bestellungen von weniger als 6 Flaschen zu erfahren. Mit wem versendet Fons Vinum Unsere Weine werden den Kunden \u00fcber die Kurierdienste MBE (MailBoxes) oder UPS (innerhalb Italiens) sowie UPS [&hellip;]\" \/>\n<meta property=\"og:url\" content=\"https:\/\/fonsvinum.com\/versand\/\" \/>\n<meta property=\"og:site_name\" content=\"Fons Vinum\" \/>\n<meta name=\"twitter:label1\" content=\"Gesch\u00e4tzte Lesezeit\" \/>\n\t<meta name=\"twitter:data1\" content=\"2\u00a0Minuten\" \/>\n<script type=\"application\/ld+json\" class=\"yoast-schema-graph\">{\"@context\":\"https:\/\/schema.org\",\"@graph\":[{\"@type\":\"WebPage\",\"@id\":\"https:\/\/fonsvinum.com\/versand\/\",\"url\":\"https:\/\/fonsvinum.com\/versand\/\",\"name\":\"Versand | Vendita Vino Online | Fons Vinum\",\"isPartOf\":{\"@id\":\"https:\/\/fonsvinum.com\/en\/#website\"},\"datePublished\":\"2013-05-31T07:21:47+00:00\",\"breadcrumb\":{\"@id\":\"https:\/\/fonsvinum.com\/versand\/#breadcrumb\"},\"inLanguage\":\"de\",\"potentialAction\":[{\"@type\":\"ReadAction\",\"target\":[\"https:\/\/fonsvinum.com\/versand\/\"]}]},{\"@type\":\"BreadcrumbList\",\"@id\":\"https:\/\/fonsvinum.com\/versand\/#breadcrumb\",\"itemListElement\":[{\"@type\":\"ListItem\",\"position\":1,\"name\":\"Startseite\",\"item\":\"https:\/\/fonsvinum.com\/de\/\"},{\"@type\":\"ListItem\",\"position\":2,\"name\":\"Versand\"}]},{\"@type\":\"WebSite\",\"@id\":\"https:\/\/fonsvinum.com\/en\/#website\",\"url\":\"https:\/\/fonsvinum.com\/en\/\",\"name\":\"Fons Vinum\",\"description\":\"Vendita Vino Online\",\"publisher\":{\"@id\":\"https:\/\/fonsvinum.com\/en\/#organization\"},\"potentialAction\":[{\"@type\":\"SearchAction\",\"target\":{\"@type\":\"EntryPoint\",\"urlTemplate\":\"https:\/\/fonsvinum.com\/en\/?s={search_term_string}\"},\"query-input\":{\"@type\":\"PropertyValueSpecification\",\"valueRequired\":true,\"valueName\":\"search_term_string\"}}],\"inLanguage\":\"de\"},{\"@type\":\"Organization\",\"@id\":\"https:\/\/fonsvinum.com\/en\/#organization\",\"name\":\"Fons Vinum\",\"url\":\"https:\/\/fonsvinum.com\/en\/\",\"logo\":{\"@type\":\"ImageObject\",\"inLanguage\":\"de\",\"@id\":\"https:\/\/fonsvinum.com\/en\/#\/schema\/logo\/image\/\",\"url\":\"\",\"contentUrl\":\"\",\"caption\":\"Fons Vinum\"},\"image\":{\"@id\":\"https:\/\/fonsvinum.com\/en\/#\/schema\/logo\/image\/\"}}]}<\/script>\n<!-- \/ Yoast SEO plugin. -->","yoast_head_json":{"title":"Versand | Vendita Vino Online | Fons Vinum","robots":{"index":"index","follow":"follow","max-snippet":"max-snippet:-1","max-image-preview":"max-image-preview:large","max-video-preview":"max-video-preview:-1"},"canonical":"https:\/\/fonsvinum.com\/versand\/","og_locale":"de_DE","og_type":"article","og_title":"Versand | Vendita Vino Online | Fons Vinum","og_description":"Kostenloser Versand Die Versandkosten innerhalb Italiens sind ab einer Bestellung von mindestens 6 Flaschen (sowie f\u00fcr bestimmte Aktionsweine) kostenlos. Klicken Sie hier, um die Versandkosten f\u00fcr Bestellungen von weniger als 6 Flaschen zu erfahren. Mit wem versendet Fons Vinum Unsere Weine werden den Kunden \u00fcber die Kurierdienste MBE (MailBoxes) oder UPS (innerhalb Italiens) sowie UPS [&hellip;]","og_url":"https:\/\/fonsvinum.com\/versand\/","og_site_name":"Fons Vinum","twitter_misc":{"Gesch\u00e4tzte Lesezeit":"2\u00a0Minuten"},"schema":{"@context":"https:\/\/schema.org","@graph":[{"@type":"WebPage","@id":"https:\/\/fonsvinum.com\/versand\/","url":"https:\/\/fonsvinum.com\/versand\/","name":"Versand | Vendita Vino Online | Fons Vinum","isPartOf":{"@id":"https:\/\/fonsvinum.com\/en\/#website"},"datePublished":"2013-05-31T07:21:47+00:00","breadcrumb":{"@id":"https:\/\/fonsvinum.com\/versand\/#breadcrumb"},"inLanguage":"de","potentialAction":[{"@type":"ReadAction","target":["https:\/\/fonsvinum.com\/versand\/"]}]},{"@type":"BreadcrumbList","@id":"https:\/\/fonsvinum.com\/versand\/#breadcrumb","itemListElement":[{"@type":"ListItem","position":1,"name":"Startseite","item":"https:\/\/fonsvinum.com\/de\/"},{"@type":"ListItem","position":2,"name":"Versand"}]},{"@type":"WebSite","@id":"https:\/\/fonsvinum.com\/en\/#website","url":"https:\/\/fonsvinum.com\/en\/","name":"Fons Vinum","description":"Vendita Vino Online","publisher":{"@id":"https:\/\/fonsvinum.com\/en\/#organization"},"potentialAction":[{"@type":"SearchAction","target":{"@type":"EntryPoint","urlTemplate":"https:\/\/fonsvinum.com\/en\/?s={search_term_string}"},"query-input":{"@type":"PropertyValueSpecification","valueRequired":true,"valueName":"search_term_string"}}],"inLanguage":"de"},{"@type":"Organization","@id":"https:\/\/fonsvinum.com\/en\/#organization","name":"Fons Vinum","url":"https:\/\/fonsvinum.com\/en\/","logo":{"@type":"ImageObject","inLanguage":"de","@id":"https:\/\/fonsvinum.com\/en\/#\/schema\/logo\/image\/","url":"","contentUrl":"","caption":"Fons Vinum"},"image":{"@id":"https:\/\/fonsvinum.com\/en\/#\/schema\/logo\/image\/"}}]}},"acf":[],"_links":{"self":[{"href":"https:\/\/fonsvinum.com\/de\/wp-json\/wp\/v2\/pages\/49400","targetHints":{"allow":["GET"]}}],"collection":[{"href":"https:\/\/fonsvinum.com\/de\/wp-json\/wp\/v2\/pages"}],"about":[{"href":"https:\/\/fonsvinum.com\/de\/wp-json\/wp\/v2\/types\/page"}],"author":[{"embeddable":true,"href":"https:\/\/fonsvinum.com\/de\/wp-json\/wp\/v2\/users\/559"}],"replies":[{"embeddable":true,"href":"https:\/\/fonsvinum.com\/de\/wp-json\/wp\/v2\/comments?post=49400"}],"version-history":[{"count":0,"href":"https:\/\/fonsvinum.com\/de\/wp-json\/wp\/v2\/pages\/49400\/revisions"}],"wp:attachment":[{"href":"https:\/\/fonsvinum.com\/de\/wp-json\/wp\/v2\/media?parent=49400"}],"curies":[{"name":"wp","href":"https:\/\/api.w.org\/{rel}","templated":true}]}}