{"id":49382,"date":"2013-03-20T14:03:33","date_gmt":"2013-03-20T13:03:33","guid":{"rendered":"https:\/\/fonsvinum.com\/ueber-uns\/"},"modified":"2013-03-20T14:03:33","modified_gmt":"2013-03-20T13:03:33","slug":"ueber-uns","status":"publish","type":"page","link":"https:\/\/fonsvinum.com\/de\/ueber-uns\/","title":{"rendered":"\u00dcber uns"},"content":{"rendered":"<p>Fonsvinum S.n.c. wurde 2010 aus der Idee dreier Freunde geboren: Fabio, 32 Jahre alt, Weinproduzent; Oscar, 35 Jahre alt, IT-Techniker, der seit Jahren seine Leidenschaft f\u00fcr Wein lebt und Weing\u00fcter in ganz Italien besucht; und Nicola, 31 Jahre alt, anspruchsvoller Genie\u00dfer und Webdesigner.<\/p>\n<p>So haben wir beschlossen, eine Synergie zwischen unserer gro\u00dfen Leidenschaft f\u00fcr den Wein und unser Territorium \u2013 das so pr\u00e4destiniert f\u00fcr die Erzeugung einzigartiger und gro\u00dfer Weine ist \u2013 und den Technologien sowie Potenzialen des Webs und des Internets im Allgemeinen zu schaffen.<\/p>\n<p>Wir werden im Laufe der Zeit versuchen, Ihnen eine breite Auswahl an Produkten anzubieten, die sowohl von auf dem italienischen Markt bereits etablierten Unternehmen stammen als auch von Betrieben, die wir direkt kennenlernen durften und deren Weine sowie Arbeitsweise wir sch\u00e4tzen gelernt haben. Dabei konzentrieren wir uns nicht nur auf die \u201eFlasche\u201c, sondern entdecken die Welt, die dahintersteht \u2013 eine Welt, die vor allem aus Menschen besteht, die uns ihren Tatendrang, ihre Opferbereitschaft und vor allem ihre Leidenschaft zur Verf\u00fcgung stellen.<\/p>\n<p>Einen Wein zu produzieren ist eine Kunst. Nicht nur beim Etikett stehen zu bleiben, sondern den K\u00fcnstler dahinter zu entdecken, wird Ihnen helfen, ihn tiefer zu sch\u00e4tzen, ihn zu verstehen und die Emotionen zu erleben, die der Produzent zu vermitteln versucht. So wird ein einfacher geselliger Moment einzigartig und oft unvergesslich.<\/p>\n<p>Einige Impressionen aus unserer Region<\/p>\n<div class=\"gallery-straight gallery-straight--width-wide gallery-straight--has-caption-false shortcode__gallery-straight\">\n  <div class=\"gallery-straight__row gallery-straight__row--3 js-gallery\">\n              <div class=\"gallery-straight__image gallery-straight__image-type-square-sm gallery-straight__image--3-col gallery-straight__image--count-3 gallery-straight__image--has-caption-false\">\n        <a href=\"https:\/\/fonsvinum.com\/files\/2013\/03\/vigna-barbaresco-1-big.jpg\" class=\"gallery-straight__link gallery-straight__link--image-square-sm gallery-straight__link--has-caption-false\" title=\"\">\n          <picture class=\"ratio__content\" alt=\"\" title=\"vigna-barbaresco-1-big\" src=\"https:\/\/fonsvinum.com\/files\/2013\/03\/vigna-barbaresco-1-big.jpg\">\n\n                    <source srcset=\"https:\/\/fonsvinum.com\/files\/2013\/03\/vigna-barbaresco-1-big-300x300.jpg\" \/>\n\n                <img decoding=\"async\" alt=\"\" title=\"vigna-barbaresco-1-big\" data-caption=\"\" src=\"https:\/\/fonsvinum.com\/files\/2013\/03\/vigna-barbaresco-1-big.jpg\" data-src=\"https:\/\/fonsvinum.com\/files\/2013\/03\/vigna-barbaresco-1-big.jpg\"\/>\n\n            \n<\/picture>\n        <\/a>\n\n              <\/div>\n          <div class=\"gallery-straight__image gallery-straight__image-type-square-sm gallery-straight__image--3-col gallery-straight__image--count-3 gallery-straight__image--has-caption-false\">\n        <a href=\"https:\/\/fonsvinum.com\/files\/2013\/03\/colline-1-big.jpg\" class=\"gallery-straight__link gallery-straight__link--image-square-sm gallery-straight__link--has-caption-false\" title=\"\">\n          <picture class=\"ratio__content\" alt=\"\" title=\"colline-1-big\" src=\"https:\/\/fonsvinum.com\/files\/2013\/03\/colline-1-big.jpg\">\n\n                    <source srcset=\"https:\/\/fonsvinum.com\/files\/2013\/03\/colline-1-big-300x300.jpg\" \/>\n\n                <img decoding=\"async\" alt=\"\" title=\"colline-1-big\" data-caption=\"\" src=\"https:\/\/fonsvinum.com\/files\/2013\/03\/colline-1-big.jpg\" data-src=\"https:\/\/fonsvinum.com\/files\/2013\/03\/colline-1-big.jpg\"\/>\n\n            \n<\/picture>\n        <\/a>\n\n              <\/div>\n          <div class=\"gallery-straight__image gallery-straight__image-type-square-sm gallery-straight__image--3-col gallery-straight__image--count-3 gallery-straight__image--has-caption-false\">\n        <a href=\"https:\/\/fonsvinum.com\/files\/2013\/03\/colline-2-big.jpg\" class=\"gallery-straight__link gallery-straight__link--image-square-sm gallery-straight__link--has-caption-false\" title=\"\">\n          <picture class=\"ratio__content\" alt=\"\" title=\"colline-2-big\" src=\"https:\/\/fonsvinum.com\/files\/2013\/03\/colline-2-big.jpg\">\n\n                    <source srcset=\"https:\/\/fonsvinum.com\/files\/2013\/03\/colline-2-big-300x300.jpg\" \/>\n\n                <img decoding=\"async\" alt=\"\" title=\"colline-2-big\" data-caption=\"\" src=\"https:\/\/fonsvinum.com\/files\/2013\/03\/colline-2-big.jpg\" data-src=\"https:\/\/fonsvinum.com\/files\/2013\/03\/colline-2-big.jpg\"\/>\n\n            \n<\/picture>\n        <\/a>\n\n              <\/div>\n      <\/div>\n<\/div>\n\n<h3>DER SHOP<\/h3>\n<p>In unserem Wineshop finden Sie eine Auswahl sorgf\u00e4ltig ausgesuchter Weine von hoher Qualit\u00e4t zu einem fairen Preis. Die angebotenen Produkte decken alle Bed\u00fcrfnisse eines immer anspruchsvolleren und fachkundigeren Weinkonsumenten ab: Sie finden bedeutende oder noch unbekannte Etiketten, edle Tropfen f\u00fcr besondere Anl\u00e4sse und Weine f\u00fcr jeden Tag &#8230; aber immer mit einem einzigen gemeinsamen Nenner: Qualit\u00e4t. <\/p>\n<h3>WER UND WAS STECKT HINTER FONSVINUM.COM?<\/h3>\n<p>Fonsvinum.com ist nicht nur eine Website, sondern besteht vor allem aus Menschen \u2013 drei Personen, die das Projekt st\u00e4ndig betreuen und so schnell wie m\u00f6glich auf all Ihre Fragen und Bed\u00fcrfnisse antworten. Wir geben unser Bestes, um Ihnen einen immer aufmerksameren, modernen und innovativen Service zu bieten. <\/p>\n<h3>WO K\u00d6NNEN SIE UNS FINDEN?<\/h3>\n<p>Fonsvinum ist im Internet nicht nur mit der eigenen Website pr\u00e4sent, sondern auch hier und da im Netz, da wir glauben, dass es im heutigen Web wichtig ist, den Bed\u00fcrfnissen der Nutzer entgegenzukommen und direkt mit ihnen zu kommunizieren. Deshalb ist Fons Vinum auch \u201esocial\u201c, und aus diesem Grund sind wir auch auf den zwei wichtigsten sozialen Netzwerken vertreten: Facebook und Twitter. <\/p>\n<p>Zudem ist fonsvinum.com eine Welt, die sich st\u00e4ndig weiterentwickelt. Bleiben Sie also mit fonsvinum.com verbunden, denn es wird nicht an \u00dcberraschungen mangeln!<\/p>\n<p>Auf Twitter: <a href=\"http:\/\/tiny.cc\/fonsvinum-tt\" target=\"_blank\" rel=\"noopener\">tiny.cc\/fonsvinum-tt<\/a><\/p>\n<p>Auf Facebook: <a href=\"http:\/\/tiny.cc\/fonsvinum-fb\" target=\"_blank\" rel=\"noopener\">tiny.cc\/fonsvinum-fb<\/a><\/p>\n","protected":false},"excerpt":{"rendered":"<p>Fonsvinum S.n.c. wurde 2010 aus der Idee dreier Freunde geboren: Fabio, 32 Jahre alt, Weinproduzent; Oscar, 35 Jahre alt, IT-Techniker, der seit Jahren seine Leidenschaft f\u00fcr Wein lebt und Weing\u00fcter in ganz Italien besucht; und Nicola, 31 Jahre alt, anspruchsvoller Genie\u00dfer und Webdesigner. So haben wir beschlossen, eine Synergie zwischen unserer gro\u00dfen Leidenschaft f\u00fcr den [&hellip;]<\/p>\n","protected":false},"author":559,"featured_media":0,"parent":0,"menu_order":0,"comment_status":"open","ping_status":"closed","template":"","meta":{"_acf_changed":false,"_monsterinsights_skip_tracking":false,"_monsterinsights_sitenote_active":false,"_monsterinsights_sitenote_note":"","_monsterinsights_sitenote_category":0,"footnotes":""},"class_list":["post-49382","page","type-page","status-publish","hentry"],"yoast_head":"<!-- This site is optimized with the Yoast SEO plugin v27.3 - https:\/\/yoast.com\/product\/yoast-seo-wordpress\/ -->\n<title>\u00dcber uns | Vendita Vino Online | Fons Vinum<\/title>\n<meta name=\"robots\" content=\"index, follow, max-snippet:-1, max-image-preview:large, max-video-preview:-1\" \/>\n<link rel=\"canonical\" href=\"https:\/\/fonsvinum.com\/ueber-uns\/\" \/>\n<meta property=\"og:locale\" content=\"de_DE\" \/>\n<meta property=\"og:type\" content=\"article\" \/>\n<meta property=\"og:title\" content=\"\u00dcber uns | Vendita Vino Online | Fons Vinum\" \/>\n<meta property=\"og:description\" content=\"Fonsvinum S.n.c. wurde 2010 aus der Idee dreier Freunde geboren: Fabio, 32 Jahre alt, Weinproduzent; Oscar, 35 Jahre alt, IT-Techniker, der seit Jahren seine Leidenschaft f\u00fcr Wein lebt und Weing\u00fcter in ganz Italien besucht; und Nicola, 31 Jahre alt, anspruchsvoller Genie\u00dfer und Webdesigner. So haben wir beschlossen, eine Synergie zwischen unserer gro\u00dfen Leidenschaft f\u00fcr den [&hellip;]\" \/>\n<meta property=\"og:url\" content=\"https:\/\/fonsvinum.com\/ueber-uns\/\" \/>\n<meta property=\"og:site_name\" content=\"Fons Vinum\" \/>\n<meta property=\"og:image\" content=\"https:\/\/fonsvinum.com\/files\/2013\/03\/vigna-barbaresco-1-big.jpg\" \/>\n<meta name=\"twitter:label1\" content=\"Gesch\u00e4tzte Lesezeit\" \/>\n\t<meta name=\"twitter:data1\" content=\"2\u00a0Minuten\" \/>\n<script type=\"application\/ld+json\" class=\"yoast-schema-graph\">{\"@context\":\"https:\\\/\\\/schema.org\",\"@graph\":[{\"@type\":\"WebPage\",\"@id\":\"https:\\\/\\\/fonsvinum.com\\\/ueber-uns\\\/\",\"url\":\"https:\\\/\\\/fonsvinum.com\\\/ueber-uns\\\/\",\"name\":\"\u00dcber uns | Vendita Vino Online | Fons Vinum\",\"isPartOf\":{\"@id\":\"https:\\\/\\\/fonsvinum.com\\\/en\\\/#website\"},\"datePublished\":\"2013-03-20T13:03:33+00:00\",\"breadcrumb\":{\"@id\":\"https:\\\/\\\/fonsvinum.com\\\/ueber-uns\\\/#breadcrumb\"},\"inLanguage\":\"de\",\"potentialAction\":[{\"@type\":\"ReadAction\",\"target\":[\"https:\\\/\\\/fonsvinum.com\\\/ueber-uns\\\/\"]}]},{\"@type\":\"BreadcrumbList\",\"@id\":\"https:\\\/\\\/fonsvinum.com\\\/ueber-uns\\\/#breadcrumb\",\"itemListElement\":[{\"@type\":\"ListItem\",\"position\":1,\"name\":\"Startseite\",\"item\":\"https:\\\/\\\/fonsvinum.com\\\/de\\\/\"},{\"@type\":\"ListItem\",\"position\":2,\"name\":\"\u00dcber uns\"}]},{\"@type\":\"WebSite\",\"@id\":\"https:\\\/\\\/fonsvinum.com\\\/en\\\/#website\",\"url\":\"https:\\\/\\\/fonsvinum.com\\\/en\\\/\",\"name\":\"Fons Vinum\",\"description\":\"Vendita Vino Online\",\"publisher\":{\"@id\":\"https:\\\/\\\/fonsvinum.com\\\/en\\\/#organization\"},\"potentialAction\":[{\"@type\":\"SearchAction\",\"target\":{\"@type\":\"EntryPoint\",\"urlTemplate\":\"https:\\\/\\\/fonsvinum.com\\\/en\\\/?s={search_term_string}\"},\"query-input\":{\"@type\":\"PropertyValueSpecification\",\"valueRequired\":true,\"valueName\":\"search_term_string\"}}],\"inLanguage\":\"de\"},{\"@type\":\"Organization\",\"@id\":\"https:\\\/\\\/fonsvinum.com\\\/en\\\/#organization\",\"name\":\"Fons Vinum\",\"url\":\"https:\\\/\\\/fonsvinum.com\\\/en\\\/\",\"logo\":{\"@type\":\"ImageObject\",\"inLanguage\":\"de\",\"@id\":\"https:\\\/\\\/fonsvinum.com\\\/en\\\/#\\\/schema\\\/logo\\\/image\\\/\",\"url\":\"\",\"contentUrl\":\"\",\"caption\":\"Fons Vinum\"},\"image\":{\"@id\":\"https:\\\/\\\/fonsvinum.com\\\/en\\\/#\\\/schema\\\/logo\\\/image\\\/\"}}]}<\/script>\n<!-- \/ Yoast SEO plugin. -->","yoast_head_json":{"title":"\u00dcber uns | Vendita Vino Online | Fons Vinum","robots":{"index":"index","follow":"follow","max-snippet":"max-snippet:-1","max-image-preview":"max-image-preview:large","max-video-preview":"max-video-preview:-1"},"canonical":"https:\/\/fonsvinum.com\/ueber-uns\/","og_locale":"de_DE","og_type":"article","og_title":"\u00dcber uns | Vendita Vino Online | Fons Vinum","og_description":"Fonsvinum S.n.c. wurde 2010 aus der Idee dreier Freunde geboren: Fabio, 32 Jahre alt, Weinproduzent; Oscar, 35 Jahre alt, IT-Techniker, der seit Jahren seine Leidenschaft f\u00fcr Wein lebt und Weing\u00fcter in ganz Italien besucht; und Nicola, 31 Jahre alt, anspruchsvoller Genie\u00dfer und Webdesigner. So haben wir beschlossen, eine Synergie zwischen unserer gro\u00dfen Leidenschaft f\u00fcr den [&hellip;]","og_url":"https:\/\/fonsvinum.com\/ueber-uns\/","og_site_name":"Fons Vinum","og_image":[{"url":"https:\/\/fonsvinum.com\/files\/2013\/03\/vigna-barbaresco-1-big.jpg","type":"","width":"","height":""}],"twitter_misc":{"Gesch\u00e4tzte Lesezeit":"2\u00a0Minuten"},"schema":{"@context":"https:\/\/schema.org","@graph":[{"@type":"WebPage","@id":"https:\/\/fonsvinum.com\/ueber-uns\/","url":"https:\/\/fonsvinum.com\/ueber-uns\/","name":"\u00dcber uns | Vendita Vino Online | Fons Vinum","isPartOf":{"@id":"https:\/\/fonsvinum.com\/en\/#website"},"datePublished":"2013-03-20T13:03:33+00:00","breadcrumb":{"@id":"https:\/\/fonsvinum.com\/ueber-uns\/#breadcrumb"},"inLanguage":"de","potentialAction":[{"@type":"ReadAction","target":["https:\/\/fonsvinum.com\/ueber-uns\/"]}]},{"@type":"BreadcrumbList","@id":"https:\/\/fonsvinum.com\/ueber-uns\/#breadcrumb","itemListElement":[{"@type":"ListItem","position":1,"name":"Startseite","item":"https:\/\/fonsvinum.com\/de\/"},{"@type":"ListItem","position":2,"name":"\u00dcber uns"}]},{"@type":"WebSite","@id":"https:\/\/fonsvinum.com\/en\/#website","url":"https:\/\/fonsvinum.com\/en\/","name":"Fons Vinum","description":"Vendita Vino Online","publisher":{"@id":"https:\/\/fonsvinum.com\/en\/#organization"},"potentialAction":[{"@type":"SearchAction","target":{"@type":"EntryPoint","urlTemplate":"https:\/\/fonsvinum.com\/en\/?s={search_term_string}"},"query-input":{"@type":"PropertyValueSpecification","valueRequired":true,"valueName":"search_term_string"}}],"inLanguage":"de"},{"@type":"Organization","@id":"https:\/\/fonsvinum.com\/en\/#organization","name":"Fons Vinum","url":"https:\/\/fonsvinum.com\/en\/","logo":{"@type":"ImageObject","inLanguage":"de","@id":"https:\/\/fonsvinum.com\/en\/#\/schema\/logo\/image\/","url":"","contentUrl":"","caption":"Fons Vinum"},"image":{"@id":"https:\/\/fonsvinum.com\/en\/#\/schema\/logo\/image\/"}}]}},"acf":[],"_links":{"self":[{"href":"https:\/\/fonsvinum.com\/de\/wp-json\/wp\/v2\/pages\/49382","targetHints":{"allow":["GET"]}}],"collection":[{"href":"https:\/\/fonsvinum.com\/de\/wp-json\/wp\/v2\/pages"}],"about":[{"href":"https:\/\/fonsvinum.com\/de\/wp-json\/wp\/v2\/types\/page"}],"author":[{"embeddable":true,"href":"https:\/\/fonsvinum.com\/de\/wp-json\/wp\/v2\/users\/559"}],"replies":[{"embeddable":true,"href":"https:\/\/fonsvinum.com\/de\/wp-json\/wp\/v2\/comments?post=49382"}],"version-history":[{"count":0,"href":"https:\/\/fonsvinum.com\/de\/wp-json\/wp\/v2\/pages\/49382\/revisions"}],"wp:attachment":[{"href":"https:\/\/fonsvinum.com\/de\/wp-json\/wp\/v2\/media?parent=49382"}],"curies":[{"name":"wp","href":"https:\/\/api.w.org\/{rel}","templated":true}]}}