{"id":49378,"date":"2017-05-21T07:32:39","date_gmt":"2017-05-21T05:32:39","guid":{"rendered":"https:\/\/fonsvinum.com\/champagner-unter-30-euro\/"},"modified":"2017-05-21T07:32:39","modified_gmt":"2017-05-21T05:32:39","slug":"champagner-unter-30-euro","status":"publish","type":"page","link":"https:\/\/fonsvinum.com\/de\/champagner-unter-30-euro\/","title":{"rendered":"Champagner unter 30 Euro"},"content":{"rendered":"<h3>Hier finden Sie alle Champagner unter 30 Euro<\/h3>\n<div class=\"content__image alignleft wp-image-11177\"><div class=\"ratio\"><div class=\"ratio__content\"><a href=\"https:\/\/fonsvinum.com\/importazione-champagne-piccoli-produttori\/\"><img loading=\"lazy\" decoding=\"async\" class=\"alignleft wp-image-11177\" src=\"https:\/\/fonsvinum.com\/files\/2017\/05\/champagne-a-meno-di-20-euro-300x200.png\" alt=\"Champagner unter 30 Euro\" width=\"400\" height=\"266\" srcset=\"https:\/\/fonsvinum.com\/files\/2017\/05\/champagne-a-meno-di-20-euro-300x200.png 300w, https:\/\/fonsvinum.com\/files\/2017\/05\/champagne-a-meno-di-20-euro-768x511.png 768w, https:\/\/fonsvinum.com\/files\/2017\/05\/champagne-a-meno-di-20-euro-600x400.png 600w, https:\/\/fonsvinum.com\/files\/2017\/05\/champagne-a-meno-di-20-euro.png 1000w\" sizes=\"auto, (max-width: 400px) 100vw, 400px\" \/><\/a><\/div><\/div><\/div><\/a><\/p>\n<p>&#8230; unsere Leidenschaft f\u00fcr die Suche nach einzigartigen Produkten und Champagnern zu gleichzeitig wirklich attraktiven Preisen begann im Jahr 2013.<\/p>\n<p>Fr\u00fchjahr 2013: Wir machen uns auf die Suche nach dem \u201everlorenen Champagner\u201c &#8230; jenem Champagner, der im italienischen Vertrieb so schwer zu finden ist.<\/p>\n<p>Bei unseren Streifz\u00fcgen durch die D\u00f6rfer der Champagne begegnen wir wichtigen Menschen und schlie\u00dfen wertvolle Freundschaften.<\/p>\n<p><a href=\"https:\/\/fonsvinum.com\/produttori\/tanneux-mahy\/\">Christophe Tanneux<\/a> vom Hause Tanneux-Mahy, <a href=\"https:\/\/fonsvinum.com\/produttori\/pierre-bertrand-champagne\/\">Therese Bertrand<\/a> vom Hause Pierre Bertrand, <a href=\"https:\/\/fonsvinum.com\/produttori\/julien-chopin-champagne-importazione\/\">Emmanuel Chopin<\/a>, Inhaber des Weinguts Julien Chopin, <a href=\"https:\/\/fonsvinum.com\/produttori\/guy-brunot\/\">Natalie Brunot<\/a> von Guy Brunot, &#8230;.<\/p>\n<p>.. Ihre Herzlichkeit und H\u00f6flichkeit haben uns sofort beeindruckt &#8230; und bei der Verkostung ihrer Cuv\u00e9es haben wir die ganze Leidenschaft gesp\u00fcrt, die diese Petits R\u00e9coltants-Manipulants der Champagne in ihre Arbeit stecken.<\/p>\n<div class=\"content__image alignright wp-image-11183 size-full\"><div class=\"ratio\"><div class=\"ratio__content\"><a href=\"https:\/\/fonsvinum.com\/importazione-champagne-piccoli-produttori\/\"><img loading=\"lazy\" decoding=\"async\" class=\"alignright wp-image-11183 size-full\" src=\"https:\/\/fonsvinum.com\/files\/2017\/05\/champagne-a-meno-di-30-euro.png\" alt=\"Champagner unter 30 Euro\" width=\"372\" height=\"372\" srcset=\"https:\/\/fonsvinum.com\/files\/2017\/05\/champagne-a-meno-di-30-euro.png 372w, https:\/\/fonsvinum.com\/files\/2017\/05\/champagne-a-meno-di-30-euro-300x300.png 300w, https:\/\/fonsvinum.com\/files\/2017\/05\/champagne-a-meno-di-30-euro-150x150.png 150w, https:\/\/fonsvinum.com\/files\/2017\/05\/champagne-a-meno-di-30-euro-100x100.png 100w\" sizes=\"auto, (max-width: 372px) 100vw, 372px\" \/><\/a><\/div><\/div><\/div><\/a><\/p>\n<p>Ob als Aperitif, bei einem Familienereignis oder zur Feier eines beruflichen Erfolgs \u2013 die importierten Champagner von Fons Vinum werden Ihre Anl\u00e4sse perfekt begleiten &#8230;<\/p>\n<p>&#8230;. um die wichtigen Momente Ihres Lebens in Erinnerung zu behalten &#8230; ein <a href=\"https:\/\/fonsvinum.com\/de\/produkt-kategorie\/champagne-de\/\">Champagner<\/a>!<\/p>\n<p>Und nun ein wenig Geschichte \u00fcber diesen au\u00dfergew\u00f6hnlichen Wein.<\/p>\n<h3>Der Champagner verdankt seine Entstehung dem Benediktinerabt <a href=\"https:\/\/fonsvinum.com\/?s=dom+perignon&amp;post_type=product\">Dom Pierre P\u00e9rignon.<\/a><\/h3>\n<p>Einigen Quellen zufolge entstand der Champagner rein zuf\u00e4llig.<\/p>\n<p>Ein Fehler w\u00e4hrend des Vinifizierungsprozesses einiger Wei\u00dfweine soll das Platzen mehrerer Flaschen verursacht haben, die im Keller reiften, was den Abt zur Entdeckung der \u201ePrise de Mousse\u201c f\u00fchrte.<\/p>\n<div class=\"content__image alignleft wp-image-11189\"><div class=\"ratio\"><div class=\"ratio__content\"><img loading=\"lazy\" decoding=\"async\" class=\"alignleft wp-image-11189\" src=\"https:\/\/fonsvinum.com\/files\/2017\/05\/dom-perignon-225x300.png\" alt=\"Champagner unter 30 Euro Dom P\u00e9rignon\" width=\"300\" height=\"400\" srcset=\"https:\/\/fonsvinum.com\/files\/2017\/05\/dom-perignon-225x300.png 225w, https:\/\/fonsvinum.com\/files\/2017\/05\/dom-perignon-768x1024.png 768w, https:\/\/fonsvinum.com\/files\/2017\/05\/dom-perignon-574x765.png 574w, https:\/\/fonsvinum.com\/files\/2017\/05\/dom-perignon-300x400.png 300w, https:\/\/fonsvinum.com\/files\/2017\/05\/dom-perignon-450x600.png 450w, https:\/\/fonsvinum.com\/files\/2017\/05\/dom-perignon-600x800.png 600w, https:\/\/fonsvinum.com\/files\/2017\/05\/dom-perignon.png 800w\" sizes=\"auto, (max-width: 300px) 100vw, 300px\" \/><\/div><\/div><\/div>Anderen Berichten zufolge liebte es Abt Dom P\u00e9rignon hingegen, im Fr\u00fchjahr Pfirsichbl\u00fcten und Zucker hinzuzuf\u00fcgen, um den erzeugten Wein angenehmer zu machen &#8230;<\/p>\n<p>&#8230;. Anschlie\u00dfend verschloss er die Flaschen mit kegelstumpff\u00f6rmigen Holzstopfen; beim Entkorken der Flasche entstand so der Schaum.<\/p>\n<p>Eine letzte Version besagt, dass Winzer, die Pinot-Trauben vinifizierten, feststellten, dass der gewonnene Wein in den F\u00e4ssern schlecht alterte.<\/p>\n<p>Aus diesem Grund beschlossen sie, ihn sofort nach der G\u00e4rung abzuf\u00fcllen &#8230;<\/p>\n<p>&#8230;.. diese Entscheidung f\u00fchrte bei den Flaschen dieses Weins zu einer hervorragenden Erhaltung der Aromen, hatte jedoch den Nebeneffekt, dass er auf nat\u00fcrliche Weise zum Schaumwein wurde.<\/p>\n<p>&#8230; dies f\u00fchrte zum Platzen vieler Flaschen.<\/p>\n<p>Man erkannte daraufhin, dass der Schaum auf eine erneute G\u00e4rung des Weins zur\u00fcckzuf\u00fchren war, die zur Bildung von Kohlendioxid f\u00fchrte.<\/p>\n<p>Nachdem Dom P\u00e9rignon erkannt hatte, wie angenehm der \u201esch\u00e4umende\u201c Wein war, beschloss er, dessen Herstellung zu perfektionieren. Ein Hoch auf <a href=\"https:\/\/fonsvinum.com\/?s=dom+perignon&amp;post_type=product\">Dom P\u00e9rignon<\/a>!!!<\/p>\n","protected":false},"excerpt":{"rendered":"<p>Hier finden Sie alle Champagner unter 30 Euro &#8230; unsere Leidenschaft f\u00fcr die Suche nach einzigartigen Produkten und Champagnern zu gleichzeitig wirklich attraktiven Preisen begann im Jahr 2013. Fr\u00fchjahr 2013: Wir machen uns auf die Suche nach dem \u201everlorenen Champagner\u201c &#8230; jenem Champagner, der im italienischen Vertrieb so schwer zu finden ist. Bei unseren Streifz\u00fcgen [&hellip;]<\/p>\n","protected":false},"author":559,"featured_media":0,"parent":0,"menu_order":0,"comment_status":"closed","ping_status":"closed","template":"","meta":{"_acf_changed":false,"_monsterinsights_skip_tracking":false,"_monsterinsights_sitenote_active":false,"_monsterinsights_sitenote_note":"","_monsterinsights_sitenote_category":0,"footnotes":""},"class_list":["post-49378","page","type-page","status-publish","hentry"],"yoast_head":"<!-- This site is optimized with the Yoast SEO plugin v27.3 - https:\/\/yoast.com\/product\/yoast-seo-wordpress\/ -->\n<title>Champagner unter 30 Euro | Vendita Vino Online | Fons Vinum<\/title>\n<meta name=\"description\" content=\"Champagner unter 30 Euro, um mit einem edlen Schaumwein zu einem wirklich besonderen und reduzierten Preis anzusto\u00dfen. Champagner unter 30 Euro. Fons Vinum\" \/>\n<meta name=\"robots\" content=\"index, follow, max-snippet:-1, max-image-preview:large, max-video-preview:-1\" \/>\n<link rel=\"canonical\" href=\"https:\/\/fonsvinum.com\/de\/champagner-unter-30-euro\/\" \/>\n<meta property=\"og:locale\" content=\"de_DE\" \/>\n<meta property=\"og:type\" content=\"article\" \/>\n<meta property=\"og:title\" content=\"Champagner unter 30 Euro | Vendita Vino Online | Fons Vinum\" \/>\n<meta property=\"og:description\" content=\"Champagner unter 30 Euro, um mit einem edlen Schaumwein zu einem wirklich besonderen und reduzierten Preis anzusto\u00dfen. Champagner unter 30 Euro. Fons Vinum\" \/>\n<meta property=\"og:url\" content=\"https:\/\/fonsvinum.com\/de\/champagner-unter-30-euro\/\" \/>\n<meta property=\"og:site_name\" content=\"Fons Vinum\" \/>\n<meta property=\"og:image\" content=\"https:\/\/fonsvinum.com\/files\/2017\/05\/champagne-a-meno-di-20-euro.png\" \/>\n\t<meta property=\"og:image:width\" content=\"1000\" \/>\n\t<meta property=\"og:image:height\" content=\"666\" \/>\n\t<meta property=\"og:image:type\" content=\"image\/png\" \/>\n<meta name=\"twitter:label1\" content=\"Gesch\u00e4tzte Lesezeit\" \/>\n\t<meta name=\"twitter:data1\" content=\"2\u00a0Minuten\" \/>\n<script type=\"application\/ld+json\" class=\"yoast-schema-graph\">{\"@context\":\"https:\\\/\\\/schema.org\",\"@graph\":[{\"@type\":\"WebPage\",\"@id\":\"https:\\\/\\\/fonsvinum.com\\\/de\\\/champagner-unter-30-euro\\\/\",\"url\":\"https:\\\/\\\/fonsvinum.com\\\/de\\\/champagner-unter-30-euro\\\/\",\"name\":\"Champagner unter 30 Euro | Vendita Vino Online | Fons Vinum\",\"isPartOf\":{\"@id\":\"https:\\\/\\\/fonsvinum.com\\\/en\\\/#website\"},\"primaryImageOfPage\":{\"@id\":\"https:\\\/\\\/fonsvinum.com\\\/de\\\/champagner-unter-30-euro\\\/#primaryimage\"},\"image\":{\"@id\":\"https:\\\/\\\/fonsvinum.com\\\/de\\\/champagner-unter-30-euro\\\/#primaryimage\"},\"thumbnailUrl\":\"https:\\\/\\\/fonsvinum.com\\\/files\\\/2017\\\/05\\\/champagne-a-meno-di-20-euro-300x200.png\",\"datePublished\":\"2017-05-21T05:32:39+00:00\",\"description\":\"Champagner unter 30 Euro, um mit einem edlen Schaumwein zu einem wirklich besonderen und reduzierten Preis anzusto\u00dfen. Champagner unter 30 Euro. Fons Vinum\",\"breadcrumb\":{\"@id\":\"https:\\\/\\\/fonsvinum.com\\\/de\\\/champagner-unter-30-euro\\\/#breadcrumb\"},\"inLanguage\":\"de\",\"potentialAction\":[{\"@type\":\"ReadAction\",\"target\":[\"https:\\\/\\\/fonsvinum.com\\\/de\\\/champagner-unter-30-euro\\\/\"]}]},{\"@type\":\"ImageObject\",\"inLanguage\":\"de\",\"@id\":\"https:\\\/\\\/fonsvinum.com\\\/de\\\/champagner-unter-30-euro\\\/#primaryimage\",\"url\":\"https:\\\/\\\/fonsvinum.com\\\/files\\\/2017\\\/05\\\/champagne-a-meno-di-20-euro-300x200.png\",\"contentUrl\":\"https:\\\/\\\/fonsvinum.com\\\/files\\\/2017\\\/05\\\/champagne-a-meno-di-20-euro-300x200.png\"},{\"@type\":\"BreadcrumbList\",\"@id\":\"https:\\\/\\\/fonsvinum.com\\\/de\\\/champagner-unter-30-euro\\\/#breadcrumb\",\"itemListElement\":[{\"@type\":\"ListItem\",\"position\":1,\"name\":\"Startseite\",\"item\":\"https:\\\/\\\/fonsvinum.com\\\/de\\\/\"},{\"@type\":\"ListItem\",\"position\":2,\"name\":\"Champagner unter 30 Euro\"}]},{\"@type\":\"WebSite\",\"@id\":\"https:\\\/\\\/fonsvinum.com\\\/en\\\/#website\",\"url\":\"https:\\\/\\\/fonsvinum.com\\\/en\\\/\",\"name\":\"Fons Vinum\",\"description\":\"Vendita Vino Online\",\"publisher\":{\"@id\":\"https:\\\/\\\/fonsvinum.com\\\/en\\\/#organization\"},\"potentialAction\":[{\"@type\":\"SearchAction\",\"target\":{\"@type\":\"EntryPoint\",\"urlTemplate\":\"https:\\\/\\\/fonsvinum.com\\\/en\\\/?s={search_term_string}\"},\"query-input\":{\"@type\":\"PropertyValueSpecification\",\"valueRequired\":true,\"valueName\":\"search_term_string\"}}],\"inLanguage\":\"de\"},{\"@type\":\"Organization\",\"@id\":\"https:\\\/\\\/fonsvinum.com\\\/en\\\/#organization\",\"name\":\"Fons Vinum\",\"url\":\"https:\\\/\\\/fonsvinum.com\\\/en\\\/\",\"logo\":{\"@type\":\"ImageObject\",\"inLanguage\":\"de\",\"@id\":\"https:\\\/\\\/fonsvinum.com\\\/en\\\/#\\\/schema\\\/logo\\\/image\\\/\",\"url\":\"\",\"contentUrl\":\"\",\"caption\":\"Fons Vinum\"},\"image\":{\"@id\":\"https:\\\/\\\/fonsvinum.com\\\/en\\\/#\\\/schema\\\/logo\\\/image\\\/\"}}]}<\/script>\n<!-- \/ Yoast SEO plugin. -->","yoast_head_json":{"title":"Champagner unter 30 Euro | Vendita Vino Online | Fons Vinum","description":"Champagner unter 30 Euro, um mit einem edlen Schaumwein zu einem wirklich besonderen und reduzierten Preis anzusto\u00dfen. Champagner unter 30 Euro. Fons Vinum","robots":{"index":"index","follow":"follow","max-snippet":"max-snippet:-1","max-image-preview":"max-image-preview:large","max-video-preview":"max-video-preview:-1"},"canonical":"https:\/\/fonsvinum.com\/de\/champagner-unter-30-euro\/","og_locale":"de_DE","og_type":"article","og_title":"Champagner unter 30 Euro | Vendita Vino Online | Fons Vinum","og_description":"Champagner unter 30 Euro, um mit einem edlen Schaumwein zu einem wirklich besonderen und reduzierten Preis anzusto\u00dfen. Champagner unter 30 Euro. Fons Vinum","og_url":"https:\/\/fonsvinum.com\/de\/champagner-unter-30-euro\/","og_site_name":"Fons Vinum","og_image":[{"width":1000,"height":666,"url":"https:\/\/fonsvinum.com\/files\/2017\/05\/champagne-a-meno-di-20-euro.png","type":"image\/png"}],"twitter_misc":{"Gesch\u00e4tzte Lesezeit":"2\u00a0Minuten"},"schema":{"@context":"https:\/\/schema.org","@graph":[{"@type":"WebPage","@id":"https:\/\/fonsvinum.com\/de\/champagner-unter-30-euro\/","url":"https:\/\/fonsvinum.com\/de\/champagner-unter-30-euro\/","name":"Champagner unter 30 Euro | Vendita Vino Online | Fons Vinum","isPartOf":{"@id":"https:\/\/fonsvinum.com\/en\/#website"},"primaryImageOfPage":{"@id":"https:\/\/fonsvinum.com\/de\/champagner-unter-30-euro\/#primaryimage"},"image":{"@id":"https:\/\/fonsvinum.com\/de\/champagner-unter-30-euro\/#primaryimage"},"thumbnailUrl":"https:\/\/fonsvinum.com\/files\/2017\/05\/champagne-a-meno-di-20-euro-300x200.png","datePublished":"2017-05-21T05:32:39+00:00","description":"Champagner unter 30 Euro, um mit einem edlen Schaumwein zu einem wirklich besonderen und reduzierten Preis anzusto\u00dfen. Champagner unter 30 Euro. Fons Vinum","breadcrumb":{"@id":"https:\/\/fonsvinum.com\/de\/champagner-unter-30-euro\/#breadcrumb"},"inLanguage":"de","potentialAction":[{"@type":"ReadAction","target":["https:\/\/fonsvinum.com\/de\/champagner-unter-30-euro\/"]}]},{"@type":"ImageObject","inLanguage":"de","@id":"https:\/\/fonsvinum.com\/de\/champagner-unter-30-euro\/#primaryimage","url":"https:\/\/fonsvinum.com\/files\/2017\/05\/champagne-a-meno-di-20-euro-300x200.png","contentUrl":"https:\/\/fonsvinum.com\/files\/2017\/05\/champagne-a-meno-di-20-euro-300x200.png"},{"@type":"BreadcrumbList","@id":"https:\/\/fonsvinum.com\/de\/champagner-unter-30-euro\/#breadcrumb","itemListElement":[{"@type":"ListItem","position":1,"name":"Startseite","item":"https:\/\/fonsvinum.com\/de\/"},{"@type":"ListItem","position":2,"name":"Champagner unter 30 Euro"}]},{"@type":"WebSite","@id":"https:\/\/fonsvinum.com\/en\/#website","url":"https:\/\/fonsvinum.com\/en\/","name":"Fons Vinum","description":"Vendita Vino Online","publisher":{"@id":"https:\/\/fonsvinum.com\/en\/#organization"},"potentialAction":[{"@type":"SearchAction","target":{"@type":"EntryPoint","urlTemplate":"https:\/\/fonsvinum.com\/en\/?s={search_term_string}"},"query-input":{"@type":"PropertyValueSpecification","valueRequired":true,"valueName":"search_term_string"}}],"inLanguage":"de"},{"@type":"Organization","@id":"https:\/\/fonsvinum.com\/en\/#organization","name":"Fons Vinum","url":"https:\/\/fonsvinum.com\/en\/","logo":{"@type":"ImageObject","inLanguage":"de","@id":"https:\/\/fonsvinum.com\/en\/#\/schema\/logo\/image\/","url":"","contentUrl":"","caption":"Fons Vinum"},"image":{"@id":"https:\/\/fonsvinum.com\/en\/#\/schema\/logo\/image\/"}}]}},"acf":[],"_links":{"self":[{"href":"https:\/\/fonsvinum.com\/de\/wp-json\/wp\/v2\/pages\/49378","targetHints":{"allow":["GET"]}}],"collection":[{"href":"https:\/\/fonsvinum.com\/de\/wp-json\/wp\/v2\/pages"}],"about":[{"href":"https:\/\/fonsvinum.com\/de\/wp-json\/wp\/v2\/types\/page"}],"author":[{"embeddable":true,"href":"https:\/\/fonsvinum.com\/de\/wp-json\/wp\/v2\/users\/559"}],"replies":[{"embeddable":true,"href":"https:\/\/fonsvinum.com\/de\/wp-json\/wp\/v2\/comments?post=49378"}],"version-history":[{"count":0,"href":"https:\/\/fonsvinum.com\/de\/wp-json\/wp\/v2\/pages\/49378\/revisions"}],"wp:attachment":[{"href":"https:\/\/fonsvinum.com\/de\/wp-json\/wp\/v2\/media?parent=49378"}],"curies":[{"name":"wp","href":"https:\/\/api.w.org\/{rel}","templated":true}]}}